{"id":59864,"date":"2024-05-22T13:53:32","date_gmt":"2024-05-22T11:53:32","guid":{"rendered":"https:\/\/quizzical-gagarin.31-170-100-185.plesk.page\/producto\/br-20-lab-plus\/"},"modified":"2024-11-14T08:29:21","modified_gmt":"2024-11-14T07:29:21","slug":"br-20-lab-plus","status":"publish","type":"product","link":"https:\/\/brioultrasonics.com\/it\/prodotto\/br-20-lab-plus\/","title":{"rendered":"BR-20 Lab Plus"},"content":{"rendered":"<p>BR-20 Lab Plus &#8211; Macchina per la pulizia ad ultrasuoni. Desktop manuale. <\/p>\n<table>\n<tbody>\n<tr>\n<strong><\/p>\n<td>Misure esterne della macchina<\/td>\n<p><\/strong><\/p>\n<td> 550 x 330 x 310 mm<\/td>\n<\/tr>\n<tr>\n<strong><\/p>\n<td>Misure interne del serbatoio<\/td>\n<p><\/strong><\/p>\n<td> 500 x 300 x 150 mm<\/td>\n<\/tr>\n<tr>\n<strong><\/p>\n<td>Misure utili del cestino da lavoro<\/td>\n<p><\/strong><\/p>\n<td> 460 x 260 x 100 mm<\/td>\n<\/tr>\n<tr>\n<strong><\/p>\n<td>Capacit\u00e0 del serbatoio<\/td>\n<p><\/strong><\/p>\n<td> 22 L<\/td>\n<\/tr>\n<tr>\n<strong><\/p>\n<td>Potenza del generatore di ultrasuoni<\/td>\n<p><\/strong><\/p>\n<td> 480 W (960 W p-p)<\/td>\n<\/tr>\n<tr>\n<strong><\/p>\n<td>Frequenze di lavoro degli ultrasuoni<\/td>\n<p><\/strong><\/p>\n<td> 40\/33 kHz<\/td>\n<\/tr>\n<tr>\n<strong><\/p>\n<td>Potenza di riscalmdaento<\/td>\n<p><\/strong><\/p>\n<td> 500 W<\/td>\n<\/tr>\n<tr>\n<td colspan=\"2\"><strong>Pannello di controllo analogico con termostato digitale per il controllo della temperatura<\/strong><\/td>\n<\/tr>\n<tr>\n<td colspan=\"2\"><strong>Copertura in AISI 304 \u201cfine giornata\u201d.<\/strong><\/td>\n<\/tr>\n<tr>\n<td colspan=\"2\"><strong>Valvola di scarico in acciaio inossidabile.<\/strong><\/td>\n<\/tr>\n<tr>\n<td colspan=\"2\"><strong>Cestino da lavoro incluso. Costruito in acciaio inox AISI 304. <\/strong><\/td>\n<\/tr>\n<tr>\n<td colspan=\"2\"><strong>Costruzione in acciaio INOX AISI 304\/316<\/strong><\/td>\n<\/tr>\n<\/tbody>\n<\/table>\n<p>&nbsp;<\/p>\n<p><strong>Scarica la scheda tecnica completa:<\/strong><\/p>\n<p><a href=\"https:\/\/brioultrasonics.com\/\/wp-content\/uploads\/2024\/06\/FICHA-TECNICA-BR-20-LAB-PLUS.pdf\" target=\"_blank\" rel=\"noopener\"><img decoding=\"async\" class=\"alignnone wp-image-1322 size-full\" src=\"https:\/\/brioultrasonics.com\/\/wp-content\/uploads\/2024\/05\/imagen-de-descarga.png\" alt=\"\" width=\"115\" height=\"150\" title=\"\"><\/a><\/p>\n","protected":false},"excerpt":{"rendered":"<p>Attrezzatura manuale per la pulizia ad ultrasuoni da tavolo. Capacit\u00e0 20 litri. Esclusiva tecnologia BRIO con bifrequenza e funzioni che potenziano il ciclo di pulizia. Macchina progettata per il settore della ricerca, della medicina, della veterinaria, della gioielleria, ecc.   <\/p>\n<h4>FUNZIONI Desktop manuale BR-20<\/h4>\n<table>\n<tbody>\n<tr>\n<td><strong>Lavora a 40 e 33 kHz.<\/strong><\/td>\n<td>  1. 40 <a href=\"\">Khz<\/a>: La frecuencia m\u00e1s adecuada para suciedades leves, con aplicaci\u00f3n en laboratorio, sector m\u00e9dico, \u00f3ptico, en relojer\u00eda, etc. 2. 33 kHz: Esta frecuencia proporciona una mayor intensidad de limpieza, y es m\u00e1s adecuada para la eliminaci\u00f3n de suciedades fuertemente adheridas a las piezas. <\/p>\n<\/td>\n<\/tr>\n<tr>\n<td><strong>Bifrequenza Stop &amp; Go.<\/strong><\/td>\n<td>Funzionamento intermittente a 40\/33 kHz con pause intermedie. Questa funzione sottopone le parti ad impulsi variabili di vibrazione ultrasonica, consentendo una migliore rimozione dello sporco presente nelle cavit\u00e0 e in altri punti difficili da raggiungere. <\/td>\n<\/tr>\n<tr>\n<td><strong>Funzione di scansione della frequenza.<\/strong><\/td>\n<td>Variazione progressiva da una frequenza all&#8217;altra. Questa variazione permette un cambiamento progressivo dell&#8217;intensit\u00e0 della pulizia che favorisce la rimozione dello sporco. <\/td>\n<\/tr>\n<tr>\n<td><strong>Temporizzatore di lavoro ad ultrasuoni.<\/strong><\/td>\n<td>Permette di impostare un tempo di lavoro compreso tra 1 e 99 minuti.<\/td>\n<\/tr>\n<tr>\n<td><strong>Termostato digitale integrato.<\/strong><\/td>\n<td>Permette di impostare la temperatura di lavoro dell&#8217;apparecchiatura fino a 80 \u00baC. L&#8217;intervallo di lavoro consigliato per gli ultrasuoni \u00e8 compreso tra 65 e 85 \u00baC. <\/td>\n<\/tr>\n<\/tbody>\n<\/table>\n<p>&nbsp;<\/p>\n<p>Il pannello di controllo \u00e8 semplice ed intuitivo. Da esso \u00e8 possibile selezionare la frequenza di lavoro, le funzioni bifrequenza per potenziare l&#8217;effetto del bagno, il controllo della temperatura e l&#8217;avvio\/arresto degli ultrasuoni. Vassoio in ACCIAIO INOX sul quale vengono posizionati gli oggetti da pulire. Ha la forma di una griglia, che consente il passaggio del fluido.   <\/p>\n<p>&nbsp;<\/p>\n<p>Ultrasuoni BRIO in apparecchiature da laboratorio compatte. Attrezzatura da tavolo perfetta per igienizzare e trattare parti di orologi, ottica, gioielli, strumenti medici e dentistici e molto altro ancora. Con tecnologia bifrequenza e funzioni esclusive per potenziare l&#8217;effetto pulente e adattarsi a tutti i tipi di sporco e alle esigenze di ogni settore. BR-30 Lab Plus.  <\/p>\n<p>&nbsp;<\/p>\n<p>Brio Ultrasonics, specialisti in soluzioni e processi di pulizia ad ultrasuoni. Tecnologia spagnola al 100%.<\/p>\n","protected":false},"featured_media":58412,"comment_status":"open","ping_status":"closed","template":"","meta":{"_joinchat":[]},"product_brand":[],"product_cat":[94],"product_tag":[],"class_list":{"0":"post-59864","1":"product","2":"type-product","3":"status-publish","4":"has-post-thumbnail","6":"product_cat-serie-labplus-it","8":"first","9":"instock","10":"shipping-taxable","11":"product-type-simple"},"_links":{"self":[{"href":"https:\/\/brioultrasonics.com\/it\/wp-json\/wp\/v2\/product\/59864","targetHints":{"allow":["GET"]}}],"collection":[{"href":"https:\/\/brioultrasonics.com\/it\/wp-json\/wp\/v2\/product"}],"about":[{"href":"https:\/\/brioultrasonics.com\/it\/wp-json\/wp\/v2\/types\/product"}],"replies":[{"embeddable":true,"href":"https:\/\/brioultrasonics.com\/it\/wp-json\/wp\/v2\/comments?post=59864"}],"version-history":[{"count":2,"href":"https:\/\/brioultrasonics.com\/it\/wp-json\/wp\/v2\/product\/59864\/revisions"}],"predecessor-version":[{"id":64232,"href":"https:\/\/brioultrasonics.com\/it\/wp-json\/wp\/v2\/product\/59864\/revisions\/64232"}],"wp:featuredmedia":[{"embeddable":true,"href":"https:\/\/brioultrasonics.com\/it\/wp-json\/wp\/v2\/media\/58412"}],"wp:attachment":[{"href":"https:\/\/brioultrasonics.com\/it\/wp-json\/wp\/v2\/media?parent=59864"}],"wp:term":[{"taxonomy":"product_brand","embeddable":true,"href":"https:\/\/brioultrasonics.com\/it\/wp-json\/wp\/v2\/product_brand?post=59864"},{"taxonomy":"product_cat","embeddable":true,"href":"https:\/\/brioultrasonics.com\/it\/wp-json\/wp\/v2\/product_cat?post=59864"},{"taxonomy":"product_tag","embeddable":true,"href":"https:\/\/brioultrasonics.com\/it\/wp-json\/wp\/v2\/product_tag?post=59864"}],"curies":[{"name":"wp","href":"https:\/\/api.w.org\/{rel}","templated":true}]}}