{"id":59858,"date":"2024-05-22T13:55:13","date_gmt":"2024-05-22T11:55:13","guid":{"rendered":"https:\/\/quizzical-gagarin.31-170-100-185.plesk.page\/producto\/laboratorio-br-30-plus\/"},"modified":"2024-11-12T11:41:39","modified_gmt":"2024-11-12T10:41:39","slug":"laboratorio-br-30-plus","status":"publish","type":"product","link":"https:\/\/brioultrasonics.com\/it\/prodotto\/laboratorio-br-30-plus\/","title":{"rendered":"Laboratorio BR-30 Plus"},"content":{"rendered":"<h3>BR-30 Lab Plus &#8211; Macchina per la pulizia ad ultrasuoni.<\/h3>\n<table>\n<tbody>\n<tr>\n<strong><\/p>\n<td>Misure esterne della macchina<\/td>\n<p><\/strong><\/p>\n<td> 550 x 330 x 360 mm<\/td>\n<\/tr>\n<tr>\n<strong><\/p>\n<td>Misure interne del serbatoio<\/td>\n<p><\/strong><\/p>\n<td> 500 x 300 x 200 mm<\/td>\n<\/tr>\n<tr>\n<strong><\/p>\n<td>Misure utili del cestino da lavoro<\/td>\n<p><\/strong><\/p>\n<td> 460 x 280 x 150 mm<\/td>\n<\/tr>\n<tr>\n<strong><\/p>\n<td>Capacit\u00e0 del serbatoio<\/td>\n<p><\/strong><\/p>\n<td> 30 L<\/td>\n<\/tr>\n<tr>\n<strong><\/p>\n<td>Potenza del generatore di ultrasuoni<\/td>\n<p><\/strong><\/p>\n<td> 600 W (1200 W p-p)<\/td>\n<\/tr>\n<tr>\n<strong><\/p>\n<td>Frequenze di lavoro degli ultrasuoni<\/td>\n<p><\/strong><\/p>\n<td> 40\/33 kHz<\/td>\n<\/tr>\n<tr>\n<strong><\/p>\n<td>Potenza di riscalmdaento<\/td>\n<p><\/strong><\/p>\n<td> 500 W<\/td>\n<\/tr>\n<tr>\n<td colspan=\"2\"><strong>Pannello di controllo analogico con termostato digitale per il controllo della temperatura<\/strong><\/td>\n<\/tr>\n<tr>\n<td colspan=\"2\"><strong>Copertura in AISI 304 \u201cfine giornata\u201d.<\/strong><\/td>\n<\/tr>\n<tr>\n<td colspan=\"2\"><strong>Valvola di scarico in acciaio inossidabile.<\/strong><\/td>\n<\/tr>\n<tr>\n<td colspan=\"2\"><strong>Cestino da lavoro incluso. Costruito in acciaio inox AISI 304. <\/strong><\/td>\n<\/tr>\n<tr>\n<td colspan=\"2\"><strong>Costruzione in acciaio INOX AISI 304\/316<\/strong><\/td>\n<\/tr>\n<\/tbody>\n<\/table>\n<p>&nbsp;<\/p>\n<p><strong>Scarica la scheda tecnica completa:<\/strong><\/p>\n<p><a href=\"https:\/\/brioultrasonics.com\/\/wp-content\/uploads\/2024\/06\/FICHA-TECNICA-BR-30-LAB-PLUS.pdf\" target=\"_blank\" rel=\"noopener\"><img decoding=\"async\" class=\"alignnone wp-image-1322 size-full\" src=\"https:\/\/brioultrasonics.com\/\/wp-content\/uploads\/2024\/05\/imagen-de-descarga.png\" alt=\"\" width=\"115\" height=\"150\" title=\"\"><\/a><\/p>\n","protected":false},"excerpt":{"rendered":"<p>BR-30 Lab Plus &#8211; Apparecchiatura manuale per la pulizia ad ultrasuoni da tavolo. Capacit\u00e0 30 litri. Esclusiva tecnologia BRIO con bifrequenza e funzioni che potenziano il ciclo di pulizia. Macchina progettata per il settore della ricerca, della medicina, della veterinaria, della gioielleria, ecc.   <\/p>\n<p>&nbsp;<\/p>\n<h4>FUNZIONI B3-30 Lab Plus<\/h4>\n<table>\n<tbody>\n<tr>\n<td><strong>Bifrequenza: 40 e 33 kHz.<\/strong><\/td>\n<td> 1. 40 Khz: La frequenza pi\u00f9 adatta per sporchi leggeri, con applicazioni nel settore di laboratorio, medico, ottico, orologeria, ecc. 2. 33 kHz: Questa frequenza fornisce una maggiore intensit\u00e0 di pulizia ed \u00e8 pi\u00f9 adatta per rimuovere lo sporco fortemente aderito alle parti. <\/p>\n<\/td>\n<\/tr>\n<tr>\n<td><strong>Bifrequenza Stop &amp; Go.<\/strong><\/td>\n<td>Funzionamento intermittente a 40\/33 kHz con pause intermedie. Questa funzione sottopone le parti ad impulsi variabili di vibrazione ultrasonica, consentendo una migliore rimozione dello sporco presente nelle cavit\u00e0 e in altri punti difficili da raggiungere. <\/td>\n<\/tr>\n<tr>\n<td><strong>Funzione di scansione della frequenza.<\/strong><\/td>\n<td>Variazione progressiva da una frequenza all&#8217;altra. Questa variazione permette un cambiamento progressivo dell&#8217;intensit\u00e0 della pulizia che favorisce la rimozione dello sporco. <\/td>\n<\/tr>\n<tr>\n<td><strong>Temporizzatore di lavoro ad ultrasuoni.<\/strong><\/td>\n<td>Permette di impostare un tempo di lavoro compreso tra 1 e 99 minuti.<\/td>\n<\/tr>\n<tr>\n<td><strong>Termostato digitale integrato.<\/strong><\/td>\n<td>Permette di impostare la temperatura di lavoro dell&#8217;apparecchiatura fino a 80 \u00baC. L&#8217;intervallo di lavoro consigliato per gli ultrasuoni \u00e8 compreso tra 65 e 85 \u00baC. <\/td>\n<\/tr>\n<\/tbody>\n<\/table>\n<p>&nbsp;<\/p>\n<h3><strong>DOTAZIONE STANDARD DEL BR-30 LAB PLUS<\/strong><\/h3>\n<ul>\n<li>Interruttore principale.<\/li>\n<li>Copertura manuale costruita in AISI 304\/316 &#8221;fine giornata&#8221;.<\/li>\n<li>Cestello da lavoro costruito in AISI 304\/316.<\/li>\n<li>Pannellatura esterna in AISI 304\/316, spessore 1 mm.<\/li>\n<li><a href=\"https:\/\/es.wikipedia.org\/wiki\/Tina\">Vasca<\/a> realizzata in AISI 304\/316, spessore 2 mm.<\/li>\n<\/ul>\n<p>&nbsp;<\/p>\n<p>Il pannello di controllo \u00e8 semplice ed intuitivo. Da esso \u00e8 possibile selezionare la frequenza di lavoro, le funzioni bifrequenza per potenziare l&#8217;effetto del bagno, il controllo della temperatura e l&#8217;avvio\/arresto degli ultrasuoni. Vassoio in ACCIAIO INOX sul quale vengono posizionati gli oggetti da pulire. Ha la forma di una griglia, che consente il passaggio del fluido.   <\/p>\n<p>&nbsp;<\/p>\n<p>Ultrasuoni BRIO in apparecchiature da laboratorio compatte. Attrezzatura da tavolo perfetta per igienizzare e trattare parti di orologi, ottica, gioielli, strumenti medici e dentistici e molto altro ancora. Con tecnologia bifrequenza e funzioni esclusive per potenziare l&#8217;effetto pulente e adattarsi a tutti i tipi di sporco e alle esigenze di ogni settore. BR-30 Lab Plus.  <\/p>\n<p>&nbsp;<\/p>\n<p>Brio Ultrasonics, specialisti in soluzioni e processi di pulizia ad ultrasuoni. Tecnologia spagnola al 100%.<\/p>\n","protected":false},"featured_media":58416,"comment_status":"open","ping_status":"closed","template":"","meta":{"_joinchat":[]},"product_brand":[],"product_cat":[94],"product_tag":[],"class_list":{"0":"post-59858","1":"product","2":"type-product","3":"status-publish","4":"has-post-thumbnail","6":"product_cat-serie-labplus-it","8":"first","9":"instock","10":"shipping-taxable","11":"product-type-simple"},"_links":{"self":[{"href":"https:\/\/brioultrasonics.com\/it\/wp-json\/wp\/v2\/product\/59858","targetHints":{"allow":["GET"]}}],"collection":[{"href":"https:\/\/brioultrasonics.com\/it\/wp-json\/wp\/v2\/product"}],"about":[{"href":"https:\/\/brioultrasonics.com\/it\/wp-json\/wp\/v2\/types\/product"}],"replies":[{"embeddable":true,"href":"https:\/\/brioultrasonics.com\/it\/wp-json\/wp\/v2\/comments?post=59858"}],"version-history":[{"count":2,"href":"https:\/\/brioultrasonics.com\/it\/wp-json\/wp\/v2\/product\/59858\/revisions"}],"predecessor-version":[{"id":63826,"href":"https:\/\/brioultrasonics.com\/it\/wp-json\/wp\/v2\/product\/59858\/revisions\/63826"}],"wp:featuredmedia":[{"embeddable":true,"href":"https:\/\/brioultrasonics.com\/it\/wp-json\/wp\/v2\/media\/58416"}],"wp:attachment":[{"href":"https:\/\/brioultrasonics.com\/it\/wp-json\/wp\/v2\/media?parent=59858"}],"wp:term":[{"taxonomy":"product_brand","embeddable":true,"href":"https:\/\/brioultrasonics.com\/it\/wp-json\/wp\/v2\/product_brand?post=59858"},{"taxonomy":"product_cat","embeddable":true,"href":"https:\/\/brioultrasonics.com\/it\/wp-json\/wp\/v2\/product_cat?post=59858"},{"taxonomy":"product_tag","embeddable":true,"href":"https:\/\/brioultrasonics.com\/it\/wp-json\/wp\/v2\/product_tag?post=59858"}],"curies":[{"name":"wp","href":"https:\/\/api.w.org\/{rel}","templated":true}]}}