{"id":59533,"date":"2024-05-22T12:08:53","date_gmt":"2024-05-22T10:08:53","guid":{"rendered":"https:\/\/quizzical-gagarin.31-170-100-185.plesk.page\/programma-ictcameras\/"},"modified":"2024-11-07T08:55:29","modified_gmt":"2024-11-07T07:55:29","slug":"programma-ictcameras","status":"publish","type":"page","link":"https:\/\/brioultrasonics.com\/it\/programma-ictcameras\/","title":{"rendered":"Programma ICTCameras"},"content":{"rendered":"\t\t<div data-elementor-type=\"wp-page\" data-elementor-id=\"59533\" class=\"elementor elementor-59533 elementor-1855\" data-elementor-post-type=\"page\">\n\t\t\t\t<div class=\"elementor-element elementor-element-8e46396 e-flex e-con-boxed e-con e-parent\" data-id=\"8e46396\" data-element_type=\"container\" data-e-type=\"container\">\n\t\t\t\t\t<div class=\"e-con-inner\">\n\t\t\t\t<div class=\"elementor-element elementor-element-b025b3c elementor-widget elementor-widget-heading\" data-id=\"b025b3c\" data-element_type=\"widget\" data-e-type=\"widget\" data-widget_type=\"heading.default\">\n\t\t\t\t<div class=\"elementor-widget-container\">\n\t\t\t\t\t<h2 class=\"elementor-heading-title elementor-size-default\"><b>Programma ICTCameras<\/b><\/h2>\t\t\t\t<\/div>\n\t\t\t\t<\/div>\n\t\t\t\t<div class=\"elementor-element elementor-element-f86640f elementor-widget elementor-widget-text-editor\" data-id=\"f86640f\" data-element_type=\"widget\" data-e-type=\"widget\" data-widget_type=\"text-editor.default\">\n\t\t\t\t<div class=\"elementor-widget-container\">\n\t\t\t\t\t\t\t\t\t<p>\u201cA&amp;J TECNOINOVACIONS, SL \u00e8 stato beneficiario del Fondo Europeo di Sviluppo Regionale il cui obiettivo \u00e8 migliorare l&#8217;uso e la qualit\u00e0 delle tecnologie dell&#8217;informazione e della comunicazione e l&#8217;accesso ad esse e grazie al quale ha implementato un sistema di progettazione assistita da computer e Stampa 3D per la prototipazione rapida, per migliorare la competitivit\u00e0 e la produttivit\u00e0 dell&#8217;azienda con Data 24\/05\/2023. Per questo ha avuto il sostegno del Programma ICTCameras della Camera di Commercio di Valencia. <\/p>\n<\/p>\n<p>\u201cUn modo di fare Europa\u201d<\/p>\n\t\t\t\t\t\t\t\t<\/div>\n\t\t\t\t<\/div>\n\t\t\t\t\t<\/div>\n\t\t\t\t<\/div>\n\t\t<div class=\"elementor-element elementor-element-bbbb950 e-flex e-con-boxed e-con e-parent\" data-id=\"bbbb950\" data-element_type=\"container\" data-e-type=\"container\" data-settings=\"{&quot;background_background&quot;:&quot;classic&quot;}\">\n\t\t\t\t\t<div class=\"e-con-inner\">\n\t\t<div class=\"elementor-element elementor-element-fed90b0 e-con-full e-flex e-con e-child\" data-id=\"fed90b0\" data-element_type=\"container\" data-e-type=\"container\">\n\t\t\t\t<div class=\"elementor-element elementor-element-c793d70 elementor-widget elementor-widget-image\" data-id=\"c793d70\" data-element_type=\"widget\" data-e-type=\"widget\" data-widget_type=\"image.default\">\n\t\t\t\t<div class=\"elementor-widget-container\">\n\t\t\t\t\t\t\t\t\t\t\t\t\t\t\t<img fetchpriority=\"high\" decoding=\"async\" width=\"420\" height=\"357\" src=\"https:\/\/brioultrasonics.com\/wp-content\/uploads\/2024\/05\/logo-union-europea-420x357-1.png\" class=\"attachment-full size-full wp-image-58360\" alt=\"Unione Europea\" srcset=\"https:\/\/brioultrasonics.com\/wp-content\/uploads\/2024\/05\/logo-union-europea-420x357-1.png 420w, https:\/\/brioultrasonics.com\/wp-content\/uploads\/2024\/05\/logo-union-europea-420x357-1-300x255.png 300w\" sizes=\"(max-width: 420px) 100vw, 420px\" title=\"\">\t\t\t\t\t\t\t\t\t\t\t\t\t\t\t<\/div>\n\t\t\t\t<\/div>\n\t\t\t\t<\/div>\n\t\t<div class=\"elementor-element elementor-element-107cc85 e-con-full e-flex e-con e-child\" data-id=\"107cc85\" data-element_type=\"container\" data-e-type=\"container\">\n\t\t\t\t<div class=\"elementor-element elementor-element-2139a7e elementor-widget elementor-widget-image\" data-id=\"2139a7e\" data-element_type=\"widget\" data-e-type=\"widget\" data-widget_type=\"image.default\">\n\t\t\t\t<div class=\"elementor-widget-container\">\n\t\t\t\t\t\t\t\t\t\t\t\t\t\t\t<img decoding=\"async\" width=\"210\" height=\"115\" src=\"https:\/\/brioultrasonics.com\/wp-content\/uploads\/2024\/05\/logo-diputacion.png\" class=\"attachment-full size-full wp-image-58364\" alt=\"Consiglio provinciale di Valencia\" title=\"\">\t\t\t\t\t\t\t\t\t\t\t\t\t\t\t<\/div>\n\t\t\t\t<\/div>\n\t\t\t\t<\/div>\n\t\t<div class=\"elementor-element elementor-element-a0e71d2 e-con-full e-flex e-con e-child\" data-id=\"a0e71d2\" data-element_type=\"container\" data-e-type=\"container\">\n\t\t\t\t<div class=\"elementor-element elementor-element-dd7122b elementor-widget elementor-widget-image\" data-id=\"dd7122b\" data-element_type=\"widget\" data-e-type=\"widget\" data-widget_type=\"image.default\">\n\t\t\t\t<div class=\"elementor-widget-container\">\n\t\t\t\t\t\t\t\t\t\t\t\t\t\t\t<img decoding=\"async\" width=\"252\" height=\"115\" src=\"https:\/\/brioultrasonics.com\/wp-content\/uploads\/2024\/05\/logo-ticcamaras.png\" class=\"attachment-full size-full wp-image-58368\" alt=\"programma ticcamaras\" title=\"\">\t\t\t\t\t\t\t\t\t\t\t\t\t\t\t<\/div>\n\t\t\t\t<\/div>\n\t\t\t\t<\/div>\n\t\t<div class=\"elementor-element elementor-element-6e928e2 e-con-full e-flex e-con e-child\" data-id=\"6e928e2\" data-element_type=\"container\" data-e-type=\"container\">\n\t\t\t\t<div class=\"elementor-element elementor-element-b24fae0 elementor-widget elementor-widget-image\" data-id=\"b24fae0\" data-element_type=\"widget\" data-e-type=\"widget\" data-widget_type=\"image.default\">\n\t\t\t\t<div class=\"elementor-widget-container\">\n\t\t\t\t\t\t\t\t\t\t\t\t\t\t\t<img loading=\"lazy\" decoding=\"async\" width=\"252\" height=\"115\" src=\"https:\/\/brioultrasonics.com\/wp-content\/uploads\/2024\/05\/camara_valencia.png\" class=\"attachment-full size-full wp-image-58372\" alt=\"ticcamaras\" title=\"\">\t\t\t\t\t\t\t\t\t\t\t\t\t\t\t<\/div>\n\t\t\t\t<\/div>\n\t\t\t\t<\/div>\n\t\t<div class=\"elementor-element elementor-element-f8fb364 e-con-full e-flex e-con e-child\" data-id=\"f8fb364\" data-element_type=\"container\" data-e-type=\"container\">\n\t\t\t\t<div class=\"elementor-element elementor-element-fbb5336 elementor-widget elementor-widget-image\" data-id=\"fbb5336\" data-element_type=\"widget\" data-e-type=\"widget\" data-widget_type=\"image.default\">\n\t\t\t\t<div class=\"elementor-widget-container\">\n\t\t\t\t\t\t\t\t\t\t\t\t\t\t\t<img loading=\"lazy\" decoding=\"async\" width=\"267\" height=\"115\" src=\"https:\/\/brioultrasonics.com\/wp-content\/uploads\/2024\/05\/camara_espana.png\" class=\"attachment-full size-full wp-image-58376\" alt=\"commercio della Spagna\" title=\"\">\t\t\t\t\t\t\t\t\t\t\t\t\t\t\t<\/div>\n\t\t\t\t<\/div>\n\t\t\t\t<\/div>\n\t\t\t\t\t<\/div>\n\t\t\t\t<\/div>\n\t\t\t\t<\/div>\n\t\t","protected":false},"excerpt":{"rendered":"<p>Programma ICTCameras \u201cA&amp;J TECNOINOVACIONS, SL \u00e8 stato beneficiario del Fondo Europeo di Sviluppo Regionale il cui obiettivo \u00e8 migliorare l&#8217;uso e la qualit\u00e0 delle tecnologie dell&#8217;informazione e della comunicazione e l&#8217;accesso ad esse e grazie al quale ha implementato un sistema di progettazione assistita da computer e Stampa 3D per la prototipazione rapida, per migliorare [&hellip;]<\/p>\n","protected":false},"author":1,"featured_media":0,"parent":0,"menu_order":0,"comment_status":"closed","ping_status":"closed","template":"","meta":{"_joinchat":[],"footnotes":""},"class_list":["post-59533","page","type-page","status-publish","hentry"],"_links":{"self":[{"href":"https:\/\/brioultrasonics.com\/it\/wp-json\/wp\/v2\/pages\/59533","targetHints":{"allow":["GET"]}}],"collection":[{"href":"https:\/\/brioultrasonics.com\/it\/wp-json\/wp\/v2\/pages"}],"about":[{"href":"https:\/\/brioultrasonics.com\/it\/wp-json\/wp\/v2\/types\/page"}],"author":[{"embeddable":true,"href":"https:\/\/brioultrasonics.com\/it\/wp-json\/wp\/v2\/users\/1"}],"replies":[{"embeddable":true,"href":"https:\/\/brioultrasonics.com\/it\/wp-json\/wp\/v2\/comments?post=59533"}],"version-history":[{"count":1,"href":"https:\/\/brioultrasonics.com\/it\/wp-json\/wp\/v2\/pages\/59533\/revisions"}],"predecessor-version":[{"id":63088,"href":"https:\/\/brioultrasonics.com\/it\/wp-json\/wp\/v2\/pages\/59533\/revisions\/63088"}],"wp:attachment":[{"href":"https:\/\/brioultrasonics.com\/it\/wp-json\/wp\/v2\/media?parent=59533"}],"curies":[{"name":"wp","href":"https:\/\/api.w.org\/{rel}","templated":true}]}}