{"id":59260,"date":"2024-05-30T12:13:52","date_gmt":"2024-05-30T10:13:52","guid":{"rendered":"https:\/\/quizzical-gagarin.31-170-100-185.plesk.page\/avviso-legale\/"},"modified":"2024-12-02T11:49:24","modified_gmt":"2024-12-02T10:49:24","slug":"avviso-legale","status":"publish","type":"page","link":"https:\/\/brioultrasonics.com\/it\/avviso-legale\/","title":{"rendered":"Avviso legale"},"content":{"rendered":"\t\t<div data-elementor-type=\"wp-page\" data-elementor-id=\"59260\" class=\"elementor elementor-59260 elementor-2385\" data-elementor-post-type=\"page\">\n\t\t\t\t<div class=\"elementor-element elementor-element-6ac756c e-flex e-con-boxed e-con e-parent\" data-id=\"6ac756c\" data-element_type=\"container\" data-e-type=\"container\">\n\t\t\t\t\t<div class=\"e-con-inner\">\n\t\t<div class=\"elementor-element elementor-element-370d85f e-con-full e-flex e-con e-child\" data-id=\"370d85f\" data-element_type=\"container\" data-e-type=\"container\">\n\t\t\t\t<div class=\"elementor-element elementor-element-b1a993d elementor-widget elementor-widget-heading\" data-id=\"b1a993d\" data-element_type=\"widget\" data-e-type=\"widget\" data-widget_type=\"heading.default\">\n\t\t\t\t<div class=\"elementor-widget-container\">\n\t\t\t\t\t<h1 class=\"elementor-heading-title elementor-size-default\">Avviso legale<\/h1>\t\t\t\t<\/div>\n\t\t\t\t<\/div>\n\t\t\t\t<\/div>\n\t\t\t\t\t<\/div>\n\t\t\t\t<\/div>\n\t\t<div class=\"elementor-element elementor-element-d391169 e-flex e-con-boxed e-con e-parent\" data-id=\"d391169\" data-element_type=\"container\" data-e-type=\"container\">\n\t\t\t\t\t<div class=\"e-con-inner\">\n\t\t<div class=\"elementor-element elementor-element-a5ae1cc e-con-full e-flex e-con e-child\" data-id=\"a5ae1cc\" data-element_type=\"container\" data-e-type=\"container\">\n\t\t\t\t<div class=\"elementor-element elementor-element-682d763 elementor-widget elementor-widget-heading\" data-id=\"682d763\" data-element_type=\"widget\" data-e-type=\"widget\" data-widget_type=\"heading.default\">\n\t\t\t\t<div class=\"elementor-widget-container\">\n\t\t\t\t\t<h2 class=\"elementor-heading-title elementor-size-default\">Introduzione - Avviso legale <\/h2>\t\t\t\t<\/div>\n\t\t\t\t<\/div>\n\t\t\t\t<\/div>\n\t\t<div class=\"elementor-element elementor-element-fb89be6 e-con-full e-flex e-con e-child\" data-id=\"fb89be6\" data-element_type=\"container\" data-e-type=\"container\">\n\t\t\t\t<div class=\"elementor-element elementor-element-b6b8ec4 elementor-widget elementor-widget-text-editor\" data-id=\"b6b8ec4\" data-element_type=\"widget\" data-e-type=\"widget\" data-widget_type=\"text-editor.default\">\n\t\t\t\t<div class=\"elementor-widget-container\">\n\t\t\t\t\t\t\t\t\t<div class=\"fl-col fl-node-59ebdc8d08fb8 fl-col-small fl-col-small-custom-width\" data-node=\"59ebdc8d08fb8\">\n<div class=\"fl-col-content fl-node-content vamtam-show-bg-image\">\n<div class=\"fl-module fl-module-rich-text fl-node-59ebdc8d08ff5\" data-node=\"59ebdc8d08ff5\">\n<div class=\"fl-module-content fl-node-content\">\n<div class=\"fl-rich-text\">\n<p>L&#8217;accesso a questo sito Web implica la conoscenza e l&#8217;accettazione dei seguenti termini e condizioni e attribuisce lo stato di utente del sito Web e l&#8217;accesso allo stesso implica la sua accettazione senza riserve.<\/p>\n<div class=\"fl-col fl-node-59ebdc8d08fb8 fl-col-small fl-col-small-custom-width\" data-node=\"59ebdc8d08fb8\">\n<div class=\"fl-col-content fl-node-content vamtam-show-bg-image\">\n<div class=\"fl-module fl-module-rich-text fl-node-59ebdc8d08ff5\" data-node=\"59ebdc8d08ff5\">\n<div class=\"fl-module-content fl-node-content\">\n<div class=\"fl-rich-text\">\n<p>Se non si accettano le clausole stabilite nel presente Avviso Legale, l&#8217;utente dovr\u00e0 astenersi dall&#8217;accedere e\/o utilizzare i servizi e\/o i contenuti messi a disposizione sulla pagina, procedendo ad abbandonarla.<\/p>\n<\/div>\n<\/div>\n<\/div>\n<\/div>\n<\/div>\n<div class=\"fl-col fl-node-5b2a587c72a24 fl-col-small\" data-node=\"5b2a587c72a24\">\n<div class=\"fl-col-content fl-node-content vamtam-show-bg-image\">\n<div class=\"fl-module fl-module-rich-text fl-node-5b2a67df15f43\" data-node=\"5b2a67df15f43\">\n<div class=\"fl-module-content fl-node-content\">\n<div class=\"fl-rich-text\">\n<p><strong>Propriet\u00e0 del sito web &#8211; Avviso legale<\/strong><\/p>\n<p>AJ TECNO INNOVACIONS, S.L., in conformit\u00e0 con le disposizioni dell&#8217;articolo 10 della legge 34\/2002, dell&#8217;11 luglio, sui servizi della societ\u00e0 dell&#8217;informazione e del commercio elettronico (LSSI-CE), ti informa degli identificatori dei dati relativi al sito web WWW. BRIOULTRASONICS.COM<\/p>\n<p><u><strong>DENOMINAZIONE AZIENDA:<\/strong><\/u> AJ TECNO INNOVACIONS, S.L.<\/p>\n<p><u><strong>SEDE LEGALE:<\/strong><\/u> C\/CIUDAD DE BARCELONA 1 &#8211; POL. FONTE VASO IND &#8211; &#8211; 46980 PATERNA <\/p>\n<p><u><strong>TELEFONO:<\/strong><\/u> +(34) 961341109<\/p>\n<p><strong><u>CIF:<\/u><\/strong> B98166754<\/p>\n<p><u><strong>EMAIL GENERALE:<\/strong><\/u> INFO@AJTECNO.COM<\/p>\n<p><u><strong>DATI DI ISCRIZIONE NEL REGISTRO DI COMMERCIO:<\/strong><\/u> REGISTRO DI COMMERCIO DI VALENCIA, VOLUME 9075, FOGLIO 25, SEZIONE 8, FOGLIO V-135248<\/p>\n<\/div>\n<\/div>\n<\/div>\n<\/div>\n<\/div>\n<\/div>\n<\/div>\n<\/div>\n<\/div>\n<\/div>\n\t\t\t\t\t\t\t\t<\/div>\n\t\t\t\t<\/div>\n\t\t\t\t<\/div>\n\t\t\t\t\t<\/div>\n\t\t\t\t<\/div>\n\t\t<div class=\"elementor-element elementor-element-23f49fd e-flex e-con-boxed e-con e-parent\" data-id=\"23f49fd\" data-element_type=\"container\" data-e-type=\"container\">\n\t\t\t\t\t<div class=\"e-con-inner\">\n\t\t<div class=\"elementor-element elementor-element-6555c47 e-con-full e-flex e-con e-child\" data-id=\"6555c47\" data-element_type=\"container\" data-e-type=\"container\">\n\t\t\t\t<div class=\"elementor-element elementor-element-f5e1996 elementor-widget elementor-widget-heading\" data-id=\"f5e1996\" data-element_type=\"widget\" data-e-type=\"widget\" data-widget_type=\"heading.default\">\n\t\t\t\t<div class=\"elementor-widget-container\">\n\t\t\t\t\t<h2 class=\"elementor-heading-title elementor-size-default\"><h3 class=\"vamtam-heading \" style=\"border: 0px;font-family: Rubik;vertical-align: baseline;align-items: center;justify-content: flex-start;margin: 0px !important;padding: 0px !important\"><span class=\"vamtam-heading-text\" style=\"margin: 0px;padding: 0px;border: 0px;font: inherit;vertical-align: baseline\">Condizioni<br>di utilizzo<\/span><\/h3><\/h2>\t\t\t\t<\/div>\n\t\t\t\t<\/div>\n\t\t\t\t<\/div>\n\t\t<div class=\"elementor-element elementor-element-f56dfcc e-con-full e-flex e-con e-child\" data-id=\"f56dfcc\" data-element_type=\"container\" data-e-type=\"container\">\n\t\t\t\t<div class=\"elementor-element elementor-element-f58aa7e elementor-widget elementor-widget-text-editor\" data-id=\"f58aa7e\" data-element_type=\"widget\" data-e-type=\"widget\" data-widget_type=\"text-editor.default\">\n\t\t\t\t<div class=\"elementor-widget-container\">\n\t\t\t\t\t\t\t\t\t<p><strong><u>UTENTI &#8211; Avviso legale<\/u><\/strong><\/p>\n<p>L&#8217;accesso e\/o l&#8217;utilizzo di questo portale di AJ TECNO INNOVACIONS, S.L. attribuisce la condizione di UTENTE, che accetta, da detto accesso e\/o utilizzo, le Condizioni Generali d&#8217;Uso qui riportate. Le predette Condizioni si applicheranno indipendentemente dalle Condizioni Generali di Contratto che, ove applicabili, sono obbligatorie. <\/p>\n<\/p>\n<p><strong><u>UTILIZZO DEL SITO WEB &#8211; Avviso legale<\/u><\/strong><\/p>\n<p>WWW.BRIOULTRASONICS.COM fornisce l&#8217;accesso a una moltitudine di informazioni, servizi o dati (di seguito, \u201ci contenuti\u201d) su Internet appartenenti a AJ TECNO INNOVACIONS, S.L. a cui l&#8217;UTENTE pu\u00f2 avere accesso. L&#8217;UTENTE si assume la responsabilit\u00e0 dell&#8217;utilizzo del portale. Questa responsabilit\u00e0 si estende alla registrazione necessaria per accedere a determinati servizi o contenuti.  <\/p>\n<p>In detta registrazione, l&#8217;UTENTE sar\u00e0 responsabile di fornire informazioni veritiere e legittime. Come conseguenza di tale registrazione, all&#8217;UTENTE potr\u00e0 essere fornita una password della quale sar\u00e0 responsabile, impegnandosi a farne un uso diligente e confidenziale. L&#8217;UTENTE si impegna a fare un uso appropriato dei contenuti e dei servizi (come servizi di chat, forum di discussione o newsgroup) che AJ TECNO INNOVACIONS, S.L. offre attraverso il proprio portale e a titolo esemplificativo ma non esaustivo, di non utilizzarli per (I) svolgere attivit\u00e0 illecite, illegali o contrarie alla buona fede e all&#8217;ordine pubblico; (II) diffondere contenuti o propaganda di carattere razzista, xenofobo, pornografico-illegale, che incitano al terrorismo o violano i diritti umani; (III) causare danni ai sistemi fisici e logici di AJ TECNO INNOVACIONS, S.L., dei suoi fornitori o di terzi, introdurre o diffondere virus informatici nella rete o qualsiasi altro sistema fisico o logico che possa causare i suddetti danni; (IV) tentare di accedere e, se del caso, utilizzare gli account di posta elettronica di altri utenti e modificarli o manipolare i loro messaggi.       <\/p>\n<p>AJ TECNO INNOVAZIONI, S.L. si riserva il diritto di ritirare tutti i commenti e contributi che violino il rispetto della dignit\u00e0 della persona, che siano discriminatori, xenofobi, razzisti, pornografici, che attacchino la giovent\u00f9 o l&#8217;infanzia, l&#8217;ordine o la sicurezza pubblica o che, a loro avviso, non sarebbero adatto per la pubblicazione. In ogni caso, AJ TECNO INNOVACIONS, S.L. non sar\u00e0 responsabile delle opinioni espresse dagli utenti attraverso forum, chat o altri strumenti di partecipazione. <\/p>\n<\/p>\n<p><strong><u>PROPRIET\u00c0 INTELLETTUALE E INDUSTRIALE &#8211; Avviso legale<\/u><\/strong><\/p>\n<p>AJ TECNO INNOVAZIONI, S.L. da solo o in qualit\u00e0 di cessionario, \u00e8 titolare di tutti i diritti di propriet\u00e0 intellettuale e industriale del proprio sito web, nonch\u00e9 degli elementi in esso contenuti (a titolo esemplificativo, immagini, suoni, audio, video, software o testi; marchi o loghi , combinazioni di colori, struttura e design, selezione dei materiali utilizzati, programmi informatici necessari per il suo funzionamento, accesso e utilizzo, ecc.), di <a href=\"https:\/\/cultura.gva.es\/es\/web\/deposito-legal-propiedad-intelectual\/oficina-de-reg.-de-la-propiedad\" rel=\"noopener\">propriet\u00e0<\/a> di AJ TECNO INNOVACIONS, S.L. o i suoi licenziatari.<\/p>\n<p><strong>Tutti i diritti riservati:<\/strong> Ai sensi delle disposizioni degli articoli 8 e 32.1, secondo comma, della Legge sulla propriet\u00e0 intellettuale, la riproduzione, la distribuzione e la comunicazione pubblica, compreso il metodo di messa a disposizione, sono espressamente vietate in tutto o in parte questo sito web, per scopi commerciali, su qualsiasi supporto e con qualsiasi mezzo tecnico, senza l&#8217;autorizzazione di AJ TECNO INNOVACIONS, S.L.. <\/p>\n<p>L&#8217;UTENTE si impegna a rispettare i diritti di propriet\u00e0 intellettuale e industriale di propriet\u00e0 di AJ TECNO INNOVACIONS, S.L.. Potrai visualizzare gli elementi del portale e anche stamparli, copiarli e memorizzarli sul disco rigido del tuo computer o su qualsiasi altro supporto fisico purch\u00e9 cos\u00ec come \u00e8, solo ed esclusivamente, per uso personale e privato. L&#8217;UTENTE dovr\u00e0 astenersi dall&#8217;eliminare, alterare, eludere o manipolare qualsiasi dispositivo di protezione o sistema di sicurezza installato sulle pagine di AJ TECNO INNOVACIONS, S.L..  <\/p>\n<\/p>\n<p><strong><u>ESCLUSIONE DI GARANZIE E RESPONSABILIT\u00c0 &#8211; Avviso legale<\/u><\/strong><\/p>\n<p>AJ TECNO INNOVAZIONI, S.L. non \u00e8 responsabile, in ogni caso, per danni di qualsiasi natura che possano essere causati, a titolo esemplificativo: errori o omissioni nei contenuti, mancata disponibilit\u00e0 del portale o trasmissione di virus o programmi dannosi o dannosi nei contenuti. , pur avendo adottato tutte le misure tecnologiche necessarie per evitarlo.<\/p>\n<\/p>\n<p><strong><u>MODIFICHE &#8211; Avviso legale<\/u><\/strong><\/p>\n<p>AJ TECNO INNOVAZIONI, S.L. si riserva il diritto di apportare, senza preavviso, le modifiche che ritiene opportune al proprio portale e pu\u00f2 modificare, eliminare o aggiungere sia i contenuti che i servizi forniti attraverso di esso, nonch\u00e9 il modo in cui appaiono presentati o posizionati sul proprio portale.<\/p>\n<\/p>\n<p><strong><u>LINK &#8211; Avviso legale<\/u><\/strong><\/p>\n<p>Nel caso in cui WWW.BRIOULTRASONICS.COM contenga link o collegamenti ipertestuali ad altri siti Internet, AJ TECNO INNOVACIONS, S.L. non eserciter\u00e0 alcun tipo di controllo su detti siti e contenuti. In nessun caso AJ TECNO INNOVACIONS, S.L. non si assumer\u00e0 alcuna responsabilit\u00e0 per il contenuto di qualsiasi collegamento appartenente a un sito Web di terzi, n\u00e9 garantir\u00e0 la disponibilit\u00e0 tecnica, qualit\u00e0, affidabilit\u00e0, accuratezza, ampiezza, veridicit\u00e0, validit\u00e0 e costituzionalit\u00e0 di qualsiasi materiale o informazione contenuta in uno qualsiasi di detti collegamenti ipertestuali o altri siti Web. <\/p>\n<\/p>\n<p>Allo stesso modo, l&#8217;inclusione di questi collegamenti esterni non implicher\u00e0 alcun tipo di associazione, fusione o partecipazione con le entit\u00e0 collegate.<\/p>\n<\/p>\n<p><strong><u>DIRITTO DI ESCLUSIONE<\/u><\/strong><\/p>\n<p>AJ TECNO INNOVAZIONI, S.L. si riserva il diritto di negare o revocare l&#8217;accesso al portale e\/o ai servizi offerti senza preavviso, su richiesta propria o di terzi, a quegli utenti che non rispettino le presenti Condizioni Generali d&#8217;Uso.<\/p>\n<\/p>\n<p><strong><u>GENERALIT\u00c0 &#8211; Avviso legale<\/u><\/strong><\/p>\n<p>AJ TECNO INNOVAZIONI, S.L. perseguir\u00e0 il mancato rispetto delle presenti condizioni nonch\u00e9 ogni uso improprio del proprio portale esercitando tutte le azioni civili e penali che ad essa possano corrispondere per legge.<\/p>\n<\/p>\n<p><strong><u>MODIFICA DI QUESTE CONDIZIONI E DURATA &#8211; Avviso legale<\/u><\/strong><\/p>\n<p><a href=\"https:\/\/brioultrasonics.com\/it\/azienda\/\">AJ TECNO INNOVAZIONI, S.L.<\/a> potr\u00e0 modificare in qualsiasi momento le condizioni qui stabilite, essendo debitamente pubblicate cos\u00ec come qui appaiono.<\/p>\n<p>La validit\u00e0 delle predette condizioni dipender\u00e0 dalla loro esposizione e rimarranno in vigore finch\u00e9 non saranno modificate da altre debitamente pubblicate.<\/p>\n<\/p>\n<p><strong><u>LEGGE APPLICABILE E GIURISDIZIONE &#8211; BRIO Ultrasonics<\/u><\/strong><\/p>\n<p>I termini e le condizioni che regolano questo sito web, cos\u00ec come i rapporti che possono sorgere, sono protetti e soggetti alla legislazione spagnola. Per la risoluzione di qualsiasi tipo di controversia, litigio o discrepanza che possa insorgere tra l&#8217;UTENTE e AJ TECNO INNOVACIONS, S.L. Utilizzando questo sito Web, accetti di sottoporli alle corti e ai tribunali di VALENCIA, Spagna. <\/p>\n\t\t\t\t\t\t\t\t<\/div>\n\t\t\t\t<\/div>\n\t\t\t\t<\/div>\n\t\t\t\t\t<\/div>\n\t\t\t\t<\/div>\n\t\t\t\t<\/div>\n\t\t","protected":false},"excerpt":{"rendered":"<p>Avviso legale Introduzione &#8211; Avviso legale L&#8217;accesso a questo sito Web implica la conoscenza e l&#8217;accettazione dei seguenti termini e condizioni e attribuisce lo stato di utente del sito Web e l&#8217;accesso allo stesso implica la sua accettazione senza riserve. Se non si accettano le clausole stabilite nel presente Avviso Legale, l&#8217;utente dovr\u00e0 astenersi dall&#8217;accedere [&hellip;]<\/p>\n","protected":false},"author":1,"featured_media":0,"parent":0,"menu_order":0,"comment_status":"closed","ping_status":"closed","template":"","meta":{"_joinchat":[],"footnotes":""},"class_list":["post-59260","page","type-page","status-publish","hentry"],"_links":{"self":[{"href":"https:\/\/brioultrasonics.com\/it\/wp-json\/wp\/v2\/pages\/59260","targetHints":{"allow":["GET"]}}],"collection":[{"href":"https:\/\/brioultrasonics.com\/it\/wp-json\/wp\/v2\/pages"}],"about":[{"href":"https:\/\/brioultrasonics.com\/it\/wp-json\/wp\/v2\/types\/page"}],"author":[{"embeddable":true,"href":"https:\/\/brioultrasonics.com\/it\/wp-json\/wp\/v2\/users\/1"}],"replies":[{"embeddable":true,"href":"https:\/\/brioultrasonics.com\/it\/wp-json\/wp\/v2\/comments?post=59260"}],"version-history":[{"count":3,"href":"https:\/\/brioultrasonics.com\/it\/wp-json\/wp\/v2\/pages\/59260\/revisions"}],"predecessor-version":[{"id":63875,"href":"https:\/\/brioultrasonics.com\/it\/wp-json\/wp\/v2\/pages\/59260\/revisions\/63875"}],"wp:attachment":[{"href":"https:\/\/brioultrasonics.com\/it\/wp-json\/wp\/v2\/media?parent=59260"}],"curies":[{"name":"wp","href":"https:\/\/api.w.org\/{rel}","templated":true}]}}