{"id":66214,"date":"2024-05-21T12:11:12","date_gmt":"2024-05-21T10:11:12","guid":{"rendered":"https:\/\/brioultrasonics.com\/?post_type=product&#038;p=66214"},"modified":"2025-08-29T10:35:50","modified_gmt":"2025-08-29T08:35:50","slug":"br-1000","status":"publish","type":"product","link":"https:\/\/brioultrasonics.com\/fr\/produit\/br-1000\/","title":{"rendered":"BR-1000"},"content":{"rendered":"<table>\n<tbody>\n<tr>\n<strong><\/p>\n<td>Dimensions ext\u00e9rieures de la machine<\/td>\n<p><\/strong><\/p>\n<td> 2360 x 1360 x 1120 mm<\/td>\n<\/tr>\n<tr>\n<td><strong>Mesures int\u00e9rieures du r\u00e9servoir<\/strong><\/td>\n<td> 1510 x 860 x 910 mm<\/td>\n<\/tr>\n<tr>\n<strong><\/p>\n<td>Dimensions utiles du panier de travail<\/td>\n<p><\/strong><\/p>\n<td> 1450 x 730 x 700 mm<\/td>\n<\/tr>\n<tr>\n<strong><\/p>\n<td>Hauteur du comptoir<\/td>\n<p><\/strong><\/p>\n<td> 1120 mm<\/td>\n<\/tr>\n<tr>\n<strong><\/p>\n<td>Capacit\u00e9 du r\u00e9servoir de nettoyage<\/td>\n<p><\/strong><\/p>\n<td> 1182 L<\/td>\n<\/tr>\n<tr>\n<td><strong>Puissance ultrasonique install\u00e9e<\/strong><\/td>\n<td> 5000 W (10000 W p-p)<\/td>\n<\/tr>\n<tr>\n<strong><\/p>\n<td>Fr\u00e9quence de travail des ultrasons<\/td>\n<p><\/strong><\/p>\n<td> 28\/40 kHz<\/td>\n<\/tr>\n<tr>\n<td><strong>Puissance de chauffage install\u00e9e<\/strong><\/td>\n<td> 18 kW<\/td>\n<\/tr>\n<tr>\n<td colspan=\"2\"><strong>Panneau de commande tactile ou \u00e0 bouton-poussoir et thermostat num\u00e9rique<\/strong><\/td>\n<\/tr>\n<tr>\n<td colspan=\"2\"><strong>Tapa manuel avec calorifugado facultatif<\/strong><\/td>\n<\/tr>\n<tr>\n<td colspan=\"2\"><strong>Construction en acier INOX AISI 304\/316<\/strong><\/td>\n<\/tr>\n<\/tbody>\n<\/table>\n<p>&nbsp;<\/p>\n<p><strong>T\u00e9l\u00e9chargez la fiche technique compl\u00e8te :<\/strong><\/p>\n<p><a href=\"https:\/\/brioultrasonics.com\/wp-content\/uploads\/2024\/10\/BR-1000_Fiche-technique_MACHINE-DE-NETTOYAGE-MANUEL-A-ULTRASONS.pdf\" target=\"_blank\" rel=\"noopener\"><img decoding=\"async\" class=\"alignnone wp-image-1322 size-full\" src=\"https:\/\/brioultrasonics.com\/wp-content\/uploads\/2024\/05\/imagen-de-descarga.png\" alt=\"\" width=\"115\" height=\"150\" title=\"\"><\/a><\/p>\n","protected":false},"excerpt":{"rendered":"<p>\u00c9quipement de nettoyage manuel \u00e0 ultrasons BR-1000 d&rsquo;une capacit\u00e9 de 1000 L. Technologie exclusive <a href=\"https:\/\/www.europages.es\/es\/company\/brio-ultrasonics-20049838\">BRIO<\/a> trois fois plus efficace que les syst\u00e8mes conventionnels. <\/p>\n<p>&nbsp;<\/p>\n<h3>\u00c9quipement de nettoyage \u00e0 ultrasons BR-1000<\/h3>\n","protected":false},"featured_media":58166,"comment_status":"open","ping_status":"closed","template":"","meta":{"_joinchat":[]},"product_brand":[],"product_cat":[102],"product_tag":[],"class_list":{"0":"post-66214","1":"product","2":"type-product","3":"status-publish","4":"has-post-thumbnail","6":"product_cat-serie-manuelle","8":"first","9":"instock","10":"shipping-taxable","11":"product-type-simple"},"_links":{"self":[{"href":"https:\/\/brioultrasonics.com\/fr\/wp-json\/wp\/v2\/product\/66214","targetHints":{"allow":["GET"]}}],"collection":[{"href":"https:\/\/brioultrasonics.com\/fr\/wp-json\/wp\/v2\/product"}],"about":[{"href":"https:\/\/brioultrasonics.com\/fr\/wp-json\/wp\/v2\/types\/product"}],"replies":[{"embeddable":true,"href":"https:\/\/brioultrasonics.com\/fr\/wp-json\/wp\/v2\/comments?post=66214"}],"version-history":[{"count":6,"href":"https:\/\/brioultrasonics.com\/fr\/wp-json\/wp\/v2\/product\/66214\/revisions"}],"predecessor-version":[{"id":69125,"href":"https:\/\/brioultrasonics.com\/fr\/wp-json\/wp\/v2\/product\/66214\/revisions\/69125"}],"wp:featuredmedia":[{"embeddable":true,"href":"https:\/\/brioultrasonics.com\/fr\/wp-json\/wp\/v2\/media\/58166"}],"wp:attachment":[{"href":"https:\/\/brioultrasonics.com\/fr\/wp-json\/wp\/v2\/media?parent=66214"}],"wp:term":[{"taxonomy":"product_brand","embeddable":true,"href":"https:\/\/brioultrasonics.com\/fr\/wp-json\/wp\/v2\/product_brand?post=66214"},{"taxonomy":"product_cat","embeddable":true,"href":"https:\/\/brioultrasonics.com\/fr\/wp-json\/wp\/v2\/product_cat?post=66214"},{"taxonomy":"product_tag","embeddable":true,"href":"https:\/\/brioultrasonics.com\/fr\/wp-json\/wp\/v2\/product_tag?post=66214"}],"curies":[{"name":"wp","href":"https:\/\/api.w.org\/{rel}","templated":true}]}}