{"id":60389,"date":"2024-05-21T10:39:22","date_gmt":"2024-05-21T08:39:22","guid":{"rendered":"https:\/\/quizzical-gagarin.31-170-100-185.plesk.page\/producto\/br-4000-pro\/"},"modified":"2026-02-12T11:03:47","modified_gmt":"2026-02-12T10:03:47","slug":"br-4000-pro","status":"publish","type":"product","link":"https:\/\/brioultrasonics.com\/fr\/produit\/br-4000-pro\/","title":{"rendered":"BR-4000 PRO"},"content":{"rendered":"<p>BR-4000 PRO &#8211; Nettoyage par ultrasons.<\/p>\n<table>\n<tbody>\n<tr>\n<td><strong>Dimensions ext\u00e9rieures de la machine<\/strong><\/td>\n<td> 3.530 x 2.380 x 3.407 mm<\/td>\n<\/tr>\n<tr>\n<td><strong>Dimensions internes du r\u00e9servoir<\/strong><\/td>\n<td> 2.120 x 1.445 x 1.523 mm<\/td>\n<\/tr>\n<tr>\n<td><strong>Dimensions utiles de la corbeille de travail<\/strong><\/td>\n<td> 2.070 x 1.290 x 1.215 mm<\/td>\n<\/tr>\n<tr>\n<td><strong>Hauteur du plan de travail<\/strong><\/td>\n<td> 1 860 mm<\/td>\n<\/tr>\n<tr>\n<td><strong>Capacit\u00e9 du r\u00e9servoir de nettoyage<\/strong><\/td>\n<td> 4.665 L<\/td>\n<\/tr>\n<tr>\n<td><strong>Puissance ultrasonique install\u00e9e<\/strong><\/td>\n<td> 16 000 W (32 000 W p-p)<\/td>\n<\/tr>\n<tr>\n<td><strong>Fr\u00e9quence de travail des ultrasons<\/strong><\/td>\n<td> 28\/40 kHz<\/td>\n<\/tr>\n<tr>\n<td><strong>Puissance de chauffage install\u00e9e<\/strong><\/td>\n<td> 36 kW<\/td>\n<\/tr>\n<tr>\n<td colspan=\"2\"><strong>Panneau de commande \u00e0 touches ou \u00e0 boutons poussoirs et thermostat num\u00e9rique<\/strong><\/td>\n<\/tr>\n<tr>\n<td colspan=\"2\"><strong>Couvercle manuel avec chauffage en option<\/strong><\/td>\n<\/tr>\n<tr>\n<td colspan=\"2\"><strong>Construction en acier inoxydable AISI 304\/316<\/strong><\/td>\n<\/tr>\n<\/tbody>\n<\/table>\n<p>&nbsp;<\/p>\n<p><strong>T\u00e9l\u00e9chargez la fiche technique compl\u00e8te :<\/strong><\/p>\n<p><a href=\"https:\/\/brioultrasonics.com\/wp-content\/uploads\/2024\/10\/Machines-de-nettoyage-a-ultrasons-Brio-FICHE-TECHNIQUE-BR-4000-PRO.pdf\" target=\"_blank\" rel=\"noopener\"><img decoding=\"async\" class=\"alignnone wp-image-1322 size-full\" src=\"https:\/\/brioultrasonics.com\/\/wp-content\/uploads\/2024\/05\/imagen-de-descarga.png\" alt=\"\" width=\"115\" height=\"150\" title=\"\"><\/a><\/p>\n","protected":false},"excerpt":{"rendered":"<p>BR-4000 PRO, appareil de nettoyage manuel \u00e0 ultrasons d&rsquo;une capacit\u00e9 de 4000 L. Technologie exclusive BRIO trois fois plus efficace que les syst\u00e8mes conventionnels. <\/p>\n<p>&nbsp;<\/p>\n<h3>BR-4000 PRO &#8211; Nettoyage par ultrasons.<\/h3>\n","protected":false},"featured_media":58126,"comment_status":"open","ping_status":"closed","template":"","meta":{"_joinchat":[]},"product_brand":[],"product_cat":[114],"product_tag":[],"class_list":{"0":"post-60389","1":"product","2":"type-product","3":"status-publish","4":"has-post-thumbnail","6":"product_cat-serie-pro-fr","8":"first","9":"instock","10":"shipping-taxable","11":"product-type-simple"},"_links":{"self":[{"href":"https:\/\/brioultrasonics.com\/fr\/wp-json\/wp\/v2\/product\/60389","targetHints":{"allow":["GET"]}}],"collection":[{"href":"https:\/\/brioultrasonics.com\/fr\/wp-json\/wp\/v2\/product"}],"about":[{"href":"https:\/\/brioultrasonics.com\/fr\/wp-json\/wp\/v2\/types\/product"}],"replies":[{"embeddable":true,"href":"https:\/\/brioultrasonics.com\/fr\/wp-json\/wp\/v2\/comments?post=60389"}],"version-history":[{"count":6,"href":"https:\/\/brioultrasonics.com\/fr\/wp-json\/wp\/v2\/product\/60389\/revisions"}],"predecessor-version":[{"id":69304,"href":"https:\/\/brioultrasonics.com\/fr\/wp-json\/wp\/v2\/product\/60389\/revisions\/69304"}],"wp:featuredmedia":[{"embeddable":true,"href":"https:\/\/brioultrasonics.com\/fr\/wp-json\/wp\/v2\/media\/58126"}],"wp:attachment":[{"href":"https:\/\/brioultrasonics.com\/fr\/wp-json\/wp\/v2\/media?parent=60389"}],"wp:term":[{"taxonomy":"product_brand","embeddable":true,"href":"https:\/\/brioultrasonics.com\/fr\/wp-json\/wp\/v2\/product_brand?post=60389"},{"taxonomy":"product_cat","embeddable":true,"href":"https:\/\/brioultrasonics.com\/fr\/wp-json\/wp\/v2\/product_cat?post=60389"},{"taxonomy":"product_tag","embeddable":true,"href":"https:\/\/brioultrasonics.com\/fr\/wp-json\/wp\/v2\/product_tag?post=60389"}],"curies":[{"name":"wp","href":"https:\/\/api.w.org\/{rel}","templated":true}]}}