{"id":60304,"date":"2024-05-21T10:47:24","date_gmt":"2024-05-21T08:47:24","guid":{"rendered":"https:\/\/quizzical-gagarin.31-170-100-185.plesk.page\/producto\/br-8000-pro\/"},"modified":"2025-05-28T11:37:29","modified_gmt":"2025-05-28T09:37:29","slug":"br-8000-pro","status":"publish","type":"product","link":"https:\/\/brioultrasonics.com\/fr\/produit\/br-8000-pro\/","title":{"rendered":"BR-8000 PRO"},"content":{"rendered":"<table>\n<tbody>\n<tr>\n<strong><\/p>\n<td>Mesures externes de la machine<\/td>\n<p><\/strong><\/p>\n<td> 4.120 x 3.400 x 3.640 mm<\/td>\n<\/tr>\n<tr>\n<strong><\/p>\n<td>Mesures int\u00e9rieures du r\u00e9servoir<\/td>\n<p><\/strong><\/p>\n<td> 2.800 x 1.900 x 1.623 mm<\/td>\n<\/tr>\n<tr>\n<strong><\/p>\n<td>Dimensions utiles du porte-bagages<\/td>\n<p><\/strong><\/p>\n<td> 2.750 x 1.800 x 1.335 mm<\/td>\n<\/tr>\n<tr>\n<strong><\/p>\n<td>Hauteur du comptoir<\/td>\n<p><\/strong><\/p>\n<td> 1.950 mm<\/td>\n<\/tr>\n<tr>\n<strong><\/p>\n<td>Capacit\u00e9 du r\u00e9servoir<\/td>\n<p><\/strong><\/p>\n<td> 8.634 L<\/td>\n<\/tr>\n<tr>\n<strong><\/p>\n<td>Puissance du g\u00e9n\u00e9rateur d&rsquo;ultrasons<\/td>\n<p><\/strong><\/p>\n<td> 25.000 W (50.000 W p-p)<\/td>\n<\/tr>\n<tr>\n<strong><\/p>\n<td>Fr\u00e9quence de travail des ultrasons<\/td>\n<p><\/strong><\/p>\n<td> 28\/40 kHz<\/td>\n<\/tr>\n<tr>\n<strong><\/p>\n<td>R\u00e9sistance \u00e0 la chaleur<\/td>\n<p><\/strong><\/p>\n<td> 63 kW<\/td>\n<\/tr>\n<tr>\n<strong><\/p>\n<td>Charge de levage maximale<\/td>\n<p><\/strong><\/p>\n<td> 2000 \u2013 7500 kg<\/td>\n<\/tr>\n<tr>\n<strong><\/p>\n<td>Capacidad de la cuba auxiliar<\/td>\n<p><\/strong><\/p>\n<td> 425 L<\/td>\n<\/tr>\n<tr>\n<td colspan=\"2\"><strong>\u00c9cran tactile couleur intuitif de 7 pouces<\/strong>. Contr\u00f4le et programmation du cycle de lavage et des plages horaires. Syst\u00e8me avec automate et module de temp\u00e9rature.  <\/td>\n<\/tr>\n<tr>\n<td colspan=\"2\"><strong>Syst\u00e8me de pouss\u00e9e d&rsquo;huile.<\/strong> Syst\u00e8me exclusif de d\u00e9cantation des huiles par balayage laminaire. Prolonge la dur\u00e9e de vie utile du fluide contre la saturation.  <\/td>\n<\/tr>\n<tr>\n<td colspan=\"2\"><strong>Ouate d&rsquo;ascenseur.<\/strong> Movimiento de vaiv\u00e9n para la separaci\u00f3n de la suciedad desprendida en la superficie de la pieza.<\/td>\n<\/tr>\n<tr>\n<td colspan=\"2\"><strong>Couvercle automatique<\/strong> avec isolation thermique en option.<\/td>\n<\/tr>\n<tr>\n<td colspan=\"2\">Construction en acier INOX AISI 304\/316<\/td>\n<\/tr>\n<\/tbody>\n<\/table>\n<p>&nbsp;<\/p>\n<p><strong>T\u00e9l\u00e9chargez la fiche technique compl\u00e8te :<\/strong><\/p>\n<p><a href=\"https:\/\/brioultrasonics.com\/wp-content\/uploads\/2024\/10\/Machines-de-nettoyage-a-ultrasons-Brio-FICHE-TECHNIQUE-BR-8000-PRO.pdf\" target=\"_blank\" rel=\"noopener\"><img decoding=\"async\" class=\"alignnone wp-image-1322 size-full\" src=\"https:\/\/brioultrasonics.com\/\/wp-content\/uploads\/2024\/05\/imagen-de-descarga.png\" alt=\"\" width=\"115\" height=\"150\" title=\"\"><\/a><\/p>\n","protected":false},"excerpt":{"rendered":"<p>\u00c9quipement de nettoyage automatique par ultrasons BR-8000 pro d&rsquo;une capacit\u00e9 de 8 000 L. Technologie exclusive BRIO trois fois plus efficace que les syst\u00e8mes conventionnels. <\/p>\n<p>&nbsp;<\/p>\n<h3>Machine de nettoyage \u00e0 ultrasons BR-8000 pro.<\/h3>\n","protected":false},"featured_media":58134,"comment_status":"open","ping_status":"closed","template":"","meta":{"_joinchat":[]},"product_brand":[],"product_cat":[114],"product_tag":[],"class_list":{"0":"post-60304","1":"product","2":"type-product","3":"status-publish","4":"has-post-thumbnail","6":"product_cat-serie-pro-fr","8":"first","9":"instock","10":"shipping-taxable","11":"product-type-simple"},"_links":{"self":[{"href":"https:\/\/brioultrasonics.com\/fr\/wp-json\/wp\/v2\/product\/60304","targetHints":{"allow":["GET"]}}],"collection":[{"href":"https:\/\/brioultrasonics.com\/fr\/wp-json\/wp\/v2\/product"}],"about":[{"href":"https:\/\/brioultrasonics.com\/fr\/wp-json\/wp\/v2\/types\/product"}],"replies":[{"embeddable":true,"href":"https:\/\/brioultrasonics.com\/fr\/wp-json\/wp\/v2\/comments?post=60304"}],"version-history":[{"count":2,"href":"https:\/\/brioultrasonics.com\/fr\/wp-json\/wp\/v2\/product\/60304\/revisions"}],"predecessor-version":[{"id":68556,"href":"https:\/\/brioultrasonics.com\/fr\/wp-json\/wp\/v2\/product\/60304\/revisions\/68556"}],"wp:featuredmedia":[{"embeddable":true,"href":"https:\/\/brioultrasonics.com\/fr\/wp-json\/wp\/v2\/media\/58134"}],"wp:attachment":[{"href":"https:\/\/brioultrasonics.com\/fr\/wp-json\/wp\/v2\/media?parent=60304"}],"wp:term":[{"taxonomy":"product_brand","embeddable":true,"href":"https:\/\/brioultrasonics.com\/fr\/wp-json\/wp\/v2\/product_brand?post=60304"},{"taxonomy":"product_cat","embeddable":true,"href":"https:\/\/brioultrasonics.com\/fr\/wp-json\/wp\/v2\/product_cat?post=60304"},{"taxonomy":"product_tag","embeddable":true,"href":"https:\/\/brioultrasonics.com\/fr\/wp-json\/wp\/v2\/product_tag?post=60304"}],"curies":[{"name":"wp","href":"https:\/\/api.w.org\/{rel}","templated":true}]}}