{"id":60299,"date":"2024-05-21T10:56:17","date_gmt":"2024-05-21T08:56:17","guid":{"rendered":"https:\/\/quizzical-gagarin.31-170-100-185.plesk.page\/producto\/br-60\/"},"modified":"2025-08-29T10:35:34","modified_gmt":"2025-08-29T08:35:34","slug":"br-60","status":"publish","type":"product","link":"https:\/\/brioultrasonics.com\/fr\/produit\/br-60\/","title":{"rendered":"BR-60"},"content":{"rendered":"<table>\n<tbody>\n<tr>\n<strong><\/p>\n<td>Dimensions ext\u00e9rieures de la machine<\/td>\n<p><\/strong><\/p>\n<td> 920 x 600 x 970 mm<\/td>\n<\/tr>\n<tr>\n<strong><\/p>\n<td>Mesures int\u00e9rieures du r\u00e9servoir<\/td>\n<p><\/strong><\/p>\n<td> 550 x 400 x 400 mm<\/td>\n<\/tr>\n<tr>\n<strong><\/p>\n<td>Dimensions utiles du panier de travail<\/td>\n<p><\/strong><\/p>\n<td> 500 x 350 x 230 mm<\/td>\n<\/tr>\n<tr>\n<strong><\/p>\n<td>Hauteur du comptoir<\/td>\n<p><\/strong><\/p>\n<td> 970 mm<\/td>\n<\/tr>\n<tr>\n<strong><\/p>\n<td>Capacit\u00e9 du r\u00e9servoir de nettoyage<\/td>\n<p><\/strong><\/p>\n<td> 88 L<\/td>\n<\/tr>\n<tr>\n<strong><\/p>\n<td>Puissance ultrasonique install\u00e9e<\/td>\n<p><\/strong><\/p>\n<td> 600 W (1.200 W p-p)<\/td>\n<\/tr>\n<tr>\n<strong><\/p>\n<td>Fr\u00e9quence de travail des ultrasons<\/td>\n<p><\/strong><\/p>\n<td> 28\/40 kHz<\/td>\n<\/tr>\n<tr>\n<td><strong>Puissance de chauffage install\u00e9e<\/strong><\/td>\n<td> 2,4 kW<\/td>\n<\/tr>\n<tr>\n<td colspan=\"2\"><strong>Panneau de commande tactile ou \u00e0 bouton-poussoir et thermostat num\u00e9rique<\/strong><\/td>\n<\/tr>\n<tr>\n<td colspan=\"2\"><strong>Tapa manuel avec calorifugado facultatif<\/strong><\/td>\n<\/tr>\n<tr>\n<td colspan=\"2\"><strong>Construction en acier INOX AISI 304\/316<\/strong><\/td>\n<\/tr>\n<\/tbody>\n<\/table>\n<p>&nbsp;<\/p>\n<p><strong>T\u00e9l\u00e9chargez la fiche technique compl\u00e8te :<\/strong><\/p>\n<p><a href=\"https:\/\/brioultrasonics.com\/wp-content\/uploads\/2025\/03\/BR-60-Fiche-technique-MACHINE-DE-NETTOYAGE-MANUEL-A-ULTRASONS.pdf\" target=\"_blank\" rel=\"noopener\"><img decoding=\"async\" class=\"alignnone wp-image-1322 size-full\" src=\"https:\/\/brioultrasonics.com\/\/wp-content\/uploads\/2024\/05\/imagen-de-descarga.png\" alt=\"\" width=\"115\" height=\"150\" title=\"\"><\/a><\/p>\n","protected":false},"excerpt":{"rendered":"<p>\u00c9quipement de nettoyage manuel \u00e0 ultrasons BR-60 d&rsquo;une capacit\u00e9 de 60 L. Technologie exclusive BRIO trois fois plus efficace que les syst\u00e8mes conventionnels. <\/p>\n<p>&nbsp;<\/p>\n<h3>BR-60 Nettoyage par ultrasons.<\/h3>\n","protected":false},"featured_media":58138,"comment_status":"open","ping_status":"closed","template":"","meta":{"_joinchat":[]},"product_brand":[],"product_cat":[102],"product_tag":[],"class_list":{"0":"post-60299","1":"product","2":"type-product","3":"status-publish","4":"has-post-thumbnail","6":"product_cat-serie-manuelle","8":"first","9":"instock","10":"shipping-taxable","11":"product-type-simple"},"_links":{"self":[{"href":"https:\/\/brioultrasonics.com\/fr\/wp-json\/wp\/v2\/product\/60299","targetHints":{"allow":["GET"]}}],"collection":[{"href":"https:\/\/brioultrasonics.com\/fr\/wp-json\/wp\/v2\/product"}],"about":[{"href":"https:\/\/brioultrasonics.com\/fr\/wp-json\/wp\/v2\/types\/product"}],"replies":[{"embeddable":true,"href":"https:\/\/brioultrasonics.com\/fr\/wp-json\/wp\/v2\/comments?post=60299"}],"version-history":[{"count":3,"href":"https:\/\/brioultrasonics.com\/fr\/wp-json\/wp\/v2\/product\/60299\/revisions"}],"predecessor-version":[{"id":69115,"href":"https:\/\/brioultrasonics.com\/fr\/wp-json\/wp\/v2\/product\/60299\/revisions\/69115"}],"wp:featuredmedia":[{"embeddable":true,"href":"https:\/\/brioultrasonics.com\/fr\/wp-json\/wp\/v2\/media\/58138"}],"wp:attachment":[{"href":"https:\/\/brioultrasonics.com\/fr\/wp-json\/wp\/v2\/media?parent=60299"}],"wp:term":[{"taxonomy":"product_brand","embeddable":true,"href":"https:\/\/brioultrasonics.com\/fr\/wp-json\/wp\/v2\/product_brand?post=60299"},{"taxonomy":"product_cat","embeddable":true,"href":"https:\/\/brioultrasonics.com\/fr\/wp-json\/wp\/v2\/product_cat?post=60299"},{"taxonomy":"product_tag","embeddable":true,"href":"https:\/\/brioultrasonics.com\/fr\/wp-json\/wp\/v2\/product_tag?post=60299"}],"curies":[{"name":"wp","href":"https:\/\/api.w.org\/{rel}","templated":true}]}}