{"id":60279,"date":"2024-05-21T12:05:27","date_gmt":"2024-05-21T10:05:27","guid":{"rendered":"https:\/\/quizzical-gagarin.31-170-100-185.plesk.page\/producto\/br-450\/"},"modified":"2025-08-29T10:35:48","modified_gmt":"2025-08-29T08:35:48","slug":"br-450","status":"publish","type":"product","link":"https:\/\/brioultrasonics.com\/fr\/produit\/br-450\/","title":{"rendered":"BR-450"},"content":{"rendered":"<table>\n<tbody>\n<tr>\n<strong><\/p>\n<td>Dimensions ext\u00e9rieures de la machine<\/td>\n<p><\/strong><\/p>\n<td> 1.680 x 900 x 970 mm<\/td>\n<\/tr>\n<tr>\n<strong><\/p>\n<td>Mesures int\u00e9rieures du r\u00e9servoir<\/td>\n<p><\/strong><\/p>\n<td>1.110 x 645 x 650 mm<\/td>\n<\/tr>\n<tr>\n<strong><\/p>\n<td>Dimensions utiles du panier de travail<\/td>\n<p><\/strong><\/p>\n<td> 1.080 x 560 x 435 mm<\/td>\n<\/tr>\n<tr>\n<strong><\/p>\n<td>Hauteur du comptoir<\/td>\n<p><\/strong><\/p>\n<td> 970 mm<\/td>\n<\/tr>\n<tr>\n<strong><\/p>\n<td>Capacit\u00e9 du r\u00e9servoir de nettoyage<\/td>\n<p><\/strong><\/p>\n<td> 465 L<\/td>\n<\/tr>\n<tr>\n<td><strong>Puissance ultrasonore install\u00e9e<br \/>\n<\/strong><\/td>\n<td>3 000 W (6 000 W p-p)<\/td>\n<\/tr>\n<tr>\n<strong><\/p>\n<td>Fr\u00e9quence de travail des ultrasons<\/td>\n<p><\/strong><\/p>\n<td> 28\/40 kHz<\/td>\n<\/tr>\n<tr>\n<td><strong>Puissance de chauffage install\u00e9e<\/strong><\/td>\n<td> 9 kW<\/td>\n<\/tr>\n<tr>\n<td colspan=\"2\"><strong>Panneau de commande tactile ou \u00e0 bouton-poussoir et thermostat num\u00e9rique<\/strong><\/td>\n<\/tr>\n<tr>\n<td colspan=\"2\"><strong>Tapa manuel avec calorifugado facultatif<\/strong><\/td>\n<\/tr>\n<tr>\n<td colspan=\"2\"><strong>Construction en acier INOX AISI 304\/316<\/strong><\/td>\n<\/tr>\n<\/tbody>\n<\/table>\n<p><strong>T\u00e9l\u00e9chargez la fiche technique compl\u00e8te :<\/strong><\/p>\n<p><a href=\"https:\/\/brioultrasonics.com\/wp-content\/uploads\/2024\/10\/BR-450_Fiche-technique_MACHINE-DE-NETTOYAGE-MANUEL-A-ULTRASONS.pdf\" target=\"_blank\" rel=\"noopener\"><img decoding=\"async\" class=\"alignnone wp-image-1322 size-full\" src=\"https:\/\/brioultrasonics.com\/\/wp-content\/uploads\/2024\/05\/imagen-de-descarga.png\" alt=\"\" width=\"115\" height=\"150\" title=\"\"><\/a><\/p>\n","protected":false},"excerpt":{"rendered":"<p>\u00c9quipement de nettoyage manuel \u00e0 ultrasons BR-450 d&rsquo;une capacit\u00e9 de 450 L. Technologie exclusive <a href=\"https:\/\/www.europages.es\/es\/company\/brio-ultrasonics-20049838\">BRIO<\/a> trois fois plus efficace que les syst\u00e8mes conventionnels. <\/p>\n<p>&nbsp;<\/p>\n<h3>\u00c9quipement de nettoyage \u00e0 ultrasons BR-450<\/h3>\n","protected":false},"featured_media":58158,"comment_status":"open","ping_status":"closed","template":"","meta":{"_joinchat":[]},"product_brand":[],"product_cat":[102],"product_tag":[],"class_list":{"0":"post-60279","1":"product","2":"type-product","3":"status-publish","4":"has-post-thumbnail","6":"product_cat-serie-manuelle","8":"first","9":"instock","10":"shipping-taxable","11":"product-type-simple"},"_links":{"self":[{"href":"https:\/\/brioultrasonics.com\/fr\/wp-json\/wp\/v2\/product\/60279","targetHints":{"allow":["GET"]}}],"collection":[{"href":"https:\/\/brioultrasonics.com\/fr\/wp-json\/wp\/v2\/product"}],"about":[{"href":"https:\/\/brioultrasonics.com\/fr\/wp-json\/wp\/v2\/types\/product"}],"replies":[{"embeddable":true,"href":"https:\/\/brioultrasonics.com\/fr\/wp-json\/wp\/v2\/comments?post=60279"}],"version-history":[{"count":5,"href":"https:\/\/brioultrasonics.com\/fr\/wp-json\/wp\/v2\/product\/60279\/revisions"}],"predecessor-version":[{"id":69124,"href":"https:\/\/brioultrasonics.com\/fr\/wp-json\/wp\/v2\/product\/60279\/revisions\/69124"}],"wp:featuredmedia":[{"embeddable":true,"href":"https:\/\/brioultrasonics.com\/fr\/wp-json\/wp\/v2\/media\/58158"}],"wp:attachment":[{"href":"https:\/\/brioultrasonics.com\/fr\/wp-json\/wp\/v2\/media?parent=60279"}],"wp:term":[{"taxonomy":"product_brand","embeddable":true,"href":"https:\/\/brioultrasonics.com\/fr\/wp-json\/wp\/v2\/product_brand?post=60279"},{"taxonomy":"product_cat","embeddable":true,"href":"https:\/\/brioultrasonics.com\/fr\/wp-json\/wp\/v2\/product_cat?post=60279"},{"taxonomy":"product_tag","embeddable":true,"href":"https:\/\/brioultrasonics.com\/fr\/wp-json\/wp\/v2\/product_tag?post=60279"}],"curies":[{"name":"wp","href":"https:\/\/api.w.org\/{rel}","templated":true}]}}