{"id":60254,"date":"2024-05-21T12:26:43","date_gmt":"2024-05-21T10:26:43","guid":{"rendered":"https:\/\/quizzical-gagarin.31-170-100-185.plesk.page\/producto\/br-4000\/"},"modified":"2025-08-29T10:34:32","modified_gmt":"2025-08-29T08:34:32","slug":"br-4000","status":"publish","type":"product","link":"https:\/\/brioultrasonics.com\/fr\/produit\/br-4000\/","title":{"rendered":"BR-4000"},"content":{"rendered":"<p>BR-4000. Machine \u00e0 ultrasons. <\/p>\n<table>\n<tbody>\n<tr>\n<strong><\/p>\n<td>Dimensions ext\u00e9rieures de la machine<\/td>\n<p><\/strong><\/p>\n<td> 2.970 x 1.945 x 1.733 mm<\/td>\n<\/tr>\n<tr>\n<strong><\/p>\n<td>Mesures int\u00e9rieures du r\u00e9servoir<\/td>\n<p><\/strong><\/p>\n<td>2.120 x 1.445 x 1.523 mm<\/td>\n<\/tr>\n<tr>\n<strong><\/p>\n<td>Dimensions utiles du panier de travail<\/td>\n<p><\/strong><\/p>\n<td> 2.070 x 1.290 x 1.215 mm<\/td>\n<\/tr>\n<tr>\n<strong><\/p>\n<td>Hauteur du comptoir<\/td>\n<p><\/strong><\/p>\n<td> 1.733 mm<\/td>\n<\/tr>\n<tr>\n<strong><\/p>\n<td>Capacit\u00e9 du r\u00e9servoir de nettoyage<\/td>\n<p><\/strong><\/p>\n<td> 4.665 L<\/td>\n<\/tr>\n<tr>\n<td><strong>Puissance ultrasonore install\u00e9e<br \/>\n<\/strong><\/td>\n<td>16 000 W (32 000 W p-p)<\/td>\n<\/tr>\n<tr>\n<strong><\/p>\n<td>Fr\u00e9quence de travail des ultrasons<\/td>\n<p><\/strong><\/p>\n<td> 28\/40 kHz<\/td>\n<\/tr>\n<tr>\n<td><strong>Puissance de chauffage install\u00e9e<\/strong><\/td>\n<td> 36 kW<\/td>\n<\/tr>\n<tr>\n<td colspan=\"2\"><strong>Panneau de commande tactile ou \u00e0 bouton-poussoir et thermostat num\u00e9rique<\/strong><\/td>\n<\/tr>\n<tr>\n<td colspan=\"2\"><strong>Tapa manuel avec calorifugado facultatif<\/strong><\/td>\n<\/tr>\n<tr>\n<td colspan=\"2\"><strong>Construction en acier INOX AISI 304\/316<\/strong><\/td>\n<\/tr>\n<\/tbody>\n<\/table>\n<p>&nbsp;<\/p>\n<p><strong>T\u00e9l\u00e9chargez la fiche technique compl\u00e8te :<\/strong><\/p>\n<p><a href=\"https:\/\/brioultrasonics.com\/wp-content\/uploads\/2024\/10\/BR-4000_Fiche-technique_MACHINE-DE-NETTOYAGE-MANUEL-A-ULTRASONS.pdf\" target=\"_blank\" rel=\"noopener\"><img decoding=\"async\" class=\"alignnone wp-image-1322 size-full\" src=\"https:\/\/brioultrasonics.com\/\/wp-content\/uploads\/2024\/05\/imagen-de-descarga.png\" alt=\"\" width=\"115\" height=\"150\" title=\"\"><\/a><\/p>\n","protected":false},"excerpt":{"rendered":"<p>Machine de nettoyage \u00e0 ultrasons manuelle BR-4000 d&rsquo;une capacit\u00e9 de 4000 L. Technologie exclusive <a href=\"https:\/\/www.directindustry.es\/prod\/brio-ultrasonics-210599.html\">BRIO<\/a> trois fois plus efficace que les syst\u00e8mes conventionnels. Machine de nettoyage \u00e0 ultrasons pour tout type d\u2019industrie.   Il comprend des \u00e9metteurs modulaires positionn\u00e9s pour assurer la meilleure transmission de l&rsquo;\u00e9nergie ultrasonique. Egalement, une grille qui prot\u00e8ge le fond du r\u00e9servoir des impacts des pi\u00e8ces. Il peut \u00eatre retir\u00e9 pour nettoyer le fond du r\u00e9servoir.  <\/p>\n<p>&nbsp;<\/p>\n<h3>Machine de nettoyage \u00e0 ultrasons.<\/h3>\n","protected":false},"featured_media":58178,"comment_status":"open","ping_status":"closed","template":"","meta":{"_joinchat":[]},"product_brand":[],"product_cat":[102],"product_tag":[],"class_list":{"0":"post-60254","1":"product","2":"type-product","3":"status-publish","4":"has-post-thumbnail","6":"product_cat-serie-manuelle","8":"first","9":"instock","10":"shipping-taxable","11":"product-type-simple"},"_links":{"self":[{"href":"https:\/\/brioultrasonics.com\/fr\/wp-json\/wp\/v2\/product\/60254","targetHints":{"allow":["GET"]}}],"collection":[{"href":"https:\/\/brioultrasonics.com\/fr\/wp-json\/wp\/v2\/product"}],"about":[{"href":"https:\/\/brioultrasonics.com\/fr\/wp-json\/wp\/v2\/types\/product"}],"replies":[{"embeddable":true,"href":"https:\/\/brioultrasonics.com\/fr\/wp-json\/wp\/v2\/comments?post=60254"}],"version-history":[{"count":4,"href":"https:\/\/brioultrasonics.com\/fr\/wp-json\/wp\/v2\/product\/60254\/revisions"}],"predecessor-version":[{"id":69079,"href":"https:\/\/brioultrasonics.com\/fr\/wp-json\/wp\/v2\/product\/60254\/revisions\/69079"}],"wp:featuredmedia":[{"embeddable":true,"href":"https:\/\/brioultrasonics.com\/fr\/wp-json\/wp\/v2\/media\/58178"}],"wp:attachment":[{"href":"https:\/\/brioultrasonics.com\/fr\/wp-json\/wp\/v2\/media?parent=60254"}],"wp:term":[{"taxonomy":"product_brand","embeddable":true,"href":"https:\/\/brioultrasonics.com\/fr\/wp-json\/wp\/v2\/product_brand?post=60254"},{"taxonomy":"product_cat","embeddable":true,"href":"https:\/\/brioultrasonics.com\/fr\/wp-json\/wp\/v2\/product_cat?post=60254"},{"taxonomy":"product_tag","embeddable":true,"href":"https:\/\/brioultrasonics.com\/fr\/wp-json\/wp\/v2\/product_tag?post=60254"}],"curies":[{"name":"wp","href":"https:\/\/api.w.org\/{rel}","templated":true}]}}