{"id":60249,"date":"2024-05-21T12:31:34","date_gmt":"2024-05-21T10:31:34","guid":{"rendered":"https:\/\/quizzical-gagarin.31-170-100-185.plesk.page\/producto\/br-6000\/"},"modified":"2025-08-29T10:34:34","modified_gmt":"2025-08-29T08:34:34","slug":"br-6000","status":"publish","type":"product","link":"https:\/\/brioultrasonics.com\/fr\/produit\/br-6000\/","title":{"rendered":"BR-6000"},"content":{"rendered":"<table>\n<tbody>\n<tr>\n<strong><\/p>\n<td>Dimensions ext\u00e9rieures de la machine<\/td>\n<p><\/strong><\/p>\n<td> 3.280 x 2.192 x 1.833 mm<\/td>\n<\/tr>\n<tr>\n<strong><\/p>\n<td>Mesures int\u00e9rieures du r\u00e9servoir<\/td>\n<p><\/strong><\/p>\n<td>2.430 x 1.692 x 1.623 mm<\/td>\n<\/tr>\n<tr>\n<strong><\/p>\n<td>Dimensions utiles du panier de travail<\/td>\n<p><\/strong><\/p>\n<td> 2.380 x 1.512 x 1.335 mm<\/td>\n<\/tr>\n<tr>\n<strong><\/p>\n<td>Hauteur du comptoir<\/td>\n<p><\/strong><\/p>\n<td> 1.833 mm<\/td>\n<\/tr>\n<tr>\n<strong><\/p>\n<td>Capacit\u00e9 du r\u00e9servoir de nettoyage<\/td>\n<p><\/strong><\/p>\n<td> 6.673 L<\/td>\n<\/tr>\n<tr>\n<td><strong>Puissance ultrasonore install\u00e9e<br \/>\n<\/strong><\/td>\n<td>18 000 W (36 000 W p-p)<\/td>\n<\/tr>\n<tr>\n<strong><\/p>\n<td>Fr\u00e9quence de travail des ultrasons<\/td>\n<p><\/strong><\/p>\n<td> 28\/40 kHz<\/td>\n<\/tr>\n<tr>\n<td><strong>Puissance de chauffage install\u00e9e<\/strong><\/td>\n<td> 45 kW<\/td>\n<\/tr>\n<tr>\n<td colspan=\"2\"><strong>Panneau de commande tactile ou \u00e0 bouton-poussoir et thermostat num\u00e9rique<\/strong><\/td>\n<\/tr>\n<tr>\n<td colspan=\"2\"><strong>Tapa manuel avec calorifugado facultatif<\/strong><\/td>\n<\/tr>\n<tr>\n<td colspan=\"2\"><strong>Construction en acier INOX AISI 304\/316<\/strong><\/td>\n<\/tr>\n<\/tbody>\n<\/table>\n<p>&nbsp;<\/p>\n<p><strong>T\u00e9l\u00e9chargez la fiche technique compl\u00e8te :<\/strong><\/p>\n<p><a href=\"https:\/\/brioultrasonics.com\/wp-content\/uploads\/2024\/10\/BR-6000_Fiche-technique_MACHINE-DE-NETTOYAGE-MANUEL-A-ULTRASONS.pdf\" target=\"_blank\" rel=\"noopener\"><img decoding=\"async\" class=\"alignnone wp-image-1322 size-full\" src=\"https:\/\/brioultrasonics.com\/\/wp-content\/uploads\/2024\/05\/imagen-de-descarga.png\" alt=\"\" width=\"115\" height=\"150\" title=\"\"><\/a><\/p>\n","protected":false},"excerpt":{"rendered":"<p>Mat\u00e9riel de nettoyage manuel \u00e0 ultrasons d&rsquo;une capacit\u00e9 de 6000 L, id\u00e9al pour le nettoyage industriel. Technologie exclusive <a href=\"https:\/\/www.machinetools.com\/es\/companies\/359701-brio-ultrasonics\">BRIO <\/a>trois fois plus efficace que les syst\u00e8mes conventionnels. Sa conception permet de le fixer sur le r\u00e9servoir, laissant les pi\u00e8ces en position de vidange. De plus, cette fixation \u00e0 hauteur du plan permet le chargement des pi\u00e8ces avec un plus grand confort.   <\/p>\n<p>&nbsp;<\/p>\n<h3>Machine de nettoyage \u00e0 ultrasons industrielle.<\/h3>\n","protected":false},"featured_media":58182,"comment_status":"open","ping_status":"closed","template":"","meta":{"_joinchat":[]},"product_brand":[],"product_cat":[102],"product_tag":[],"class_list":{"0":"post-60249","1":"product","2":"type-product","3":"status-publish","4":"has-post-thumbnail","6":"product_cat-serie-manuelle","8":"first","9":"instock","10":"shipping-taxable","11":"product-type-simple"},"_links":{"self":[{"href":"https:\/\/brioultrasonics.com\/fr\/wp-json\/wp\/v2\/product\/60249","targetHints":{"allow":["GET"]}}],"collection":[{"href":"https:\/\/brioultrasonics.com\/fr\/wp-json\/wp\/v2\/product"}],"about":[{"href":"https:\/\/brioultrasonics.com\/fr\/wp-json\/wp\/v2\/types\/product"}],"replies":[{"embeddable":true,"href":"https:\/\/brioultrasonics.com\/fr\/wp-json\/wp\/v2\/comments?post=60249"}],"version-history":[{"count":6,"href":"https:\/\/brioultrasonics.com\/fr\/wp-json\/wp\/v2\/product\/60249\/revisions"}],"predecessor-version":[{"id":69080,"href":"https:\/\/brioultrasonics.com\/fr\/wp-json\/wp\/v2\/product\/60249\/revisions\/69080"}],"wp:featuredmedia":[{"embeddable":true,"href":"https:\/\/brioultrasonics.com\/fr\/wp-json\/wp\/v2\/media\/58182"}],"wp:attachment":[{"href":"https:\/\/brioultrasonics.com\/fr\/wp-json\/wp\/v2\/media?parent=60249"}],"wp:term":[{"taxonomy":"product_brand","embeddable":true,"href":"https:\/\/brioultrasonics.com\/fr\/wp-json\/wp\/v2\/product_brand?post=60249"},{"taxonomy":"product_cat","embeddable":true,"href":"https:\/\/brioultrasonics.com\/fr\/wp-json\/wp\/v2\/product_cat?post=60249"},{"taxonomy":"product_tag","embeddable":true,"href":"https:\/\/brioultrasonics.com\/fr\/wp-json\/wp\/v2\/product_tag?post=60249"}],"curies":[{"name":"wp","href":"https:\/\/api.w.org\/{rel}","templated":true}]}}