{"id":60078,"date":"2024-05-22T13:32:19","date_gmt":"2024-05-22T11:32:19","guid":{"rendered":"https:\/\/quizzical-gagarin.31-170-100-185.plesk.page\/producto\/br-30-wt\/"},"modified":"2025-05-28T13:47:48","modified_gmt":"2025-05-28T11:47:48","slug":"br-30-wt","status":"publish","type":"product","link":"https:\/\/brioultrasonics.com\/fr\/produit\/br-30-wt\/","title":{"rendered":"BR-30 WT"},"content":{"rendered":"<p>BR-30 WT &#8211; NETTOYAGE POUR PETITES PI\u00c8CES<\/p>\n<table>\n<tbody>\n<tr>\n<strong><\/p>\n<td>Dimensions externes de la machine<\/td>\n<p><\/strong><\/p>\n<td> 690 x 480 x 500 mm<\/td>\n<\/tr>\n<tr>\n<strong><\/p>\n<td>Dimensions internes de la cuve de nettoyage<\/td>\n<p><\/strong><\/p>\n<td> 400 x 300 x 230 mm<\/td>\n<\/tr>\n<tr>\n<strong><\/p>\n<td>Dimensions utiles du panier de travail<\/td>\n<p><\/strong><\/p>\n<td> 370 x 270 x 200 mm<\/td>\n<\/tr>\n<tr>\n<strong><\/p>\n<td>Hauteur du comptoir<\/td>\n<p><\/strong><\/p>\n<td> 410 mm<\/td>\n<\/tr>\n<tr>\n<td><strong>Capacit\u00e9 de la cuve de nettoyage<\/strong><\/td>\n<td> 30 L<\/td>\n<\/tr>\n<tr>\n<strong><\/p>\n<td>Puissance du g\u00e9n\u00e9rateur d&rsquo;ultrasons<\/td>\n<p><\/strong><\/p>\n<td> 600 W (1200 W p-p)<\/td>\n<\/tr>\n<tr>\n<strong><\/p>\n<td>Fr\u00e9quence de travail des ultrasons<\/td>\n<p><\/strong><\/p>\n<td> 28\/40 kHz<\/td>\n<\/tr>\n<tr>\n<td><strong>R\u00e9sistance calorifique<\/strong><\/td>\n<td> 1 kW<\/td>\n<\/tr>\n<tr>\n<td colspan=\"2\"><strong>Panneau de commande analogique avec thermostat num\u00e9rique pour le contr\u00f4le de la temp\u00e9rature<\/strong><\/td>\n<\/tr>\n<tr>\n<td colspan=\"2\"><strong>Tapa manuel avec calorifugado facultatif<\/strong><\/td>\n<\/tr>\n<tr>\n<td colspan=\"2\"><strong>Construction en acier INOX AISI 304\/316<\/strong><\/td>\n<\/tr>\n<\/tbody>\n<\/table>\n<p>&nbsp;<\/p>\n<p><strong>T\u00e9l\u00e9chargez la fiche technique compl\u00e8te :<\/strong><\/p>\n<p><a href=\"https:\/\/brioultrasonics.com\/wp-content\/uploads\/2024\/10\/BR-30_WT_Fiche-technique_MACHINE-DE-NETTOYAGE-A-ULTRASONS.pdf\" target=\"_blank\" rel=\"noopener\"><img decoding=\"async\" class=\"alignnone wp-image-1322 size-full\" src=\"https:\/\/brioultrasonics.com\/\/wp-content\/uploads\/2024\/05\/imagen-de-descarga.png\" alt=\"\" width=\"115\" height=\"150\" title=\"\"><\/a><\/p>\n","protected":false},"excerpt":{"rendered":"<p>Nettoyage des petites pi\u00e8ces. BR-30 WT, \u00e9quipement de nettoyage par ultrasons manuel de bureau. Capacit\u00e9 30L. Technologie exclusive <a href=\"https:\/\/aspromec.org\/Mecanizadores\/brio-ultrasonics\/\">BRIO<\/a> trois fois plus efficace que les syst\u00e8mes conventionnels. Nettoyage de pi\u00e8ces de petites et moyennes dimensions.     La conception et la puissance des \u00e9metteurs ultrasoniques sont uniques pour chaque mod\u00e8le garantissant des performances maximales. Contr\u00f4le simple et intuitif. Avec interrupteur principal, bouton de d\u00e9marrage des ultrasons, fl\u00e8ches pour r\u00e9gler le temps de travail, d\u00e9marrage du chauffage et fl\u00e8ches pour r\u00e9gler la temp\u00e9rature de travail.  <\/p>\n<p>&nbsp;<\/p>\n<h4>Nettoyage par ultrasons pour petites pi\u00e8ces<\/h4>\n","protected":false},"featured_media":58378,"comment_status":"open","ping_status":"closed","template":"","meta":{"_joinchat":[]},"product_brand":[],"product_cat":[97],"product_tag":[],"class_list":{"0":"post-60078","1":"product","2":"type-product","3":"status-publish","4":"has-post-thumbnail","6":"product_cat-serie-table-de-travail","8":"first","9":"instock","10":"shipping-taxable","11":"product-type-simple"},"_links":{"self":[{"href":"https:\/\/brioultrasonics.com\/fr\/wp-json\/wp\/v2\/product\/60078","targetHints":{"allow":["GET"]}}],"collection":[{"href":"https:\/\/brioultrasonics.com\/fr\/wp-json\/wp\/v2\/product"}],"about":[{"href":"https:\/\/brioultrasonics.com\/fr\/wp-json\/wp\/v2\/types\/product"}],"replies":[{"embeddable":true,"href":"https:\/\/brioultrasonics.com\/fr\/wp-json\/wp\/v2\/comments?post=60078"}],"version-history":[{"count":3,"href":"https:\/\/brioultrasonics.com\/fr\/wp-json\/wp\/v2\/product\/60078\/revisions"}],"predecessor-version":[{"id":67184,"href":"https:\/\/brioultrasonics.com\/fr\/wp-json\/wp\/v2\/product\/60078\/revisions\/67184"}],"wp:featuredmedia":[{"embeddable":true,"href":"https:\/\/brioultrasonics.com\/fr\/wp-json\/wp\/v2\/media\/58378"}],"wp:attachment":[{"href":"https:\/\/brioultrasonics.com\/fr\/wp-json\/wp\/v2\/media?parent=60078"}],"wp:term":[{"taxonomy":"product_brand","embeddable":true,"href":"https:\/\/brioultrasonics.com\/fr\/wp-json\/wp\/v2\/product_brand?post=60078"},{"taxonomy":"product_cat","embeddable":true,"href":"https:\/\/brioultrasonics.com\/fr\/wp-json\/wp\/v2\/product_cat?post=60078"},{"taxonomy":"product_tag","embeddable":true,"href":"https:\/\/brioultrasonics.com\/fr\/wp-json\/wp\/v2\/product_tag?post=60078"}],"curies":[{"name":"wp","href":"https:\/\/api.w.org\/{rel}","templated":true}]}}