{"id":60067,"date":"2024-05-22T13:37:13","date_gmt":"2024-05-22T11:37:13","guid":{"rendered":"https:\/\/quizzical-gagarin.31-170-100-185.plesk.page\/producto\/br-10-wt\/"},"modified":"2025-05-28T13:44:30","modified_gmt":"2025-05-28T11:44:30","slug":"br-10-wt","status":"publish","type":"product","link":"https:\/\/brioultrasonics.com\/fr\/produit\/br-10-wt\/","title":{"rendered":"BR-10 WT"},"content":{"rendered":"<p>BR-10 WT &#8211; MACHINE DE NETTOYAGE \u00c0 ULTRASONS.<\/p>\n<table>\n<tbody>\n<tr>\n<td><strong>Dimensions externes de la machine<\/strong><\/td>\n<td> 490 x 405 x 445 mm<\/td>\n<\/tr>\n<tr>\n<td><strong>Dimensions internes de la cuve de nettoyage<\/strong><\/td>\n<td> 300 x 230 x 150 mm<\/td>\n<\/tr>\n<tr>\n<strong><\/p>\n<td>Dimensions utiles du panier de travail<\/td>\n<p><\/strong><\/p>\n<td> 270 x 180 x 120 mm<\/td>\n<\/tr>\n<tr>\n<strong><\/p>\n<td>Hauteur du comptoir<\/td>\n<p><\/strong><\/p>\n<td> 360 mm<\/td>\n<\/tr>\n<tr>\n<strong><\/p>\n<td>Capacit\u00e9 de la cuve de nettoyage<\/td>\n<p><\/strong><\/p>\n<td> 10 L<\/td>\n<\/tr>\n<tr>\n<td><strong>Puissance du g\u00e9n\u00e9rateur d&rsquo;ultrasons<\/strong><\/td>\n<td> 300 W (600 W p-p)<\/td>\n<\/tr>\n<tr>\n<strong><\/p>\n<td>Fr\u00e9quence de travail des ultrasons<\/td>\n<p><\/strong><\/p>\n<td> 28\/40 kHz<\/td>\n<\/tr>\n<tr>\n<td><strong>R\u00e9sistance calorifique<\/strong><\/td>\n<td> 0,5 kW<\/td>\n<\/tr>\n<tr>\n<td colspan=\"2\"><strong>Panneau de commande analogique avec thermostat num\u00e9rique pour le contr\u00f4le de la temp\u00e9rature<\/strong><\/td>\n<\/tr>\n<tr>\n<td colspan=\"2\"><strong>Tapa manuel avec calorifugado facultatif<\/strong><\/td>\n<\/tr>\n<tr>\n<td colspan=\"2\"><strong>Construction en acier INOX AISI 304\/316<\/strong><\/td>\n<\/tr>\n<\/tbody>\n<\/table>\n<p>&nbsp;<\/p>\n<p><strong>T\u00e9l\u00e9chargez la fiche technique compl\u00e8te :<\/strong><\/p>\n<p><a href=\"https:\/\/brioultrasonics.com\/wp-content\/uploads\/2024\/10\/BR-10_WT_Fiche-technique_MACHINE-DE-NETTOYAGE-A-ULTRASONS.pdf\" target=\"_blank\" rel=\"noopener\"><img decoding=\"async\" class=\"alignnone wp-image-1322 size-full\" src=\"https:\/\/brioultrasonics.com\/wp-content\/uploads\/2024\/05\/imagen-de-descarga.png\" alt=\"\" width=\"115\" height=\"150\" title=\"\"><\/a><\/p>\n","protected":false},"excerpt":{"rendered":"<p>Machine compacte de nettoyage \u00e0 ultrasons d\u2019une capacit\u00e9 de 10 litres. Technologie exclusive BRIO trois fois plus efficace que les syst\u00e8mes conventionnels.  <\/p>\n<p>&nbsp;<\/p>\n<h3>\u00c9QUIPEMENT OPTIONNEL BR-10 WT<\/h3>\n<ul>\n<li>Ascenseur avec support de chargement.<\/li>\n<li>Ouate d&rsquo;ascenseur. Mouvement de haut en bas qui facilite le nettoyage.<\/li>\n<li>Syst\u00e8me <a href=\"https:\/\/es.wikipedia.org\/wiki\/Operations_Support_Systems\">OPS<\/a> pour \u00e9liminer la d\u00e9cantation de l&rsquo;huile avec r\u00e9servoir auxiliaire.<\/li>\n<li>Contr\u00f4le de la saturation du bain.<\/li>\n<li>Remplissage avec dosage automatique de d\u00e9tergent.<\/li>\n<li>Syst\u00e8me d&rsquo;extraction de vapeur<\/li>\n<\/ul>\n","protected":false},"featured_media":58390,"comment_status":"open","ping_status":"closed","template":"","meta":{"_joinchat":[]},"product_brand":[],"product_cat":[97],"product_tag":[],"class_list":{"0":"post-60067","1":"product","2":"type-product","3":"status-publish","4":"has-post-thumbnail","6":"product_cat-serie-table-de-travail","8":"first","9":"instock","10":"shipping-taxable","11":"product-type-simple"},"_links":{"self":[{"href":"https:\/\/brioultrasonics.com\/fr\/wp-json\/wp\/v2\/product\/60067","targetHints":{"allow":["GET"]}}],"collection":[{"href":"https:\/\/brioultrasonics.com\/fr\/wp-json\/wp\/v2\/product"}],"about":[{"href":"https:\/\/brioultrasonics.com\/fr\/wp-json\/wp\/v2\/types\/product"}],"replies":[{"embeddable":true,"href":"https:\/\/brioultrasonics.com\/fr\/wp-json\/wp\/v2\/comments?post=60067"}],"version-history":[{"count":2,"href":"https:\/\/brioultrasonics.com\/fr\/wp-json\/wp\/v2\/product\/60067\/revisions"}],"predecessor-version":[{"id":68583,"href":"https:\/\/brioultrasonics.com\/fr\/wp-json\/wp\/v2\/product\/60067\/revisions\/68583"}],"wp:featuredmedia":[{"embeddable":true,"href":"https:\/\/brioultrasonics.com\/fr\/wp-json\/wp\/v2\/media\/58390"}],"wp:attachment":[{"href":"https:\/\/brioultrasonics.com\/fr\/wp-json\/wp\/v2\/media?parent=60067"}],"wp:term":[{"taxonomy":"product_brand","embeddable":true,"href":"https:\/\/brioultrasonics.com\/fr\/wp-json\/wp\/v2\/product_brand?post=60067"},{"taxonomy":"product_cat","embeddable":true,"href":"https:\/\/brioultrasonics.com\/fr\/wp-json\/wp\/v2\/product_cat?post=60067"},{"taxonomy":"product_tag","embeddable":true,"href":"https:\/\/brioultrasonics.com\/fr\/wp-json\/wp\/v2\/product_tag?post=60067"}],"curies":[{"name":"wp","href":"https:\/\/api.w.org\/{rel}","templated":true}]}}