{"id":59880,"date":"2024-05-22T13:46:32","date_gmt":"2024-05-22T11:46:32","guid":{"rendered":"https:\/\/quizzical-gagarin.31-170-100-185.plesk.page\/producto\/br-3-lab-plus\/"},"modified":"2025-05-28T13:41:34","modified_gmt":"2025-05-28T11:41:34","slug":"br-3-lab-plus","status":"publish","type":"product","link":"https:\/\/brioultrasonics.com\/fr\/produit\/br-3-lab-plus\/","title":{"rendered":"BR-3 Lab Plus"},"content":{"rendered":"<p>BR-3 Lab Plus &#8211; Machine de nettoyage \u00e0 ultrasons &#8211; Bi-fr\u00e9quence.<\/p>\n<table>\n<tbody>\n<tr>\n<strong><\/p>\n<td>Mesures externes de la machine<\/td>\n<p><\/strong><\/p>\n<td> 270 x 170 x 240 mm<\/td>\n<\/tr>\n<tr>\n<strong><\/p>\n<td>Mesures int\u00e9rieures du r\u00e9servoir<\/td>\n<p><\/strong><\/p>\n<td> 240 x 140 x 100 mm<\/td>\n<\/tr>\n<tr>\n<strong><\/p>\n<td>Dimensions utiles du panier de travail<\/td>\n<p><\/strong><\/p>\n<td> 210 x 120 x 70 mm<\/td>\n<\/tr>\n<tr>\n<strong><\/p>\n<td>Capacit\u00e9 du r\u00e9servoir<\/td>\n<p><\/strong><\/p>\n<td> 3,2 L<\/td>\n<\/tr>\n<tr>\n<strong><\/p>\n<td>Puissance du g\u00e9n\u00e9rateur d&rsquo;ultrasons<\/td>\n<p><\/strong><\/p>\n<td> 120 W (240 W p-p)<\/td>\n<\/tr>\n<tr>\n<strong><\/p>\n<td>Fr\u00e9quences de travail ultrasoniques<\/td>\n<p><\/strong><\/p>\n<td> 40\/33 kHz<\/td>\n<\/tr>\n<tr>\n<strong><\/p>\n<td>Puissance de chauffage<\/td>\n<p><\/strong><\/p>\n<td> 100 W<\/td>\n<\/tr>\n<tr>\n<td colspan=\"2\"><strong>Panneau de commande analogique avec thermostat num\u00e9rique pour le contr\u00f4le de la temp\u00e9rature<\/strong><\/td>\n<\/tr>\n<tr>\n<td colspan=\"2\"><strong>Couverture en AISI 304 \u00ab fin de journ\u00e9e \u00bb.<\/strong><\/td>\n<\/tr>\n<tr>\n<td colspan=\"2\"><strong>Robinet de vidange en acier inoxydable.<\/strong><\/td>\n<\/tr>\n<tr>\n<td colspan=\"2\"><strong>Panier de travail inclus. Construit en acier inoxydable AISI 304. <\/strong><\/td>\n<\/tr>\n<tr>\n<td colspan=\"2\"><strong>Construction en acier INOX AISI 304\/316<\/strong><\/td>\n<\/tr>\n<\/tbody>\n<\/table>\n<p>&nbsp;<\/p>\n<p><strong>T\u00e9l\u00e9chargez la fiche technique compl\u00e8te :<\/strong><\/p>\n<p><a href=\"https:\/\/brioultrasonics.com\/wp-content\/uploads\/2024\/10\/Machines-de-nettoyage-a-ultrasons-Brio-FICHE-TECHNIQUE-BR-3-Lab-Plus.pdf\" target=\"_blank\" rel=\"noopener\"><img decoding=\"async\" class=\"alignnone wp-image-1322 size-full\" src=\"https:\/\/brioultrasonics.com\/wp-content\/uploads\/2024\/05\/imagen-de-descarga.png\" alt=\"\" width=\"115\" height=\"150\" title=\"\"><\/a><\/p>\n","protected":false},"excerpt":{"rendered":"<p>\u00c9quipement de nettoyage manuel par ultrasons de bureau. Capacit\u00e9 de 3 L. Technologie exclusive <a href=\"https:\/\/www.europages.es\/es\/company\/brio-ultrasonics-20049838\">BRIO<\/a> avec bi-fr\u00e9quence et fonctions qui am\u00e9liorent le cycle de nettoyage. Machine con\u00e7ue pour les secteurs de la recherche, de la m\u00e9decine, du v\u00e9t\u00e9rinaire, de la bijouterie, etc.   <\/p>\n<p>&nbsp;<\/p>\n<h4><strong>FONCTIONS &#8211; MACHINE DE NETTOYAGE &#8211; BI-FR\u00c9QUENCE<\/strong><\/h4>\n<table>\n<tbody>\n<tr>\n<td><strong>Travaillez \u00e0 40 et 33 kHz.<\/strong><\/td>\n<td>  1. 40 Khz : Fr\u00e9quence la plus adapt\u00e9e aux salissures l\u00e9g\u00e8res, avec des applications dans les laboratoires, les secteurs m\u00e9dical, optique, horloger, etc.<\/p>\n<p>2. 33 kHz : Cette fr\u00e9quence offre une plus grande intensit\u00e9 de nettoyage et est plus adapt\u00e9e \u00e0 l&rsquo;\u00e9limination des salet\u00e9s fortement adh\u00e9rentes aux pi\u00e8ces.<\/td>\n<\/tr>\n<tr>\n<td><strong>Bifr\u00e9quence Stop &amp; Go.<\/strong><\/td>\n<td>Fonctionnement intermittent \u00e0 40\/33 kHz avec pauses interm\u00e9diaires. Cette fonction soumet les pi\u00e8ces \u00e0 des impulsions variables de vibrations ultrasoniques, permettant une meilleure \u00e9limination de la salet\u00e9 pr\u00e9sente dans les cavit\u00e9s et autres points difficiles d&rsquo;acc\u00e8s. <\/td>\n<\/tr>\n<tr>\n<td><strong>Fonction de balayage de fr\u00e9quence.<\/strong><\/td>\n<td>Variation progressive d&rsquo;une fr\u00e9quence \u00e0 l&rsquo;autre. Cette variation permet un changement progressif de l&rsquo;intensit\u00e9 du nettoyage qui favorise l&rsquo;\u00e9limination des salet\u00e9s. <\/td>\n<\/tr>\n<tr>\n<td><strong>Minuterie de travail \u00e0 ultrasons.<\/strong><\/td>\n<td>Permet de d\u00e9finir un temps de travail entre 1 et 99 minutes.<\/td>\n<\/tr>\n<tr>\n<td><strong>Thermostat num\u00e9rique int\u00e9gr\u00e9.<\/strong><\/td>\n<td>Vous permet de r\u00e9gler la temp\u00e9rature de fonctionnement de l&rsquo;\u00e9quipement jusqu&rsquo;\u00e0 80 \u00baC. La plage de travail recommand\u00e9e pour les ultrasons est de 65 \u00e0 85 \u00baC. <\/td>\n<\/tr>\n<\/tbody>\n<\/table>\n<p>&nbsp;<\/p>\n","protected":false},"featured_media":58398,"comment_status":"open","ping_status":"closed","template":"","meta":{"_joinchat":[]},"product_brand":[],"product_cat":[92],"product_tag":[],"class_list":{"0":"post-59880","1":"product","2":"type-product","3":"status-publish","4":"has-post-thumbnail","6":"product_cat-serie-labplus-fr","8":"first","9":"instock","10":"shipping-taxable","11":"product-type-simple"},"_links":{"self":[{"href":"https:\/\/brioultrasonics.com\/fr\/wp-json\/wp\/v2\/product\/59880","targetHints":{"allow":["GET"]}}],"collection":[{"href":"https:\/\/brioultrasonics.com\/fr\/wp-json\/wp\/v2\/product"}],"about":[{"href":"https:\/\/brioultrasonics.com\/fr\/wp-json\/wp\/v2\/types\/product"}],"replies":[{"embeddable":true,"href":"https:\/\/brioultrasonics.com\/fr\/wp-json\/wp\/v2\/comments?post=59880"}],"version-history":[{"count":2,"href":"https:\/\/brioultrasonics.com\/fr\/wp-json\/wp\/v2\/product\/59880\/revisions"}],"predecessor-version":[{"id":68582,"href":"https:\/\/brioultrasonics.com\/fr\/wp-json\/wp\/v2\/product\/59880\/revisions\/68582"}],"wp:featuredmedia":[{"embeddable":true,"href":"https:\/\/brioultrasonics.com\/fr\/wp-json\/wp\/v2\/media\/58398"}],"wp:attachment":[{"href":"https:\/\/brioultrasonics.com\/fr\/wp-json\/wp\/v2\/media?parent=59880"}],"wp:term":[{"taxonomy":"product_brand","embeddable":true,"href":"https:\/\/brioultrasonics.com\/fr\/wp-json\/wp\/v2\/product_brand?post=59880"},{"taxonomy":"product_cat","embeddable":true,"href":"https:\/\/brioultrasonics.com\/fr\/wp-json\/wp\/v2\/product_cat?post=59880"},{"taxonomy":"product_tag","embeddable":true,"href":"https:\/\/brioultrasonics.com\/fr\/wp-json\/wp\/v2\/product_tag?post=59880"}],"curies":[{"name":"wp","href":"https:\/\/api.w.org\/{rel}","templated":true}]}}