{"id":59874,"date":"2024-05-22T13:49:51","date_gmt":"2024-05-22T11:49:51","guid":{"rendered":"https:\/\/quizzical-gagarin.31-170-100-185.plesk.page\/producto\/br-6-lab-plus\/"},"modified":"2025-05-28T13:38:25","modified_gmt":"2025-05-28T11:38:25","slug":"br-6-lab-plus","status":"publish","type":"product","link":"https:\/\/brioultrasonics.com\/fr\/produit\/br-6-lab-plus\/","title":{"rendered":"BR-6 Lab Plus"},"content":{"rendered":"<p>BR-6 Lab Plus &#8211; Machine de nettoyage de laboratoire.<\/p>\n<table>\n<tbody>\n<tr>\n<strong><\/p>\n<td>Mesures externes de la machine<\/td>\n<p><\/strong><\/p>\n<td> 330 x 180 x 310 mm<\/td>\n<\/tr>\n<tr>\n<strong><\/p>\n<td>Mesures int\u00e9rieures du r\u00e9servoir<\/td>\n<p><\/strong><\/p>\n<td> 300 x 155 x 150 mm<\/td>\n<\/tr>\n<tr>\n<strong><\/p>\n<td>Dimensions utiles du panier de travail<\/td>\n<p><\/strong><\/p>\n<td> 270 x 125 x 100 mm<\/td>\n<\/tr>\n<tr>\n<strong><\/p>\n<td>Capacit\u00e9 du r\u00e9servoir<\/td>\n<p><\/strong><\/p>\n<td> 6,5 L<\/td>\n<\/tr>\n<tr>\n<strong><\/p>\n<td>Puissance du g\u00e9n\u00e9rateur d&rsquo;ultrasons<\/td>\n<p><\/strong><\/p>\n<td> 180 W (360 W p-p)<\/td>\n<\/tr>\n<tr>\n<strong><\/p>\n<td>Fr\u00e9quences de travail ultrasoniques<\/td>\n<p><\/strong><\/p>\n<td> 40\/33 kHz<\/td>\n<\/tr>\n<tr>\n<strong><\/p>\n<td>Puissance de chauffage<\/td>\n<p><\/strong><\/p>\n<td> 300 W<\/td>\n<\/tr>\n<tr>\n<td colspan=\"2\"><strong>Panneau de commande analogique avec thermostat num\u00e9rique pour le contr\u00f4le de la temp\u00e9rature<\/strong><\/td>\n<\/tr>\n<tr>\n<td colspan=\"2\"><strong>Couverture en AISI 304 \u00ab fin de journ\u00e9e \u00bb.<\/strong><\/td>\n<\/tr>\n<tr>\n<td colspan=\"2\"><strong>Robinet de vidange en acier inoxydable.<\/strong><\/td>\n<\/tr>\n<tr>\n<td colspan=\"2\"><strong>Panier de travail inclus. Construit en acier inoxydable AISI 304. <\/strong><\/td>\n<\/tr>\n<tr>\n<td colspan=\"2\"><strong>Construction en acier INOX AISI 304\/316<\/strong><\/td>\n<\/tr>\n<\/tbody>\n<\/table>\n<p>&nbsp;<\/p>\n<p><strong>T\u00e9l\u00e9chargez la fiche technique compl\u00e8te :<\/strong><\/p>\n<p><a href=\"https:\/\/brioultrasonics.com\/wp-content\/uploads\/2024\/10\/Machines-de-nettoyage-a-ultrasons-Brio-FICHE-TECHNIQUE-BR-6-Lab-Plus.pdf\" target=\"_blank\" rel=\"noopener\"><img decoding=\"async\" class=\"alignnone wp-image-1322 size-full\" src=\"https:\/\/brioultrasonics.com\/\/wp-content\/uploads\/2024\/05\/imagen-de-descarga.png\" alt=\"\" width=\"115\" height=\"150\" title=\"\"><\/a><\/p>\n","protected":false},"excerpt":{"rendered":"<p>\u00c9quipement de nettoyage manuel par ultrasons de bureau. Capacit\u00e9 de 6 L. Technologie exclusive BRIO avec bi-fr\u00e9quence et fonctions qui am\u00e9liorent le cycle de nettoyage. Machine con\u00e7ue pour les secteurs de la recherche, de la m\u00e9decine, du v\u00e9t\u00e9rinaire, de la bijouterie, etc. Machine de nettoyage de laboratoire.    <\/p>\n<h4>FONCTIONS &#8211; Machine de nettoyage de laboratoire<\/h4>\n<table>\n<tbody>\n<tr>\n<td><strong>Travaillez \u00e0 40 et 33 kHz.<\/strong><\/td>\n<td> 1. 40 Khz : La fr\u00e9quence la plus adapt\u00e9e aux salissures l\u00e9g\u00e8res, avec des applications dans les secteurs du laboratoire, du m\u00e9dical, de l&rsquo;optique, de l&rsquo;horlogerie, etc. 2. 33 kHz : Cette fr\u00e9quence permet une plus grande intensit\u00e9 de nettoyage et est plus adapt\u00e9e pour \u00e9liminer les salet\u00e9s fortement adh\u00e9r\u00e9es aux pi\u00e8ces. <\/p>\n<\/td>\n<\/tr>\n<tr>\n<td><strong>Bifr\u00e9quence Stop &amp; Go.<\/strong><\/td>\n<td>Fonctionnement intermittent \u00e0 40\/33 kHz avec pauses interm\u00e9diaires. Cette fonction soumet les pi\u00e8ces \u00e0 des impulsions variables de vibrations ultrasoniques, permettant une meilleure \u00e9limination de la salet\u00e9 pr\u00e9sente dans les cavit\u00e9s et autres points difficiles d&rsquo;acc\u00e8s. <\/td>\n<\/tr>\n<tr>\n<td><strong>Fonction de balayage de fr\u00e9quence.<\/strong><\/td>\n<td>Variation progressive d&rsquo;une fr\u00e9quence \u00e0 l&rsquo;autre. Cette variation permet un changement progressif de l&rsquo;intensit\u00e9 du nettoyage qui favorise l&rsquo;\u00e9limination des salet\u00e9s. <\/td>\n<\/tr>\n<tr>\n<td><strong>Minuterie de travail \u00e0 ultrasons.<\/strong><\/td>\n<td>Permet de d\u00e9finir un temps de travail entre 1 et 99 minutes.<\/td>\n<\/tr>\n<tr>\n<td><strong>Thermostat num\u00e9rique int\u00e9gr\u00e9.<\/strong><\/td>\n<td>Vous permet de r\u00e9gler la temp\u00e9rature de fonctionnement de l&rsquo;\u00e9quipement jusqu&rsquo;\u00e0 80 \u00ba<a href=\"https:\/\/es.wikipedia.org\/wiki\/Grado_Celsius\">C<\/a>. La plage de travail recommand\u00e9e pour les ultrasons est de 65 \u00e0 85 \u00baC. <\/td>\n<\/tr>\n<\/tbody>\n<\/table>\n<p>&nbsp;<\/p>\n<p>Le panneau de commande est simple et intuitif. \u00c0 partir de l\u00e0, vous pouvez s\u00e9lectionner la fr\u00e9quence de travail, les fonctions bi-fr\u00e9quence pour am\u00e9liorer l&rsquo;effet du bain, le contr\u00f4le de la temp\u00e9rature et d\u00e9marrer\/arr\u00eater les ultrasons. Nettoyage du laboratoire. \u00c9quipement con\u00e7u pour une maniabilit\u00e9 et un transport faciles. Ils s&rsquo;adaptent \u00e0 n&rsquo;importe quel espace de travail tel que des laboratoires ou des ateliers. Nettoyage de laboratoire avec poign\u00e9es int\u00e9gr\u00e9es : Les poign\u00e9es lat\u00e9rales int\u00e9gr\u00e9es permettent de les d\u00e9placer sans risque de basculement. Ils ont des pieds en caoutchouc antid\u00e9rapants.      <\/p>\n","protected":false},"featured_media":58402,"comment_status":"open","ping_status":"closed","template":"","meta":{"_joinchat":[]},"product_brand":[],"product_cat":[92],"product_tag":[],"class_list":{"0":"post-59874","1":"product","2":"type-product","3":"status-publish","4":"has-post-thumbnail","6":"product_cat-serie-labplus-fr","8":"first","9":"instock","10":"shipping-taxable","11":"product-type-simple"},"_links":{"self":[{"href":"https:\/\/brioultrasonics.com\/fr\/wp-json\/wp\/v2\/product\/59874","targetHints":{"allow":["GET"]}}],"collection":[{"href":"https:\/\/brioultrasonics.com\/fr\/wp-json\/wp\/v2\/product"}],"about":[{"href":"https:\/\/brioultrasonics.com\/fr\/wp-json\/wp\/v2\/types\/product"}],"replies":[{"embeddable":true,"href":"https:\/\/brioultrasonics.com\/fr\/wp-json\/wp\/v2\/comments?post=59874"}],"version-history":[{"count":3,"href":"https:\/\/brioultrasonics.com\/fr\/wp-json\/wp\/v2\/product\/59874\/revisions"}],"predecessor-version":[{"id":68581,"href":"https:\/\/brioultrasonics.com\/fr\/wp-json\/wp\/v2\/product\/59874\/revisions\/68581"}],"wp:featuredmedia":[{"embeddable":true,"href":"https:\/\/brioultrasonics.com\/fr\/wp-json\/wp\/v2\/media\/58402"}],"wp:attachment":[{"href":"https:\/\/brioultrasonics.com\/fr\/wp-json\/wp\/v2\/media?parent=59874"}],"wp:term":[{"taxonomy":"product_brand","embeddable":true,"href":"https:\/\/brioultrasonics.com\/fr\/wp-json\/wp\/v2\/product_brand?post=59874"},{"taxonomy":"product_cat","embeddable":true,"href":"https:\/\/brioultrasonics.com\/fr\/wp-json\/wp\/v2\/product_cat?post=59874"},{"taxonomy":"product_tag","embeddable":true,"href":"https:\/\/brioultrasonics.com\/fr\/wp-json\/wp\/v2\/product_tag?post=59874"}],"curies":[{"name":"wp","href":"https:\/\/api.w.org\/{rel}","templated":true}]}}