{"id":59856,"date":"2024-05-22T13:55:13","date_gmt":"2024-05-22T11:55:13","guid":{"rendered":"https:\/\/quizzical-gagarin.31-170-100-185.plesk.page\/producto\/br-30-lab-plus\/"},"modified":"2025-05-28T13:32:46","modified_gmt":"2025-05-28T11:32:46","slug":"br-30-lab-plus","status":"publish","type":"product","link":"https:\/\/brioultrasonics.com\/fr\/produit\/br-30-lab-plus\/","title":{"rendered":"BR-30 Lab Plus"},"content":{"rendered":"<h3>BR-30 Lab Plus &#8211; Machine de nettoyage \u00e0 ultrasons.<\/h3>\n<table>\n<tbody>\n<tr>\n<strong><\/p>\n<td>Mesures externes de la machine<\/td>\n<p><\/strong><\/p>\n<td> 550 x 330 x 360 mm<\/td>\n<\/tr>\n<tr>\n<strong><\/p>\n<td>Mesures int\u00e9rieures du r\u00e9servoir<\/td>\n<p><\/strong><\/p>\n<td> 500 x 300 x 200 mm<\/td>\n<\/tr>\n<tr>\n<strong><\/p>\n<td>Dimensions utiles du panier de travail<\/td>\n<p><\/strong><\/p>\n<td> 460 x 280 x 150 mm<\/td>\n<\/tr>\n<tr>\n<td><strong>Capacit\u00e9 de la cuve de nettoyage<\/strong><\/td>\n<td> 30 L<\/td>\n<\/tr>\n<tr>\n<strong><\/p>\n<td>Puissance du g\u00e9n\u00e9rateur d&rsquo;ultrasons<\/td>\n<p><\/strong><\/p>\n<td> 600 W (1200 W p-p)<\/td>\n<\/tr>\n<tr>\n<strong><\/p>\n<td>Fr\u00e9quences de travail ultrasoniques<\/td>\n<p><\/strong><\/p>\n<td> 40\/33 kHz<\/td>\n<\/tr>\n<tr>\n<strong><\/p>\n<td>Puissance de chauffage<\/td>\n<p><\/strong><\/p>\n<td> 500 W<\/td>\n<\/tr>\n<tr>\n<td colspan=\"2\"><strong>Panneau de commande analogique avec thermostat num\u00e9rique pour le contr\u00f4le de la temp\u00e9rature<\/strong><\/td>\n<\/tr>\n<tr>\n<td colspan=\"2\"><strong>Couverture en AISI 304 \u00ab fin de journ\u00e9e \u00bb.<\/strong><\/td>\n<\/tr>\n<tr>\n<td colspan=\"2\"><strong>Robinet de vidange en acier inoxydable.<\/strong><\/td>\n<\/tr>\n<tr>\n<td colspan=\"2\"><strong>Panier de travail inclus. Construit en acier inoxydable AISI 304. <\/strong><\/td>\n<\/tr>\n<tr>\n<td colspan=\"2\"><strong>Construction en acier INOX AISI 304\/316<\/strong><\/td>\n<\/tr>\n<\/tbody>\n<\/table>\n<p>&nbsp;<\/p>\n<p><strong>T\u00e9l\u00e9chargez la fiche technique compl\u00e8te :<\/strong><\/p>\n<p><a href=\"https:\/\/brioultrasonics.com\/wp-content\/uploads\/2024\/10\/Machines-de-nettoyage-a-ultrasons-Brio-FICHE-TECHNIQUE-BR-30-Lab-Plus.pdf\" target=\"_blank\" rel=\"noopener\"><img decoding=\"async\" class=\"alignnone wp-image-1322 size-full\" src=\"https:\/\/brioultrasonics.com\/\/wp-content\/uploads\/2024\/05\/imagen-de-descarga.png\" alt=\"\" width=\"115\" height=\"150\" title=\"\"><\/a><\/p>\n","protected":false},"excerpt":{"rendered":"<p>BR-30 Lab Plus &#8211; \u00c9quipement de nettoyage par ultrasons manuel de bureau. Capacit\u00e9 30L. Technologie exclusive BRIO avec bi-fr\u00e9quence et fonctions qui am\u00e9liorent le cycle de nettoyage. Machine con\u00e7ue pour les secteurs de la recherche, de la m\u00e9decine, du v\u00e9t\u00e9rinaire, de la bijouterie, etc.   <\/p>\n<p>&nbsp;<\/p>\n<h4>FONCTIONS du B3-30 Lab Plus<\/h4>\n<table>\n<tbody>\n<tr>\n<td><strong>Bi-fr\u00e9quence : 40 et 33 kHz.<\/strong><\/td>\n<td> 1. 40 Khz : La fr\u00e9quence la plus adapt\u00e9e aux salissures l\u00e9g\u00e8res, avec des applications dans les secteurs du laboratoire, du m\u00e9dical, de l&rsquo;optique, de l&rsquo;horlogerie, etc. 2. 33 kHz : Cette fr\u00e9quence permet une plus grande intensit\u00e9 de nettoyage et est plus adapt\u00e9e pour \u00e9liminer les salet\u00e9s fortement adh\u00e9r\u00e9es aux pi\u00e8ces. <\/p>\n<\/td>\n<\/tr>\n<tr>\n<td><strong>Bifr\u00e9quence Stop &amp; Go.<\/strong><\/td>\n<td>Fonctionnement intermittent \u00e0 40\/33 kHz avec pauses interm\u00e9diaires. Cette fonction soumet les pi\u00e8ces \u00e0 des impulsions variables de vibrations ultrasoniques, permettant une meilleure \u00e9limination de la salet\u00e9 pr\u00e9sente dans les cavit\u00e9s et autres points difficiles d&rsquo;acc\u00e8s. <\/td>\n<\/tr>\n<tr>\n<td><strong>Fonction de balayage de fr\u00e9quence.<\/strong><\/td>\n<td>Variation progressive d&rsquo;une fr\u00e9quence \u00e0 l&rsquo;autre. Cette variation permet un changement progressif de l&rsquo;intensit\u00e9 du nettoyage qui favorise l&rsquo;\u00e9limination des salet\u00e9s. <\/td>\n<\/tr>\n<tr>\n<td><strong>Minuterie de travail \u00e0 ultrasons.<\/strong><\/td>\n<td>Permet de d\u00e9finir un temps de travail entre 1 et 99 minutes.<\/td>\n<\/tr>\n<tr>\n<td><strong>Thermostat num\u00e9rique int\u00e9gr\u00e9.<\/strong><\/td>\n<td>Vous permet de r\u00e9gler la temp\u00e9rature de fonctionnement de l&rsquo;\u00e9quipement jusqu&rsquo;\u00e0 80 \u00baC. La plage de travail recommand\u00e9e pour les ultrasons est de 65 \u00e0 85 \u00baC. <\/td>\n<\/tr>\n<\/tbody>\n<\/table>\n<p>&nbsp;<\/p>\n<h3><strong>\u00c9QUIPEMENT STANDARD DU BR-30 LAB PLUS<\/strong><\/h3>\n<ul>\n<li>Interrupteur principal.<\/li>\n<li>Couverture manuelle construite en AISI 304\/316 \u00a0\u00bbfin de journ\u00e9e\u00a0\u00bb.<\/li>\n<li>Panier de travail construit en AISI 304\/316.<\/li>\n<li>Rev\u00eatement ext\u00e9rieur en AISI 304\/316, \u00e9paisseur 1 mm.<\/li>\n<li><a href=\"https:\/\/es.wikipedia.org\/wiki\/Tina\">Cuve <\/a>en AISI 304\/316, \u00e9paisseur 2 mm.<\/li>\n<\/ul>\n<p>&nbsp;<\/p>\n<p>Le panneau de commande est simple et intuitif. \u00c0 partir de l\u00e0, vous pouvez s\u00e9lectionner la fr\u00e9quence de travail, les fonctions bi-fr\u00e9quence pour am\u00e9liorer l&rsquo;effet du bain, le contr\u00f4le de la temp\u00e9rature et d\u00e9marrer\/arr\u00eater les ultrasons. Plateau en ACIER INOXYDABLE sur lequel sont pos\u00e9s les objets \u00e0 nettoyer. Il a la forme d\u2019une grille qui laisse passer le fluide.   <\/p>\n<p>&nbsp;<\/p>\n<p>Les ultrasons BRIO dans des \u00e9quipements compacts pour laboratoire. \u00c9quipement de bureau parfait pour d\u00e9sinfecter et traiter les pi\u00e8ces de montres, les optiques, les bijoux, les outils m\u00e9dicaux et dentaires et bien plus encore. Avec technologie bi-fr\u00e9quence et fonctions exclusives pour am\u00e9liorer l&rsquo;effet nettoyant et s&rsquo;adapter \u00e0 tous les types de salet\u00e9 et aux exigences de chaque secteur. BR-30 Laboratoire Plus.  <\/p>\n<p>&nbsp;<\/p>\n<p>Brio Ultrasons, sp\u00e9cialistes des solutions et proc\u00e9d\u00e9s de nettoyage par ultrasons. Technologie 100% espagnole. <\/p>\n","protected":false},"featured_media":58414,"comment_status":"open","ping_status":"closed","template":"","meta":{"_joinchat":[]},"product_brand":[],"product_cat":[92],"product_tag":[],"class_list":{"0":"post-59856","1":"product","2":"type-product","3":"status-publish","4":"has-post-thumbnail","6":"product_cat-serie-labplus-fr","8":"first","9":"instock","10":"shipping-taxable","11":"product-type-simple"},"_links":{"self":[{"href":"https:\/\/brioultrasonics.com\/fr\/wp-json\/wp\/v2\/product\/59856","targetHints":{"allow":["GET"]}}],"collection":[{"href":"https:\/\/brioultrasonics.com\/fr\/wp-json\/wp\/v2\/product"}],"about":[{"href":"https:\/\/brioultrasonics.com\/fr\/wp-json\/wp\/v2\/types\/product"}],"replies":[{"embeddable":true,"href":"https:\/\/brioultrasonics.com\/fr\/wp-json\/wp\/v2\/comments?post=59856"}],"version-history":[{"count":3,"href":"https:\/\/brioultrasonics.com\/fr\/wp-json\/wp\/v2\/product\/59856\/revisions"}],"predecessor-version":[{"id":68578,"href":"https:\/\/brioultrasonics.com\/fr\/wp-json\/wp\/v2\/product\/59856\/revisions\/68578"}],"wp:featuredmedia":[{"embeddable":true,"href":"https:\/\/brioultrasonics.com\/fr\/wp-json\/wp\/v2\/media\/58414"}],"wp:attachment":[{"href":"https:\/\/brioultrasonics.com\/fr\/wp-json\/wp\/v2\/media?parent=59856"}],"wp:term":[{"taxonomy":"product_brand","embeddable":true,"href":"https:\/\/brioultrasonics.com\/fr\/wp-json\/wp\/v2\/product_brand?post=59856"},{"taxonomy":"product_cat","embeddable":true,"href":"https:\/\/brioultrasonics.com\/fr\/wp-json\/wp\/v2\/product_cat?post=59856"},{"taxonomy":"product_tag","embeddable":true,"href":"https:\/\/brioultrasonics.com\/fr\/wp-json\/wp\/v2\/product_tag?post=59856"}],"curies":[{"name":"wp","href":"https:\/\/api.w.org\/{rel}","templated":true}]}}