{"id":68113,"date":"2024-12-13T10:05:38","date_gmt":"2024-12-13T09:05:38","guid":{"rendered":"https:\/\/brioultrasonics.com\/secteurs-et-applications\/nettoyage-par-ultrasons-des-echangeurs-de-chaleur\/"},"modified":"2025-04-09T10:22:33","modified_gmt":"2025-04-09T08:22:33","slug":"nettoyage-par-ultrasons-des-echangeurs-de-chaleur","status":"publish","type":"page","link":"https:\/\/brioultrasonics.com\/fr\/secteurs-et-applications\/nettoyage-par-ultrasons-des-echangeurs-de-chaleur\/","title":{"rendered":"Nettoyage par ultrasons des \u00e9changeurs de chaleur"},"content":{"rendered":"\t\t<div data-elementor-type=\"wp-page\" data-elementor-id=\"68113\" class=\"elementor elementor-68113 elementor-66849\" data-elementor-post-type=\"page\">\n\t\t\t\t<div class=\"elementor-element elementor-element-4583968 e-flex e-con-boxed e-con e-parent\" data-id=\"4583968\" data-element_type=\"container\" data-e-type=\"container\" data-settings=\"{&quot;background_background&quot;:&quot;classic&quot;}\">\n\t\t\t\t\t<div class=\"e-con-inner\">\n\t\t\t\t<div class=\"elementor-element elementor-element-4599696 elementor-widget elementor-widget-heading\" data-id=\"4599696\" data-element_type=\"widget\" data-e-type=\"widget\" data-widget_type=\"heading.default\">\n\t\t\t\t<div class=\"elementor-widget-container\">\n\t\t\t\t\t<h1 class=\"elementor-heading-title elementor-size-default\">Nettoyage des \u00e9changeurs de chaleur <\/h1>\t\t\t\t<\/div>\n\t\t\t\t<\/div>\n\t\t\t\t\t<\/div>\n\t\t\t\t<\/div>\n\t\t<div class=\"elementor-element elementor-element-36c2086 e-flex e-con-boxed e-con e-parent\" data-id=\"36c2086\" data-element_type=\"container\" data-e-type=\"container\">\n\t\t\t\t\t<div class=\"e-con-inner\">\n\t\t<div class=\"elementor-element elementor-element-a1b74cb e-con-full e-flex e-con e-child\" data-id=\"a1b74cb\" data-element_type=\"container\" data-e-type=\"container\">\n\t\t\t\t<div class=\"elementor-element elementor-element-bb32325 elementor-widget elementor-widget-template\" data-id=\"bb32325\" data-element_type=\"widget\" data-e-type=\"widget\" data-widget_type=\"template.default\">\n\t\t\t\t<div class=\"elementor-widget-container\">\n\t\t\t\t\t\t\t<div class=\"elementor-template\">\n\t\t\t\t\t<div data-elementor-type=\"container\" data-elementor-id=\"60334\" class=\"elementor elementor-60334 elementor-56900 elementor-56900\" data-elementor-post-type=\"elementor_library\">\n\t\t\t\t<div class=\"elementor-element elementor-element-501d555 e-flex e-con-boxed e-con e-child\" data-id=\"501d555\" data-element_type=\"container\" data-e-type=\"container\" data-settings=\"{&quot;background_background&quot;:&quot;classic&quot;}\">\n\t\t\t\t\t<div class=\"e-con-inner\">\n\t\t\t\t<div class=\"elementor-element elementor-element-ad22995 elementor-widget elementor-widget-heading\" data-id=\"ad22995\" data-element_type=\"widget\" data-e-type=\"widget\" data-widget_type=\"heading.default\">\n\t\t\t\t<div class=\"elementor-widget-container\">\n\t\t\t\t\t<p class=\"elementor-heading-title elementor-size-default\">Catalogue<\/p>\t\t\t\t<\/div>\n\t\t\t\t<\/div>\n\t\t\t\t<div class=\"elementor-element elementor-element-8fbe9e3 elementor-widget elementor-widget-text-editor\" data-id=\"8fbe9e3\" data-element_type=\"widget\" data-e-type=\"widget\" data-widget_type=\"text-editor.default\">\n\t\t\t\t<div class=\"elementor-widget-container\">\n\t\t\t\t\t\t\t\t\t<p>T\u00e9l\u00e9chargez notre catalogue avec toutes les informations sur notre technologie, nos \u00e9quipements et nos applications.<\/p>\t\t\t\t\t\t\t\t<\/div>\n\t\t\t\t<\/div>\n\t\t\t\t<div class=\"elementor-element elementor-element-13a1c18 elementor-align-center elementor-widget elementor-widget-button\" data-id=\"13a1c18\" data-element_type=\"widget\" data-e-type=\"widget\" data-widget_type=\"button.default\">\n\t\t\t\t<div class=\"elementor-widget-container\">\n\t\t\t\t\t\t\t\t\t<div class=\"elementor-button-wrapper\">\n\t\t\t\t\t<a class=\"elementor-button elementor-button-link elementor-size-sm\" href=\"https:\/\/brioultrasonics.com\/wp-content\/uploads\/2024\/10\/Catalogue-BRIO-Ultrasonics-FR.pdf\" target=\"_blank\">\n\t\t\t\t\t\t<span class=\"elementor-button-content-wrapper\">\n\t\t\t\t\t\t\t\t\t<span class=\"elementor-button-text\">T\u00e9l\u00e9charger le PDF<\/span>\n\t\t\t\t\t<\/span>\n\t\t\t\t\t<\/a>\n\t\t\t\t<\/div>\n\t\t\t\t\t\t\t\t<\/div>\n\t\t\t\t<\/div>\n\t\t\t\t\t<\/div>\n\t\t\t\t<\/div>\n\t\t\t\t<\/div>\n\t\t\t\t<\/div>\n\t\t\t\t\t\t<\/div>\n\t\t\t\t<\/div>\n\t\t\t\t<div class=\"elementor-element elementor-element-39f8064 elementor-widget elementor-widget-template\" data-id=\"39f8064\" data-element_type=\"widget\" data-e-type=\"widget\" data-widget_type=\"template.default\">\n\t\t\t\t<div class=\"elementor-widget-container\">\n\t\t\t\t\t\t\t<div class=\"elementor-template\">\n\t\t\t\t\t<div data-elementor-type=\"container\" data-elementor-id=\"60324\" class=\"elementor elementor-60324 elementor-56903 elementor-56903\" data-elementor-post-type=\"elementor_library\">\n\t\t\t\t<div class=\"elementor-element elementor-element-c0aebd9 e-flex e-con-boxed e-con e-child\" data-id=\"c0aebd9\" data-element_type=\"container\" data-e-type=\"container\" data-settings=\"{&quot;background_background&quot;:&quot;classic&quot;}\">\n\t\t\t\t\t<div class=\"e-con-inner\">\n\t\t\t\t<div class=\"elementor-element elementor-element-7669a04 elementor-widget elementor-widget-heading\" data-id=\"7669a04\" data-element_type=\"widget\" data-e-type=\"widget\" data-widget_type=\"heading.default\">\n\t\t\t\t<div class=\"elementor-widget-container\">\n\t\t\t\t\t<p class=\"elementor-heading-title elementor-size-default\">De quoi avez-vous besoin?<\/p>\t\t\t\t<\/div>\n\t\t\t\t<\/div>\n\t\t\t\t<div class=\"elementor-element elementor-element-540f1ca elementor-widget elementor-widget-text-editor\" data-id=\"540f1ca\" data-element_type=\"widget\" data-e-type=\"widget\" data-widget_type=\"text-editor.default\">\n\t\t\t\t<div class=\"elementor-widget-container\">\n\t\t\t\t\t\t\t\t\t<p style=\"margin: 0px 0px 1em; padding: 0px; border: 0px; font-variant-numeric: inherit; font-variant-east-asian: inherit; font-variant-alternates: inherit; font-variant-position: inherit; font-stretch: inherit; line-height: inherit; font-family: Rubik; font-optical-sizing: inherit; font-kerning: inherit; font-feature-settings: inherit; font-variation-settings: inherit; vertical-align: baseline; background-color: #00b1aa;\">Appelez sans engagement au<br \/><strong style=\"margin: 0px; padding: 0px; border: 0px; font-style: inherit; font-variant: inherit; font-weight: bold; font-stretch: inherit; font-size: inherit; line-height: inherit; font-family: inherit; font-optical-sizing: inherit; font-kerning: inherit; font-feature-settings: inherit; font-variation-settings: inherit; vertical-align: baseline;\"><span style=\"margin: 0px; padding: 0px; border: 0px; font-style: inherit; font-variant: inherit; font-weight: inherit; font-stretch: inherit; font-size: 22px; line-height: inherit; font-family: inherit; font-optical-sizing: inherit; font-kerning: inherit; font-feature-settings: inherit; font-variation-settings: inherit; vertical-align: baseline;\"><a style=\"color: #ffffff; transition: all 0.3s ease 0s; border-bottom: 1px solid transparent; font-size: inherit; font-weight: inherit;\" href=\"tel:+34961341109\">+ (34) 961-341-109<\/a><\/span><\/strong><\/p>\n<p style=\"margin: 0px 0px 1em; padding: 0px; border: 0px; font-variant-numeric: inherit; font-variant-east-asian: inherit; font-variant-alternates: inherit; font-variant-position: inherit; font-stretch: inherit; line-height: inherit; font-family: Rubik; font-optical-sizing: inherit; font-kerning: inherit; font-feature-settings: inherit; font-variation-settings: inherit; vertical-align: baseline; background-color: #00b1aa;\"><a style=\"color: #ffffff; transition: all 0.3s ease 0s; border-bottom: 1px solid transparent;\" href=\"mailto:info@brioultrasonics.com\">\u00c9crivez-nous \u00e0 <strong style=\"margin: 0px; padding: 0px; border: 0px; font-style: inherit; font-variant: inherit; font-weight: bold; font-stretch: inherit; font-size: inherit; line-height: inherit; font-family: inherit; font-optical-sizing: inherit; font-kerning: inherit; font-feature-settings: inherit; font-variation-settings: inherit; vertical-align: baseline;\">info@brioultrasonics.com<\/strong><\/a><\/p>\n<p><span style=\"background-color: #00b1aa; font-family: Rubik; color: var( --e-global-color-b59310b ); font-weight: var( --e-global-typography-text-font-weight ); font-size: 1rem;\">Ou remplissez le formulaire<\/span><span style=\"background-color: var( --e-global-color-e0fbf92 ); color: var( --e-global-color-b59310b ); font-family: var( --e-global-typography-text-font-family ), Sans-serif; font-size: 1rem; font-weight: var( --e-global-typography-text-font-weight );\">o<\/span><\/p>\n\t\t\t\t\t\t\t\t<\/div>\n\t\t\t\t<\/div>\n\t\t\t\t<div class=\"elementor-element elementor-element-01665c7 elementor-align-center elementor-widget elementor-widget-button\" data-id=\"01665c7\" data-element_type=\"widget\" data-e-type=\"widget\" data-widget_type=\"button.default\">\n\t\t\t\t<div class=\"elementor-widget-container\">\n\t\t\t\t\t\t\t\t\t<div class=\"elementor-button-wrapper\">\n\t\t\t\t\t<a class=\"elementor-button elementor-button-link elementor-size-sm\" href=\"https:\/\/brioultrasonics.com\/fr\/contact\/\">\n\t\t\t\t\t\t<span class=\"elementor-button-content-wrapper\">\n\t\t\t\t\t\t\t\t\t<span class=\"elementor-button-text\">Contactez-nous<\/span>\n\t\t\t\t\t<\/span>\n\t\t\t\t\t<\/a>\n\t\t\t\t<\/div>\n\t\t\t\t\t\t\t\t<\/div>\n\t\t\t\t<\/div>\n\t\t\t\t\t<\/div>\n\t\t\t\t<\/div>\n\t\t\t\t<\/div>\n\t\t\t\t<\/div>\n\t\t\t\t\t\t<\/div>\n\t\t\t\t<\/div>\n\t\t\t\t<\/div>\n\t\t<div class=\"elementor-element elementor-element-969aa02 e-con-full e-flex e-con e-child\" data-id=\"969aa02\" data-element_type=\"container\" data-e-type=\"container\">\n\t\t\t\t<div class=\"elementor-element elementor-element-48befbc elementor-widget elementor-widget-heading\" data-id=\"48befbc\" data-element_type=\"widget\" data-e-type=\"widget\" data-widget_type=\"heading.default\">\n\t\t\t\t<div class=\"elementor-widget-container\">\n\t\t\t\t\t<h2 class=\"elementor-heading-title elementor-size-default\">Solutions de nettoyage <b>d'\u00e9changeurs de chaleur<\/b> \u00e0 ultrasons<\/h2>\t\t\t\t<\/div>\n\t\t\t\t<\/div>\n\t\t\t\t<div class=\"elementor-element elementor-element-40918d3 elementor-widget__width-initial elementor-widget elementor-widget-text-editor\" data-id=\"40918d3\" data-element_type=\"widget\" data-e-type=\"widget\" data-widget_type=\"text-editor.default\">\n\t\t\t\t<div class=\"elementor-widget-container\">\n\t\t\t\t\t\t\t\t\t<p>Nous proposons des <strong>solutions de nettoyage avanc\u00e9es pour les \u00e9changeurs de chaleur<\/strong>, garantissant efficacit\u00e9, durabilit\u00e9 et gain de temps. Notre expertise r\u00e9side dans la vente d&rsquo;\u00e9quipements de nettoyage \u00e0 ultrasons de pointe, sp\u00e9cialement con\u00e7us pour \u00e9liminer le tartre, la salet\u00e9 et les d\u00e9bris sans endommager les surfaces. Gr\u00e2ce \u00e0 une technologie de pointe et \u00e0 une attention particuli\u00e8re port\u00e9e \u00e0 la durabilit\u00e9, nous aidons nos clients \u00e0 optimiser les performances de leurs \u00e9quipements, \u00e0 r\u00e9duire leurs co\u00fbts d\u2019exploitation et \u00e0 minimiser leur impact environnemental.  <\/p>\n<p>Dans un \u00e9changeur de chaleur, les performances thermiques peuvent \u00eatre consid\u00e9rablement affect\u00e9es par l\u2019accumulation de tartre, de s\u00e9diments et de d\u00e9bris organiques. Des \u00e9tudes indiquent qu\u2019une <strong>couche de seulement 0,8 mm de tartre peut r\u00e9duire l\u2019efficacit\u00e9 du syst\u00e8me jusqu\u2019\u00e0 25 %<\/strong>, ce qui entra\u00eene une augmentation de la consommation d\u2019\u00e9nergie et des co\u00fbts d\u2019exploitation plus \u00e9lev\u00e9s. Le nettoyage par ultrasons offre une solution pr\u00e9cise et efficace pour \u00e9liminer m\u00eame les plus petites particules, r\u00e9tablissant la capacit\u00e9 de transfert de chaleur sans endommager les mat\u00e9riaux.  <\/p>\n<p>Notre \u00e9quipement de nettoyage \u00e0 ultrasons utilise des ondes sonores \u00e0 haute fr\u00e9quence pour cr\u00e9er des microbulles qui \u00e9liminent les impuret\u00e9s de mani\u00e8re uniforme et s\u00fbre. Cette m\u00e9thode prolonge non seulement la dur\u00e9e de vie de l\u2019\u00e9changeur de chaleur, mais r\u00e9duit \u00e9galement le temps de maintenance et minimise les risques associ\u00e9s aux m\u00e9thodes de nettoyage traditionnelles, telles que l\u2019utilisation de produits chimiques agressifs ou de brosses abrasives.  <strong>La mise en \u0153uvre de cette technologie ne repr\u00e9sente pas seulement un investissement dans le nettoyage, mais \u00e9galement dans l\u2019optimisation op\u00e9rationnelle et la durabilit\u00e9 du syst\u00e8me.<\/strong><\/p>\n\t\t\t\t\t\t\t\t<\/div>\n\t\t\t\t<\/div>\n\t\t\t\t<div class=\"elementor-element elementor-element-ff2c0de elementor-hidden-desktop elementor-hidden-tablet elementor-hidden-mobile elementor-widget elementor-widget-video\" data-id=\"ff2c0de\" data-element_type=\"widget\" data-e-type=\"widget\" data-settings=\"{&quot;youtube_url&quot;:&quot;https:\\\/\\\/youtu.be\\\/6PX4j722AGY&quot;,&quot;video_type&quot;:&quot;youtube&quot;,&quot;controls&quot;:&quot;yes&quot;}\" data-widget_type=\"video.default\">\n\t\t\t\t<div class=\"elementor-widget-container\">\n\t\t\t\t\t\t\t<div class=\"elementor-wrapper elementor-open-inline\">\n\t\t\t<div class=\"elementor-video\"><\/div>\t\t<\/div>\n\t\t\t\t\t\t<\/div>\n\t\t\t\t<\/div>\n\t\t\t\t<div class=\"elementor-element elementor-element-d1dc14d elementor-widget elementor-widget-heading\" data-id=\"d1dc14d\" data-element_type=\"widget\" data-e-type=\"widget\" data-widget_type=\"heading.default\">\n\t\t\t\t<div class=\"elementor-widget-container\">\n\t\t\t\t\t<h2 class=\"elementor-heading-title elementor-size-default\">Nettoyage des pi\u00e8ces des \u00e9changeurs de chaleur tubulaires et \u00e0 plaques<\/h2>\t\t\t\t<\/div>\n\t\t\t\t<\/div>\n\t\t\t\t<div class=\"elementor-element elementor-element-8145bb1 elementor-widget elementor-widget-heading\" data-id=\"8145bb1\" data-element_type=\"widget\" data-e-type=\"widget\" data-widget_type=\"heading.default\">\n\t\t\t\t<div class=\"elementor-widget-container\">\n\t\t\t\t\t<h3 class=\"elementor-heading-title elementor-size-default\">Nettoyage avec de grosses machines adapt\u00e9es \u00e0 la pi\u00e8ce<\/h3>\t\t\t\t<\/div>\n\t\t\t\t<\/div>\n\t\t\t\t<div class=\"elementor-element elementor-element-f02de7b elementor-widget elementor-widget-gallery\" data-id=\"f02de7b\" data-element_type=\"widget\" data-e-type=\"widget\" data-settings=\"{&quot;columns&quot;:2,&quot;gap&quot;:{&quot;unit&quot;:&quot;px&quot;,&quot;size&quot;:16,&quot;sizes&quot;:[]},&quot;lazyload&quot;:&quot;yes&quot;,&quot;gallery_layout&quot;:&quot;grid&quot;,&quot;columns_tablet&quot;:2,&quot;columns_mobile&quot;:1,&quot;gap_tablet&quot;:{&quot;unit&quot;:&quot;px&quot;,&quot;size&quot;:10,&quot;sizes&quot;:[]},&quot;gap_mobile&quot;:{&quot;unit&quot;:&quot;px&quot;,&quot;size&quot;:10,&quot;sizes&quot;:[]},&quot;link_to&quot;:&quot;file&quot;,&quot;aspect_ratio&quot;:&quot;3:2&quot;,&quot;overlay_background&quot;:&quot;yes&quot;,&quot;content_hover_animation&quot;:&quot;fade-in&quot;}\" data-widget_type=\"gallery.default\">\n\t\t\t\t<div class=\"elementor-widget-container\">\n\t\t\t\t\t\t\t<div class=\"elementor-gallery__container\">\n\t\t\t\t\t\t\t<a class=\"e-gallery-item elementor-gallery-item elementor-animated-content\" href=\"https:\/\/brioultrasonics.com\/wp-content\/uploads\/2025\/01\/Maquina-ultrasonidos-limpieza-intercambiadores-calor-energia-gas.jpg\" data-elementor-open-lightbox=\"yes\" data-elementor-lightbox-slideshow=\"f02de7b\" data-elementor-lightbox-title=\"M\u00e1quina-ultrasonidos-limpieza-intercambiadores-calor-energia-gas\" data-e-action-hash=\"#elementor-action%3Aaction%3Dlightbox%26settings%3DeyJpZCI6Njc0NzAsInVybCI6Imh0dHBzOlwvXC9icmlvdWx0cmFzb25pY3MuY29tXC93cC1jb250ZW50XC91cGxvYWRzXC8yMDI1XC8wMVwvTWFxdWluYS11bHRyYXNvbmlkb3MtbGltcGllemEtaW50ZXJjYW1iaWFkb3Jlcy1jYWxvci1lbmVyZ2lhLWdhcy5qcGciLCJzbGlkZXNob3ciOiJmMDJkZTdiIn0%3D\">\n\t\t\t\t\t<div class=\"e-gallery-image elementor-gallery-item__image\" data-thumbnail=\"https:\/\/brioultrasonics.com\/wp-content\/uploads\/2025\/01\/Maquina-ultrasonidos-limpieza-intercambiadores-calor-energia-gas.jpg\" data-width=\"1000\" data-height=\"744\" aria-label=\"\" role=\"img\" ><\/div>\n\t\t\t\t\t\t\t\t\t\t\t<div class=\"elementor-gallery-item__overlay\"><\/div>\n\t\t\t\t\t\t\t\t\t\t\t\t\t\t<\/a>\n\t\t\t\t\t\t\t<a class=\"e-gallery-item elementor-gallery-item elementor-animated-content\" href=\"https:\/\/brioultrasonics.com\/wp-content\/uploads\/2025\/01\/maquina-limpieza-ultrasonidos-Intercambiador-calor-gas-energia.jpg\" data-elementor-open-lightbox=\"yes\" data-elementor-lightbox-slideshow=\"f02de7b\" data-elementor-lightbox-title=\"maquina-limpieza-ultrasonidos-Intercambiador-calor-gas-energia\" data-e-action-hash=\"#elementor-action%3Aaction%3Dlightbox%26settings%3DeyJpZCI6Njc0ODEsInVybCI6Imh0dHBzOlwvXC9icmlvdWx0cmFzb25pY3MuY29tXC93cC1jb250ZW50XC91cGxvYWRzXC8yMDI1XC8wMVwvbWFxdWluYS1saW1waWV6YS11bHRyYXNvbmlkb3MtSW50ZXJjYW1iaWFkb3ItY2Fsb3ItZ2FzLWVuZXJnaWEuanBnIiwic2xpZGVzaG93IjoiZjAyZGU3YiJ9\">\n\t\t\t\t\t<div class=\"e-gallery-image elementor-gallery-item__image\" data-thumbnail=\"https:\/\/brioultrasonics.com\/wp-content\/uploads\/2025\/01\/maquina-limpieza-ultrasonidos-Intercambiador-calor-gas-energia.jpg\" data-width=\"1000\" data-height=\"636\" aria-label=\"\" role=\"img\" ><\/div>\n\t\t\t\t\t\t\t\t\t\t\t<div class=\"elementor-gallery-item__overlay\"><\/div>\n\t\t\t\t\t\t\t\t\t\t\t\t\t\t<\/a>\n\t\t\t\t\t<\/div>\n\t\t\t\t\t<\/div>\n\t\t\t\t<\/div>\n\t\t\t\t<div class=\"elementor-element elementor-element-cf691d4 elementor-widget__width-initial elementor-widget elementor-widget-text-editor\" data-id=\"cf691d4\" data-element_type=\"widget\" data-e-type=\"widget\" data-widget_type=\"text-editor.default\">\n\t\t\t\t<div class=\"elementor-widget-container\">\n\t\t\t\t\t\t\t\t\t<p>Pour effectuer un nettoyage efficace, il est important d\u2019identifier le type de salet\u00e9 pr\u00e9sente et de s\u00e9lectionner la m\u00e9thode appropri\u00e9e, qui peut inclure un nettoyage m\u00e9canique avec des brosses ou des outils sp\u00e9cialis\u00e9s, un nettoyage chimique avec des solutions d\u00e9tartrantes ou un nettoyage \u00e0 l\u2019eau \u00e0 haute pression.<\/p>\n\t\t\t\t\t\t\t\t<\/div>\n\t\t\t\t<\/div>\n\t\t\t\t<div class=\"elementor-element elementor-element-f914f50 elementor-widget__width-initial elementor-widget elementor-widget-text-editor\" data-id=\"f914f50\" data-element_type=\"widget\" data-e-type=\"widget\" data-widget_type=\"text-editor.default\">\n\t\t\t\t<div class=\"elementor-widget-container\">\n\t\t\t\t\t\t\t\t\t<p>Effectuer un <strong>entretien r\u00e9gulier des \u00e9changeurs de chaleur am\u00e9liore<\/strong> non seulement les performances thermiques de l&rsquo;\u00e9changeur de chaleur, mais contribue \u00e9galement \u00e0 pr\u00e9venir les pannes pr\u00e9matur\u00e9es et les co\u00fbts de r\u00e9paration \u00e9lev\u00e9s. Il est conseill\u00e9 de suivre les instructions du fabricant et d&rsquo;utiliser des produits appropri\u00e9s pour \u00e9viter d&rsquo;endommager les mat\u00e9riaux de l&rsquo;\u00e9quipement. De plus, la mise en \u0153uvre d\u2019un programme de surveillance continue permettra de d\u00e9tecter pr\u00e9cocement le besoin de nettoyage, d\u2019optimiser la consommation d\u2019\u00e9nergie et d\u2019assurer un fonctionnement s\u00fbr et efficace du syst\u00e8me.  <\/p>\n\t\t\t\t\t\t\t\t<\/div>\n\t\t\t\t<\/div>\n\t\t\t\t<\/div>\n\t\t\t\t\t<\/div>\n\t\t\t\t<\/div>\n\t\t\t\t<\/div>\n\t\t","protected":false},"excerpt":{"rendered":"<p>Nettoyage des \u00e9changeurs de chaleur Solutions de nettoyage d&rsquo;\u00e9changeurs de chaleur \u00e0 ultrasons Nous proposons des solutions de nettoyage avanc\u00e9es pour les \u00e9changeurs de chaleur, garantissant efficacit\u00e9, durabilit\u00e9 et gain de temps. Notre expertise r\u00e9side dans la vente d&rsquo;\u00e9quipements de nettoyage \u00e0 ultrasons de pointe, sp\u00e9cialement con\u00e7us pour \u00e9liminer le tartre, la salet\u00e9 et les [&hellip;]<\/p>\n","protected":false},"author":1,"featured_media":0,"parent":59568,"menu_order":0,"comment_status":"closed","ping_status":"closed","template":"elementor_header_footer","meta":{"_joinchat":[],"footnotes":""},"class_list":["post-68113","page","type-page","status-publish","hentry"],"_links":{"self":[{"href":"https:\/\/brioultrasonics.com\/fr\/wp-json\/wp\/v2\/pages\/68113","targetHints":{"allow":["GET"]}}],"collection":[{"href":"https:\/\/brioultrasonics.com\/fr\/wp-json\/wp\/v2\/pages"}],"about":[{"href":"https:\/\/brioultrasonics.com\/fr\/wp-json\/wp\/v2\/types\/page"}],"author":[{"embeddable":true,"href":"https:\/\/brioultrasonics.com\/fr\/wp-json\/wp\/v2\/users\/1"}],"replies":[{"embeddable":true,"href":"https:\/\/brioultrasonics.com\/fr\/wp-json\/wp\/v2\/comments?post=68113"}],"version-history":[{"count":2,"href":"https:\/\/brioultrasonics.com\/fr\/wp-json\/wp\/v2\/pages\/68113\/revisions"}],"predecessor-version":[{"id":68243,"href":"https:\/\/brioultrasonics.com\/fr\/wp-json\/wp\/v2\/pages\/68113\/revisions\/68243"}],"up":[{"embeddable":true,"href":"https:\/\/brioultrasonics.com\/fr\/wp-json\/wp\/v2\/pages\/59568"}],"wp:attachment":[{"href":"https:\/\/brioultrasonics.com\/fr\/wp-json\/wp\/v2\/media?parent=68113"}],"curies":[{"name":"wp","href":"https:\/\/api.w.org\/{rel}","templated":true}]}}