{"id":59551,"date":"2024-04-18T00:51:14","date_gmt":"2024-04-17T22:51:14","guid":{"rendered":"https:\/\/quizzical-gagarin.31-170-100-185.plesk.page\/projets\/"},"modified":"2024-11-07T09:09:49","modified_gmt":"2024-11-07T08:09:49","slug":"projets","status":"publish","type":"page","link":"https:\/\/brioultrasonics.com\/fr\/projets\/","title":{"rendered":"Projets"},"content":{"rendered":"\t\t<div data-elementor-type=\"wp-page\" data-elementor-id=\"59551\" class=\"elementor elementor-59551 elementor-29\" data-elementor-post-type=\"page\">\n\t\t\t\t<div class=\"elementor-element elementor-element-59634e76 e-flex e-con-boxed e-con e-parent\" data-id=\"59634e76\" data-element_type=\"container\" data-e-type=\"container\" data-settings=\"{&quot;background_background&quot;:&quot;classic&quot;}\">\n\t\t\t\t\t<div class=\"e-con-inner\">\n\t\t\t\t<div class=\"elementor-element elementor-element-4a18f94 elementor-widget elementor-widget-heading\" data-id=\"4a18f94\" data-element_type=\"widget\" data-e-type=\"widget\" data-widget_type=\"heading.default\">\n\t\t\t\t<div class=\"elementor-widget-container\">\n\t\t\t\t\t<h2 class=\"elementor-heading-title elementor-size-default\">Nos projets<\/h2>\t\t\t\t<\/div>\n\t\t\t\t<\/div>\n\t\t\t\t\t<\/div>\n\t\t\t\t<\/div>\n\t\t<div class=\"elementor-element elementor-element-540b2153 e-flex e-con-boxed e-con e-parent\" data-id=\"540b2153\" data-element_type=\"container\" data-e-type=\"container\">\n\t\t\t\t\t<div class=\"e-con-inner\">\n\t\t<div class=\"elementor-element elementor-element-3a9ccc9e e-con-full e-flex e-con e-child\" data-id=\"3a9ccc9e\" data-element_type=\"container\" data-e-type=\"container\">\n\t\t\t\t<div class=\"elementor-element elementor-element-9430c45 elementor-widget elementor-widget-template\" data-id=\"9430c45\" data-element_type=\"widget\" data-e-type=\"widget\" data-widget_type=\"template.default\">\n\t\t\t\t<div class=\"elementor-widget-container\">\n\t\t\t\t\t\t\t<div class=\"elementor-template\">\n\t\t\t\t\t<div data-elementor-type=\"container\" data-elementor-id=\"60334\" class=\"elementor elementor-60334 elementor-56900 elementor-56900\" data-elementor-post-type=\"elementor_library\">\n\t\t\t\t<div class=\"elementor-element elementor-element-501d555 e-flex e-con-boxed e-con e-child\" data-id=\"501d555\" data-element_type=\"container\" data-e-type=\"container\" data-settings=\"{&quot;background_background&quot;:&quot;classic&quot;}\">\n\t\t\t\t\t<div class=\"e-con-inner\">\n\t\t\t\t<div class=\"elementor-element elementor-element-ad22995 elementor-widget elementor-widget-heading\" data-id=\"ad22995\" data-element_type=\"widget\" data-e-type=\"widget\" data-widget_type=\"heading.default\">\n\t\t\t\t<div class=\"elementor-widget-container\">\n\t\t\t\t\t<p class=\"elementor-heading-title elementor-size-default\">Catalogue<\/p>\t\t\t\t<\/div>\n\t\t\t\t<\/div>\n\t\t\t\t<div class=\"elementor-element elementor-element-8fbe9e3 elementor-widget elementor-widget-text-editor\" data-id=\"8fbe9e3\" data-element_type=\"widget\" data-e-type=\"widget\" data-widget_type=\"text-editor.default\">\n\t\t\t\t<div class=\"elementor-widget-container\">\n\t\t\t\t\t\t\t\t\t<p>T\u00e9l\u00e9chargez notre catalogue avec toutes les informations sur notre technologie, nos \u00e9quipements et nos applications.<\/p>\t\t\t\t\t\t\t\t<\/div>\n\t\t\t\t<\/div>\n\t\t\t\t<div class=\"elementor-element elementor-element-13a1c18 elementor-align-center elementor-widget elementor-widget-button\" data-id=\"13a1c18\" data-element_type=\"widget\" data-e-type=\"widget\" data-widget_type=\"button.default\">\n\t\t\t\t<div class=\"elementor-widget-container\">\n\t\t\t\t\t\t\t\t\t<div class=\"elementor-button-wrapper\">\n\t\t\t\t\t<a class=\"elementor-button elementor-button-link elementor-size-sm\" href=\"https:\/\/brioultrasonics.com\/wp-content\/uploads\/2024\/10\/Catalogue-BRIO-Ultrasonics-FR.pdf\" target=\"_blank\">\n\t\t\t\t\t\t<span class=\"elementor-button-content-wrapper\">\n\t\t\t\t\t\t\t\t\t<span class=\"elementor-button-text\">T\u00e9l\u00e9charger le PDF<\/span>\n\t\t\t\t\t<\/span>\n\t\t\t\t\t<\/a>\n\t\t\t\t<\/div>\n\t\t\t\t\t\t\t\t<\/div>\n\t\t\t\t<\/div>\n\t\t\t\t\t<\/div>\n\t\t\t\t<\/div>\n\t\t\t\t<\/div>\n\t\t\t\t<\/div>\n\t\t\t\t\t\t<\/div>\n\t\t\t\t<\/div>\n\t\t\t\t<div class=\"elementor-element elementor-element-1691298 elementor-widget elementor-widget-template\" data-id=\"1691298\" data-element_type=\"widget\" data-e-type=\"widget\" data-widget_type=\"template.default\">\n\t\t\t\t<div class=\"elementor-widget-container\">\n\t\t\t\t\t\t\t<div class=\"elementor-template\">\n\t\t\t\t\t<div data-elementor-type=\"container\" data-elementor-id=\"60324\" class=\"elementor elementor-60324 elementor-56903 elementor-56903\" data-elementor-post-type=\"elementor_library\">\n\t\t\t\t<div class=\"elementor-element elementor-element-c0aebd9 e-flex e-con-boxed e-con e-child\" data-id=\"c0aebd9\" data-element_type=\"container\" data-e-type=\"container\" data-settings=\"{&quot;background_background&quot;:&quot;classic&quot;}\">\n\t\t\t\t\t<div class=\"e-con-inner\">\n\t\t\t\t<div class=\"elementor-element elementor-element-7669a04 elementor-widget elementor-widget-heading\" data-id=\"7669a04\" data-element_type=\"widget\" data-e-type=\"widget\" data-widget_type=\"heading.default\">\n\t\t\t\t<div class=\"elementor-widget-container\">\n\t\t\t\t\t<p class=\"elementor-heading-title elementor-size-default\">De quoi avez-vous besoin?<\/p>\t\t\t\t<\/div>\n\t\t\t\t<\/div>\n\t\t\t\t<div class=\"elementor-element elementor-element-540f1ca elementor-widget elementor-widget-text-editor\" data-id=\"540f1ca\" data-element_type=\"widget\" data-e-type=\"widget\" data-widget_type=\"text-editor.default\">\n\t\t\t\t<div class=\"elementor-widget-container\">\n\t\t\t\t\t\t\t\t\t<p style=\"margin: 0px 0px 1em; padding: 0px; border: 0px; font-variant-numeric: inherit; font-variant-east-asian: inherit; font-variant-alternates: inherit; font-variant-position: inherit; font-stretch: inherit; line-height: inherit; font-family: Rubik; font-optical-sizing: inherit; font-kerning: inherit; font-feature-settings: inherit; font-variation-settings: inherit; vertical-align: baseline; background-color: #00b1aa;\">Appelez sans engagement au<br \/><strong style=\"margin: 0px; padding: 0px; border: 0px; font-style: inherit; font-variant: inherit; font-weight: bold; font-stretch: inherit; font-size: inherit; line-height: inherit; font-family: inherit; font-optical-sizing: inherit; font-kerning: inherit; font-feature-settings: inherit; font-variation-settings: inherit; vertical-align: baseline;\"><span style=\"margin: 0px; padding: 0px; border: 0px; font-style: inherit; font-variant: inherit; font-weight: inherit; font-stretch: inherit; font-size: 22px; line-height: inherit; font-family: inherit; font-optical-sizing: inherit; font-kerning: inherit; font-feature-settings: inherit; font-variation-settings: inherit; vertical-align: baseline;\"><a style=\"color: #ffffff; transition: all 0.3s ease 0s; border-bottom: 1px solid transparent; font-size: inherit; font-weight: inherit;\" href=\"tel:+34961341109\">+ (34) 961-341-109<\/a><\/span><\/strong><\/p>\n<p style=\"margin: 0px 0px 1em; padding: 0px; border: 0px; font-variant-numeric: inherit; font-variant-east-asian: inherit; font-variant-alternates: inherit; font-variant-position: inherit; font-stretch: inherit; line-height: inherit; font-family: Rubik; font-optical-sizing: inherit; font-kerning: inherit; font-feature-settings: inherit; font-variation-settings: inherit; vertical-align: baseline; background-color: #00b1aa;\"><a style=\"color: #ffffff; transition: all 0.3s ease 0s; border-bottom: 1px solid transparent;\" href=\"mailto:info@brioultrasonics.com\">\u00c9crivez-nous \u00e0 <strong style=\"margin: 0px; padding: 0px; border: 0px; font-style: inherit; font-variant: inherit; font-weight: bold; font-stretch: inherit; font-size: inherit; line-height: inherit; font-family: inherit; font-optical-sizing: inherit; font-kerning: inherit; font-feature-settings: inherit; font-variation-settings: inherit; vertical-align: baseline;\">info@brioultrasonics.com<\/strong><\/a><\/p>\n<p><span style=\"background-color: #00b1aa; font-family: Rubik; color: var( --e-global-color-b59310b ); font-weight: var( --e-global-typography-text-font-weight ); font-size: 1rem;\">Ou remplissez le formulaire<\/span><span style=\"background-color: var( --e-global-color-e0fbf92 ); color: var( --e-global-color-b59310b ); font-family: var( --e-global-typography-text-font-family ), Sans-serif; font-size: 1rem; font-weight: var( --e-global-typography-text-font-weight );\">o<\/span><\/p>\n\t\t\t\t\t\t\t\t<\/div>\n\t\t\t\t<\/div>\n\t\t\t\t<div class=\"elementor-element elementor-element-01665c7 elementor-align-center elementor-widget elementor-widget-button\" data-id=\"01665c7\" data-element_type=\"widget\" data-e-type=\"widget\" data-widget_type=\"button.default\">\n\t\t\t\t<div class=\"elementor-widget-container\">\n\t\t\t\t\t\t\t\t\t<div class=\"elementor-button-wrapper\">\n\t\t\t\t\t<a class=\"elementor-button elementor-button-link elementor-size-sm\" href=\"https:\/\/brioultrasonics.com\/fr\/contact\/\">\n\t\t\t\t\t\t<span class=\"elementor-button-content-wrapper\">\n\t\t\t\t\t\t\t\t\t<span class=\"elementor-button-text\">Contactez-nous<\/span>\n\t\t\t\t\t<\/span>\n\t\t\t\t\t<\/a>\n\t\t\t\t<\/div>\n\t\t\t\t\t\t\t\t<\/div>\n\t\t\t\t<\/div>\n\t\t\t\t\t<\/div>\n\t\t\t\t<\/div>\n\t\t\t\t<\/div>\n\t\t\t\t<\/div>\n\t\t\t\t\t\t<\/div>\n\t\t\t\t<\/div>\n\t\t\t\t<\/div>\n\t\t<div class=\"elementor-element elementor-element-fc8c531 e-con-full e-flex e-con e-child\" data-id=\"fc8c531\" data-element_type=\"container\" data-e-type=\"container\">\n\t\t\t\t<div class=\"elementor-element elementor-element-6b66dcf3 elementor-widget elementor-widget-heading\" data-id=\"6b66dcf3\" data-element_type=\"widget\" data-e-type=\"widget\" data-widget_type=\"heading.default\">\n\t\t\t\t<div class=\"elementor-widget-container\">\n\t\t\t\t\t<h2 class=\"elementor-heading-title elementor-size-default\"><b>Projets de machines de nettoyage \u00e0 ultrasons personnalis\u00e9es<\/b><\/h2>\t\t\t\t<\/div>\n\t\t\t\t<\/div>\n\t\t\t\t<div class=\"elementor-element elementor-element-baad71a elementor-widget__width-initial elementor-widget elementor-widget-text-editor\" data-id=\"baad71a\" data-element_type=\"widget\" data-e-type=\"widget\" data-widget_type=\"text-editor.default\">\n\t\t\t\t<div class=\"elementor-widget-container\">\n\t\t\t\t\t\t\t\t\t<p>Chez <strong><a href=\"https:\/\/ghpnews.digital\/winners\/brio-ultrasonics\/\" rel=\"noopener\">BRIO <\/a>Ultrasons<\/strong>, nous savons que chaque client a des besoins uniques et, par cons\u00e9quent, nous nous sp\u00e9cialisons dans le d\u00e9veloppement de projets personnalis\u00e9s pour r\u00e9pondre \u00e0 ces besoins sp\u00e9cifiques.<\/p>\n<p>Gr\u00e2ce \u00e0 notre vaste exp\u00e9rience dans le domaine du nettoyage par ultrasons, <strong>nous avons r\u00e9alis\u00e9 de nombreux projets sur mesure pour diff\u00e9rentes industries<\/strong>, du nettoyage de pi\u00e8ces m\u00e9caniques dans l&rsquo;industrie automobile au nettoyage de composants \u00e9lectroniques dans l&rsquo;industrie a\u00e9rospatiale.<\/p>\n<p>Sur chaque projet, <strong>notre \u00e9quipe d&rsquo;experts travaille en \u00e9troite collaboration avec le client pour comprendre ses besoins et d\u00e9velopper la meilleure solution<\/strong> de nettoyage par ultrasons pour y r\u00e9pondre. Nous utilisons des technologies de pointe et des processus avanc\u00e9s pour garantir une efficacit\u00e9 et une efficience maximales en mati\u00e8re de nettoyage. <\/p>\n<p><strong>D\u00e9couvrez tous nos projets de machines de nettoyage sur mesure<\/strong> pour le nettoyage par ultrasons et n&rsquo;h\u00e9sitez pas \u00e0 nous contacter pour d\u00e9velopper la meilleure solution de nettoyage par ultrasons adapt\u00e9e \u00e0 vos besoins.<\/p>\n\t\t\t\t\t\t\t\t<\/div>\n\t\t\t\t<\/div>\n\t\t<div class=\"elementor-element elementor-element-60d0271a e-con-full e-flex e-con e-child\" data-id=\"60d0271a\" data-element_type=\"container\" data-e-type=\"container\">\n\t\t\t\t<div class=\"elementor-element elementor-element-370e9144 elementor-widget elementor-widget-heading\" data-id=\"370e9144\" data-element_type=\"widget\" data-e-type=\"widget\" data-widget_type=\"heading.default\">\n\t\t\t\t<div class=\"elementor-widget-container\">\n\t\t\t\t\t<h2 class=\"elementor-heading-title elementor-size-default\">Nos <b>projets<\/b><\/h2>\t\t\t\t<\/div>\n\t\t\t\t<\/div>\n\t\t\t\t<div class=\"elementor-element elementor-element-08df33b elementor-grid-3 elementor-grid-tablet-2 elementor-grid-mobile-1 elementor-widget elementor-widget-portfolio\" data-id=\"08df33b\" data-element_type=\"widget\" data-e-type=\"widget\" data-settings=\"{&quot;item_ratio&quot;:{&quot;unit&quot;:&quot;px&quot;,&quot;size&quot;:0.75,&quot;sizes&quot;:[]},&quot;row_gap&quot;:{&quot;unit&quot;:&quot;px&quot;,&quot;size&quot;:32,&quot;sizes&quot;:[]},&quot;columns&quot;:&quot;3&quot;,&quot;columns_tablet&quot;:&quot;2&quot;,&quot;columns_mobile&quot;:&quot;1&quot;,&quot;item_gap&quot;:{&quot;unit&quot;:&quot;px&quot;,&quot;size&quot;:&quot;&quot;,&quot;sizes&quot;:[]}}\" data-widget_type=\"portfolio.default\">\n\t\t\t\t<div class=\"elementor-widget-container\">\n\t\t\t\t\t\t\t<div class=\"elementor-portfolio elementor-grid elementor-posts-container\" role=\"list\">\n\t\t\t\t<article class=\"elementor-portfolio-item elementor-post  post-60561 portfolio type-portfolio status-publish has-post-thumbnail hentry tipo-proyecto-machine-personnalisee\" role=\"listitem\">\n\t\t\t<a class=\"elementor-post__thumbnail__link\" href=\"https:\/\/brioultrasonics.com\/fr\/portfolio\/nettoyant-pour-moules-br-600\/\">\n\t\t\t\t<div class=\"elementor-portfolio-item__img elementor-post__thumbnail\">\n\t\t\t<img fetchpriority=\"high\" decoding=\"async\" width=\"1440\" height=\"1080\" src=\"https:\/\/brioultrasonics.com\/wp-content\/uploads\/2024\/05\/BR-600-MOLD-ultrasonic-cleaning-equipment-injection-mould-cleaning-WEB.jpg\" class=\"attachment-full size-full wp-image-58418\" alt=\"moules en acier propres\" srcset=\"https:\/\/brioultrasonics.com\/wp-content\/uploads\/2024\/05\/BR-600-MOLD-ultrasonic-cleaning-equipment-injection-mould-cleaning-WEB.jpg 1440w, https:\/\/brioultrasonics.com\/wp-content\/uploads\/2024\/05\/BR-600-MOLD-ultrasonic-cleaning-equipment-injection-mould-cleaning-WEB-300x225.jpg 300w, https:\/\/brioultrasonics.com\/wp-content\/uploads\/2024\/05\/BR-600-MOLD-ultrasonic-cleaning-equipment-injection-mould-cleaning-WEB-1024x768.jpg 1024w, https:\/\/brioultrasonics.com\/wp-content\/uploads\/2024\/05\/BR-600-MOLD-ultrasonic-cleaning-equipment-injection-mould-cleaning-WEB-768x576.jpg 768w, https:\/\/brioultrasonics.com\/wp-content\/uploads\/2024\/05\/BR-600-MOLD-ultrasonic-cleaning-equipment-injection-mould-cleaning-WEB-600x450.jpg 600w\" sizes=\"(max-width: 1440px) 100vw, 1440px\" title=\"\">\t\t<\/div>\n\t\t\t\t<div class=\"elementor-portfolio-item__overlay\">\n\t\t\t\t<h3 class=\"elementor-portfolio-item__title\">\n\t\tNettoyant pour moules BR-600\t\t<\/h3>\n\t\t\t\t<\/div>\n\t\t\t\t<\/a>\n\t\t<\/article>\n\t\t\t\t<article class=\"elementor-portfolio-item elementor-post  post-60551 portfolio type-portfolio status-publish has-post-thumbnail hentry tipo-proyecto-projets-de-nettoyage-par-ultrasons-pour-moules-a-injection\" role=\"listitem\">\n\t\t\t<a class=\"elementor-post__thumbnail__link\" href=\"https:\/\/brioultrasonics.com\/fr\/portfolio\/br-800-mold-cleaner\/\">\n\t\t\t\t<div class=\"elementor-portfolio-item__img elementor-post__thumbnail\">\n\t\t\t<img decoding=\"async\" width=\"1200\" height=\"800\" src=\"https:\/\/brioultrasonics.com\/wp-content\/uploads\/2024\/05\/br-800-pp-02.jpg\" class=\"attachment-full size-full wp-image-58422\" alt=\"Brio ultrasonics\" srcset=\"https:\/\/brioultrasonics.com\/wp-content\/uploads\/2024\/05\/br-800-pp-02.jpg 1200w, https:\/\/brioultrasonics.com\/wp-content\/uploads\/2024\/05\/br-800-pp-02-300x200.jpg 300w, https:\/\/brioultrasonics.com\/wp-content\/uploads\/2024\/05\/br-800-pp-02-1024x683.jpg 1024w, https:\/\/brioultrasonics.com\/wp-content\/uploads\/2024\/05\/br-800-pp-02-768x512.jpg 768w, https:\/\/brioultrasonics.com\/wp-content\/uploads\/2024\/05\/br-800-pp-02-600x400.jpg 600w\" sizes=\"(max-width: 1200px) 100vw, 1200px\" title=\"\">\t\t<\/div>\n\t\t\t\t<div class=\"elementor-portfolio-item__overlay\">\n\t\t\t\t<h3 class=\"elementor-portfolio-item__title\">\n\t\tBR-800 Mold cleaner\t\t<\/h3>\n\t\t\t\t<\/div>\n\t\t\t\t<\/a>\n\t\t<\/article>\n\t\t\t\t<article class=\"elementor-portfolio-item elementor-post  post-60541 portfolio type-portfolio status-publish has-post-thumbnail hentry tipo-proyecto-machine-personnalisee tipo-proyecto-machines-a-plusieurs-etages\" role=\"listitem\">\n\t\t\t<a class=\"elementor-post__thumbnail__link\" href=\"https:\/\/brioultrasonics.com\/fr\/portfolio\/br-6-ams\/\">\n\t\t\t\t<div class=\"elementor-portfolio-item__img elementor-post__thumbnail\">\n\t\t\t<img decoding=\"async\" width=\"1536\" height=\"1152\" src=\"https:\/\/brioultrasonics.com\/wp-content\/uploads\/2024\/05\/BR-6-AMS-7-1536x1152-1.jpg\" class=\"attachment-full size-full wp-image-58482\" alt=\"syst\u00e8me \u00e0 ultrasons\" srcset=\"https:\/\/brioultrasonics.com\/wp-content\/uploads\/2024\/05\/BR-6-AMS-7-1536x1152-1.jpg 1536w, https:\/\/brioultrasonics.com\/wp-content\/uploads\/2024\/05\/BR-6-AMS-7-1536x1152-1-300x225.jpg 300w, https:\/\/brioultrasonics.com\/wp-content\/uploads\/2024\/05\/BR-6-AMS-7-1536x1152-1-1024x768.jpg 1024w, https:\/\/brioultrasonics.com\/wp-content\/uploads\/2024\/05\/BR-6-AMS-7-1536x1152-1-768x576.jpg 768w, https:\/\/brioultrasonics.com\/wp-content\/uploads\/2024\/05\/BR-6-AMS-7-1536x1152-1-600x450.jpg 600w\" sizes=\"(max-width: 1536px) 100vw, 1536px\" title=\"\">\t\t<\/div>\n\t\t\t\t<div class=\"elementor-portfolio-item__overlay\">\n\t\t\t\t<h3 class=\"elementor-portfolio-item__title\">\n\t\tBR-6 AMS\t\t<\/h3>\n\t\t\t\t<\/div>\n\t\t\t\t<\/a>\n\t\t<\/article>\n\t\t\t\t<article class=\"elementor-portfolio-item elementor-post  post-60531 portfolio type-portfolio status-publish has-post-thumbnail hentry tipo-proyecto-automotive-fr tipo-proyecto-machine-personnalisee\" role=\"listitem\">\n\t\t\t<a class=\"elementor-post__thumbnail__link\" href=\"https:\/\/brioultrasonics.com\/fr\/portfolio\/br-50-ams\/\">\n\t\t\t\t<div class=\"elementor-portfolio-item__img elementor-post__thumbnail\">\n\t\t\t<img loading=\"lazy\" decoding=\"async\" width=\"2048\" height=\"1536\" src=\"https:\/\/brioultrasonics.com\/wp-content\/uploads\/2024\/08\/BR-50-AMS_2-2048x1536-2.jpg\" class=\"attachment-full size-full wp-image-58922\" alt=\"machine \u00e0 ultrasons\" srcset=\"https:\/\/brioultrasonics.com\/wp-content\/uploads\/2024\/08\/BR-50-AMS_2-2048x1536-2.jpg 2048w, https:\/\/brioultrasonics.com\/wp-content\/uploads\/2024\/08\/BR-50-AMS_2-2048x1536-2-300x225.jpg 300w, https:\/\/brioultrasonics.com\/wp-content\/uploads\/2024\/08\/BR-50-AMS_2-2048x1536-2-1024x768.jpg 1024w, https:\/\/brioultrasonics.com\/wp-content\/uploads\/2024\/08\/BR-50-AMS_2-2048x1536-2-768x576.jpg 768w, https:\/\/brioultrasonics.com\/wp-content\/uploads\/2024\/08\/BR-50-AMS_2-2048x1536-2-1536x1152.jpg 1536w, https:\/\/brioultrasonics.com\/wp-content\/uploads\/2024\/08\/BR-50-AMS_2-2048x1536-2-600x450.jpg 600w\" sizes=\"(max-width: 2048px) 100vw, 2048px\" title=\"\">\t\t<\/div>\n\t\t\t\t<div class=\"elementor-portfolio-item__overlay\">\n\t\t\t\t<h3 class=\"elementor-portfolio-item__title\">\n\t\tBR- 50 AMS\t\t<\/h3>\n\t\t\t\t<\/div>\n\t\t\t\t<\/a>\n\t\t<\/article>\n\t\t\t\t<article class=\"elementor-portfolio-item elementor-post  post-60489 portfolio type-portfolio status-publish has-post-thumbnail hentry tipo-proyecto-machine-personnalisee tipo-proyecto-machines-a-plusieurs-etages tipo-proyecto-secteur-automobile\" role=\"listitem\">\n\t\t\t<a class=\"elementor-post__thumbnail__link\" href=\"https:\/\/brioultrasonics.com\/fr\/portfolio\/br-450-ms\/\">\n\t\t\t\t<div class=\"elementor-portfolio-item__img elementor-post__thumbnail\">\n\t\t\t<img loading=\"lazy\" decoding=\"async\" width=\"1219\" height=\"900\" src=\"https:\/\/brioultrasonics.com\/wp-content\/uploads\/2024\/05\/BR-450-MS.jpg\" class=\"attachment-full size-full wp-image-58458\" alt=\"Brio ultrasonics\" srcset=\"https:\/\/brioultrasonics.com\/wp-content\/uploads\/2024\/05\/BR-450-MS.jpg 1219w, https:\/\/brioultrasonics.com\/wp-content\/uploads\/2024\/05\/BR-450-MS-300x221.jpg 300w, https:\/\/brioultrasonics.com\/wp-content\/uploads\/2024\/05\/BR-450-MS-1024x756.jpg 1024w, https:\/\/brioultrasonics.com\/wp-content\/uploads\/2024\/05\/BR-450-MS-768x567.jpg 768w, https:\/\/brioultrasonics.com\/wp-content\/uploads\/2024\/05\/BR-450-MS-600x443.jpg 600w\" sizes=\"(max-width: 1219px) 100vw, 1219px\" title=\"\">\t\t<\/div>\n\t\t\t\t<div class=\"elementor-portfolio-item__overlay\">\n\t\t\t\t<h3 class=\"elementor-portfolio-item__title\">\n\t\tBR- 450 MS\t\t<\/h3>\n\t\t\t\t<\/div>\n\t\t\t\t<\/a>\n\t\t<\/article>\n\t\t\t\t<article class=\"elementor-portfolio-item elementor-post  post-60479 portfolio type-portfolio status-publish has-post-thumbnail hentry tipo-proyecto-automotive-fr tipo-proyecto-machine-personnalisee\" role=\"listitem\">\n\t\t\t<a class=\"elementor-post__thumbnail__link\" href=\"https:\/\/brioultrasonics.com\/fr\/portfolio\/br-200-ams\/\">\n\t\t\t\t<div class=\"elementor-portfolio-item__img elementor-post__thumbnail\">\n\t\t\t<img loading=\"lazy\" decoding=\"async\" width=\"1440\" height=\"1080\" src=\"https:\/\/brioultrasonics.com\/wp-content\/uploads\/2024\/05\/1.-BR-200-AMS-Recorte-cargando-pieza-1.jpg\" class=\"attachment-full size-full wp-image-57970\" alt=\"Brio technologies\" srcset=\"https:\/\/brioultrasonics.com\/wp-content\/uploads\/2024\/05\/1.-BR-200-AMS-Recorte-cargando-pieza-1.jpg 1440w, https:\/\/brioultrasonics.com\/wp-content\/uploads\/2024\/05\/1.-BR-200-AMS-Recorte-cargando-pieza-1-600x450.jpg 600w, https:\/\/brioultrasonics.com\/wp-content\/uploads\/2024\/05\/1.-BR-200-AMS-Recorte-cargando-pieza-1-300x225.jpg 300w, https:\/\/brioultrasonics.com\/wp-content\/uploads\/2024\/05\/1.-BR-200-AMS-Recorte-cargando-pieza-1-1024x768.jpg 1024w, https:\/\/brioultrasonics.com\/wp-content\/uploads\/2024\/05\/1.-BR-200-AMS-Recorte-cargando-pieza-1-768x576.jpg 768w\" sizes=\"(max-width: 1440px) 100vw, 1440px\" title=\"\">\t\t<\/div>\n\t\t\t\t<div class=\"elementor-portfolio-item__overlay\">\n\t\t\t\t<h3 class=\"elementor-portfolio-item__title\">\n\t\tBR- 200 AMS\t\t<\/h3>\n\t\t\t\t<\/div>\n\t\t\t\t<\/a>\n\t\t<\/article>\n\t\t\t\t<\/div>\n\t\t\t\t\t\t<\/div>\n\t\t\t\t<\/div>\n\t\t\t\t<\/div>\n\t\t\t\t<\/div>\n\t\t\t\t\t<\/div>\n\t\t\t\t<\/div>\n\t\t\t\t<\/div>\n\t\t","protected":false},"excerpt":{"rendered":"<p>Nos projets Projets de machines de nettoyage \u00e0 ultrasons personnalis\u00e9es Chez BRIO Ultrasons, nous savons que chaque client a des besoins uniques et, par cons\u00e9quent, nous nous sp\u00e9cialisons dans le d\u00e9veloppement de projets personnalis\u00e9s pour r\u00e9pondre \u00e0 ces besoins sp\u00e9cifiques. Gr\u00e2ce \u00e0 notre vaste exp\u00e9rience dans le domaine du nettoyage par ultrasons, nous avons r\u00e9alis\u00e9 [&hellip;]<\/p>\n","protected":false},"author":1,"featured_media":0,"parent":0,"menu_order":0,"comment_status":"closed","ping_status":"closed","template":"","meta":{"_joinchat":[],"footnotes":""},"class_list":["post-59551","page","type-page","status-publish","hentry"],"_links":{"self":[{"href":"https:\/\/brioultrasonics.com\/fr\/wp-json\/wp\/v2\/pages\/59551","targetHints":{"allow":["GET"]}}],"collection":[{"href":"https:\/\/brioultrasonics.com\/fr\/wp-json\/wp\/v2\/pages"}],"about":[{"href":"https:\/\/brioultrasonics.com\/fr\/wp-json\/wp\/v2\/types\/page"}],"author":[{"embeddable":true,"href":"https:\/\/brioultrasonics.com\/fr\/wp-json\/wp\/v2\/users\/1"}],"replies":[{"embeddable":true,"href":"https:\/\/brioultrasonics.com\/fr\/wp-json\/wp\/v2\/comments?post=59551"}],"version-history":[{"count":1,"href":"https:\/\/brioultrasonics.com\/fr\/wp-json\/wp\/v2\/pages\/59551\/revisions"}],"predecessor-version":[{"id":63120,"href":"https:\/\/brioultrasonics.com\/fr\/wp-json\/wp\/v2\/pages\/59551\/revisions\/63120"}],"wp:attachment":[{"href":"https:\/\/brioultrasonics.com\/fr\/wp-json\/wp\/v2\/media?parent=59551"}],"curies":[{"name":"wp","href":"https:\/\/api.w.org\/{rel}","templated":true}]}}