{"id":59542,"date":"2024-05-22T12:06:10","date_gmt":"2024-05-22T10:06:10","guid":{"rendered":"https:\/\/quizzical-gagarin.31-170-100-185.plesk.page\/projet-de-recherche-soutenu-par-les-fonds-avi-et-ue-feder\/"},"modified":"2024-11-27T14:16:58","modified_gmt":"2024-11-27T13:16:58","slug":"projet-de-recherche-soutenu-par-les-fonds-avi-et-ue-feder","status":"publish","type":"page","link":"https:\/\/brioultrasonics.com\/fr\/projet-de-recherche-soutenu-par-les-fonds-avi-et-ue-feder\/","title":{"rendered":"Projet de recherche soutenu par les fonds AVI et UE-FEDER"},"content":{"rendered":"\t\t<div data-elementor-type=\"wp-page\" data-elementor-id=\"59542\" class=\"elementor elementor-59542 elementor-1852\" data-elementor-post-type=\"page\">\n\t\t\t\t<div class=\"elementor-element elementor-element-84ddb64 e-flex e-con-boxed e-con e-parent\" data-id=\"84ddb64\" data-element_type=\"container\" data-e-type=\"container\">\n\t\t\t\t\t<div class=\"e-con-inner\">\n\t\t\t\t<div class=\"elementor-element elementor-element-baef34c elementor-widget elementor-widget-heading\" data-id=\"baef34c\" data-element_type=\"widget\" data-e-type=\"widget\" data-widget_type=\"heading.default\">\n\t\t\t\t<div class=\"elementor-widget-container\">\n\t\t\t\t\t<h2 class=\"elementor-heading-title elementor-size-default\"><b>Projet de recherche soutenu par les fonds AVI et UE-FEDER<\/b><\/h2>\t\t\t\t<\/div>\n\t\t\t\t<\/div>\n\t\t\t\t<div class=\"elementor-element elementor-element-d2c3db3 elementor-widget elementor-widget-text-editor\" data-id=\"d2c3db3\" data-element_type=\"widget\" data-e-type=\"widget\" data-widget_type=\"text-editor.default\">\n\t\t\t\t<div class=\"elementor-widget-container\">\n\t\t\t\t\t\t\t\t\t<p>Projet : <strong>RECHERCHE ET D\u00c9VELOPPEMENT DE PROC\u00c9D\u00c9S INTELLIGENTS, FLEXIBLES, EFFICACES ET S\u00dbRS POUR L&rsquo;INDUSTRIE AGROALIMENTAIRE BAS\u00c9S SUR L&rsquo;UTILISATION DE NOUVELLES TECHNOLOGIES D&rsquo;INTENSIFICATION ET DE CONTR\u00d4LE 2022-2024<\/strong><\/p>\n<p>L&rsquo;objectif de ce projet d&rsquo;A&amp;J Tecno Innovacions S.L. en collaboration avec l&rsquo;Universit\u00e9 Polytechnique de Valence et d&rsquo;autres entreprises, il s&rsquo;agit de rechercher et de d\u00e9velopper des \u00e9quipements industriels permettant de r\u00e9duire le contenu de substances potentiellement nocives pour la sant\u00e9 des consommateurs et \u00e9galement de d\u00e9velopper un syst\u00e8me permettant de contr\u00f4ler leur contenu. De cette mani\u00e8re, nous cherchons \u00e0 am\u00e9liorer les processus alimentaires actuels afin qu&rsquo;ils soient s\u00fbrs, efficaces et flexibles, et nous permettent de nous adapter aux nouvelles r\u00e9glementations et aux nouvelles tendances de consommation. <\/p>\n<p style=\"text-align: left;\">Gr\u00e2ce \u00e0 l&rsquo;ex\u00e9cution du projet, les premi\u00e8res esquisses ont \u00e9t\u00e9 g\u00e9n\u00e9r\u00e9es et le prototype a \u00e9t\u00e9 planifi\u00e9. De nombreux tests ont \u00e9t\u00e9 effectu\u00e9s, qui ont fourni des informations pr\u00e9cieuses pour repenser certains aspects du prototype final et d\u00e9finir des am\u00e9liorations et des optimisations. Des adaptations ont \u00e9galement \u00e9t\u00e9 apport\u00e9es \u00e0 la conception du prototype, comme le changement du type de syst\u00e8me de transport, des am\u00e9liorations de l&rsquo;enveloppe et des changements dans le syst\u00e8me \u00e0 ultrasons compte tenu de l&rsquo;att\u00e9nuation de la pomme de terre, et des am\u00e9liorations futures ont \u00e9t\u00e9 propos\u00e9es comme la mise en \u0153uvre de syst\u00e8mes de num\u00e9risation de fr\u00e9quences. La corr\u00e9lation entre le taux d&rsquo;acrylamide et la teneur en sucres et pr\u00e9curseurs comme l&rsquo;asparagine a \u00e9t\u00e9 \u00e9tudi\u00e9e. Un travail a \u00e9t\u00e9 r\u00e9alis\u00e9 pour optimiser les algorithmes, gr\u00e2ce \u00e0 diff\u00e9rents tests, en collaboration avec l&rsquo;AINIA. Enfin, un prototype fonctionnel pour la quantification de l&rsquo;acrylamide a \u00e9t\u00e9 obtenu. Des prototypes enti\u00e8rement fonctionnels ont \u00e9t\u00e9 obtenus, qui ont \u00e9t\u00e9 v\u00e9rifi\u00e9s lors de tests pr\u00e9industriels. Le bon fonctionnement de l&rsquo;\u00e9quipement PEF, du syst\u00e8me de lavage par ultrasons et du syst\u00e8me d&rsquo;inspection NIR est v\u00e9rifi\u00e9. Enfin, des tests ont \u00e9t\u00e9 r\u00e9alis\u00e9s dans des installations r\u00e9elles (tests industriels), pour v\u00e9rifier les b\u00e9n\u00e9fices de l&rsquo;application de la technologie dans un processus de production r\u00e9el, obtenant des r\u00e9sultats tr\u00e8s favorables.        <\/p>\n<p>Pour le d\u00e9veloppement du projet, le soutien financier de <strong>l&rsquo;Agence valencienne d&rsquo;innovation <\/strong>(AVI) et de<strong> l&rsquo;Union europ\u00e9enne<\/strong> \u00e0 travers les <strong>fonds FEDER<\/strong> a \u00e9t\u00e9 vital.<\/p>\n\t\t\t\t\t\t\t\t<\/div>\n\t\t\t\t<\/div>\n\t\t\t\t<div class=\"elementor-element elementor-element-a58ca6f elementor-widget elementor-widget-image\" data-id=\"a58ca6f\" data-element_type=\"widget\" data-e-type=\"widget\" data-widget_type=\"image.default\">\n\t\t\t\t<div class=\"elementor-widget-container\">\n\t\t\t\t\t\t\t\t\t\t\t\t\t\t\t<img fetchpriority=\"high\" decoding=\"async\" width=\"1536\" height=\"142\" src=\"https:\/\/brioultrasonics.com\/wp-content\/uploads\/2024\/05\/logo-UE_FEDER_21_27_convivencia_AVI-1536x142-1.png\" class=\"attachment-full size-full wp-image-58354\" alt=\"innovation\" srcset=\"https:\/\/brioultrasonics.com\/wp-content\/uploads\/2024\/05\/logo-UE_FEDER_21_27_convivencia_AVI-1536x142-1.png 1536w, https:\/\/brioultrasonics.com\/wp-content\/uploads\/2024\/05\/logo-UE_FEDER_21_27_convivencia_AVI-1536x142-1-300x28.png 300w, https:\/\/brioultrasonics.com\/wp-content\/uploads\/2024\/05\/logo-UE_FEDER_21_27_convivencia_AVI-1536x142-1-1024x95.png 1024w, https:\/\/brioultrasonics.com\/wp-content\/uploads\/2024\/05\/logo-UE_FEDER_21_27_convivencia_AVI-1536x142-1-768x71.png 768w, https:\/\/brioultrasonics.com\/wp-content\/uploads\/2024\/05\/logo-UE_FEDER_21_27_convivencia_AVI-1536x142-1-600x55.png 600w\" sizes=\"(max-width: 1536px) 100vw, 1536px\" title=\"\">\t\t\t\t\t\t\t\t\t\t\t\t\t\t\t<\/div>\n\t\t\t\t<\/div>\n\t\t\t\t\t<\/div>\n\t\t\t\t<\/div>\n\t\t\t\t<\/div>\n\t\t","protected":false},"excerpt":{"rendered":"<p>Projet de recherche soutenu par les fonds AVI et UE-FEDER Projet : RECHERCHE ET D\u00c9VELOPPEMENT DE PROC\u00c9D\u00c9S INTELLIGENTS, FLEXIBLES, EFFICACES ET S\u00dbRS POUR L&rsquo;INDUSTRIE AGROALIMENTAIRE BAS\u00c9S SUR L&rsquo;UTILISATION DE NOUVELLES TECHNOLOGIES D&rsquo;INTENSIFICATION ET DE CONTR\u00d4LE 2022-2024 L&rsquo;objectif de ce projet d&rsquo;A&amp;J Tecno Innovacions S.L. en collaboration avec l&rsquo;Universit\u00e9 Polytechnique de Valence et d&rsquo;autres entreprises, il [&hellip;]<\/p>\n","protected":false},"author":1,"featured_media":0,"parent":0,"menu_order":0,"comment_status":"closed","ping_status":"closed","template":"","meta":{"_joinchat":[],"footnotes":""},"class_list":["post-59542","page","type-page","status-publish","hentry"],"_links":{"self":[{"href":"https:\/\/brioultrasonics.com\/fr\/wp-json\/wp\/v2\/pages\/59542","targetHints":{"allow":["GET"]}}],"collection":[{"href":"https:\/\/brioultrasonics.com\/fr\/wp-json\/wp\/v2\/pages"}],"about":[{"href":"https:\/\/brioultrasonics.com\/fr\/wp-json\/wp\/v2\/types\/page"}],"author":[{"embeddable":true,"href":"https:\/\/brioultrasonics.com\/fr\/wp-json\/wp\/v2\/users\/1"}],"replies":[{"embeddable":true,"href":"https:\/\/brioultrasonics.com\/fr\/wp-json\/wp\/v2\/comments?post=59542"}],"version-history":[{"count":2,"href":"https:\/\/brioultrasonics.com\/fr\/wp-json\/wp\/v2\/pages\/59542\/revisions"}],"predecessor-version":[{"id":65330,"href":"https:\/\/brioultrasonics.com\/fr\/wp-json\/wp\/v2\/pages\/59542\/revisions\/65330"}],"wp:attachment":[{"href":"https:\/\/brioultrasonics.com\/fr\/wp-json\/wp\/v2\/media?parent=59542"}],"curies":[{"name":"wp","href":"https:\/\/api.w.org\/{rel}","templated":true}]}}