{"id":59531,"date":"2024-05-22T12:08:53","date_gmt":"2024-05-22T10:08:53","guid":{"rendered":"https:\/\/quizzical-gagarin.31-170-100-185.plesk.page\/programme-ictcameras\/"},"modified":"2024-11-07T09:09:15","modified_gmt":"2024-11-07T08:09:15","slug":"programme-ictcameras","status":"publish","type":"page","link":"https:\/\/brioultrasonics.com\/fr\/programme-ictcameras\/","title":{"rendered":"Programme ICTCam\u00e9ras"},"content":{"rendered":"\t\t<div data-elementor-type=\"wp-page\" data-elementor-id=\"59531\" class=\"elementor elementor-59531 elementor-1855\" data-elementor-post-type=\"page\">\n\t\t\t\t<div class=\"elementor-element elementor-element-8e46396 e-flex e-con-boxed e-con e-parent\" data-id=\"8e46396\" data-element_type=\"container\" data-e-type=\"container\">\n\t\t\t\t\t<div class=\"e-con-inner\">\n\t\t\t\t<div class=\"elementor-element elementor-element-b025b3c elementor-widget elementor-widget-heading\" data-id=\"b025b3c\" data-element_type=\"widget\" data-e-type=\"widget\" data-widget_type=\"heading.default\">\n\t\t\t\t<div class=\"elementor-widget-container\">\n\t\t\t\t\t<h2 class=\"elementor-heading-title elementor-size-default\"><b>Programme ICTCam\u00e9ras<\/b><\/h2>\t\t\t\t<\/div>\n\t\t\t\t<\/div>\n\t\t\t\t<div class=\"elementor-element elementor-element-f86640f elementor-widget elementor-widget-text-editor\" data-id=\"f86640f\" data-element_type=\"widget\" data-e-type=\"widget\" data-widget_type=\"text-editor.default\">\n\t\t\t\t<div class=\"elementor-widget-container\">\n\t\t\t\t\t\t\t\t\t<p>\u00ab A&amp;J TECNOINOVACIONS, SL a \u00e9t\u00e9 b\u00e9n\u00e9ficiaire du Fonds Europ\u00e9en de D\u00e9veloppement R\u00e9gional dont l&rsquo;objectif est d&rsquo;am\u00e9liorer l&rsquo;utilisation et la qualit\u00e9 des technologies de l&rsquo;information et de la communication et l&rsquo;acc\u00e8s \u00e0 celles-ci et gr\u00e2ce auquel elle a mis en \u0153uvre un syst\u00e8me de conception et de conception assist\u00e9e par ordinateur. Impression 3D pour le prototypage rapide, pour am\u00e9liorer la comp\u00e9titivit\u00e9 et la productivit\u00e9 de l&rsquo;entreprise avec Date 24\/05\/2023. Pour cela, il a b\u00e9n\u00e9fici\u00e9 du soutien du programme ICTCameras de la Chambre de Commerce de Valence. <\/p>\n<\/p>\n<p>\u00ab Une mani\u00e8re de faire l\u2019Europe \u00bb<\/p>\n\t\t\t\t\t\t\t\t<\/div>\n\t\t\t\t<\/div>\n\t\t\t\t\t<\/div>\n\t\t\t\t<\/div>\n\t\t<div class=\"elementor-element elementor-element-bbbb950 e-flex e-con-boxed e-con e-parent\" data-id=\"bbbb950\" data-element_type=\"container\" data-e-type=\"container\" data-settings=\"{&quot;background_background&quot;:&quot;classic&quot;}\">\n\t\t\t\t\t<div class=\"e-con-inner\">\n\t\t<div class=\"elementor-element elementor-element-fed90b0 e-con-full e-flex e-con e-child\" data-id=\"fed90b0\" data-element_type=\"container\" data-e-type=\"container\">\n\t\t\t\t<div class=\"elementor-element elementor-element-c793d70 elementor-widget elementor-widget-image\" data-id=\"c793d70\" data-element_type=\"widget\" data-e-type=\"widget\" data-widget_type=\"image.default\">\n\t\t\t\t<div class=\"elementor-widget-container\">\n\t\t\t\t\t\t\t\t\t\t\t\t\t\t\t<img fetchpriority=\"high\" decoding=\"async\" width=\"420\" height=\"357\" src=\"https:\/\/brioultrasonics.com\/wp-content\/uploads\/2024\/05\/logo-union-europea-420x357-1.png\" class=\"attachment-full size-full wp-image-58358\" alt=\"Union europ\u00e9enne\" srcset=\"https:\/\/brioultrasonics.com\/wp-content\/uploads\/2024\/05\/logo-union-europea-420x357-1.png 420w, https:\/\/brioultrasonics.com\/wp-content\/uploads\/2024\/05\/logo-union-europea-420x357-1-300x255.png 300w\" sizes=\"(max-width: 420px) 100vw, 420px\" title=\"\">\t\t\t\t\t\t\t\t\t\t\t\t\t\t\t<\/div>\n\t\t\t\t<\/div>\n\t\t\t\t<\/div>\n\t\t<div class=\"elementor-element elementor-element-107cc85 e-con-full e-flex e-con e-child\" data-id=\"107cc85\" data-element_type=\"container\" data-e-type=\"container\">\n\t\t\t\t<div class=\"elementor-element elementor-element-2139a7e elementor-widget elementor-widget-image\" data-id=\"2139a7e\" data-element_type=\"widget\" data-e-type=\"widget\" data-widget_type=\"image.default\">\n\t\t\t\t<div class=\"elementor-widget-container\">\n\t\t\t\t\t\t\t\t\t\t\t\t\t\t\t<img decoding=\"async\" width=\"210\" height=\"115\" src=\"https:\/\/brioultrasonics.com\/wp-content\/uploads\/2024\/05\/logo-diputacion.png\" class=\"attachment-full size-full wp-image-58362\" alt=\"Conseil provincial de Valence\" title=\"\">\t\t\t\t\t\t\t\t\t\t\t\t\t\t\t<\/div>\n\t\t\t\t<\/div>\n\t\t\t\t<\/div>\n\t\t<div class=\"elementor-element elementor-element-a0e71d2 e-con-full e-flex e-con e-child\" data-id=\"a0e71d2\" data-element_type=\"container\" data-e-type=\"container\">\n\t\t\t\t<div class=\"elementor-element elementor-element-dd7122b elementor-widget elementor-widget-image\" data-id=\"dd7122b\" data-element_type=\"widget\" data-e-type=\"widget\" data-widget_type=\"image.default\">\n\t\t\t\t<div class=\"elementor-widget-container\">\n\t\t\t\t\t\t\t\t\t\t\t\t\t\t\t<img decoding=\"async\" width=\"252\" height=\"115\" src=\"https:\/\/brioultrasonics.com\/wp-content\/uploads\/2024\/05\/logo-ticcamaras.png\" class=\"attachment-full size-full wp-image-58366\" alt=\"programme ticcamaras\" title=\"\">\t\t\t\t\t\t\t\t\t\t\t\t\t\t\t<\/div>\n\t\t\t\t<\/div>\n\t\t\t\t<\/div>\n\t\t<div class=\"elementor-element elementor-element-6e928e2 e-con-full e-flex e-con e-child\" data-id=\"6e928e2\" data-element_type=\"container\" data-e-type=\"container\">\n\t\t\t\t<div class=\"elementor-element elementor-element-b24fae0 elementor-widget elementor-widget-image\" data-id=\"b24fae0\" data-element_type=\"widget\" data-e-type=\"widget\" data-widget_type=\"image.default\">\n\t\t\t\t<div class=\"elementor-widget-container\">\n\t\t\t\t\t\t\t\t\t\t\t\t\t\t\t<img loading=\"lazy\" decoding=\"async\" width=\"252\" height=\"115\" src=\"https:\/\/brioultrasonics.com\/wp-content\/uploads\/2024\/05\/camara_valencia.png\" class=\"attachment-full size-full wp-image-58370\" alt=\"ticcamaras\" title=\"\">\t\t\t\t\t\t\t\t\t\t\t\t\t\t\t<\/div>\n\t\t\t\t<\/div>\n\t\t\t\t<\/div>\n\t\t<div class=\"elementor-element elementor-element-f8fb364 e-con-full e-flex e-con e-child\" data-id=\"f8fb364\" data-element_type=\"container\" data-e-type=\"container\">\n\t\t\t\t<div class=\"elementor-element elementor-element-fbb5336 elementor-widget elementor-widget-image\" data-id=\"fbb5336\" data-element_type=\"widget\" data-e-type=\"widget\" data-widget_type=\"image.default\">\n\t\t\t\t<div class=\"elementor-widget-container\">\n\t\t\t\t\t\t\t\t\t\t\t\t\t\t\t<img loading=\"lazy\" decoding=\"async\" width=\"267\" height=\"115\" src=\"https:\/\/brioultrasonics.com\/wp-content\/uploads\/2024\/05\/camara_espana.png\" class=\"attachment-full size-full wp-image-58374\" alt=\"commerce de l&#039;Espagne\" title=\"\">\t\t\t\t\t\t\t\t\t\t\t\t\t\t\t<\/div>\n\t\t\t\t<\/div>\n\t\t\t\t<\/div>\n\t\t\t\t\t<\/div>\n\t\t\t\t<\/div>\n\t\t\t\t<\/div>\n\t\t","protected":false},"excerpt":{"rendered":"<p>Programme ICTCam\u00e9ras \u00ab A&amp;J TECNOINOVACIONS, SL a \u00e9t\u00e9 b\u00e9n\u00e9ficiaire du Fonds Europ\u00e9en de D\u00e9veloppement R\u00e9gional dont l&rsquo;objectif est d&rsquo;am\u00e9liorer l&rsquo;utilisation et la qualit\u00e9 des technologies de l&rsquo;information et de la communication et l&rsquo;acc\u00e8s \u00e0 celles-ci et gr\u00e2ce auquel elle a mis en \u0153uvre un syst\u00e8me de conception et de conception assist\u00e9e par ordinateur. Impression 3D [&hellip;]<\/p>\n","protected":false},"author":1,"featured_media":0,"parent":0,"menu_order":0,"comment_status":"closed","ping_status":"closed","template":"","meta":{"_joinchat":[],"footnotes":""},"class_list":["post-59531","page","type-page","status-publish","hentry"],"_links":{"self":[{"href":"https:\/\/brioultrasonics.com\/fr\/wp-json\/wp\/v2\/pages\/59531","targetHints":{"allow":["GET"]}}],"collection":[{"href":"https:\/\/brioultrasonics.com\/fr\/wp-json\/wp\/v2\/pages"}],"about":[{"href":"https:\/\/brioultrasonics.com\/fr\/wp-json\/wp\/v2\/types\/page"}],"author":[{"embeddable":true,"href":"https:\/\/brioultrasonics.com\/fr\/wp-json\/wp\/v2\/users\/1"}],"replies":[{"embeddable":true,"href":"https:\/\/brioultrasonics.com\/fr\/wp-json\/wp\/v2\/comments?post=59531"}],"version-history":[{"count":1,"href":"https:\/\/brioultrasonics.com\/fr\/wp-json\/wp\/v2\/pages\/59531\/revisions"}],"predecessor-version":[{"id":63118,"href":"https:\/\/brioultrasonics.com\/fr\/wp-json\/wp\/v2\/pages\/59531\/revisions\/63118"}],"wp:attachment":[{"href":"https:\/\/brioultrasonics.com\/fr\/wp-json\/wp\/v2\/media?parent=59531"}],"curies":[{"name":"wp","href":"https:\/\/api.w.org\/{rel}","templated":true}]}}