{"id":59518,"date":"2024-05-22T12:10:31","date_gmt":"2024-05-22T10:10:31","guid":{"rendered":"https:\/\/quizzical-gagarin.31-170-100-185.plesk.page\/politique-qualite\/"},"modified":"2024-12-03T13:57:41","modified_gmt":"2024-12-03T12:57:41","slug":"politique-qualite","status":"publish","type":"page","link":"https:\/\/brioultrasonics.com\/fr\/politique-qualite\/","title":{"rendered":"Politique qualit\u00e9"},"content":{"rendered":"\t\t<div data-elementor-type=\"wp-page\" data-elementor-id=\"59518\" class=\"elementor elementor-59518 elementor-1858\" data-elementor-post-type=\"page\">\n\t\t\t\t<div class=\"elementor-element elementor-element-8bd5ace e-flex e-con-boxed e-con e-parent\" data-id=\"8bd5ace\" data-element_type=\"container\" data-e-type=\"container\">\n\t\t\t\t\t<div class=\"e-con-inner\">\n\t\t\t\t<div class=\"elementor-element elementor-element-96fcac5 elementor-widget elementor-widget-heading\" data-id=\"96fcac5\" data-element_type=\"widget\" data-e-type=\"widget\" data-widget_type=\"heading.default\">\n\t\t\t\t<div class=\"elementor-widget-container\">\n\t\t\t\t\t<h1 class=\"elementor-heading-title elementor-size-default\"><b>Politique<\/b> <b>qualit\u00e9<\/b> - Nettoyage par ultrasons<\/h1>\t\t\t\t<\/div>\n\t\t\t\t<\/div>\n\t\t\t\t<div class=\"elementor-element elementor-element-95fd4d9 elementor-widget elementor-widget-text-editor\" data-id=\"95fd4d9\" data-element_type=\"widget\" data-e-type=\"widget\" data-widget_type=\"text-editor.default\">\n\t\t\t\t<div class=\"elementor-widget-container\">\n\t\t\t\t\t\t\t\t\t<p><strong>DATE :<\/strong> 22\/04\/2024 <strong>\u00c9DITION : <\/strong>2<\/p>\n\t\t\t\t\t\t\t\t<\/div>\n\t\t\t\t<\/div>\n\t\t\t\t<div class=\"elementor-element elementor-element-03e1323 elementor-widget elementor-widget-text-editor\" data-id=\"03e1323\" data-element_type=\"widget\" data-e-type=\"widget\" data-widget_type=\"text-editor.default\">\n\t\t\t\t<div class=\"elementor-widget-container\">\n\t\t\t\t\t\t\t\t\t<p>A&amp;J TECNO \u2013 BRIO ULTRASONICS a \u00e9tabli et mis en \u0153uvre un syst\u00e8me de qualit\u00e9 bas\u00e9 sur les exigences de la norme UNE-EN-ISO 9001 pour l\u2019activit\u00e9 de <strong>CONCEPTION ET FABRICATION DE MACHINES DE NETTOYAGE PAR ULTRASONS ET AUTRES MACHINES INDUSTRIELLES ET CONSOMMABLES POUR CES MACHINES. <\/strong>Notre syst\u00e8me qualit\u00e9 est certifi\u00e9 et audit\u00e9 par l\u2019entit\u00e9 de certification SGS. Depuis 2021, notre certification qualit\u00e9 a \u00e9t\u00e9 mise \u00e0 jour conform\u00e9ment \u00e0 la norme UNE-EN-ISO 9001:2015. Vous pouvez t\u00e9l\u00e9charger notre certificat <a href=\"\" target=\"\" rel=\"\">via ce lien<\/a>.  <\/p>\n\t\t\t\t\t\t\t\t<\/div>\n\t\t\t\t<\/div>\n\t\t\t\t<div class=\"elementor-element elementor-element-a60c353 elementor-widget elementor-widget-image\" data-id=\"a60c353\" data-element_type=\"widget\" data-e-type=\"widget\" data-widget_type=\"image.default\">\n\t\t\t\t<div class=\"elementor-widget-container\">\n\t\t\t\t\t\t\t\t\t\t\t\t\t\t\t<img decoding=\"async\" src=\"https:\/\/brioultrasonics.com\/wp-content\/uploads\/elementor\/thumbs\/BRIO-Ultrasonics-SGS-ISO-9001.2015-qwdb8q25diu3nrldvgh84k3i437fzamdwjgyx9n21o.png\" title=\"BRIO-Ultrasonics-SGS-ISO 9001:2015\" alt=\"certificat de qualit\u00e9 SGS\" loading=\"lazy\" \/>\t\t\t\t\t\t\t\t\t\t\t\t\t\t\t<\/div>\n\t\t\t\t<\/div>\n\t\t\t\t<div class=\"elementor-element elementor-element-b31cdc4 elementor-widget elementor-widget-text-editor\" data-id=\"b31cdc4\" data-element_type=\"widget\" data-e-type=\"widget\" data-widget_type=\"text-editor.default\">\n\t\t\t\t<div class=\"elementor-widget-container\">\n\t\t\t\t\t\t\t\t\t<p>Le but du syst\u00e8me qualit\u00e9 est la satisfaction des clients et des autres parties int\u00e9ress\u00e9es. Tout cela gr\u00e2ce au respect des exigences \u00e9tablies par les clients et des exigences l\u00e9gales dans les d\u00e9lais et les prix \u00e9tablis. A cet effet, le syst\u00e8me qualit\u00e9 poursuit les objectifs suivants :  <\/p>\n<ul>\n<li>Garantir la qualit\u00e9 des produits et services fournis, conform\u00e9ment \u00e0 la norme internationale ISO 9001:2015, en accordant une attention particuli\u00e8re \u00e0 fournir des solutions \u00e0 nos clients \u00e0 travers la conception et la fabrication de machines de nettoyage \u00e0 ultrasons qui r\u00e9pondent \u00e0 leurs besoins.<\/li>\n<li>Le respect des exigences propos\u00e9es \u00e0 nos clients, consolidant la confiance dans notre organisation tant en termes de qualit\u00e9 que de respect des d\u00e9lais convenus.<\/li>\n<li>Continuer \u00e0 offrir un produit et un service hautement sp\u00e9cialis\u00e9s \u00e0 nos clients.<\/li>\n<li>Am\u00e9lioration continue des processus, proc\u00e9dures et services.<\/li>\n<li>La sensibilisation et la motivation du personnel quant \u00e0 l\u2019importance de la mise en \u0153uvre, du d\u00e9veloppement et du maintien d\u2019un syst\u00e8me qualit\u00e9.<\/li>\n<li>\u00c9tablissement d&rsquo;objectifs et contr\u00f4le de leur respect pour garantir l&rsquo;am\u00e9lioration continue de notre organisation.<\/li>\n<\/ul>\n<p>S&rsquo;assurer que toutes les personnes qui influencent la Qualit\u00e9 connaissent la politique et les objectifs fix\u00e9s est atteint gr\u00e2ce \u00e0 la diffusion de ceux-ci par le Responsable Qualit\u00e9 \u00e0 tous les niveaux de l&rsquo;organisation et \u00e9galement gr\u00e2ce \u00e0 la diffusion des documents qu&rsquo;ils appliquent \u00e0 chaque niveau dans les diff\u00e9rents des emplois. Cette diffusion est \u00e9galement \u00e9tendue \u00e0 d&rsquo;autres parties int\u00e9ress\u00e9es gr\u00e2ce \u00e0 son placement sur le site Internet de l&rsquo;entreprise. <\/p>\n<\/p>\n<p>Fdo. Alejandro Cubel Yuste &#8211; CEO <\/p>\n\t\t\t\t\t\t\t\t<\/div>\n\t\t\t\t<\/div>\n\t\t\t\t<div class=\"elementor-element elementor-element-f35ca96 elementor-widget elementor-widget-image\" data-id=\"f35ca96\" data-element_type=\"widget\" data-e-type=\"widget\" data-widget_type=\"image.default\">\n\t\t\t\t<div class=\"elementor-widget-container\">\n\t\t\t\t\t\t\t\t\t\t\t\t\t\t\t<img fetchpriority=\"high\" decoding=\"async\" width=\"500\" height=\"226\" src=\"https:\/\/brioultrasonics.com\/wp-content\/uploads\/2024\/05\/firma-alejandro-red.jpg\" class=\"attachment-full size-full wp-image-58334\" alt=\"alejandro\" srcset=\"https:\/\/brioultrasonics.com\/wp-content\/uploads\/2024\/05\/firma-alejandro-red.jpg 500w, https:\/\/brioultrasonics.com\/wp-content\/uploads\/2024\/05\/firma-alejandro-red-300x136.jpg 300w\" sizes=\"(max-width: 500px) 100vw, 500px\" title=\"\">\t\t\t\t\t\t\t\t\t\t\t\t\t\t\t<\/div>\n\t\t\t\t<\/div>\n\t\t\t\t\t<\/div>\n\t\t\t\t<\/div>\n\t\t\t\t<\/div>\n\t\t","protected":false},"excerpt":{"rendered":"<p>Politique qualit\u00e9 &#8211; Nettoyage par ultrasons DATE : 22\/04\/2024 \u00c9DITION : 2 A&amp;J TECNO \u2013 BRIO ULTRASONICS a \u00e9tabli et mis en \u0153uvre un syst\u00e8me de qualit\u00e9 bas\u00e9 sur les exigences de la norme UNE-EN-ISO 9001 pour l\u2019activit\u00e9 de CONCEPTION ET FABRICATION DE MACHINES DE NETTOYAGE PAR ULTRASONS ET AUTRES MACHINES INDUSTRIELLES ET CONSOMMABLES POUR [&hellip;]<\/p>\n","protected":false},"author":1,"featured_media":0,"parent":0,"menu_order":0,"comment_status":"closed","ping_status":"closed","template":"","meta":{"_joinchat":[],"footnotes":""},"class_list":["post-59518","page","type-page","status-publish","hentry"],"_links":{"self":[{"href":"https:\/\/brioultrasonics.com\/fr\/wp-json\/wp\/v2\/pages\/59518","targetHints":{"allow":["GET"]}}],"collection":[{"href":"https:\/\/brioultrasonics.com\/fr\/wp-json\/wp\/v2\/pages"}],"about":[{"href":"https:\/\/brioultrasonics.com\/fr\/wp-json\/wp\/v2\/types\/page"}],"author":[{"embeddable":true,"href":"https:\/\/brioultrasonics.com\/fr\/wp-json\/wp\/v2\/users\/1"}],"replies":[{"embeddable":true,"href":"https:\/\/brioultrasonics.com\/fr\/wp-json\/wp\/v2\/comments?post=59518"}],"version-history":[{"count":4,"href":"https:\/\/brioultrasonics.com\/fr\/wp-json\/wp\/v2\/pages\/59518\/revisions"}],"predecessor-version":[{"id":66073,"href":"https:\/\/brioultrasonics.com\/fr\/wp-json\/wp\/v2\/pages\/59518\/revisions\/66073"}],"wp:attachment":[{"href":"https:\/\/brioultrasonics.com\/fr\/wp-json\/wp\/v2\/media?parent=59518"}],"curies":[{"name":"wp","href":"https:\/\/api.w.org\/{rel}","templated":true}]}}