{"id":59366,"date":"2024-04-18T00:50:53","date_gmt":"2024-04-17T22:50:53","guid":{"rendered":"https:\/\/quizzical-gagarin.31-170-100-185.plesk.page\/entreprise\/"},"modified":"2024-11-12T13:33:27","modified_gmt":"2024-11-12T12:33:27","slug":"entreprise","status":"publish","type":"page","link":"https:\/\/brioultrasonics.com\/fr\/entreprise\/","title":{"rendered":"Entreprise"},"content":{"rendered":"\t\t<div data-elementor-type=\"wp-page\" data-elementor-id=\"59366\" class=\"elementor elementor-59366 elementor-27\" data-elementor-post-type=\"page\">\n\t\t\t\t<div class=\"elementor-element elementor-element-1569a192 e-flex e-con-boxed e-con e-parent\" data-id=\"1569a192\" data-element_type=\"container\" data-e-type=\"container\" data-settings=\"{&quot;background_background&quot;:&quot;classic&quot;}\">\n\t\t\t\t\t<div class=\"e-con-inner\">\n\t\t\t\t<div class=\"elementor-element elementor-element-2c4f1012 elementor-invisible elementor-widget elementor-widget-heading\" data-id=\"2c4f1012\" data-element_type=\"widget\" data-e-type=\"widget\" data-settings=\"{&quot;_animation&quot;:&quot;fadeIn&quot;}\" data-widget_type=\"heading.default\">\n\t\t\t\t<div class=\"elementor-widget-container\">\n\t\t\t\t\t<h1 class=\"elementor-heading-title elementor-size-default\">A&amp;J TECNO INNOVACIONS - BRIO Ultrasonics<\/h1>\t\t\t\t<\/div>\n\t\t\t\t<\/div>\n\t\t\t\t\t<\/div>\n\t\t\t\t<\/div>\n\t\t<div class=\"elementor-element elementor-element-9e87ed8 e-flex e-con-boxed e-con e-parent\" data-id=\"9e87ed8\" data-element_type=\"container\" data-e-type=\"container\">\n\t\t\t\t\t<div class=\"e-con-inner\">\n\t\t<div class=\"elementor-element elementor-element-5e15d72 e-con-full animated-slow e-flex elementor-invisible e-con e-child\" data-id=\"5e15d72\" data-element_type=\"container\" data-e-type=\"container\" data-settings=\"{&quot;background_background&quot;:&quot;classic&quot;,&quot;animation&quot;:&quot;fadeIn&quot;}\">\n\t\t\t\t<\/div>\n\t\t<div class=\"elementor-element elementor-element-7d303e8 e-con-full e-flex e-con e-child\" data-id=\"7d303e8\" data-element_type=\"container\" data-e-type=\"container\">\n\t\t\t\t<div class=\"elementor-element elementor-element-5d8b851 elementor-widget elementor-widget-heading\" data-id=\"5d8b851\" data-element_type=\"widget\" data-e-type=\"widget\" data-widget_type=\"heading.default\">\n\t\t\t\t<div class=\"elementor-widget-container\">\n\t\t\t\t\t<h2 class=\"elementor-heading-title elementor-size-default\">Nous<\/h2>\t\t\t\t<\/div>\n\t\t\t\t<\/div>\n\t\t\t\t<div class=\"elementor-element elementor-element-e0468f2 elementor-widget elementor-widget-text-editor\" data-id=\"e0468f2\" data-element_type=\"widget\" data-e-type=\"widget\" data-widget_type=\"text-editor.default\">\n\t\t\t\t<div class=\"elementor-widget-container\">\n\t\t\t\t\t\t\t\t\t<p>Depuis plus de 30 ans, l&rsquo;\u00e9quipe d&rsquo;A&amp;J Tecno Innovacions S.L. se consacre \u00e0 la conception, \u00e0 la fabrication et \u00e0 la vente nationale et internationale de machines de nettoyage industriel, notamment par <a href=\"https:\/\/brioultrasonics.com\/fr\/machines-et-solutions-a-ultrasons\/\">ultrasons<\/a>.<\/p>\n<p>Nous nous sommes toujours caract\u00e9ris\u00e9s par une forte concentration en R&amp;D&amp;I et par un souci constant de r\u00e9duire l\u2019impact environnemental et le co\u00fbt \u00e9nerg\u00e9tique de chaque application tout en maintenant les meilleurs r\u00e9sultats.<\/p>\n<p>BRIO AJTECNO ULTRASONICS est la marque sous laquelle nous rassemblons tous nos \u00e9quipements et technologies de nettoyage par ultrasons. BRIO, un nom qui repr\u00e9sente nos valeurs de fiabilit\u00e9, d&rsquo;efficacit\u00e9 \u00e9nerg\u00e9tique et de finitions propres sup\u00e9rieures. Le fruit d&rsquo;ann\u00e9es de recherche et d&rsquo;am\u00e9lioration constante dans ce domaine, dans lesquelles nous avons r\u00e9alis\u00e9 des innovations exclusives dont disposent nos \u00e9quipes.  <\/p>\n\t\t\t\t\t\t\t\t<\/div>\n\t\t\t\t<\/div>\n\t\t\t\t<\/div>\n\t\t<div class=\"elementor-element elementor-element-9acb674 e-con-full animated-slow e-flex elementor-invisible e-con e-child\" data-id=\"9acb674\" data-element_type=\"container\" data-e-type=\"container\" data-settings=\"{&quot;background_background&quot;:&quot;classic&quot;,&quot;animation&quot;:&quot;fadeIn&quot;}\">\n\t\t\t\t<\/div>\n\t\t<div class=\"elementor-element elementor-element-0b3e13c e-con-full e-flex e-con e-child\" data-id=\"0b3e13c\" data-element_type=\"container\" data-e-type=\"container\">\n\t\t\t\t<div class=\"elementor-element elementor-element-333c0b3 elementor-widget elementor-widget-heading\" data-id=\"333c0b3\" data-element_type=\"widget\" data-e-type=\"widget\" data-widget_type=\"heading.default\">\n\t\t\t\t<div class=\"elementor-widget-container\">\n\t\t\t\t\t<h2 class=\"elementor-heading-title elementor-size-default\">BRIO Ultrasons\ndans le monde<\/h2>\t\t\t\t<\/div>\n\t\t\t\t<\/div>\n\t\t\t\t<div class=\"elementor-element elementor-element-16663f0 elementor-widget elementor-widget-text-editor\" data-id=\"16663f0\" data-element_type=\"widget\" data-e-type=\"widget\" data-widget_type=\"text-editor.default\">\n\t\t\t\t<div class=\"elementor-widget-container\">\n\t\t\t\t\t\t\t\t\t<p>Nous fabriquons des machines de nettoyage pour des entreprises du monde entier. La Norv\u00e8ge, le Royaume-Uni, la R\u00e9publique tch\u00e8que, la Colombie, l&rsquo;\u00c9quateur, le Chili, le Portugal et le Maroc ne sont que quelques-uns des pays vers lesquels nous avons export\u00e9 nos \u00e9quipements. <\/p>\n<p>Notre objectif est de nous faire conna\u00eetre dans le monde entier afin que notre technologie exclusive de nettoyage par ultrasons BRIO puisse servir toutes les entreprises qui en ont besoin, quel que soit leur origine ou leur secteur.<\/p>\n\t\t\t\t\t\t\t\t<\/div>\n\t\t\t\t<\/div>\n\t\t\t\t<\/div>\n\t\t\t\t\t<\/div>\n\t\t\t\t<\/div>\n\t\t<div class=\"elementor-element elementor-element-24b022e e-con-full e-flex e-con e-parent\" data-id=\"24b022e\" data-element_type=\"container\" data-e-type=\"container\">\n\t\t<div class=\"elementor-element elementor-element-2d0e107 e-con-full e-flex e-con e-child\" data-id=\"2d0e107\" data-element_type=\"container\" data-e-type=\"container\">\n\t\t\t\t<div class=\"elementor-element elementor-element-4a6930d elementor-widget elementor-widget-heading\" data-id=\"4a6930d\" data-element_type=\"widget\" data-e-type=\"widget\" data-widget_type=\"heading.default\">\n\t\t\t\t<div class=\"elementor-widget-container\">\n\t\t\t\t\t<h2 class=\"elementor-heading-title elementor-size-default\">Valeurs<\/h2>\t\t\t\t<\/div>\n\t\t\t\t<\/div>\n\t\t\t\t<div class=\"elementor-element elementor-element-4342024 elementor-widget elementor-widget-text-editor\" data-id=\"4342024\" data-element_type=\"widget\" data-e-type=\"widget\" data-widget_type=\"text-editor.default\">\n\t\t\t\t<div class=\"elementor-widget-container\">\n\t\t\t\t\t\t\t\t\t<p>Engagement. Garantie. Adaptabilit\u00e9. Ce sont les valeurs qui d\u00e9finissent la culture de BRIO, un guide pour notre travail quotidien.   <\/p>\n\t\t\t\t\t\t\t\t<\/div>\n\t\t\t\t<\/div>\n\t\t\t\t<\/div>\n\t\t<div class=\"elementor-element elementor-element-85e846f e-con-full e-flex elementor-invisible e-con e-child\" data-id=\"85e846f\" data-element_type=\"container\" data-e-type=\"container\" data-settings=\"{&quot;background_background&quot;:&quot;classic&quot;,&quot;animation&quot;:&quot;fadeIn&quot;,&quot;animation_delay&quot;:50}\">\n\t\t\t\t<\/div>\n\t\t<div class=\"elementor-element elementor-element-ce1b1a2 e-con-full e-flex e-con e-child\" data-id=\"ce1b1a2\" data-element_type=\"container\" data-e-type=\"container\">\n\t\t\t\t<div class=\"elementor-element elementor-element-0cc480d elementor-widget elementor-widget-heading\" data-id=\"0cc480d\" data-element_type=\"widget\" data-e-type=\"widget\" data-widget_type=\"heading.default\">\n\t\t\t\t<div class=\"elementor-widget-container\">\n\t\t\t\t\t<h2 class=\"elementor-heading-title elementor-size-default\">Mission<\/h2>\t\t\t\t<\/div>\n\t\t\t\t<\/div>\n\t\t\t\t<div class=\"elementor-element elementor-element-90b3486 elementor-widget elementor-widget-text-editor\" data-id=\"90b3486\" data-element_type=\"widget\" data-e-type=\"widget\" data-widget_type=\"text-editor.default\">\n\t\t\t\t<div class=\"elementor-widget-container\">\n\t\t\t\t\t\t\t\t\t<p>Fournir \u00e0 l&rsquo;industrie des \u00e9quipements de nettoyage, avec des innovations qui am\u00e9liorent la productivit\u00e9, l&rsquo;efficacit\u00e9 \u00e9nerg\u00e9tique et le respect de <a href=\"https:\/\/european-union.europa.eu\/priorities-and-actions\/actions-topic\/environment_es\" rel=\"noopener\">l&rsquo;environnement<\/a> des entreprises.<\/p>\n\t\t\t\t\t\t\t\t<\/div>\n\t\t\t\t<\/div>\n\t\t\t\t<\/div>\n\t\t<div class=\"elementor-element elementor-element-cb75ae4 e-con-full e-flex elementor-invisible e-con e-child\" data-id=\"cb75ae4\" data-element_type=\"container\" data-e-type=\"container\" data-settings=\"{&quot;background_background&quot;:&quot;classic&quot;,&quot;animation&quot;:&quot;fadeIn&quot;,&quot;animation_delay&quot;:50}\">\n\t\t\t\t<\/div>\n\t\t\t\t<\/div>\n\t\t\t\t<\/div>\n\t\t","protected":false},"excerpt":{"rendered":"<p>A&amp;J TECNO INNOVACIONS &#8211; BRIO Ultrasonics Nous Depuis plus de 30 ans, l&rsquo;\u00e9quipe d&rsquo;A&amp;J Tecno Innovacions S.L. se consacre \u00e0 la conception, \u00e0 la fabrication et \u00e0 la vente nationale et internationale de machines de nettoyage industriel, notamment par ultrasons. Nous nous sommes toujours caract\u00e9ris\u00e9s par une forte concentration en R&amp;D&amp;I et par un souci [&hellip;]<\/p>\n","protected":false},"author":1,"featured_media":0,"parent":0,"menu_order":0,"comment_status":"closed","ping_status":"closed","template":"","meta":{"_joinchat":[],"footnotes":""},"class_list":["post-59366","page","type-page","status-publish","hentry"],"_links":{"self":[{"href":"https:\/\/brioultrasonics.com\/fr\/wp-json\/wp\/v2\/pages\/59366","targetHints":{"allow":["GET"]}}],"collection":[{"href":"https:\/\/brioultrasonics.com\/fr\/wp-json\/wp\/v2\/pages"}],"about":[{"href":"https:\/\/brioultrasonics.com\/fr\/wp-json\/wp\/v2\/types\/page"}],"author":[{"embeddable":true,"href":"https:\/\/brioultrasonics.com\/fr\/wp-json\/wp\/v2\/users\/1"}],"replies":[{"embeddable":true,"href":"https:\/\/brioultrasonics.com\/fr\/wp-json\/wp\/v2\/comments?post=59366"}],"version-history":[{"count":2,"href":"https:\/\/brioultrasonics.com\/fr\/wp-json\/wp\/v2\/pages\/59366\/revisions"}],"predecessor-version":[{"id":63833,"href":"https:\/\/brioultrasonics.com\/fr\/wp-json\/wp\/v2\/pages\/59366\/revisions\/63833"}],"wp:attachment":[{"href":"https:\/\/brioultrasonics.com\/fr\/wp-json\/wp\/v2\/media?parent=59366"}],"curies":[{"name":"wp","href":"https:\/\/api.w.org\/{rel}","templated":true}]}}