{"id":59219,"date":"2024-05-22T10:56:00","date_gmt":"2024-05-22T08:56:00","guid":{"rendered":"https:\/\/quizzical-gagarin.31-170-100-185.plesk.page\/clients\/"},"modified":"2025-06-20T15:15:44","modified_gmt":"2025-06-20T13:15:44","slug":"clients","status":"publish","type":"page","link":"https:\/\/brioultrasonics.com\/fr\/clients\/","title":{"rendered":"Clients"},"content":{"rendered":"\t\t<div data-elementor-type=\"wp-page\" data-elementor-id=\"59219\" class=\"elementor elementor-59219 elementor-1822\" data-elementor-post-type=\"page\">\n\t\t\t\t<div class=\"elementor-element elementor-element-b00ea7d e-flex e-con-boxed e-con e-parent\" data-id=\"b00ea7d\" data-element_type=\"container\" data-e-type=\"container\">\n\t\t\t\t\t<div class=\"e-con-inner\">\n\t\t\t\t<div class=\"elementor-element elementor-element-0286881 elementor-widget elementor-widget-heading\" data-id=\"0286881\" data-element_type=\"widget\" data-e-type=\"widget\" data-widget_type=\"heading.default\">\n\t\t\t\t<div class=\"elementor-widget-container\">\n\t\t\t\t\t<h2 class=\"elementor-heading-title elementor-size-default\"> <b>Clients<\/b><\/h2>\t\t\t\t<\/div>\n\t\t\t\t<\/div>\n\t\t\t\t\t<\/div>\n\t\t\t\t<\/div>\n\t\t<div class=\"elementor-element elementor-element-2595a6b e-flex e-con-boxed e-con e-parent\" data-id=\"2595a6b\" data-element_type=\"container\" data-e-type=\"container\">\n\t\t\t\t\t<div class=\"e-con-inner\">\n\t\t\t\t<div class=\"elementor-element elementor-element-d2f87c0 elementor-widget elementor-widget-heading\" data-id=\"d2f87c0\" data-element_type=\"widget\" data-e-type=\"widget\" data-widget_type=\"heading.default\">\n\t\t\t\t<div class=\"elementor-widget-container\">\n\t\t\t\t\t<h1 class=\"elementor-heading-title elementor-size-default\"><b>Histoires de r\u00e9ussite<\/b> chez BRIO Ultrasonics<\/h1>\t\t\t\t<\/div>\n\t\t\t\t<\/div>\n\t\t\t\t<div class=\"elementor-element elementor-element-1c8b0fd elementor-widget__width-initial elementor-widget-mobile__width-inherit elementor-widget elementor-widget-text-editor\" data-id=\"1c8b0fd\" data-element_type=\"widget\" data-e-type=\"widget\" data-widget_type=\"text-editor.default\">\n\t\t\t\t<div class=\"elementor-widget-container\">\n\t\t\t\t\t\t\t\t\t<p>Nous travaillons avec de grandes multinationales et <a href=\"https:\/\/es.wikipedia.org\/wiki\/Peque%C3%B1a_y_mediana_empresa\" rel=\"noopener\">PME <\/a>soucieuses de r\u00e9duire leur<a href=\"https:\/\/brioultrasonics.com\/fr\/efficacite-energetique\/\"> consommation d&rsquo;\u00e9nergie<\/a>, d&rsquo;acc\u00e9l\u00e9rer leurs processus de production et d&rsquo;obtenir des r\u00e9sultats de nettoyage optimaux en un temps record.<\/p>\t\t\t\t\t\t\t\t<\/div>\n\t\t\t\t<\/div>\n\t\t\t\t\t<\/div>\n\t\t\t\t<\/div>\n\t\t<div class=\"elementor-element elementor-element-c527157 e-flex e-con-boxed e-con e-parent\" data-id=\"c527157\" data-element_type=\"container\" data-e-type=\"container\" data-settings=\"{&quot;background_background&quot;:&quot;classic&quot;}\">\n\t\t\t\t\t<div class=\"e-con-inner\">\n\t\t<div class=\"elementor-element elementor-element-89e8319 e-con-full e-flex e-con e-child\" data-id=\"89e8319\" data-element_type=\"container\" data-e-type=\"container\">\n\t\t\t\t<div class=\"elementor-element elementor-element-6e98b77 elementor-widget elementor-widget-image\" data-id=\"6e98b77\" data-element_type=\"widget\" data-e-type=\"widget\" data-widget_type=\"image.default\">\n\t\t\t\t<div class=\"elementor-widget-container\">\n\t\t\t\t\t\t\t\t\t\t\t\t\t\t\t<img decoding=\"async\" src=\"https:\/\/brioultrasonics.com\/wp-content\/uploads\/elementor\/thumbs\/ITP-Aero-e1750074895525-r7e46m5jmxc4nqz2pweum979eydi9xoctx1p9honxk.png\" title=\"ITP Aero\" alt=\"ITP Aero\" loading=\"lazy\" \/>\t\t\t\t\t\t\t\t\t\t\t\t\t\t\t<\/div>\n\t\t\t\t<\/div>\n\t\t\t\t<div class=\"elementor-element elementor-element-e4f2e95 elementor-widget elementor-widget-image\" data-id=\"e4f2e95\" data-element_type=\"widget\" data-e-type=\"widget\" data-widget_type=\"image.default\">\n\t\t\t\t<div class=\"elementor-widget-container\">\n\t\t\t\t\t\t\t\t\t\t\t\t\t\t\t<img decoding=\"async\" width=\"183\" height=\"49\" src=\"https:\/\/brioultrasonics.com\/wp-content\/uploads\/2024\/04\/clientes-color_0000s_0008_CAT.png\" class=\"attachment-large size-large wp-image-57442\" alt=\"cat\" title=\"\">\t\t\t\t\t\t\t\t\t\t\t\t\t\t\t<\/div>\n\t\t\t\t<\/div>\n\t\t\t\t<div class=\"elementor-element elementor-element-9a85f06 elementor-widget elementor-widget-image\" data-id=\"9a85f06\" data-element_type=\"widget\" data-e-type=\"widget\" data-widget_type=\"image.default\">\n\t\t\t\t<div class=\"elementor-widget-container\">\n\t\t\t\t\t\t\t\t\t\t\t\t\t\t\t<img decoding=\"async\" width=\"183\" height=\"49\" src=\"https:\/\/brioultrasonics.com\/wp-content\/uploads\/2024\/05\/AVIA.png\" class=\"attachment-large size-large wp-image-58338\" alt=\"avia\" title=\"\">\t\t\t\t\t\t\t\t\t\t\t\t\t\t\t<\/div>\n\t\t\t\t<\/div>\n\t\t\t\t<div class=\"elementor-element elementor-element-1320d4a elementor-widget elementor-widget-image\" data-id=\"1320d4a\" data-element_type=\"widget\" data-e-type=\"widget\" data-widget_type=\"image.default\">\n\t\t\t\t<div class=\"elementor-widget-container\">\n\t\t\t\t\t\t\t\t\t\t\t\t\t\t\t<img decoding=\"async\" src=\"https:\/\/brioultrasonics.com\/wp-content\/uploads\/elementor\/thumbs\/Logo-Panelfisa-r7e35fndaugo3wzrbxussapw31b4ps1cy4b0wwlq3g.jpg\" title=\"Logo Panelfisa\" alt=\"Logo Panelfisa\" loading=\"lazy\" \/>\t\t\t\t\t\t\t\t\t\t\t\t\t\t\t<\/div>\n\t\t\t\t<\/div>\n\t\t\t\t<div class=\"elementor-element elementor-element-41ea3e1 elementor-widget elementor-widget-image\" data-id=\"41ea3e1\" data-element_type=\"widget\" data-e-type=\"widget\" data-widget_type=\"image.default\">\n\t\t\t\t<div class=\"elementor-widget-container\">\n\t\t\t\t\t\t\t\t\t\t\t\t\t\t\t<img decoding=\"async\" src=\"https:\/\/brioultrasonics.com\/wp-content\/uploads\/elementor\/thumbs\/CMP-Automotive-Group-logo-r7e35n641dhz5bhuor9u4k2wwud6we4z18dhu4gdu6.jpg\" title=\"CMP Automotive Group logo\" alt=\"CMP Automotive Group logo\" loading=\"lazy\" \/>\t\t\t\t\t\t\t\t\t\t\t\t\t\t\t<\/div>\n\t\t\t\t<\/div>\n\t\t\t\t<\/div>\n\t\t<div class=\"elementor-element elementor-element-5603e7e e-con-full e-flex e-con e-child\" data-id=\"5603e7e\" data-element_type=\"container\" data-e-type=\"container\">\n\t\t\t\t<div class=\"elementor-element elementor-element-2454f9a elementor-widget elementor-widget-image\" data-id=\"2454f9a\" data-element_type=\"widget\" data-e-type=\"widget\" data-widget_type=\"image.default\">\n\t\t\t\t<div class=\"elementor-widget-container\">\n\t\t\t\t\t\t\t\t\t\t\t\t\t\t\t<img decoding=\"async\" src=\"https:\/\/brioultrasonics.com\/wp-content\/uploads\/elementor\/thumbs\/ZimVie-r7e33sfjy7kooas2h1byx1f0eqmf0y5rgwicp9876w.png\" title=\"ZimVie\" alt=\"ZimVie\" loading=\"lazy\" \/>\t\t\t\t\t\t\t\t\t\t\t\t\t\t\t<\/div>\n\t\t\t\t<\/div>\n\t\t\t\t<div class=\"elementor-element elementor-element-905f076 elementor-widget elementor-widget-image\" data-id=\"905f076\" data-element_type=\"widget\" data-e-type=\"widget\" data-widget_type=\"image.default\">\n\t\t\t\t<div class=\"elementor-widget-container\">\n\t\t\t\t\t\t\t\t\t\t\t\t\t\t\t<img decoding=\"async\" src=\"https:\/\/brioultrasonics.com\/wp-content\/uploads\/elementor\/thumbs\/ZimmerBiomet-r7e33kwv1gobo4hpqd6b5kthzej70ay6f0u4x9ih4y.png\" title=\"ZimmerBiomet\" alt=\"ZimmerBiomet\" loading=\"lazy\" \/>\t\t\t\t\t\t\t\t\t\t\t\t\t\t\t<\/div>\n\t\t\t\t<\/div>\n\t\t\t\t<div class=\"elementor-element elementor-element-a71e3a8 elementor-widget elementor-widget-image\" data-id=\"a71e3a8\" data-element_type=\"widget\" data-e-type=\"widget\" data-widget_type=\"image.default\">\n\t\t\t\t<div class=\"elementor-widget-container\">\n\t\t\t\t\t\t\t\t\t\t\t\t\t\t\t<img decoding=\"async\" src=\"https:\/\/brioultrasonics.com\/wp-content\/uploads\/elementor\/thumbs\/Logo-SILVANT-Groupe-r7e33zy8uyh1oh2f7phmoi0iu2pn1ldcis6kh8xxlm.png\" title=\"Logo SILVANT Groupe\" alt=\"Logo SILVANT Groupe\" loading=\"lazy\" \/>\t\t\t\t\t\t\t\t\t\t\t\t\t\t\t<\/div>\n\t\t\t\t<\/div>\n\t\t\t\t<div class=\"elementor-element elementor-element-16e089c elementor-widget elementor-widget-image\" data-id=\"16e089c\" data-element_type=\"widget\" data-e-type=\"widget\" data-widget_type=\"image.default\">\n\t\t\t\t<div class=\"elementor-widget-container\">\n\t\t\t\t\t\t\t\t\t\t\t\t\t\t\t<img decoding=\"async\" width=\"183\" height=\"49\" src=\"https:\/\/brioultrasonics.com\/wp-content\/uploads\/2024\/04\/clientes-color_0000s_0000_Ford-logo-1929-1440x900-1.png\" class=\"attachment-large size-large wp-image-57450\" alt=\"ford\" title=\"\">\t\t\t\t\t\t\t\t\t\t\t\t\t\t\t<\/div>\n\t\t\t\t<\/div>\n\t\t\t\t<div class=\"elementor-element elementor-element-79bbaa0 elementor-widget elementor-widget-image\" data-id=\"79bbaa0\" data-element_type=\"widget\" data-e-type=\"widget\" data-widget_type=\"image.default\">\n\t\t\t\t<div class=\"elementor-widget-container\">\n\t\t\t\t\t\t\t\t\t\t\t\t\t\t\t<img loading=\"lazy\" decoding=\"async\" width=\"183\" height=\"49\" src=\"https:\/\/brioultrasonics.com\/wp-content\/uploads\/2024\/04\/clientes-color_0000s_0006_Bosch_logo.png\" class=\"attachment-large size-large wp-image-57446\" alt=\"bosch\" title=\"\">\t\t\t\t\t\t\t\t\t\t\t\t\t\t\t<\/div>\n\t\t\t\t<\/div>\n\t\t\t\t<div class=\"elementor-element elementor-element-dcb2f7d elementor-widget elementor-widget-image\" data-id=\"dcb2f7d\" data-element_type=\"widget\" data-e-type=\"widget\" data-widget_type=\"image.default\">\n\t\t\t\t<div class=\"elementor-widget-container\">\n\t\t\t\t\t\t\t\t\t\t\t\t\t\t\t<img loading=\"lazy\" decoding=\"async\" width=\"200\" height=\"200\" src=\"https:\/\/brioultrasonics.com\/wp-content\/uploads\/2025\/06\/WEFA-Gmbh-e1750075586730.jpeg\" class=\"attachment-large size-large wp-image-68628\" alt=\"\" title=\"\">\t\t\t\t\t\t\t\t\t\t\t\t\t\t\t<\/div>\n\t\t\t\t<\/div>\n\t\t\t\t<div class=\"elementor-element elementor-element-29b41ed elementor-widget elementor-widget-image\" data-id=\"29b41ed\" data-element_type=\"widget\" data-e-type=\"widget\" data-widget_type=\"image.default\">\n\t\t\t\t<div class=\"elementor-widget-container\">\n\t\t\t\t\t\t\t\t\t\t\t\t\t\t\t<img decoding=\"async\" src=\"https:\/\/brioultrasonics.com\/wp-content\/uploads\/elementor\/thumbs\/Logo-BIO-Circle-r7e34mie0wpuztkdlec14ttrf2i5v9h691dw23zm14.png\" title=\"Logo BIO-Circle\" alt=\"Logo BIO-Circle\" loading=\"lazy\" \/>\t\t\t\t\t\t\t\t\t\t\t\t\t\t\t<\/div>\n\t\t\t\t<\/div>\n\t\t\t\t<\/div>\n\t\t<div class=\"elementor-element elementor-element-df0d1d3 e-con-full e-flex e-con e-child\" data-id=\"df0d1d3\" data-element_type=\"container\" data-e-type=\"container\">\n\t\t\t\t<div class=\"elementor-element elementor-element-e4af053 elementor-widget elementor-widget-image\" data-id=\"e4af053\" data-element_type=\"widget\" data-e-type=\"widget\" data-widget_type=\"image.default\">\n\t\t\t\t<div class=\"elementor-widget-container\">\n\t\t\t\t\t\t\t\t\t\t\t\t\t\t\t<img decoding=\"async\" src=\"https:\/\/brioultrasonics.com\/wp-content\/uploads\/2025\/06\/Eckerman-implant-system-logo-e1750075389654.png\" title=\"Eckerman implant system logo\" alt=\"Eckerman implant system logo\" loading=\"lazy\" \/>\t\t\t\t\t\t\t\t\t\t\t\t\t\t\t<\/div>\n\t\t\t\t<\/div>\n\t\t\t\t<div class=\"elementor-element elementor-element-0734e00 elementor-widget elementor-widget-image\" data-id=\"0734e00\" data-element_type=\"widget\" data-e-type=\"widget\" data-widget_type=\"image.default\">\n\t\t\t\t<div class=\"elementor-widget-container\">\n\t\t\t\t\t\t\t\t\t\t\t\t\t\t\t<img decoding=\"async\" src=\"https:\/\/brioultrasonics.com\/wp-content\/uploads\/elementor\/thumbs\/Janssen-Pharmaceutical-Johnson-Johnson-logo-e1750074783345-r7e43ovmzepy44mpu1zznh9t7jo40rooqlizkpzvxi.png\" title=\"Janssen Pharmaceutical Johnson &#038; Johnson logo\" alt=\"Janssen Pharmaceutical Johnson &amp; Johnson logo\" loading=\"lazy\" \/>\t\t\t\t\t\t\t\t\t\t\t\t\t\t\t<\/div>\n\t\t\t\t<\/div>\n\t\t\t\t<div class=\"elementor-element elementor-element-8cfc208 elementor-widget elementor-widget-image\" data-id=\"8cfc208\" data-element_type=\"widget\" data-e-type=\"widget\" data-widget_type=\"image.default\">\n\t\t\t\t<div class=\"elementor-widget-container\">\n\t\t\t\t\t\t\t\t\t\t\t\t\t\t\t<img loading=\"lazy\" decoding=\"async\" width=\"183\" height=\"49\" src=\"https:\/\/brioultrasonics.com\/wp-content\/uploads\/2024\/04\/clientes-color_0000s_0007_smurfit-kappa-logo.png\" class=\"attachment-large size-large wp-image-57454\" alt=\"smurfit kappa\" title=\"\">\t\t\t\t\t\t\t\t\t\t\t\t\t\t\t<\/div>\n\t\t\t\t<\/div>\n\t\t\t\t<div class=\"elementor-element elementor-element-fe7877c elementor-widget elementor-widget-image\" data-id=\"fe7877c\" data-element_type=\"widget\" data-e-type=\"widget\" data-widget_type=\"image.default\">\n\t\t\t\t<div class=\"elementor-widget-container\">\n\t\t\t\t\t\t\t\t\t\t\t\t\t\t\t<img decoding=\"async\" src=\"https:\/\/brioultrasonics.com\/wp-content\/uploads\/elementor\/thumbs\/Logo-Roquet-e1750074851507-r7e45gsnw55sbkgg2gu3han5u1zlbpx57h6pfba2xk.png\" title=\"Logo Roquet\" alt=\"Logo Roquet\" loading=\"lazy\" \/>\t\t\t\t\t\t\t\t\t\t\t\t\t\t\t<\/div>\n\t\t\t\t<\/div>\n\t\t\t\t<div class=\"elementor-element elementor-element-11c02ea elementor-widget elementor-widget-image\" data-id=\"11c02ea\" data-element_type=\"widget\" data-e-type=\"widget\" data-widget_type=\"image.default\">\n\t\t\t\t<div class=\"elementor-widget-container\">\n\t\t\t\t\t\t\t\t\t\t\t\t\t\t\t<img loading=\"lazy\" decoding=\"async\" width=\"183\" height=\"49\" src=\"https:\/\/brioultrasonics.com\/wp-content\/uploads\/2024\/05\/FCG.png\" class=\"attachment-large size-large wp-image-58342\" alt=\"fgc ferrocarrils\" title=\"\">\t\t\t\t\t\t\t\t\t\t\t\t\t\t\t<\/div>\n\t\t\t\t<\/div>\n\t\t\t\t<div class=\"elementor-element elementor-element-c48c7e4 elementor-widget elementor-widget-image\" data-id=\"c48c7e4\" data-element_type=\"widget\" data-e-type=\"widget\" data-widget_type=\"image.default\">\n\t\t\t\t<div class=\"elementor-widget-container\">\n\t\t\t\t\t\t\t\t\t\t\t\t\t\t\t<img decoding=\"async\" src=\"https:\/\/brioultrasonics.com\/wp-content\/uploads\/elementor\/thumbs\/Logo-Metagra-Group-r7e3592hz06t5r8vw8zq06mnckj9b2cgozhvij31cm.png\" title=\"Logo Metagra Group\" alt=\"Logo Metagra Group\" loading=\"lazy\" \/>\t\t\t\t\t\t\t\t\t\t\t\t\t\t\t<\/div>\n\t\t\t\t<\/div>\n\t\t\t\t<\/div>\n\t\t<div class=\"elementor-element elementor-element-a937dee e-con-full e-flex e-con e-child\" data-id=\"a937dee\" data-element_type=\"container\" data-e-type=\"container\">\n\t\t\t\t<div class=\"elementor-element elementor-element-77a2631 elementor-widget elementor-widget-image\" data-id=\"77a2631\" data-element_type=\"widget\" data-e-type=\"widget\" data-widget_type=\"image.default\">\n\t\t\t\t<div class=\"elementor-widget-container\">\n\t\t\t\t\t\t\t\t\t\t\t\t\t\t\t<img decoding=\"async\" src=\"https:\/\/brioultrasonics.com\/wp-content\/uploads\/elementor\/thumbs\/Logo-Real-casa-de-la-Moneda-Fabrica-Nacional-de-Moneda-y-Timbre-Espana-r7e34ir19kkppdpu7cpiuurx1j0p0h28wiry5056jw.png\" title=\"Logo Real casa de la Moneda F\u00e1brica Nacional de Moneda y Timbre Espa\u00f1a\" alt=\"Logo Real casa de la Moneda F\u00e1brica Nacional de Moneda y Timbre Espa\u00f1a\" loading=\"lazy\" \/>\t\t\t\t\t\t\t\t\t\t\t\t\t\t\t<\/div>\n\t\t\t\t<\/div>\n\t\t\t\t<div class=\"elementor-element elementor-element-69a958f elementor-widget elementor-widget-image\" data-id=\"69a958f\" data-element_type=\"widget\" data-e-type=\"widget\" data-widget_type=\"image.default\">\n\t\t\t\t<div class=\"elementor-widget-container\">\n\t\t\t\t\t\t\t\t\t\t\t\t\t\t\t<img decoding=\"async\" src=\"https:\/\/brioultrasonics.com\/wp-content\/uploads\/elementor\/thumbs\/Christeyns-logo-r7e34lkj85b0eagt0wz5bgumqxqtagjfyirbu1alfu.png\" title=\"Christeyns logo\" alt=\"Christeyns logo\" loading=\"lazy\" \/>\t\t\t\t\t\t\t\t\t\t\t\t\t\t\t<\/div>\n\t\t\t\t<\/div>\n\t\t\t\t<div class=\"elementor-element elementor-element-95b870a elementor-widget elementor-widget-image\" data-id=\"95b870a\" data-element_type=\"widget\" data-e-type=\"widget\" data-widget_type=\"image.default\">\n\t\t\t\t<div class=\"elementor-widget-container\">\n\t\t\t\t\t\t\t\t\t\t\t\t\t\t\t<img loading=\"lazy\" decoding=\"async\" width=\"183\" height=\"49\" src=\"https:\/\/brioultrasonics.com\/wp-content\/uploads\/2024\/04\/clientes-color_0000s_0003_logo-argal-white.png\" class=\"attachment-large size-large wp-image-57458\" alt=\"Argal\" title=\"\">\t\t\t\t\t\t\t\t\t\t\t\t\t\t\t<\/div>\n\t\t\t\t<\/div>\n\t\t\t\t<div class=\"elementor-element elementor-element-7fbcb08 elementor-widget elementor-widget-image\" data-id=\"7fbcb08\" data-element_type=\"widget\" data-e-type=\"widget\" data-widget_type=\"image.default\">\n\t\t\t\t<div class=\"elementor-widget-container\">\n\t\t\t\t\t\t\t\t\t\t\t\t\t\t\t<img loading=\"lazy\" decoding=\"async\" width=\"183\" height=\"49\" src=\"https:\/\/brioultrasonics.com\/wp-content\/uploads\/2024\/04\/clientes-color_0000s_0002_elpozo.png\" class=\"attachment-large size-large wp-image-57462\" alt=\"El pozo\" title=\"\">\t\t\t\t\t\t\t\t\t\t\t\t\t\t\t<\/div>\n\t\t\t\t<\/div>\n\t\t\t\t<div class=\"elementor-element elementor-element-51ed1f9 elementor-widget elementor-widget-image\" data-id=\"51ed1f9\" data-element_type=\"widget\" data-e-type=\"widget\" data-widget_type=\"image.default\">\n\t\t\t\t<div class=\"elementor-widget-container\">\n\t\t\t\t\t\t\t\t\t\t\t\t\t\t\t<img decoding=\"async\" src=\"https:\/\/brioultrasonics.com\/wp-content\/uploads\/elementor\/thumbs\/NCH-limpieza-r7e337r2fm5hrx202qo1zf5p09kdh1hv1enfmu9co8.jpeg\" title=\"NCH limpieza\" alt=\"NCH limpieza\" loading=\"lazy\" \/>\t\t\t\t\t\t\t\t\t\t\t\t\t\t\t<\/div>\n\t\t\t\t<\/div>\n\t\t\t\t<div class=\"elementor-element elementor-element-56ae2c2 elementor-widget elementor-widget-image\" data-id=\"56ae2c2\" data-element_type=\"widget\" data-e-type=\"widget\" data-widget_type=\"image.default\">\n\t\t\t\t<div class=\"elementor-widget-container\">\n\t\t\t\t\t\t\t\t\t\t\t\t\t\t\t<img decoding=\"async\" src=\"https:\/\/brioultrasonics.com\/wp-content\/uploads\/elementor\/thumbs\/Bulgari-Logo-r7e32uld46ad2c57ympef9yf0v97buffc90vfamdaq.png\" title=\"Bulgari Logo\" alt=\"Bulgari Logo\" loading=\"lazy\" \/>\t\t\t\t\t\t\t\t\t\t\t\t\t\t\t<\/div>\n\t\t\t\t<\/div>\n\t\t\t\t<\/div>\n\t\t\t\t\t<\/div>\n\t\t\t\t<\/div>\n\t\t<div class=\"elementor-element elementor-element-e666515 e-flex e-con-boxed e-con e-parent\" data-id=\"e666515\" data-element_type=\"container\" data-e-type=\"container\" data-settings=\"{&quot;background_background&quot;:&quot;classic&quot;}\">\n\t\t\t\t\t<div class=\"e-con-inner\">\n\t\t\t\t<div class=\"elementor-element elementor-element-1ae62be elementor-widget elementor-widget-heading\" data-id=\"1ae62be\" data-element_type=\"widget\" data-e-type=\"widget\" data-widget_type=\"heading.default\">\n\t\t\t\t<div class=\"elementor-widget-container\">\n\t\t\t\t\t<h2 class=\"elementor-heading-title elementor-size-default\">Partenaires  <b>clients<\/b><\/h2>\t\t\t\t<\/div>\n\t\t\t\t<\/div>\n\t\t\t\t\t<\/div>\n\t\t\t\t<\/div>\n\t\t<div class=\"elementor-element elementor-element-1455f3a e-flex e-con-boxed e-con e-parent\" data-id=\"1455f3a\" data-element_type=\"container\" data-e-type=\"container\" data-settings=\"{&quot;background_background&quot;:&quot;classic&quot;}\">\n\t\t\t\t\t<div class=\"e-con-inner\">\n\t\t<div class=\"elementor-element elementor-element-43038db e-con-full e-flex e-con e-child\" data-id=\"43038db\" data-element_type=\"container\" data-e-type=\"container\">\n\t\t\t\t<div class=\"elementor-element elementor-element-83780d3 elementor-widget elementor-widget-image\" data-id=\"83780d3\" data-element_type=\"widget\" data-e-type=\"widget\" data-widget_type=\"image.default\">\n\t\t\t\t<div class=\"elementor-widget-container\">\n\t\t\t\t\t\t\t\t\t\t\t\t\t\t\t<img loading=\"lazy\" decoding=\"async\" width=\"183\" height=\"49\" src=\"https:\/\/brioultrasonics.com\/wp-content\/uploads\/2024\/05\/clientes-color_0000s_0001_logo_ite.png\" class=\"attachment-large size-large wp-image-58350\" alt=\"ite\" title=\"\">\t\t\t\t\t\t\t\t\t\t\t\t\t\t\t<\/div>\n\t\t\t\t<\/div>\n\t\t\t\t<\/div>\n\t\t<div class=\"elementor-element elementor-element-67f161a e-con-full e-flex e-con e-child\" data-id=\"67f161a\" data-element_type=\"container\" data-e-type=\"container\">\n\t\t\t\t<div class=\"elementor-element elementor-element-cfc15f3 elementor-widget elementor-widget-image\" data-id=\"cfc15f3\" data-element_type=\"widget\" data-e-type=\"widget\" data-widget_type=\"image.default\">\n\t\t\t\t<div class=\"elementor-widget-container\">\n\t\t\t\t\t\t\t\t\t\t\t\t\t\t\t<img loading=\"lazy\" decoding=\"async\" width=\"183\" height=\"49\" src=\"https:\/\/brioultrasonics.com\/wp-content\/uploads\/2024\/05\/henkel.png\" class=\"attachment-large size-large wp-image-58346\" alt=\"henkel\" title=\"\">\t\t\t\t\t\t\t\t\t\t\t\t\t\t\t<\/div>\n\t\t\t\t<\/div>\n\t\t\t\t<\/div>\n\t\t<div class=\"elementor-element elementor-element-8447afc e-con-full e-flex e-con e-child\" data-id=\"8447afc\" data-element_type=\"container\" data-e-type=\"container\">\n\t\t\t\t<\/div>\n\t\t<div class=\"elementor-element elementor-element-90701e0 e-con-full e-flex e-con e-child\" data-id=\"90701e0\" data-element_type=\"container\" data-e-type=\"container\">\n\t\t\t\t<\/div>\n\t\t\t\t\t<\/div>\n\t\t\t\t<\/div>\n\t\t\t\t<\/div>\n\t\t","protected":false},"excerpt":{"rendered":"<p>Clients Histoires de r\u00e9ussite chez BRIO Ultrasonics Nous travaillons avec de grandes multinationales et PME soucieuses de r\u00e9duire leur consommation d&rsquo;\u00e9nergie, d&rsquo;acc\u00e9l\u00e9rer leurs processus de production et d&rsquo;obtenir des r\u00e9sultats de nettoyage optimaux en un temps record. Partenaires clients<\/p>\n","protected":false},"author":1,"featured_media":0,"parent":0,"menu_order":0,"comment_status":"closed","ping_status":"closed","template":"","meta":{"_joinchat":[],"footnotes":""},"class_list":["post-59219","page","type-page","status-publish","hentry"],"_links":{"self":[{"href":"https:\/\/brioultrasonics.com\/fr\/wp-json\/wp\/v2\/pages\/59219","targetHints":{"allow":["GET"]}}],"collection":[{"href":"https:\/\/brioultrasonics.com\/fr\/wp-json\/wp\/v2\/pages"}],"about":[{"href":"https:\/\/brioultrasonics.com\/fr\/wp-json\/wp\/v2\/types\/page"}],"author":[{"embeddable":true,"href":"https:\/\/brioultrasonics.com\/fr\/wp-json\/wp\/v2\/users\/1"}],"replies":[{"embeddable":true,"href":"https:\/\/brioultrasonics.com\/fr\/wp-json\/wp\/v2\/comments?post=59219"}],"version-history":[{"count":6,"href":"https:\/\/brioultrasonics.com\/fr\/wp-json\/wp\/v2\/pages\/59219\/revisions"}],"predecessor-version":[{"id":69034,"href":"https:\/\/brioultrasonics.com\/fr\/wp-json\/wp\/v2\/pages\/59219\/revisions\/69034"}],"wp:attachment":[{"href":"https:\/\/brioultrasonics.com\/fr\/wp-json\/wp\/v2\/media?parent=59219"}],"curies":[{"name":"wp","href":"https:\/\/api.w.org\/{rel}","templated":true}]}}