{"id":59213,"date":"2024-05-30T12:13:52","date_gmt":"2024-05-30T10:13:52","guid":{"rendered":"https:\/\/quizzical-gagarin.31-170-100-185.plesk.page\/avis-legal\/"},"modified":"2024-12-02T11:48:31","modified_gmt":"2024-12-02T10:48:31","slug":"avis-legal","status":"publish","type":"page","link":"https:\/\/brioultrasonics.com\/fr\/avis-legal\/","title":{"rendered":"Avis l\u00e9gal"},"content":{"rendered":"\t\t<div data-elementor-type=\"wp-page\" data-elementor-id=\"59213\" class=\"elementor elementor-59213 elementor-2385\" data-elementor-post-type=\"page\">\n\t\t\t\t<div class=\"elementor-element elementor-element-6ac756c e-flex e-con-boxed e-con e-parent\" data-id=\"6ac756c\" data-element_type=\"container\" data-e-type=\"container\">\n\t\t\t\t\t<div class=\"e-con-inner\">\n\t\t<div class=\"elementor-element elementor-element-370d85f e-con-full e-flex e-con e-child\" data-id=\"370d85f\" data-element_type=\"container\" data-e-type=\"container\">\n\t\t\t\t<div class=\"elementor-element elementor-element-b1a993d elementor-widget elementor-widget-heading\" data-id=\"b1a993d\" data-element_type=\"widget\" data-e-type=\"widget\" data-widget_type=\"heading.default\">\n\t\t\t\t<div class=\"elementor-widget-container\">\n\t\t\t\t\t<h1 class=\"elementor-heading-title elementor-size-default\">Avis l\u00e9gal<\/h1>\t\t\t\t<\/div>\n\t\t\t\t<\/div>\n\t\t\t\t<\/div>\n\t\t\t\t\t<\/div>\n\t\t\t\t<\/div>\n\t\t<div class=\"elementor-element elementor-element-d391169 e-flex e-con-boxed e-con e-parent\" data-id=\"d391169\" data-element_type=\"container\" data-e-type=\"container\">\n\t\t\t\t\t<div class=\"e-con-inner\">\n\t\t<div class=\"elementor-element elementor-element-a5ae1cc e-con-full e-flex e-con e-child\" data-id=\"a5ae1cc\" data-element_type=\"container\" data-e-type=\"container\">\n\t\t\t\t<div class=\"elementor-element elementor-element-682d763 elementor-widget elementor-widget-heading\" data-id=\"682d763\" data-element_type=\"widget\" data-e-type=\"widget\" data-widget_type=\"heading.default\">\n\t\t\t\t<div class=\"elementor-widget-container\">\n\t\t\t\t\t<h2 class=\"elementor-heading-title elementor-size-default\">Introduction - Mentions l\u00e9gales <\/h2>\t\t\t\t<\/div>\n\t\t\t\t<\/div>\n\t\t\t\t<\/div>\n\t\t<div class=\"elementor-element elementor-element-fb89be6 e-con-full e-flex e-con e-child\" data-id=\"fb89be6\" data-element_type=\"container\" data-e-type=\"container\">\n\t\t\t\t<div class=\"elementor-element elementor-element-b6b8ec4 elementor-widget elementor-widget-text-editor\" data-id=\"b6b8ec4\" data-element_type=\"widget\" data-e-type=\"widget\" data-widget_type=\"text-editor.default\">\n\t\t\t\t<div class=\"elementor-widget-container\">\n\t\t\t\t\t\t\t\t\t<div class=\"fl-col fl-node-59ebdc8d08fb8 fl-col-small fl-col-small-custom-width\" data-node=\"59ebdc8d08fb8\">\n<div class=\"fl-col-content fl-node-content vamtam-show-bg-image\">\n<div class=\"fl-module fl-module-rich-text fl-node-59ebdc8d08ff5\" data-node=\"59ebdc8d08ff5\">\n<div class=\"fl-module-content fl-node-content\">\n<div class=\"fl-rich-text\">\n<p>Le fait d&rsquo;acc\u00e9der \u00e0 ce site Web implique la connaissance et l&rsquo;acceptation des termes et conditions suivants et attribue la condition d&rsquo;utilisateur du site et son acc\u00e8s implique l&rsquo;acceptation sans r\u00e9serve.<\/p>\n<div class=\"fl-col fl-node-59ebdc8d08fb8 fl-col-small fl-col-small-custom-width\" data-node=\"59ebdc8d08fb8\">\n<div class=\"fl-col-content fl-node-content vamtam-show-bg-image\">\n<div class=\"fl-module fl-module-rich-text fl-node-59ebdc8d08ff5\" data-node=\"59ebdc8d08ff5\">\n<div class=\"fl-module-content fl-node-content\">\n<div class=\"fl-rich-text\">\n<p>En cas de non acceptation des clauses \u00e9tablies dans le pr\u00e9sent avis l\u00e9gal, l&rsquo;utilisateur doit s&rsquo;abstenir d&rsquo;acc\u00e9der et \/ ou d&rsquo;utiliser les services et \/ ou les contenus mis \u00e0 disposition sur la page, en proc\u00e9dant pour le quitter.<\/p>\n<\/div>\n<\/div>\n<\/div>\n<\/div>\n<\/div>\n<div class=\"fl-col fl-node-5b2a587c72a24 fl-col-small\" data-node=\"5b2a587c72a24\">\n<div class=\"fl-col-content fl-node-content vamtam-show-bg-image\">\n<div class=\"fl-module fl-module-rich-text fl-node-5b2a67df15f43\" data-node=\"5b2a67df15f43\">\n<div class=\"fl-module-content fl-node-content\">\n<div class=\"fl-rich-text\">\n<p><strong>Propri\u00e9t\u00e9 du site \u2013 Mentions l\u00e9gales<\/strong><\/p>\n<p>AJ TECNO INNOVACIONS, SL, conform\u00e9ment aux dispositions de l\u2019article 10 de la loi 34\/2002 du 11 juillet sur les services de la soci\u00e9t\u00e9 de l\u2019information et du commerce \u00e9lectronique (LSSI-CE), vous informe des donn\u00e9es Signes li\u00e9s au site www.brioultrasonics.com.<\/p>\n<p><u><strong>RAISON SOCIALE<\/strong><\/u>: AJ TECNO INNOVACIONS, S.L.<\/p>\n<p><u><strong>ADRESSE SOCIALE: <\/strong><\/u>C \/ CIUDAD DE BARCELONA 1J &#8211; POL. IND FUENTE DEL JARRO &#8211; &#8211; 46980 PATERNA, VALENCIA, ESPAGNE <\/p>\n<p><u><strong>T\u00c9L\u00c9PHONE:<\/strong><\/u> +(34) 961341109<\/p>\n<p><strong><u>CIF:<\/u><\/strong> B98166754<\/p>\n<p><u><strong>COURRIEL G\u00c9N\u00c9RAL:<\/strong><\/u> INFO@AJTECNO.COM<\/p>\n<p><u><strong>DONN\u00c9ES D&rsquo;ENREGISTREMENT DANS L&rsquo;ENREGISTREMENT MERCANTILE:<\/strong><\/u> VALENCIA ENREGISTREMENT MERCANTILE, VOLUME 9075, FOLIO 25, SECTION 8, FICHE V-135248<\/p>\n<\/div>\n<\/div>\n<\/div>\n<\/div>\n<\/div>\n<\/div>\n<\/div>\n<\/div>\n<\/div>\n<\/div>\n\t\t\t\t\t\t\t\t<\/div>\n\t\t\t\t<\/div>\n\t\t\t\t<\/div>\n\t\t\t\t\t<\/div>\n\t\t\t\t<\/div>\n\t\t<div class=\"elementor-element elementor-element-23f49fd e-flex e-con-boxed e-con e-parent\" data-id=\"23f49fd\" data-element_type=\"container\" data-e-type=\"container\">\n\t\t\t\t\t<div class=\"e-con-inner\">\n\t\t<div class=\"elementor-element elementor-element-6555c47 e-con-full e-flex e-con e-child\" data-id=\"6555c47\" data-element_type=\"container\" data-e-type=\"container\">\n\t\t\t\t<div class=\"elementor-element elementor-element-f5e1996 elementor-widget elementor-widget-heading\" data-id=\"f5e1996\" data-element_type=\"widget\" data-e-type=\"widget\" data-widget_type=\"heading.default\">\n\t\t\t\t<div class=\"elementor-widget-container\">\n\t\t\t\t\t<h2 class=\"elementor-heading-title elementor-size-default\"><h3 class=\"vamtam-heading \" style=\"border: 0px;font-family: Rubik;vertical-align: baseline;align-items: center;justify-content: flex-start;margin: 0px !important;padding: 0px !important\"><span class=\"vamtam-heading-text\" style=\"margin: 0px;padding: 0px;border: 0px;font: inherit;vertical-align: baseline\">Condition<br>d'utilisation<\/span><\/h3><\/h2>\t\t\t\t<\/div>\n\t\t\t\t<\/div>\n\t\t\t\t<\/div>\n\t\t<div class=\"elementor-element elementor-element-f56dfcc e-con-full e-flex e-con e-child\" data-id=\"f56dfcc\" data-element_type=\"container\" data-e-type=\"container\">\n\t\t\t\t<div class=\"elementor-element elementor-element-f58aa7e elementor-widget elementor-widget-text-editor\" data-id=\"f58aa7e\" data-element_type=\"widget\" data-e-type=\"widget\" data-widget_type=\"text-editor.default\">\n\t\t\t\t<div class=\"elementor-widget-container\">\n\t\t\t\t\t\t\t\t\t<p><strong><u>UTILISATEURS &#8211; Mentions l\u00e9gales<\/u><\/strong><\/p>\n<p>L&rsquo;acc\u00e8s et \/ ou l&rsquo;utilisation de ce portail de AJ TECNO INNOVACIONS, S.L. attribue la condition d&rsquo;utilisateur, qui accepte, \u00e0 partir desdits acc\u00e8s et \/ ou utilisation, les conditions g\u00e9n\u00e9rales d&rsquo;utilisation d\u00e9crites ici. Les conditions susmentionn\u00e9es seront applicables quelles que soient les conditions g\u00e9n\u00e9rales de contrat qui, le cas \u00e9ch\u00e9ant, sont obligatoires. <\/p>\n<\/p>\n<p><strong><u>UTILISATION DU SITE WEB &#8211; Mentions l\u00e9gales<\/u><\/strong><\/p>\n<p>www.brioultrasonics.com donne acc\u00e8s \u00e0 une multitude d&rsquo;informations, de services ou de donn\u00e9es (ci-apr\u00e8s d\u00e9nomm\u00e9s \u00able contenu\u00bb) sur Internet appartenant \u00e0 AJ TECNO INNOVACIONS, S.L. auquel l\u2019UTILISATEUR peut avoir acc\u00e8s. L&rsquo;UTILISATEUR assume la responsabilit\u00e9 de l&rsquo;utilisation du portail. Cette responsabilit\u00e9 s&rsquo;\u00e9tend \u00e0 l&rsquo;enregistrement qu&rsquo;il \u00e9tait n\u00e9cessaire de compl\u00e9ter pour acc\u00e9der \u00e0 certains services ou contenus.  <\/p>\n<p>Lors de cette inscription, l&rsquo;UTILISATEUR sera responsable de fournir des informations v\u00e9ridiques et licites. \u00c0 la suite de cette inscription, l&rsquo;UTILISATEUR pourra se voir attribuer un mot de passe dont il sera responsable, s&rsquo;engageant \u00e0 en faire un usage diligent et confidentiel. L&rsquo;UTILISATEUR s&rsquo;engage \u00e0 utiliser de mani\u00e8re appropri\u00e9e les contenus et les services (tels que les services de chat, les forums de discussion ou les groupes de discussion) propos\u00e9s par AJ TECNO INNOVACIONS, S.L. propose via son portail et \u00e0 titre d&rsquo;exemple mais non limitatif, de ne pas les utiliser pour (I) me livrer \u00e0 des activit\u00e9s illicites, ill\u00e9gales ou contraires \u00e0 la bonne foi et \u00e0 l&rsquo;ordre public ; (II) diffuser des contenus ou de la propagande \u00e0 caract\u00e8re raciste, x\u00e9nophobe, pornographique-ill\u00e9gal, pr\u00f4nant le terrorisme ou violant les droits de l&rsquo;homme ; (III) causer des dommages aux syst\u00e8mes physiques et logiques de AJ TECNO INNOVACIONS, S.L., de ses fournisseurs ou de tiers, introduire ou propager des virus informatiques sur le r\u00e9seau ou tout autre syst\u00e8me physique ou logique susceptible de causer les dommages susmentionn\u00e9s ; (IV) essayer d&rsquo;acc\u00e9der et, le cas \u00e9ch\u00e9ant, d&rsquo;utiliser les comptes de messagerie d&rsquo;autres utilisateurs et de les modifier ou de manipuler leurs messages.       <\/p>\n<p>AJ TECNO INNOVATIONS, S.L. se r\u00e9serve le droit de retirer tous les commentaires et contributions qui portent atteinte au respect de la dignit\u00e9 de la personne, qui sont discriminatoires, x\u00e9nophobes, racistes, pornographiques, qui attaquent la jeunesse ou l&rsquo;enfance, l&rsquo;ordre ou la s\u00e9curit\u00e9 publique ou qui, \u00e0 leur avis, ne seraient pas apte \u00e0 \u00eatre publi\u00e9. Dans tous les cas, AJ TECNO INNOVACIONS, S.L. ne sera pas responsable des opinions exprim\u00e9es par les utilisateurs via les forums, chats ou autres outils de participation. <\/p>\n<\/p>\n<p><strong><u>PROPRI\u00c9T\u00c9 INTELLECTUELLE ET INDUSTRIELLE &#8211; Mentions L\u00e9gales<\/u><\/strong><\/p>\n<p>AJ TECNO INNOVACIONS, S.L. de lui-m\u00eame ou en tant que cessionnaire, il est propri\u00e9taire de tous les droits de propri\u00e9t\u00e9 intellectuelle et industrielle de son site web, ainsi que des \u00e9l\u00e9ments qui y sont contenus (par exemple, images, sons, son, audio, vid\u00e9o, logiciels ou textes; marques ou logos, combinaisons de couleurs, structure et conception, s\u00e9lection des mat\u00e9riaux utilis\u00e9s, programmes informatiques n\u00e9cessaires \u00e0 son fonctionnement, acc\u00e8s et utilisation, etc.),<a href=\"https:\/\/cultura.gva.es\/es\/web\/deposito-legal-propiedad-intelectual\/oficina-de-reg.-de-la-propiedad\" rel=\"noopener\"> propri\u00e9t\u00e9<\/a> de AJ TECNO INNOVACIONS, SL ou de ses donneurs de licence.<\/p>\n<p><strong>Tous droits r\u00e9serv\u00e9s : <\/strong>Conform\u00e9ment aux dispositions des articles 8 et 32.1, deuxi\u00e8me alin\u00e9a, de la Loi sur la Propri\u00e9t\u00e9 Intellectuelle, la reproduction, la distribution et la communication publique, y compris le mode de mise \u00e0 disposition, sont express\u00e9ment interdites tout ou partie du contenu de. ce site Web, \u00e0 des fins commerciales, sur tout support et par tout moyen technique, sans l&rsquo;autorisation de AJ TECNO INNOVACIONS, S.L.. <\/p>\n<p>L&rsquo;UTILISATEUR s&rsquo;engage \u00e0 respecter les droits de propri\u00e9t\u00e9 intellectuelle et industrielle d\u00e9tenus par AJ TECNO INNOVACIONS, S.L.. Vous pourrez visualiser les \u00e9l\u00e9ments du portail et m\u00eame les imprimer, les copier et les stocker sur le disque dur de votre ordinateur ou sur tout autre support physique \u00e0 condition de tel quel, uniquement et exclusivement, pour votre usage personnel et priv\u00e9. L&rsquo;UTILISATEUR doit s&rsquo;abstenir de supprimer, alt\u00e9rer, \u00e9luder ou manipuler tout dispositif de protection ou syst\u00e8me de s\u00e9curit\u00e9 install\u00e9 sur les pages d&rsquo;AJ TECNO INNOVACIONS, S.L..  <\/p>\n<\/p>\n<p><strong><u>EXCLUSION DE GARANTIES ET DE RESPONSABILIT\u00c9 &#8211; Mentions l\u00e9gales<\/u><\/strong><\/p>\n<p>AJ TECNO INNOVACIONS, S.L. n&rsquo;est en aucun cas responsable des dommages de quelque nature que ce soit pouvant causer, \u00e0 titre d&rsquo;exemple: des erreurs ou des omissions dans le contenu, le manque de disponibilit\u00e9 du portail ou la transmission de virus ou de programmes malveillants ou nuisibles dans le contenu , malgr\u00e9 avoir pris toutes les mesures techniques n\u00e9cessaires pour l\u2019\u00e9viter.<\/p>\n<\/p>\n<p><strong><u>MODIFICATIONS &#8211; Mentions l\u00e9gales<\/u><\/strong><\/p>\n<p>AJ TECNO INNOVACIONS, S.L. se r\u00e9serve le droit d&rsquo;apporter sans pr\u00e9avis les modifications qu&rsquo;il jugera appropri\u00e9es sur son portail, afin de pouvoir modifier, supprimer ou ajouter \u00e0 la fois le contenu et les services fournis par son interm\u00e9diaire ainsi que la mani\u00e8re dont ils sont pr\u00e9sent\u00e9s ou situ\u00e9s dans son site. portail.<\/p>\n<\/p>\n<p><strong><u>LIENS &#8211; Mentions l\u00e9gales<\/u><\/strong><\/p>\n<p>Au cas o\u00f9 www.brioultrasonics.com cr\u00e9erait des liens ou des hyperliens vers d&rsquo;autres sites Internet, AJ TECNO INNOVACIONS, S.L. n&rsquo;exercera aucun type de contr\u00f4le sur lesdits sites et contenus. En aucun cas AJ TECNO INNOVACIONS, S.L. n&rsquo;assumera aucune responsabilit\u00e9 pour le contenu de tout lien appartenant \u00e0 un site Web tiers, ni ne garantira la disponibilit\u00e9 technique, la qualit\u00e9, la fiabilit\u00e9, l&rsquo;exactitude, l&rsquo;\u00e9tendue, la v\u00e9racit\u00e9, la validit\u00e9 et la constitutionnalit\u00e9 de tout mat\u00e9riel ou information contenue dans l&rsquo;un desdits liens hypertextes ou d&rsquo;autres sites de Internet <\/p>\n<\/p>\n<p>De m\u00eame, l&rsquo;inclusion de ces connexions externes n&rsquo;impliquera aucun type d&rsquo;association, de fusion ou de participation avec les entit\u00e9s connect\u00e9es.<\/p>\n<\/p>\n<p><strong><u>DROIT D&rsquo;EXCLUSION<\/u><\/strong><\/p>\n<p>AJ TECNO INNOVACIONS, S.L. se r\u00e9serve le droit de refuser ou de retirer l&rsquo;acc\u00e8s au portail et \/ ou aux services offerts sans pr\u00e9avis, \u00e0 sa propre demande ou \u00e0 une tierce partie, aux utilisateurs qui ne respecteraient pas les pr\u00e9sentes conditions g\u00e9n\u00e9rales d&rsquo;utilisation.<\/p>\n<\/p>\n<p><strong><u>G\u00c9N\u00c9RALIT\u00c9S &#8211; Mentions l\u00e9gales<\/u><\/strong><\/p>\n<p>AJ TECNO INNOVACIONS, S.L. poursuivra la violation de ces conditions ainsi que toute utilisation abusive de son portail exer\u00e7ant toutes les actions civiles et p\u00e9nales pouvant correspondre \u00e0 la loi.<\/p>\n<\/p>\n<p><strong><u>MODIFICATION DE CES CONDITIONS ET DUR\u00c9E &#8211; Mentions l\u00e9gales<\/u><\/strong><\/p>\n<p><a href=\"https:\/\/brioultrasonics.com\/fr\/entreprise\/\">AJ TECNO INNOVACIONS, S.L. <\/a>Vous pouvez modifier \u00e0 tout moment les conditions ici d\u00e9termin\u00e9es, d\u00fbment publi\u00e9es telles qu\u2019elles apparaissent ici.<\/p>\n<p>La validit\u00e9 des conditions susmentionn\u00e9es d\u00e9pendra de leur exposition et sera valable jusqu\u2019\u00e0 ce qu\u2019elles soient modifi\u00e9es par d\u2019autres d\u00fbment publi\u00e9es.<\/p>\n<\/p>\n<p><strong><u>LOI APPLICABLE ET JURIDICTION &#8211; BRIO Ultrasons<\/u><\/strong><\/p>\n<p>Les conditions g\u00e9n\u00e9rales qui r\u00e9gissent ce site Web, ainsi que les relations qui peuvent en d\u00e9couler, sont prot\u00e9g\u00e9es et soumises au droit espagnol. Pour la r\u00e9solution de tout type de controverse, litige ou divergence pouvant survenir entre USER et AJ TECNO INNOVACIONS, S.L. par l\u2019utilisation de ce site, il est convenu de les soumettre aux cours et tribunaux de VALENCE (Espagne). <\/p>\n\t\t\t\t\t\t\t\t<\/div>\n\t\t\t\t<\/div>\n\t\t\t\t<\/div>\n\t\t\t\t\t<\/div>\n\t\t\t\t<\/div>\n\t\t\t\t<\/div>\n\t\t","protected":false},"excerpt":{"rendered":"<p>Avis l\u00e9gal Introduction &#8211; Mentions l\u00e9gales Le fait d&rsquo;acc\u00e9der \u00e0 ce site Web implique la connaissance et l&rsquo;acceptation des termes et conditions suivants et attribue la condition d&rsquo;utilisateur du site et son acc\u00e8s implique l&rsquo;acceptation sans r\u00e9serve. En cas de non acceptation des clauses \u00e9tablies dans le pr\u00e9sent avis l\u00e9gal, l&rsquo;utilisateur doit s&rsquo;abstenir d&rsquo;acc\u00e9der et [&hellip;]<\/p>\n","protected":false},"author":1,"featured_media":0,"parent":0,"menu_order":0,"comment_status":"closed","ping_status":"closed","template":"","meta":{"_joinchat":[],"footnotes":""},"class_list":["post-59213","page","type-page","status-publish","hentry"],"_links":{"self":[{"href":"https:\/\/brioultrasonics.com\/fr\/wp-json\/wp\/v2\/pages\/59213","targetHints":{"allow":["GET"]}}],"collection":[{"href":"https:\/\/brioultrasonics.com\/fr\/wp-json\/wp\/v2\/pages"}],"about":[{"href":"https:\/\/brioultrasonics.com\/fr\/wp-json\/wp\/v2\/types\/page"}],"author":[{"embeddable":true,"href":"https:\/\/brioultrasonics.com\/fr\/wp-json\/wp\/v2\/users\/1"}],"replies":[{"embeddable":true,"href":"https:\/\/brioultrasonics.com\/fr\/wp-json\/wp\/v2\/comments?post=59213"}],"version-history":[{"count":3,"href":"https:\/\/brioultrasonics.com\/fr\/wp-json\/wp\/v2\/pages\/59213\/revisions"}],"predecessor-version":[{"id":63873,"href":"https:\/\/brioultrasonics.com\/fr\/wp-json\/wp\/v2\/pages\/59213\/revisions\/63873"}],"wp:attachment":[{"href":"https:\/\/brioultrasonics.com\/fr\/wp-json\/wp\/v2\/media?parent=59213"}],"curies":[{"name":"wp","href":"https:\/\/api.w.org\/{rel}","templated":true}]}}