{"id":59861,"date":"2024-05-22T13:53:32","date_gmt":"2024-05-22T11:53:32","guid":{"rendered":"https:\/\/quizzical-gagarin.31-170-100-185.plesk.page\/producto\/br-20-lab-plus\/"},"modified":"2025-01-07T14:04:31","modified_gmt":"2025-01-07T13:04:31","slug":"br-20-lab-plus","status":"publish","type":"product","link":"https:\/\/brioultrasonics.com\/en\/product\/br-20-lab-plus\/","title":{"rendered":"BR-20 Lab Plus"},"content":{"rendered":"<p>BR-20 Lab Plus &#8211; Ultrasonic cleaning machine. Manual tabletop. <\/p>\n<table>\n<tbody>\n<tr>\n<strong><\/p>\n<td>External dimensions of the machine<\/td>\n<p><\/strong><\/p>\n<td> 550 x 330 x 310 mm<\/td>\n<\/tr>\n<tr>\n<strong><\/p>\n<td>Internal dimensions of the tank<\/td>\n<p><\/strong><\/p>\n<td> 500 x 300 x 150 mm<\/td>\n<\/tr>\n<tr>\n<strong><\/p>\n<td>Useful measurements of the work basket<\/td>\n<p><\/strong><\/p>\n<td> 460 x 260 x 100 mm<\/td>\n<\/tr>\n<tr>\n<strong><\/p>\n<td>Tank capacity<\/td>\n<p><\/strong><\/p>\n<td> 22 L<\/td>\n<\/tr>\n<tr>\n<strong><\/p>\n<td>Ultrasonic generator power<\/td>\n<p><\/strong><\/p>\n<td> 480 W (960 W p-p)<\/td>\n<\/tr>\n<tr>\n<strong><\/p>\n<td>Working frequencies of ultrasound<\/td>\n<p><\/strong><\/p>\n<td> 40\/33 kHz<\/td>\n<\/tr>\n<tr>\n<strong><\/p>\n<td>Heating power<\/td>\n<p><\/strong><\/p>\n<td> 500 W<\/td>\n<\/tr>\n<tr>\n<td colspan=\"2\"><strong>Analogue control panel with digital thermostat for temperature control<\/strong><\/td>\n<\/tr>\n<tr>\n<td colspan=\"2\"><strong>Cover made of AISI 304 \u201cend of day\u201d.<\/strong><\/td>\n<\/tr>\n<tr>\n<td colspan=\"2\"><strong>Drain valve made of stainless steel.<\/strong><\/td>\n<\/tr>\n<tr>\n<td colspan=\"2\"><strong>Work basket included. Made of AISI 304 stainless steel. <\/strong><\/td>\n<\/tr>\n<tr>\n<td colspan=\"2\"><strong>Construction in AISI 304\/316 stainless steel<\/strong><\/td>\n<\/tr>\n<\/tbody>\n<\/table>\n<p>&nbsp;<\/p>\n<p><strong>Download full technical sheet:<\/strong><\/p>\n<p><a href=\"https:\/\/brioultrasonics.com\/wp-content\/uploads\/2024\/10\/Cleaning-Equipment-Brio-Ultrasonics-Data-sheet-BR-20-Lab-Plus-1.pdf\" target=\"_blank\" rel=\"noopener\"><img decoding=\"async\" class=\"alignnone wp-image-1322 size-full\" src=\"https:\/\/brioultrasonics.com\/\/wp-content\/uploads\/2024\/05\/imagen-de-descarga.png\" alt=\"\" width=\"115\" height=\"150\" title=\"\"><\/a><\/p>\n","protected":false},"excerpt":{"rendered":"<p>Manual tabletop ultrasonic cleaning equipment. 20 L capacity. Exclusive BRIO technology with dual frequency and functions that enhance the cleaning cycle. Machine designed for the research, medicine, veterinary, jewelry, etc. sectors.   <\/p>\n<h4>FUNCTIONS BR-20 manual desktop<\/h4>\n<table>\n<tbody>\n<tr>\n<td><strong>work at 40 and 33 kHz.<\/strong><\/td>\n<td>  1. 40 <a href=\"\">Khz<\/a>: La frecuencia m\u00e1s adecuada para suciedades leves, con aplicaci\u00f3n en laboratorio, sector m\u00e9dico, \u00f3ptico, en relojer\u00eda, etc. 2. 33 kHz: Esta frecuencia proporciona una mayor intensidad de limpieza, y es m\u00e1s adecuada para la eliminaci\u00f3n de suciedades fuertemente adheridas a las piezas. <\/p>\n<\/td>\n<\/tr>\n<tr>\n<td><strong>Stop &amp; Go bi-frequency<\/strong><\/td>\n<td>Intermittent operation at 40\/33 kHz with intermediate pauses. This function subjects the parts to variable pulses of ultrasonic vibration, allowing better removal of dirt present in cavities and other hard-to-reach places. <\/td>\n<\/tr>\n<tr>\n<td><strong>Frequency sweep function.<\/strong><\/td>\n<td>Progressive variation from one frequency to another. This variation allows a progressive change in cleaning intensity that favors the removal of dirt. <\/td>\n<\/tr>\n<tr>\n<td><strong>Ultrasonic work timer.<\/strong><\/td>\n<td>Allows you to set a working time between 1 and 99 minutes.<\/td>\n<\/tr>\n<tr>\n<td><strong>Integrated digital thermostat.<\/strong><\/td>\n<td>Allows you to set the equipment&#8217;s working temperature up to 80 \u00baC. The recommended working range for ultrasound is 65 to 85 \u00baC. <\/td>\n<\/tr>\n<\/tbody>\n<\/table>\n<p>&nbsp;<\/p>\n<p>The control panel is simple and intuitive. From it you can select the working frequency, the bi-frequency functions to enhance the effect of the bath, temperature control, and start\/stop of the ultrasound. Stainless steel tray on which the objects to be cleaned are placed. It is shaped like a grid, which allows the passage of the fluid.   <\/p>\n<p>&nbsp;<\/p>\n<p>BRIO ultrasonics in compact laboratory equipment. Perfect tabletop equipment for cleaning and treating watch parts, optics, jewelry, medical and dental tools and much more. With dual-frequency technology and exclusive functions to enhance the cleaning effect and adapt to all types of dirt and requirements of each sector. BR-30 Lab Plus.  <\/p>\n<p>&nbsp;<\/p>\n<p>Brio Ultrasonics, specialists in ultrasonic cleaning solutions and processes.<br \/>\n100% Spanish technology. <\/p>\n","protected":false},"featured_media":58409,"comment_status":"open","ping_status":"closed","template":"","meta":{"_joinchat":[]},"product_brand":[],"product_cat":[91],"product_tag":[],"class_list":{"0":"post-59861","1":"product","2":"type-product","3":"status-publish","4":"has-post-thumbnail","6":"product_cat-labplus-series","8":"first","9":"instock","10":"shipping-taxable","11":"product-type-simple"},"_links":{"self":[{"href":"https:\/\/brioultrasonics.com\/en\/wp-json\/wp\/v2\/product\/59861","targetHints":{"allow":["GET"]}}],"collection":[{"href":"https:\/\/brioultrasonics.com\/en\/wp-json\/wp\/v2\/product"}],"about":[{"href":"https:\/\/brioultrasonics.com\/en\/wp-json\/wp\/v2\/types\/product"}],"replies":[{"embeddable":true,"href":"https:\/\/brioultrasonics.com\/en\/wp-json\/wp\/v2\/comments?post=59861"}],"version-history":[{"count":3,"href":"https:\/\/brioultrasonics.com\/en\/wp-json\/wp\/v2\/product\/59861\/revisions"}],"predecessor-version":[{"id":67346,"href":"https:\/\/brioultrasonics.com\/en\/wp-json\/wp\/v2\/product\/59861\/revisions\/67346"}],"wp:featuredmedia":[{"embeddable":true,"href":"https:\/\/brioultrasonics.com\/en\/wp-json\/wp\/v2\/media\/58409"}],"wp:attachment":[{"href":"https:\/\/brioultrasonics.com\/en\/wp-json\/wp\/v2\/media?parent=59861"}],"wp:term":[{"taxonomy":"product_brand","embeddable":true,"href":"https:\/\/brioultrasonics.com\/en\/wp-json\/wp\/v2\/product_brand?post=59861"},{"taxonomy":"product_cat","embeddable":true,"href":"https:\/\/brioultrasonics.com\/en\/wp-json\/wp\/v2\/product_cat?post=59861"},{"taxonomy":"product_tag","embeddable":true,"href":"https:\/\/brioultrasonics.com\/en\/wp-json\/wp\/v2\/product_tag?post=59861"}],"curies":[{"name":"wp","href":"https:\/\/api.w.org\/{rel}","templated":true}]}}