{"id":60420,"date":"2024-05-20T12:20:10","date_gmt":"2024-05-20T10:20:10","guid":{"rendered":"https:\/\/quizzical-gagarin.31-170-100-185.plesk.page\/producto\/br-300-pro\/"},"modified":"2025-05-29T14:34:36","modified_gmt":"2025-05-29T12:34:36","slug":"br-300-pro","status":"publish","type":"product","link":"https:\/\/brioultrasonics.com\/de\/produkt\/br-300-pro\/","title":{"rendered":"BR-300 PRO"},"content":{"rendered":"<p>BR-300 PRO. Ultraschall-Reinigungsmaschine.<\/p>\n<table>\n<tbody>\n<tr>\n<strong><\/p>\n<td>Externe Maschinenmessungen<\/td>\n<p><\/strong><\/p>\n<td> 1.680 x 1.130 x 1.720 mm<\/td>\n<\/tr>\n<tr>\n<strong><\/p>\n<td>Innenma\u00dfe des Tanks<\/td>\n<p><\/strong><\/p>\n<td> 900 x 600 x 640 mm<\/td>\n<\/tr>\n<tr>\n<strong><\/p>\n<td>N\u00fctzliche Abmessungen des Gep\u00e4cktr\u00e4gers<\/td>\n<p><\/strong><\/p>\n<td> 870 x 525 x 385 mm<\/td>\n<\/tr>\n<tr>\n<strong><\/p>\n<td>Arbeitsplattenh\u00f6he<\/td>\n<p><\/strong><\/p>\n<td> 970 mm<\/td>\n<\/tr>\n<tr>\n<strong><\/p>\n<td>Tankinhalt<\/td>\n<p><\/strong><\/p>\n<td> 346 L<\/td>\n<\/tr>\n<tr>\n<td><strong>Leistung des Ultraschallgenerators<br \/>\n<\/strong><\/td>\n<td>2.000 W (4.000 W p-p)<\/td>\n<\/tr>\n<tr>\n<strong><\/p>\n<td>Ultraschall-Arbeitsfrequenz<\/td>\n<p><\/strong><\/p>\n<td> 28\/40 kHz<\/td>\n<\/tr>\n<tr>\n<strong><\/p>\n<td>Hitzebest\u00e4ndigkeit<\/td>\n<p><\/strong><\/p>\n<td> 7,5 kW<\/td>\n<\/tr>\n<tr>\n<strong><\/p>\n<td>Maximale Hublast<\/td>\n<p><\/strong><\/p>\n<td> 250 kg<\/td>\n<\/tr>\n<tr>\n<strong><\/p>\n<td>Fassungsverm\u00f6gen des Hilfstanks<\/td>\n<p><\/strong><\/p>\n<td> 36 L<\/td>\n<\/tr>\n<tr>\n<td colspan=\"2\"><strong>Intuitives 4,3-Zoll-Farb-Touchpanel. <\/strong>Steuerung und Programmierung des Waschzyklus und der Zeitfenster. System mit Automat und Temperaturmodul.  <\/td>\n<\/tr>\n<tr>\n<td colspan=\"2\"><strong>\u00d6ldrucksystem.<\/strong> Exklusives \u00d6ldekantierungssystem durch Laminar-Sweep. Verl\u00e4ngert die Nutzungsdauer der Fl\u00fcssigkeit gegen S\u00e4ttigung.  <\/td>\n<\/tr>\n<tr>\n<td colspan=\"2\"><strong>Aufzugswimpern.<\/strong> Hin- und Herbewegung, um den freigesetzten Schmutz von der Oberfl\u00e4che des Werkst\u00fccks zu trennen.<\/td>\n<\/tr>\n<tr>\n<td colspan=\"2\"><strong>Manueller Deckel<\/strong> mit optionaler W\u00e4rmeisolierung.<\/td>\n<\/tr>\n<tr>\n<td colspan=\"2\">Konstruktion aus EDELSTAHL AISI 304\/316<\/td>\n<\/tr>\n<\/tbody>\n<\/table>\n<p>&nbsp;<\/p>\n<p><strong>Laden Sie das vollst\u00e4ndige technische Datenblatt herunter:<\/strong><\/p>\n<p><a href=\"https:\/\/brioultrasonics.com\/wp-content\/uploads\/2024\/10\/Datenblatt-Ultraschall-Reinigungsmaschinen-BR-300-PRO.pdf\" target=\"_blank\" rel=\"noopener\"><img decoding=\"async\" class=\"alignnone wp-image-1322 size-full\" src=\"https:\/\/brioultrasonics.com\/\/wp-content\/uploads\/2024\/05\/imagen-de-descarga.png\" alt=\"\" width=\"115\" height=\"150\" title=\"\"><\/a><\/p>\n","protected":false},"excerpt":{"rendered":"<p>Ultraschallreinigungsmaschine mit 300 L Fassungsverm\u00f6gen. Exklusive <a href=\"https:\/\/www.directindustry.es\/prod\/brio-ultrasonics-210599.html\">BRIO<\/a>-Technologie, dreimal effizienter als herk\u00f6mmliche Systeme. <\/p>\n","protected":false},"featured_media":57955,"comment_status":"open","ping_status":"closed","template":"","meta":{"_joinchat":[]},"product_brand":[],"product_cat":[115],"product_tag":[],"class_list":{"0":"post-60420","1":"product","2":"type-product","3":"status-publish","4":"has-post-thumbnail","6":"product_cat-pro-serie","8":"first","9":"instock","10":"shipping-taxable","11":"product-type-simple"},"_links":{"self":[{"href":"https:\/\/brioultrasonics.com\/de\/wp-json\/wp\/v2\/product\/60420","targetHints":{"allow":["GET"]}}],"collection":[{"href":"https:\/\/brioultrasonics.com\/de\/wp-json\/wp\/v2\/product"}],"about":[{"href":"https:\/\/brioultrasonics.com\/de\/wp-json\/wp\/v2\/types\/product"}],"replies":[{"embeddable":true,"href":"https:\/\/brioultrasonics.com\/de\/wp-json\/wp\/v2\/comments?post=60420"}],"version-history":[{"count":2,"href":"https:\/\/brioultrasonics.com\/de\/wp-json\/wp\/v2\/product\/60420\/revisions"}],"predecessor-version":[{"id":68598,"href":"https:\/\/brioultrasonics.com\/de\/wp-json\/wp\/v2\/product\/60420\/revisions\/68598"}],"wp:featuredmedia":[{"embeddable":true,"href":"https:\/\/brioultrasonics.com\/de\/wp-json\/wp\/v2\/media\/57955"}],"wp:attachment":[{"href":"https:\/\/brioultrasonics.com\/de\/wp-json\/wp\/v2\/media?parent=60420"}],"wp:term":[{"taxonomy":"product_brand","embeddable":true,"href":"https:\/\/brioultrasonics.com\/de\/wp-json\/wp\/v2\/product_brand?post=60420"},{"taxonomy":"product_cat","embeddable":true,"href":"https:\/\/brioultrasonics.com\/de\/wp-json\/wp\/v2\/product_cat?post=60420"},{"taxonomy":"product_tag","embeddable":true,"href":"https:\/\/brioultrasonics.com\/de\/wp-json\/wp\/v2\/product_tag?post=60420"}],"curies":[{"name":"wp","href":"https:\/\/api.w.org\/{rel}","templated":true}]}}