{"id":60405,"date":"2024-05-21T10:21:34","date_gmt":"2024-05-21T08:21:34","guid":{"rendered":"https:\/\/quizzical-gagarin.31-170-100-185.plesk.page\/producto\/br-1000-pro\/"},"modified":"2025-05-28T11:58:49","modified_gmt":"2025-05-28T09:58:49","slug":"br-1000-pro","status":"publish","type":"product","link":"https:\/\/brioultrasonics.com\/de\/produkt\/br-1000-pro\/","title":{"rendered":"BR-1000 PRO"},"content":{"rendered":"<p>BR-1000 PRO. Ultraschall-Reinigungsmaschine.<\/p>\n<table>\n<tbody>\n<tr>\n<strong><\/p>\n<td>Externe Maschinenmessungen<\/td>\n<p><\/strong><\/p>\n<td> 2.700 x 1.955 x 2.265 mm<\/td>\n<\/tr>\n<tr>\n<strong><\/p>\n<td>Innenma\u00dfe des Tanks<\/td>\n<p><\/strong><\/p>\n<td> 1.510 x 860 x 910 mm<\/td>\n<\/tr>\n<tr>\n<strong><\/p>\n<td>N\u00fctzliche Abmessungen des Gep\u00e4cktr\u00e4gers<\/td>\n<p><\/strong><\/p>\n<td> 1.450 x 730 x 685 mm<\/td>\n<\/tr>\n<tr>\n<strong><\/p>\n<td>Arbeitsplattenh\u00f6he<\/td>\n<p><\/strong><\/p>\n<td> 1.210 mm<\/td>\n<\/tr>\n<tr>\n<strong><\/p>\n<td>Tankinhalt<\/td>\n<p><\/strong><\/p>\n<td> 1.182 L<\/td>\n<\/tr>\n<tr>\n<strong><\/p>\n<td>Leistung des Ultraschallgenerators<\/td>\n<p><\/strong><\/p>\n<td> 5.000 W (10.000 W p-p)<\/td>\n<\/tr>\n<tr>\n<strong><\/p>\n<td>Ultraschall-Arbeitsfrequenz<\/td>\n<p><\/strong><\/p>\n<td> 28\/40 kHz<\/td>\n<\/tr>\n<tr>\n<strong><\/p>\n<td>Hitzebest\u00e4ndigkeit<\/td>\n<p><\/strong><\/p>\n<td> 18 kW<\/td>\n<\/tr>\n<tr>\n<strong><\/p>\n<td>Maximale Hublast<\/td>\n<p><\/strong><\/p>\n<td> 800 kg<\/td>\n<\/tr>\n<tr>\n<strong><\/p>\n<td>Fassungsverm\u00f6gen des Hilfstanks<\/td>\n<p><\/strong><\/p>\n<td> 191 L<\/td>\n<\/tr>\n<tr>\n<td colspan=\"2\"><strong>Intuitives 7-Zoll-Farb-Touchpanel. <\/strong>Steuerung und Programmierung des Waschzyklus und der Zeitfenster. System mit Automat und Temperaturmodul.  <\/td>\n<\/tr>\n<tr>\n<td colspan=\"2\"><strong>\u00d6ldrucksystem.<\/strong> Exklusives \u00d6ldekantierungssystem durch Laminar-Sweep. Verl\u00e4ngert die Nutzungsdauer der Fl\u00fcssigkeit gegen S\u00e4ttigung.  <\/td>\n<\/tr>\n<tr>\n<td colspan=\"2\"><strong>Aufzugswimpern.<\/strong> Hin- und Herbewegung, um den freigesetzten Schmutz von der Oberfl\u00e4che des Werkst\u00fccks zu trennen.<\/td>\n<\/tr>\n<tr>\n<td colspan=\"2\"><strong>Automatischer<\/strong> Deckel mit optionaler W\u00e4rmeisolierung.<\/td>\n<\/tr>\n<tr>\n<td colspan=\"2\">Konstruktion aus EDELSTAHL AISI 304\/316<\/td>\n<\/tr>\n<\/tbody>\n<\/table>\n<p>&nbsp;<\/p>\n<p><strong>Laden Sie das vollst\u00e4ndige technische Datenblatt herunter:<\/strong><\/p>\n<p><a href=\"https:\/\/brioultrasonics.com\/wp-content\/uploads\/2024\/10\/Datenblatt-Ultraschall-Reinigungsmaschinen-BR-1000-PRO.pdf\" target=\"_blank\" rel=\"noopener\"><img decoding=\"async\" class=\"alignnone wp-image-1322 size-full\" src=\"https:\/\/brioultrasonics.com\/wp-content\/uploads\/2024\/05\/imagen-de-descarga.png\" alt=\"\" width=\"115\" height=\"150\" title=\"\"><\/a><\/p>\n","protected":false},"excerpt":{"rendered":"<p>Automatisches Ultraschallreinigungsger\u00e4t BR-1000 PRO mit 1000 l Fassungsverm\u00f6gen. Exklusive <a href=\"https:\/\/autoline.es\/brioultrasonics\/?utm_source=google&amp;utm_medium=cpc&amp;utm_campaign=es-autoline-DSA-Vsia_tekhnyka&amp;utm_content=1769962054-687348245758&amp;utm_term=&amp;gad_source=1&amp;gclid=Cj0KCQjwsoe5BhDiARIsAOXVoUuY68n_3igitQllocVUJ3SXTfqaPqlWu_E5uqSwYYzjzUL-KRjj1ewaAngIEALw_wcB\">BRIO<\/a>-Technologie, dreimal effizienter als herk\u00f6mmliche Systeme. <\/p>\n","protected":false},"featured_media":58099,"comment_status":"open","ping_status":"closed","template":"","meta":{"_joinchat":[]},"product_brand":[],"product_cat":[115],"product_tag":[],"class_list":{"0":"post-60405","1":"product","2":"type-product","3":"status-publish","4":"has-post-thumbnail","6":"product_cat-pro-serie","8":"first","9":"instock","10":"shipping-taxable","11":"product-type-simple"},"_links":{"self":[{"href":"https:\/\/brioultrasonics.com\/de\/wp-json\/wp\/v2\/product\/60405","targetHints":{"allow":["GET"]}}],"collection":[{"href":"https:\/\/brioultrasonics.com\/de\/wp-json\/wp\/v2\/product"}],"about":[{"href":"https:\/\/brioultrasonics.com\/de\/wp-json\/wp\/v2\/types\/product"}],"replies":[{"embeddable":true,"href":"https:\/\/brioultrasonics.com\/de\/wp-json\/wp\/v2\/comments?post=60405"}],"version-history":[{"count":1,"href":"https:\/\/brioultrasonics.com\/de\/wp-json\/wp\/v2\/product\/60405\/revisions"}],"predecessor-version":[{"id":68567,"href":"https:\/\/brioultrasonics.com\/de\/wp-json\/wp\/v2\/product\/60405\/revisions\/68567"}],"wp:featuredmedia":[{"embeddable":true,"href":"https:\/\/brioultrasonics.com\/de\/wp-json\/wp\/v2\/media\/58099"}],"wp:attachment":[{"href":"https:\/\/brioultrasonics.com\/de\/wp-json\/wp\/v2\/media?parent=60405"}],"wp:term":[{"taxonomy":"product_brand","embeddable":true,"href":"https:\/\/brioultrasonics.com\/de\/wp-json\/wp\/v2\/product_brand?post=60405"},{"taxonomy":"product_cat","embeddable":true,"href":"https:\/\/brioultrasonics.com\/de\/wp-json\/wp\/v2\/product_cat?post=60405"},{"taxonomy":"product_tag","embeddable":true,"href":"https:\/\/brioultrasonics.com\/de\/wp-json\/wp\/v2\/product_tag?post=60405"}],"curies":[{"name":"wp","href":"https:\/\/api.w.org\/{rel}","templated":true}]}}