{"id":60390,"date":"2024-05-21T10:39:22","date_gmt":"2024-05-21T08:39:22","guid":{"rendered":"https:\/\/quizzical-gagarin.31-170-100-185.plesk.page\/producto\/br-4000-pro\/"},"modified":"2026-02-12T11:02:45","modified_gmt":"2026-02-12T10:02:45","slug":"br-4000-pro","status":"publish","type":"product","link":"https:\/\/brioultrasonics.com\/de\/produkt\/br-4000-pro\/","title":{"rendered":"BR-4000 PRO"},"content":{"rendered":"<p>BR-4000 PRO &#8211; Reinigung mit Ultraschall.<\/p>\n<table>\n<tbody>\n<tr>\n<td><strong>\u00c4u\u00dfere Abmessungen der Maschine<\/strong><\/td>\n<td> 3.530 x 2.380 x 3.407 mm<\/td>\n<\/tr>\n<tr>\n<td><strong>Innenma\u00dfe des Tanks<\/strong><\/td>\n<td> 2.120 x 1.445 x 1.523 mm<\/td>\n<\/tr>\n<tr>\n<td><strong>Nutzbare Abmessungen des Arbeitskorbs<\/strong><\/td>\n<td> 2.070 x 1.290 x 1.215 mm<\/td>\n<\/tr>\n<tr>\n<td><strong>H\u00f6he der Arbeitsplatte<\/strong><\/td>\n<td> 1.860 mm<\/td>\n<\/tr>\n<tr>\n<td><strong>Fassungsverm\u00f6gen des Reinigungstanks<\/strong><\/td>\n<td> 4.665 L<\/td>\n<\/tr>\n<tr>\n<td><strong>Installierte Ultraschallleistung<\/strong><\/td>\n<td> 16.000 W (32.000 W p-p)<\/td>\n<\/tr>\n<tr>\n<td><strong>Arbeitsfrequenz des Ultraschalls<\/strong><\/td>\n<td> 28\/40 kHz<\/td>\n<\/tr>\n<tr>\n<td><strong>Installierte Heizleistung<\/strong><\/td>\n<td> 36 kW<\/td>\n<\/tr>\n<tr>\n<td colspan=\"2\"><strong>Bedienfeld mit Ber\u00fchrung oder Druckknopf und digitalem Thermostat<\/strong><\/td>\n<\/tr>\n<tr>\n<td colspan=\"2\"><strong>Manueller Deckel mit optionaler Heizung<\/strong><\/td>\n<\/tr>\n<tr>\n<td colspan=\"2\"><strong>Konstruktion aus rostfreiem Stahl AISI 304\/316<\/strong><\/td>\n<\/tr>\n<\/tbody>\n<\/table>\n<p>&nbsp;<\/p>\n<p><strong>Vollst\u00e4ndiges Datenblatt herunterladen:<\/strong><\/p>\n<p><a href=\"https:\/\/brioultrasonics.com\/wp-content\/uploads\/2024\/10\/Datenblatt-Ultraschall-Reinigungsmaschinen-BR-4000-PRO.pdf\" target=\"_blank\" rel=\"noopener\"><img decoding=\"async\" class=\"alignnone wp-image-1322 size-full\" src=\"https:\/\/brioultrasonics.com\/\/wp-content\/uploads\/2024\/05\/imagen-de-descarga.png\" alt=\"\" width=\"115\" height=\"150\" title=\"\"><\/a><\/p>\n","protected":false},"excerpt":{"rendered":"<p>BR-4000 PRO manuelles Ultraschallreinigungsger\u00e4t mit einer Kapazit\u00e4t von 4000 L. Exklusive BRIO Technologie, die dreimal effizienter ist als herk\u00f6mmliche Systeme. <\/p>\n<p>&nbsp;<\/p>\n<h3>BR-4000 PRO &#8211; Reinigung mit Ultraschall.<\/h3>\n","protected":false},"featured_media":58127,"comment_status":"open","ping_status":"closed","template":"","meta":{"_joinchat":[]},"product_brand":[],"product_cat":[115],"product_tag":[],"class_list":{"0":"post-60390","1":"product","2":"type-product","3":"status-publish","4":"has-post-thumbnail","6":"product_cat-pro-serie","8":"first","9":"instock","10":"shipping-taxable","11":"product-type-simple"},"_links":{"self":[{"href":"https:\/\/brioultrasonics.com\/de\/wp-json\/wp\/v2\/product\/60390","targetHints":{"allow":["GET"]}}],"collection":[{"href":"https:\/\/brioultrasonics.com\/de\/wp-json\/wp\/v2\/product"}],"about":[{"href":"https:\/\/brioultrasonics.com\/de\/wp-json\/wp\/v2\/types\/product"}],"replies":[{"embeddable":true,"href":"https:\/\/brioultrasonics.com\/de\/wp-json\/wp\/v2\/comments?post=60390"}],"version-history":[{"count":4,"href":"https:\/\/brioultrasonics.com\/de\/wp-json\/wp\/v2\/product\/60390\/revisions"}],"predecessor-version":[{"id":69303,"href":"https:\/\/brioultrasonics.com\/de\/wp-json\/wp\/v2\/product\/60390\/revisions\/69303"}],"wp:featuredmedia":[{"embeddable":true,"href":"https:\/\/brioultrasonics.com\/de\/wp-json\/wp\/v2\/media\/58127"}],"wp:attachment":[{"href":"https:\/\/brioultrasonics.com\/de\/wp-json\/wp\/v2\/media?parent=60390"}],"wp:term":[{"taxonomy":"product_brand","embeddable":true,"href":"https:\/\/brioultrasonics.com\/de\/wp-json\/wp\/v2\/product_brand?post=60390"},{"taxonomy":"product_cat","embeddable":true,"href":"https:\/\/brioultrasonics.com\/de\/wp-json\/wp\/v2\/product_cat?post=60390"},{"taxonomy":"product_tag","embeddable":true,"href":"https:\/\/brioultrasonics.com\/de\/wp-json\/wp\/v2\/product_tag?post=60390"}],"curies":[{"name":"wp","href":"https:\/\/api.w.org\/{rel}","templated":true}]}}