{"id":60305,"date":"2024-05-21T10:47:24","date_gmt":"2024-05-21T08:47:24","guid":{"rendered":"https:\/\/quizzical-gagarin.31-170-100-185.plesk.page\/producto\/br-8000-pro\/"},"modified":"2025-05-28T11:40:03","modified_gmt":"2025-05-28T09:40:03","slug":"br-8000-pro","status":"publish","type":"product","link":"https:\/\/brioultrasonics.com\/de\/produkt\/br-8000-pro\/","title":{"rendered":"BR-8000 PRO"},"content":{"rendered":"<table>\n<tbody>\n<tr>\n<strong><\/p>\n<td>Externe Maschinenmessungen<\/td>\n<p><\/strong><\/p>\n<td> 4.120 x 3.400 x 3.640 mm<\/td>\n<\/tr>\n<tr>\n<strong><\/p>\n<td>Innenma\u00dfe des Tanks<\/td>\n<p><\/strong><\/p>\n<td> 2.800 x 1.900 x 1.623 mm<\/td>\n<\/tr>\n<tr>\n<strong><\/p>\n<td>N\u00fctzliche Abmessungen des Gep\u00e4cktr\u00e4gers<\/td>\n<p><\/strong><\/p>\n<td> 2.750 x 1.800 x 1.335 mm<\/td>\n<\/tr>\n<tr>\n<strong><\/p>\n<td>Arbeitsplattenh\u00f6he<\/td>\n<p><\/strong><\/p>\n<td> 1.950 mm<\/td>\n<\/tr>\n<tr>\n<strong><\/p>\n<td>Tankinhalt<\/td>\n<p><\/strong><\/p>\n<td> 8.634 L<\/td>\n<\/tr>\n<tr>\n<strong><\/p>\n<td>Leistung des Ultraschallgenerators<\/td>\n<p><\/strong><\/p>\n<td> 25.000 W (50.000 W p-p)<\/td>\n<\/tr>\n<tr>\n<strong><\/p>\n<td>Ultraschall-Arbeitsfrequenz<\/td>\n<p><\/strong><\/p>\n<td> 28\/40 kHz<\/td>\n<\/tr>\n<tr>\n<strong><\/p>\n<td>Hitzebest\u00e4ndigkeit<\/td>\n<p><\/strong><\/p>\n<td> 63 kW<\/td>\n<\/tr>\n<tr>\n<strong><\/p>\n<td>Maximale Hublast<\/td>\n<p><\/strong><\/p>\n<td> 2000 \u2013 7500 kg<\/td>\n<\/tr>\n<tr>\n<strong><\/p>\n<td>Fassungsverm\u00f6gen des Hilfstanks<\/td>\n<p><\/strong><\/p>\n<td> 425 L<\/td>\n<\/tr>\n<tr>\n<td colspan=\"2\"><strong>Intuitives 7-Zoll-Farb-Touchpanel. <\/strong>Steuerung und Programmierung des Waschzyklus und der Zeitfenster. System mit Automat und Temperaturmodul.  <\/td>\n<\/tr>\n<tr>\n<td colspan=\"2\"><strong>\u00d6ldrucksystem.<\/strong> Exklusives \u00d6ldekantierungssystem durch Laminar-Sweep. Verl\u00e4ngert die Nutzungsdauer der Fl\u00fcssigkeit gegen S\u00e4ttigung.  <\/td>\n<\/tr>\n<tr>\n<td colspan=\"2\"><strong>Aufzugswimpern.<\/strong> Hin- und Herbewegung, um den freigesetzten Schmutz von der Oberfl\u00e4che des Werkst\u00fccks zu trennen.<\/td>\n<\/tr>\n<tr>\n<td colspan=\"2\"><strong>Automatischer<\/strong> Deckel mit optionaler W\u00e4rmeisolierung.<\/td>\n<\/tr>\n<tr>\n<td colspan=\"2\">Konstruktion aus EDELSTAHL AISI 304\/316<\/td>\n<\/tr>\n<\/tbody>\n<\/table>\n<p>&nbsp;<\/p>\n<p><strong>Laden Sie das vollst\u00e4ndige technische Datenblatt herunter:<\/strong><\/p>\n<p><a href=\"https:\/\/brioultrasonics.com\/wp-content\/uploads\/2024\/10\/Datenblatt-Ultraschall-Reinigungsmaschinen-BR-8000-PRO.pdf\" target=\"_blank\" rel=\"noopener\"><img decoding=\"async\" class=\"alignnone wp-image-1322 size-full\" src=\"https:\/\/brioultrasonics.com\/\/wp-content\/uploads\/2024\/05\/imagen-de-descarga.png\" alt=\"\" width=\"115\" height=\"150\" title=\"\"><\/a><\/p>\n","protected":false},"excerpt":{"rendered":"<p>Automatisches Ultraschallreinigungsger\u00e4t BR-8000 pro mit 8000 l Fassungsverm\u00f6gen. Exklusive BRIO-Technologie, dreimal effizienter als herk\u00f6mmliche Systeme. <\/p>\n<p>&nbsp;<\/p>\n<h3>BR-8000 pro Ultraschall-Reinigungsger\u00e4t.<\/h3>\n","protected":false},"featured_media":58135,"comment_status":"open","ping_status":"closed","template":"","meta":{"_joinchat":[]},"product_brand":[],"product_cat":[115],"product_tag":[],"class_list":{"0":"post-60305","1":"product","2":"type-product","3":"status-publish","4":"has-post-thumbnail","6":"product_cat-pro-serie","8":"first","9":"instock","10":"shipping-taxable","11":"product-type-simple"},"_links":{"self":[{"href":"https:\/\/brioultrasonics.com\/de\/wp-json\/wp\/v2\/product\/60305","targetHints":{"allow":["GET"]}}],"collection":[{"href":"https:\/\/brioultrasonics.com\/de\/wp-json\/wp\/v2\/product"}],"about":[{"href":"https:\/\/brioultrasonics.com\/de\/wp-json\/wp\/v2\/types\/product"}],"replies":[{"embeddable":true,"href":"https:\/\/brioultrasonics.com\/de\/wp-json\/wp\/v2\/comments?post=60305"}],"version-history":[{"count":2,"href":"https:\/\/brioultrasonics.com\/de\/wp-json\/wp\/v2\/product\/60305\/revisions"}],"predecessor-version":[{"id":68557,"href":"https:\/\/brioultrasonics.com\/de\/wp-json\/wp\/v2\/product\/60305\/revisions\/68557"}],"wp:featuredmedia":[{"embeddable":true,"href":"https:\/\/brioultrasonics.com\/de\/wp-json\/wp\/v2\/media\/58135"}],"wp:attachment":[{"href":"https:\/\/brioultrasonics.com\/de\/wp-json\/wp\/v2\/media?parent=60305"}],"wp:term":[{"taxonomy":"product_brand","embeddable":true,"href":"https:\/\/brioultrasonics.com\/de\/wp-json\/wp\/v2\/product_brand?post=60305"},{"taxonomy":"product_cat","embeddable":true,"href":"https:\/\/brioultrasonics.com\/de\/wp-json\/wp\/v2\/product_cat?post=60305"},{"taxonomy":"product_tag","embeddable":true,"href":"https:\/\/brioultrasonics.com\/de\/wp-json\/wp\/v2\/product_tag?post=60305"}],"curies":[{"name":"wp","href":"https:\/\/api.w.org\/{rel}","templated":true}]}}