{"id":60300,"date":"2024-05-21T10:56:17","date_gmt":"2024-05-21T08:56:17","guid":{"rendered":"https:\/\/quizzical-gagarin.31-170-100-185.plesk.page\/producto\/br-60\/"},"modified":"2025-08-29T10:35:59","modified_gmt":"2025-08-29T08:35:59","slug":"br-60","status":"publish","type":"product","link":"https:\/\/brioultrasonics.com\/de\/produkt\/br-60\/","title":{"rendered":"BR-60"},"content":{"rendered":"<table>\n<tbody>\n<tr>\n<strong><\/p>\n<td>Au\u00dfenma\u00dfe der Maschine<\/td>\n<p><\/strong><\/p>\n<td> 920 x 600 x 970 mm<\/td>\n<\/tr>\n<tr>\n<strong><\/p>\n<td>Innenma\u00dfe des Tanks<\/td>\n<p><\/strong><\/p>\n<td> 550 x 400 x 400 mm<\/td>\n<\/tr>\n<tr>\n<strong><\/p>\n<td>N\u00fctzliche Ma\u00dfe des Arbeitskorbs<\/td>\n<p><\/strong><\/p>\n<td> 500 x 350 x 230 mm<\/td>\n<\/tr>\n<tr>\n<strong><\/p>\n<td>Arbeitsplattenh\u00f6he<\/td>\n<p><\/strong><\/p>\n<td> 970 mm<\/td>\n<\/tr>\n<tr>\n<strong><\/p>\n<td>Fassungsverm\u00f6gen des Reinigungstanks<\/td>\n<p><\/strong><\/p>\n<td> 88 L<\/td>\n<\/tr>\n<tr>\n<strong><\/p>\n<td>Installierte Ultraschallleistung<\/td>\n<p><\/strong><\/p>\n<td> 600 W (1.200 W p-p)<\/td>\n<\/tr>\n<tr>\n<strong><\/p>\n<td>Ultraschall-Arbeitsfrequenz<\/td>\n<p><\/strong><\/p>\n<td> 28\/40 kHz<\/td>\n<\/tr>\n<tr>\n<td><strong>Installierte Heizleistung<\/strong><\/td>\n<td> 2,4 kW<\/td>\n<\/tr>\n<tr>\n<td colspan=\"2\"><strong>Touch- oder Drucktasten-Bedienfeld und digitaler Thermostat<\/strong><\/td>\n<\/tr>\n<tr>\n<td colspan=\"2\"><strong>Manueller Deckel mit optionaler W\u00e4rmeisolierung<\/strong><\/td>\n<\/tr>\n<tr>\n<td colspan=\"2\"><strong>Konstruktion aus EDELSTAHL AISI 304\/316<\/strong><\/td>\n<\/tr>\n<\/tbody>\n<\/table>\n<p>&nbsp;<\/p>\n<p><strong>Laden Sie das vollst\u00e4ndige technische Datenblatt herunter:<\/strong><\/p>\n<p><a href=\"https:\/\/brioultrasonics.com\/wp-content\/uploads\/2024\/10\/BR-60-Datenblatt-Ultraschall-Reinigungsmaschine-Manual-Series.pdf\" target=\"_blank\" rel=\"noopener\"><img decoding=\"async\" class=\"alignnone wp-image-1322 size-full\" src=\"https:\/\/brioultrasonics.com\/\/wp-content\/uploads\/2024\/05\/imagen-de-descarga.png\" alt=\"\" width=\"115\" height=\"150\" title=\"\"><\/a><\/p>\n","protected":false},"excerpt":{"rendered":"<p>Manuelles Ultraschallreinigungsger\u00e4t BR-60 mit einem Fassungsverm\u00f6gen von 60 l. Exklusive BRIO-Technologie, dreimal effizienter als herk\u00f6mmliche Systeme. <\/p>\n<p>&nbsp;<\/p>\n<h3>BR-60 Ultraschallreinigung.<\/h3>\n","protected":false},"featured_media":58139,"comment_status":"open","ping_status":"closed","template":"","meta":{"_joinchat":[]},"product_brand":[],"product_cat":[103],"product_tag":[],"class_list":{"0":"post-60300","1":"product","2":"type-product","3":"status-publish","4":"has-post-thumbnail","6":"product_cat-handbuchreihe","8":"first","9":"instock","10":"shipping-taxable","11":"product-type-simple"},"_links":{"self":[{"href":"https:\/\/brioultrasonics.com\/de\/wp-json\/wp\/v2\/product\/60300","targetHints":{"allow":["GET"]}}],"collection":[{"href":"https:\/\/brioultrasonics.com\/de\/wp-json\/wp\/v2\/product"}],"about":[{"href":"https:\/\/brioultrasonics.com\/de\/wp-json\/wp\/v2\/types\/product"}],"replies":[{"embeddable":true,"href":"https:\/\/brioultrasonics.com\/de\/wp-json\/wp\/v2\/comments?post=60300"}],"version-history":[{"count":3,"href":"https:\/\/brioultrasonics.com\/de\/wp-json\/wp\/v2\/product\/60300\/revisions"}],"predecessor-version":[{"id":69128,"href":"https:\/\/brioultrasonics.com\/de\/wp-json\/wp\/v2\/product\/60300\/revisions\/69128"}],"wp:featuredmedia":[{"embeddable":true,"href":"https:\/\/brioultrasonics.com\/de\/wp-json\/wp\/v2\/media\/58139"}],"wp:attachment":[{"href":"https:\/\/brioultrasonics.com\/de\/wp-json\/wp\/v2\/media?parent=60300"}],"wp:term":[{"taxonomy":"product_brand","embeddable":true,"href":"https:\/\/brioultrasonics.com\/de\/wp-json\/wp\/v2\/product_brand?post=60300"},{"taxonomy":"product_cat","embeddable":true,"href":"https:\/\/brioultrasonics.com\/de\/wp-json\/wp\/v2\/product_cat?post=60300"},{"taxonomy":"product_tag","embeddable":true,"href":"https:\/\/brioultrasonics.com\/de\/wp-json\/wp\/v2\/product_tag?post=60300"}],"curies":[{"name":"wp","href":"https:\/\/api.w.org\/{rel}","templated":true}]}}