{"id":60265,"date":"2024-05-21T12:20:16","date_gmt":"2024-05-21T10:20:16","guid":{"rendered":"https:\/\/quizzical-gagarin.31-170-100-185.plesk.page\/producto\/br-2000\/"},"modified":"2025-08-29T10:35:40","modified_gmt":"2025-08-29T08:35:40","slug":"br-2000","status":"publish","type":"product","link":"https:\/\/brioultrasonics.com\/de\/produkt\/br-2000\/","title":{"rendered":"BR-2000"},"content":{"rendered":"<table>\n<tbody>\n<tr>\n<strong><\/p>\n<td>Au\u00dfenma\u00dfe der Maschine<\/td>\n<p><\/strong><\/p>\n<td> 2.610 x 1.700 x 1.380 mm<\/td>\n<\/tr>\n<tr>\n<strong><\/p>\n<td>Innenma\u00dfe des Tanks<\/td>\n<p><\/strong><\/p>\n<td>1.760 x 1.195 x 1.170 mm<\/td>\n<\/tr>\n<tr>\n<strong><\/p>\n<td>N\u00fctzliche Ma\u00dfe des Arbeitskorbs<\/td>\n<p><\/strong><\/p>\n<td> 1.700 x 1.050 x 880 mm<\/td>\n<\/tr>\n<tr>\n<strong><\/p>\n<td>Arbeitsplattenh\u00f6he<\/td>\n<p><\/strong><\/p>\n<td> 1.380 mm<\/td>\n<\/tr>\n<tr>\n<strong><\/p>\n<td>Fassungsverm\u00f6gen des Reinigungstanks<\/td>\n<p><\/strong><\/p>\n<td> 2.228 L<\/td>\n<\/tr>\n<tr>\n<td><strong>Installierte Ultraschallleistung<br \/>\n<\/strong><\/td>\n<td>10.000 W (20.000 W p-p)<\/td>\n<\/tr>\n<tr>\n<strong><\/p>\n<td>Ultraschall-Arbeitsfrequenz<\/td>\n<p><\/strong><\/p>\n<td> 28\/40 kHz<\/td>\n<\/tr>\n<tr>\n<td><strong>Installierte Heizleistung<\/strong><\/td>\n<td> 27 kW<\/td>\n<\/tr>\n<tr>\n<td colspan=\"2\"><strong>Touch- oder Drucktasten-Bedienfeld und digitaler Thermostat<\/strong><\/td>\n<\/tr>\n<tr>\n<td colspan=\"2\"><strong>Manueller Deckel mit optionaler W\u00e4rmeisolierung<\/strong><\/td>\n<\/tr>\n<tr>\n<td colspan=\"2\"><strong>Konstruktion aus EDELSTAHL AISI 304\/316<\/strong><\/td>\n<\/tr>\n<\/tbody>\n<\/table>\n<p>&nbsp;<\/p>\n<p><strong>Laden Sie das vollst\u00e4ndige technische Datenblatt herunter:<\/strong><\/p>\n<p><a href=\"https:\/\/brioultrasonics.com\/wp-content\/uploads\/2024\/10\/BR-2000-Datenblatt-Ultraschall-Reinigungsmaschine-Manual-Series.pdf\" target=\"_blank\" rel=\"noopener\"><img decoding=\"async\" class=\"alignnone wp-image-1322 size-full\" src=\"https:\/\/brioultrasonics.com\/\/wp-content\/uploads\/2024\/05\/imagen-de-descarga.png\" alt=\"\" width=\"115\" height=\"150\" title=\"\"><\/a><\/p>\n","protected":false},"excerpt":{"rendered":"<p>Manuelles Ultraschallreinigungsger\u00e4t mit einem Fassungsverm\u00f6gen von 2000 l. Exklusive <a href=\"https:\/\/www.machinetools.com\/es\/companies\/359701-brio-ultrasonics\">BRIO<\/a>-Technologie, dreimal effizienter als herk\u00f6mmliche Systeme. INOX-K\u00f6rbe zum sicheren Laden von Teilen. Es hat die Form eines Gitters, das den Durchtritt von Fl\u00fcssigkeit erm\u00f6glicht. Sein Design erm\u00f6glicht die Befestigung am Tank, so dass die St\u00fccke in einer Abtropfposition bleiben. Dar\u00fcber hinaus erm\u00f6glicht diese Fixierung auf Arbeitsplattenh\u00f6he ein komfortableres Laden von Teilen.     <\/p>\n<p>&nbsp;<\/p>\n<h3>BR-2000 \u2013 BRIO Ultraschall-Reinigungstechnologie<\/h3>\n","protected":false},"featured_media":58171,"comment_status":"open","ping_status":"closed","template":"","meta":{"_joinchat":[]},"product_brand":[],"product_cat":[103],"product_tag":[],"class_list":{"0":"post-60265","1":"product","2":"type-product","3":"status-publish","4":"has-post-thumbnail","6":"product_cat-handbuchreihe","8":"first","9":"instock","10":"shipping-taxable","11":"product-type-simple"},"_links":{"self":[{"href":"https:\/\/brioultrasonics.com\/de\/wp-json\/wp\/v2\/product\/60265","targetHints":{"allow":["GET"]}}],"collection":[{"href":"https:\/\/brioultrasonics.com\/de\/wp-json\/wp\/v2\/product"}],"about":[{"href":"https:\/\/brioultrasonics.com\/de\/wp-json\/wp\/v2\/types\/product"}],"replies":[{"embeddable":true,"href":"https:\/\/brioultrasonics.com\/de\/wp-json\/wp\/v2\/comments?post=60265"}],"version-history":[{"count":5,"href":"https:\/\/brioultrasonics.com\/de\/wp-json\/wp\/v2\/product\/60265\/revisions"}],"predecessor-version":[{"id":69119,"href":"https:\/\/brioultrasonics.com\/de\/wp-json\/wp\/v2\/product\/60265\/revisions\/69119"}],"wp:featuredmedia":[{"embeddable":true,"href":"https:\/\/brioultrasonics.com\/de\/wp-json\/wp\/v2\/media\/58171"}],"wp:attachment":[{"href":"https:\/\/brioultrasonics.com\/de\/wp-json\/wp\/v2\/media?parent=60265"}],"wp:term":[{"taxonomy":"product_brand","embeddable":true,"href":"https:\/\/brioultrasonics.com\/de\/wp-json\/wp\/v2\/product_brand?post=60265"},{"taxonomy":"product_cat","embeddable":true,"href":"https:\/\/brioultrasonics.com\/de\/wp-json\/wp\/v2\/product_cat?post=60265"},{"taxonomy":"product_tag","embeddable":true,"href":"https:\/\/brioultrasonics.com\/de\/wp-json\/wp\/v2\/product_tag?post=60265"}],"curies":[{"name":"wp","href":"https:\/\/api.w.org\/{rel}","templated":true}]}}