{"id":60260,"date":"2024-05-21T12:25:41","date_gmt":"2024-05-21T10:25:41","guid":{"rendered":"https:\/\/quizzical-gagarin.31-170-100-185.plesk.page\/producto\/br-3000\/"},"modified":"2025-08-29T10:34:27","modified_gmt":"2025-08-29T08:34:27","slug":"br-3000","status":"publish","type":"product","link":"https:\/\/brioultrasonics.com\/de\/produkt\/br-3000\/","title":{"rendered":"BR-3000"},"content":{"rendered":"<table>\n<tbody>\n<tr>\n<strong><\/p>\n<td>Au\u00dfenma\u00dfe der Maschine<\/td>\n<p><\/strong><\/p>\n<td> 2.970 x 1.750 x 1.660 mm<\/td>\n<\/tr>\n<tr>\n<strong><\/p>\n<td>Innenma\u00dfe des Tanks<\/td>\n<p><\/strong><\/p>\n<td> 2.120 x 1.250 x 1.425 mm<\/td>\n<\/tr>\n<tr>\n<strong><\/p>\n<td>N\u00fctzliche Ma\u00dfe des Arbeitskorbs<\/td>\n<p><\/strong><\/p>\n<td> 2.070 x 1.190 x 1.135 mm<\/td>\n<\/tr>\n<tr>\n<strong><\/p>\n<td>Arbeitsplattenh\u00f6he<\/td>\n<p><\/strong><\/p>\n<td> 1.660 mm<\/td>\n<\/tr>\n<tr>\n<strong><\/p>\n<td>Fassungsverm\u00f6gen des Reinigungstanks<\/td>\n<p><\/strong><\/p>\n<td> 3.776 L<\/td>\n<\/tr>\n<tr>\n<td><strong>Installierte Ultraschallleistung<br \/>\n<\/strong><\/td>\n<td>14.000 W (28.000 W p-p)<\/td>\n<\/tr>\n<tr>\n<strong><\/p>\n<td>Ultraschall-Arbeitsfrequenz<\/td>\n<p><\/strong><\/p>\n<td> 28\/40 kHz<\/td>\n<\/tr>\n<tr>\n<td><strong>Installierte Heizleistung<\/strong><\/td>\n<td> 36 kW<\/td>\n<\/tr>\n<tr>\n<td colspan=\"2\"><strong>Touch- oder Drucktasten-Bedienfeld und digitaler Thermostat<\/strong><\/td>\n<\/tr>\n<tr>\n<td colspan=\"2\"><strong>Manueller Deckel mit optionaler W\u00e4rmeisolierung<\/strong><\/td>\n<\/tr>\n<tr>\n<td colspan=\"2\"><strong>Konstruktion aus EDELSTAHL AISI 304\/316<\/strong><\/td>\n<\/tr>\n<\/tbody>\n<\/table>\n<p>&nbsp;<\/p>\n<p><strong>Laden Sie das vollst\u00e4ndige technische Datenblatt herunter:<\/strong><\/p>\n<p><a href=\"https:\/\/brioultrasonics.com\/wp-content\/uploads\/2024\/10\/BR-3000-Datenblatt-Ultraschall-Reinigungsmaschine-Manual-Series.pdf\" target=\"_blank\" rel=\"noopener\"><img decoding=\"async\" class=\"alignnone wp-image-1322 size-full\" src=\"https:\/\/brioultrasonics.com\/\/wp-content\/uploads\/2024\/05\/imagen-de-descarga.png\" alt=\"\" width=\"115\" height=\"150\" title=\"\"><\/a><\/p>\n","protected":false},"excerpt":{"rendered":"<p>BR-3000 Manuelles Ultraschallreinigungsger\u00e4t mit einem Fassungsverm\u00f6gen von 3000 l. Exklusive <a href=\"https:\/\/www.machinetools.com\/es\/companies\/359701-brio-ultrasonics\">BRIO<\/a>-Technologie, dreimal effizienter als herk\u00f6mmliche Systeme. Manuell gesteuerte Maschinen zum Reinigen oder Entlacken mit unserer exklusiven Technologie f\u00fcr hohe Reinigungsleistung und maximale Energieeffizienz. Mit Touch- oder Analog-Bedienfeld mit Steuerung von Reinigungszeiten und Temperatur. Funktionen der PRO-Serie k\u00f6nnen optional hinzugef\u00fcgt werden. Standardmodelle und kundenspezifische Designs, um den Bed\u00fcrfnissen jedes Kunden gerecht zu werden.     <\/p>\n<p>&nbsp;<\/p>\n<h3>Ultraschallreinigungsger\u00e4t BR-3000.<\/h3>\n","protected":false},"featured_media":58175,"comment_status":"open","ping_status":"closed","template":"","meta":{"_joinchat":[]},"product_brand":[],"product_cat":[103],"product_tag":[],"class_list":{"0":"post-60260","1":"product","2":"type-product","3":"status-publish","4":"has-post-thumbnail","6":"product_cat-handbuchreihe","8":"first","9":"instock","10":"shipping-taxable","11":"product-type-simple"},"_links":{"self":[{"href":"https:\/\/brioultrasonics.com\/de\/wp-json\/wp\/v2\/product\/60260","targetHints":{"allow":["GET"]}}],"collection":[{"href":"https:\/\/brioultrasonics.com\/de\/wp-json\/wp\/v2\/product"}],"about":[{"href":"https:\/\/brioultrasonics.com\/de\/wp-json\/wp\/v2\/types\/product"}],"replies":[{"embeddable":true,"href":"https:\/\/brioultrasonics.com\/de\/wp-json\/wp\/v2\/comments?post=60260"}],"version-history":[{"count":5,"href":"https:\/\/brioultrasonics.com\/de\/wp-json\/wp\/v2\/product\/60260\/revisions"}],"predecessor-version":[{"id":69075,"href":"https:\/\/brioultrasonics.com\/de\/wp-json\/wp\/v2\/product\/60260\/revisions\/69075"}],"wp:featuredmedia":[{"embeddable":true,"href":"https:\/\/brioultrasonics.com\/de\/wp-json\/wp\/v2\/media\/58175"}],"wp:attachment":[{"href":"https:\/\/brioultrasonics.com\/de\/wp-json\/wp\/v2\/media?parent=60260"}],"wp:term":[{"taxonomy":"product_brand","embeddable":true,"href":"https:\/\/brioultrasonics.com\/de\/wp-json\/wp\/v2\/product_brand?post=60260"},{"taxonomy":"product_cat","embeddable":true,"href":"https:\/\/brioultrasonics.com\/de\/wp-json\/wp\/v2\/product_cat?post=60260"},{"taxonomy":"product_tag","embeddable":true,"href":"https:\/\/brioultrasonics.com\/de\/wp-json\/wp\/v2\/product_tag?post=60260"}],"curies":[{"name":"wp","href":"https:\/\/api.w.org\/{rel}","templated":true}]}}