{"id":60250,"date":"2024-05-21T12:31:34","date_gmt":"2024-05-21T10:31:34","guid":{"rendered":"https:\/\/quizzical-gagarin.31-170-100-185.plesk.page\/producto\/br-6000\/"},"modified":"2025-08-29T10:35:42","modified_gmt":"2025-08-29T08:35:42","slug":"br-6000","status":"publish","type":"product","link":"https:\/\/brioultrasonics.com\/de\/produkt\/br-6000\/","title":{"rendered":"BR-6000"},"content":{"rendered":"<table>\n<tbody>\n<tr>\n<strong><\/p>\n<td>Au\u00dfenma\u00dfe der Maschine<\/td>\n<p><\/strong><\/p>\n<td> 3.280 x 2.192 x 1.833 mm<\/td>\n<\/tr>\n<tr>\n<strong><\/p>\n<td>Innenma\u00dfe des Tanks<\/td>\n<p><\/strong><\/p>\n<td>2.430 x 1.692 x 1.623 mm<\/td>\n<\/tr>\n<tr>\n<strong><\/p>\n<td>N\u00fctzliche Ma\u00dfe des Arbeitskorbs<\/td>\n<p><\/strong><\/p>\n<td> 2.380 x 1.512 x 1.335 mm<\/td>\n<\/tr>\n<tr>\n<strong><\/p>\n<td>Arbeitsplattenh\u00f6he<\/td>\n<p><\/strong><\/p>\n<td> 1.833 mm<\/td>\n<\/tr>\n<tr>\n<strong><\/p>\n<td>Fassungsverm\u00f6gen des Reinigungstanks<\/td>\n<p><\/strong><\/p>\n<td> 6.673 L<\/td>\n<\/tr>\n<tr>\n<td><strong>Installierte Ultraschallleistung<br \/>\n<\/strong><\/td>\n<td>18.000 W (36.000 W p-p)<\/td>\n<\/tr>\n<tr>\n<strong><\/p>\n<td>Ultraschall-Arbeitsfrequenz<\/td>\n<p><\/strong><\/p>\n<td> 28\/40 kHz<\/td>\n<\/tr>\n<tr>\n<td><strong>Installierte Heizleistung<\/strong><\/td>\n<td> 45 kW<\/td>\n<\/tr>\n<tr>\n<td colspan=\"2\"><strong>Touch- oder Drucktasten-Bedienfeld und digitaler Thermostat<\/strong><\/td>\n<\/tr>\n<tr>\n<td colspan=\"2\"><strong>Manueller Deckel mit optionaler W\u00e4rmeisolierung<\/strong><\/td>\n<\/tr>\n<tr>\n<td colspan=\"2\"><strong>Konstruktion aus EDELSTAHL AISI 304\/316<\/strong><\/td>\n<\/tr>\n<\/tbody>\n<\/table>\n<p>&nbsp;<\/p>\n<p><strong>Laden Sie das vollst\u00e4ndige technische Datenblatt herunter:<\/strong><\/p>\n<p><a href=\"https:\/\/brioultrasonics.com\/wp-content\/uploads\/2024\/10\/BR-6000-Datenblatt-Ultraschall-Reinigungsmaschine-Manual-Series.pdf\" target=\"_blank\" rel=\"noopener\"><img decoding=\"async\" class=\"alignnone wp-image-1322 size-full\" src=\"https:\/\/brioultrasonics.com\/\/wp-content\/uploads\/2024\/05\/imagen-de-descarga.png\" alt=\"\" width=\"115\" height=\"150\" title=\"\"><\/a><\/p>\n","protected":false},"excerpt":{"rendered":"<p>Manuelles Ultraschallreinigungsger\u00e4t mit einem Fassungsverm\u00f6gen von 6000 l, ideal f\u00fcr die industrielle Reinigung. Exklusive <a href=\"https:\/\/www.machinetools.com\/es\/companies\/359701-brio-ultrasonics\">BRIO<\/a>-Technologie, dreimal effizienter als herk\u00f6mmliche Systeme. Sein Design erm\u00f6glicht die Befestigung am Tank, so dass die St\u00fccke in einer Abtropfposition bleiben. Dar\u00fcber hinaus erm\u00f6glicht diese Fixierung auf Arbeitsplattenh\u00f6he ein komfortableres Laden von Teilen.   <\/p>\n<p>&nbsp;<\/p>\n<h3>Industrielle Ultraschallreinigungsmaschine.<\/h3>\n","protected":false},"featured_media":58183,"comment_status":"open","ping_status":"closed","template":"","meta":{"_joinchat":[]},"product_brand":[],"product_cat":[103],"product_tag":[],"class_list":{"0":"post-60250","1":"product","2":"type-product","3":"status-publish","4":"has-post-thumbnail","6":"product_cat-handbuchreihe","8":"first","9":"instock","10":"shipping-taxable","11":"product-type-simple"},"_links":{"self":[{"href":"https:\/\/brioultrasonics.com\/de\/wp-json\/wp\/v2\/product\/60250","targetHints":{"allow":["GET"]}}],"collection":[{"href":"https:\/\/brioultrasonics.com\/de\/wp-json\/wp\/v2\/product"}],"about":[{"href":"https:\/\/brioultrasonics.com\/de\/wp-json\/wp\/v2\/types\/product"}],"replies":[{"embeddable":true,"href":"https:\/\/brioultrasonics.com\/de\/wp-json\/wp\/v2\/comments?post=60250"}],"version-history":[{"count":6,"href":"https:\/\/brioultrasonics.com\/de\/wp-json\/wp\/v2\/product\/60250\/revisions"}],"predecessor-version":[{"id":69121,"href":"https:\/\/brioultrasonics.com\/de\/wp-json\/wp\/v2\/product\/60250\/revisions\/69121"}],"wp:featuredmedia":[{"embeddable":true,"href":"https:\/\/brioultrasonics.com\/de\/wp-json\/wp\/v2\/media\/58183"}],"wp:attachment":[{"href":"https:\/\/brioultrasonics.com\/de\/wp-json\/wp\/v2\/media?parent=60250"}],"wp:term":[{"taxonomy":"product_brand","embeddable":true,"href":"https:\/\/brioultrasonics.com\/de\/wp-json\/wp\/v2\/product_brand?post=60250"},{"taxonomy":"product_cat","embeddable":true,"href":"https:\/\/brioultrasonics.com\/de\/wp-json\/wp\/v2\/product_cat?post=60250"},{"taxonomy":"product_tag","embeddable":true,"href":"https:\/\/brioultrasonics.com\/de\/wp-json\/wp\/v2\/product_tag?post=60250"}],"curies":[{"name":"wp","href":"https:\/\/api.w.org\/{rel}","templated":true}]}}