{"id":60079,"date":"2024-05-22T13:32:19","date_gmt":"2024-05-22T11:32:19","guid":{"rendered":"https:\/\/quizzical-gagarin.31-170-100-185.plesk.page\/producto\/br-30-wt\/"},"modified":"2024-11-14T08:43:37","modified_gmt":"2024-11-14T07:43:37","slug":"br-30-wt","status":"publish","type":"product","link":"https:\/\/brioultrasonics.com\/de\/produkt\/br-30-wt\/","title":{"rendered":"BR-30 WT"},"content":{"rendered":"<p>BR-30 WT \u2013 REINIGUNG F\u00dcR KLEINTEILE<\/p>\n<table>\n<tbody>\n<tr>\n<strong><\/p>\n<td>Externe Maschinenmessungen<\/td>\n<p><\/strong><\/p>\n<td> 690 x 480 x 500 mm<\/td>\n<\/tr>\n<tr>\n<strong><\/p>\n<td>Innenma\u00dfe des Tanks<\/td>\n<p><\/strong><\/p>\n<td> 400 x 300 x 230 mm<\/td>\n<\/tr>\n<tr>\n<strong><\/p>\n<td>N\u00fctzliche Ma\u00dfe des Arbeitskorbs<\/td>\n<p><\/strong><\/p>\n<td> 370 x 270 x 200 mm<\/td>\n<\/tr>\n<tr>\n<strong><\/p>\n<td>Arbeitsplattenh\u00f6he<\/td>\n<p><\/strong><\/p>\n<td> 410 mm<\/td>\n<\/tr>\n<tr>\n<strong><\/p>\n<td>Tankinhalt<\/td>\n<p><\/strong><\/p>\n<td> 30 L<\/td>\n<\/tr>\n<tr>\n<strong><\/p>\n<td>Leistung des Ultraschallgenerators<\/td>\n<p><\/strong><\/p>\n<td> 600 W (1.200 W p-p)<\/td>\n<\/tr>\n<tr>\n<strong><\/p>\n<td>Ultraschall-Arbeitsfrequenz<\/td>\n<p><\/strong><\/p>\n<td> 28\/40 kHz<\/td>\n<\/tr>\n<tr>\n<strong><\/p>\n<td>Hitzebest\u00e4ndigkeit<\/td>\n<p><\/strong><\/p>\n<td> 1 kW<\/td>\n<\/tr>\n<tr>\n<td colspan=\"2\"><strong>Analoges Bedienfeld mit digitalem Thermostat zur Temperaturregelung<\/strong><\/td>\n<\/tr>\n<tr>\n<td colspan=\"2\"><strong>Manueller Deckel mit optionaler W\u00e4rmeisolierung<\/strong><\/td>\n<\/tr>\n<tr>\n<td colspan=\"2\"><strong>Konstruktion aus EDELSTAHL AISI 304\/316<\/strong><\/td>\n<\/tr>\n<\/tbody>\n<\/table>\n<p>&nbsp;<\/p>\n<p><strong>Laden Sie das vollst\u00e4ndige technische Datenblatt herunter:<\/strong><\/p>\n<p><a href=\"https:\/\/brioultrasonics.com\/\/wp-content\/uploads\/2024\/06\/FICHA-TECNICA-BR-30-WT.pdf\" target=\"_blank\" rel=\"noopener\"><img decoding=\"async\" class=\"alignnone wp-image-1322 size-full\" src=\"https:\/\/brioultrasonics.com\/\/wp-content\/uploads\/2024\/05\/imagen-de-descarga.png\" alt=\"\" width=\"115\" height=\"150\" title=\"\"><\/a><\/p>\n","protected":false},"excerpt":{"rendered":"<p>Reinigung f\u00fcr Kleinteile. BR-30 WT, manuelles Desktop-Ultraschallreinigungsger\u00e4t. 30 l Fassungsverm\u00f6gen. Exklusive <a href=\"https:\/\/aspromec.org\/Mecanizadores\/brio-ultrasonics\/\">BRIO<\/a>-Technologie, dreimal effizienter als herk\u00f6mmliche Systeme. Reinigung f\u00fcr kleine und mittelgro\u00dfe Teile.     Das Design und die Leistung der Ultraschallsender sind f\u00fcr jedes Modell einzigartig und gew\u00e4hrleisten maximale Leistung. Einfache und intuitive Steuerung. Mit Hauptschalter, Ultraschall-Starttaste, Pfeilen zur Einstellung der Arbeitszeit, Starten der Heizung und Pfeilen zur Einstellung der Arbeitstemperatur.  <\/p>\n<p>&nbsp;<\/p>\n<h4>Ultraschallreinigung f\u00fcr Kleinteile<\/h4>\n","protected":false},"featured_media":58379,"comment_status":"open","ping_status":"closed","template":"","meta":{"_joinchat":[]},"product_brand":[],"product_cat":[98],"product_tag":[],"class_list":{"0":"post-60079","1":"product","2":"type-product","3":"status-publish","4":"has-post-thumbnail","6":"product_cat-worktable-serie","8":"first","9":"instock","10":"shipping-taxable","11":"product-type-simple"},"_links":{"self":[{"href":"https:\/\/brioultrasonics.com\/de\/wp-json\/wp\/v2\/product\/60079","targetHints":{"allow":["GET"]}}],"collection":[{"href":"https:\/\/brioultrasonics.com\/de\/wp-json\/wp\/v2\/product"}],"about":[{"href":"https:\/\/brioultrasonics.com\/de\/wp-json\/wp\/v2\/types\/product"}],"replies":[{"embeddable":true,"href":"https:\/\/brioultrasonics.com\/de\/wp-json\/wp\/v2\/comments?post=60079"}],"version-history":[{"count":2,"href":"https:\/\/brioultrasonics.com\/de\/wp-json\/wp\/v2\/product\/60079\/revisions"}],"predecessor-version":[{"id":64247,"href":"https:\/\/brioultrasonics.com\/de\/wp-json\/wp\/v2\/product\/60079\/revisions\/64247"}],"wp:featuredmedia":[{"embeddable":true,"href":"https:\/\/brioultrasonics.com\/de\/wp-json\/wp\/v2\/media\/58379"}],"wp:attachment":[{"href":"https:\/\/brioultrasonics.com\/de\/wp-json\/wp\/v2\/media?parent=60079"}],"wp:term":[{"taxonomy":"product_brand","embeddable":true,"href":"https:\/\/brioultrasonics.com\/de\/wp-json\/wp\/v2\/product_brand?post=60079"},{"taxonomy":"product_cat","embeddable":true,"href":"https:\/\/brioultrasonics.com\/de\/wp-json\/wp\/v2\/product_cat?post=60079"},{"taxonomy":"product_tag","embeddable":true,"href":"https:\/\/brioultrasonics.com\/de\/wp-json\/wp\/v2\/product_tag?post=60079"}],"curies":[{"name":"wp","href":"https:\/\/api.w.org\/{rel}","templated":true}]}}