{"id":60063,"date":"2024-05-22T13:38:56","date_gmt":"2024-05-22T11:38:56","guid":{"rendered":"https:\/\/quizzical-gagarin.31-170-100-185.plesk.page\/producto\/br-6-wt\/"},"modified":"2024-11-27T08:18:46","modified_gmt":"2024-11-27T07:18:46","slug":"br-6-wt","status":"publish","type":"product","link":"https:\/\/brioultrasonics.com\/de\/produkt\/br-6-wt\/","title":{"rendered":"BR-6 WT"},"content":{"rendered":"<p>BR-6 WT \u2013 ULTRASCHALLSYSTEME.<\/p>\n<table>\n<tbody>\n<tr>\n<strong><\/p>\n<td>Externe Maschinenmessungen<\/td>\n<p><\/strong><\/p>\n<td> 440 x 345 x 445 mm<\/td>\n<\/tr>\n<tr>\n<strong><\/p>\n<td>Innenma\u00dfe des Tanks<\/td>\n<p><\/strong><\/p>\n<td> 250 x 170 x 150 mm<\/td>\n<\/tr>\n<tr>\n<td><strong>Nutzma\u00dfe des Arbeitskorbs<\/strong><\/td>\n<td> 220 x 140 x 120 mm<\/td>\n<\/tr>\n<tr>\n<strong><\/p>\n<td>Arbeitsplattenh\u00f6he<\/td>\n<p><\/strong><\/p>\n<td> 360 mm<\/td>\n<\/tr>\n<tr>\n<strong><\/p>\n<td>Tankinhalt<\/td>\n<p><\/strong><\/p>\n<td> 6 L<\/td>\n<\/tr>\n<tr>\n<strong><\/p>\n<td>Leistung des Ultraschallgenerators<\/td>\n<p><\/strong><\/p>\n<td> 200 W (400 W p-p)<\/td>\n<\/tr>\n<tr>\n<strong><\/p>\n<td>Ultraschall-Arbeitsfrequenz<\/td>\n<p><\/strong><\/p>\n<td> 28\/40 kHz<\/td>\n<\/tr>\n<tr>\n<strong><\/p>\n<td>Hitzebest\u00e4ndigkeit<\/td>\n<p><\/strong><\/p>\n<td> 0,3 kW<\/td>\n<\/tr>\n<tr>\n<td colspan=\"2\"><strong>Analoges Bedienfeld mit digitalem Thermostat zur Temperaturregelung<\/strong><\/td>\n<\/tr>\n<tr>\n<td colspan=\"2\"><strong>Manueller Deckel mit optionaler W\u00e4rmeisolierung<\/strong><\/td>\n<\/tr>\n<tr>\n<td colspan=\"2\"><strong>Konstruktion aus EDELSTAHL AISI 304\/316<\/strong><\/td>\n<\/tr>\n<\/tbody>\n<\/table>\n<p>&nbsp;<\/p>\n<p><strong>Laden Sie das vollst\u00e4ndige technische Datenblatt herunter:<\/strong><\/p>\n<p><a href=\"https:\/\/brioultrasonics.com\/wp-content\/uploads\/2024\/10\/BR-6-WT-Data-sheet-Manual-Cleaning-Equipment-Brio-Ultrasonics-1.pdf\" target=\"_blank\" rel=\"noopener\"><img decoding=\"async\" class=\"alignnone wp-image-1322 size-full\" src=\"https:\/\/brioultrasonics.com\/wp-content\/uploads\/2024\/05\/imagen-de-descarga.png\" alt=\"\" width=\"115\" height=\"150\" title=\"\"><\/a><\/p>\n","protected":false},"excerpt":{"rendered":"<p>Manuelle Desktop-Ultraschallreinigungsger\u00e4te. 6 l Fassungsverm\u00f6gen. Exklusive BRIO-Technologie, dreimal effizienter als herk\u00f6mmliche Systeme.  <\/p>\n<p>&nbsp;<\/p>\n<h3>SICHERHEITSAUSR\u00dcSTUNG \u2013 ULTRASCHALL-REINIGUNGSSYSTEME<\/h3>\n<ul>\n<li>Hauptschalter.<\/li>\n<li>Not-Aus-Modul.<\/li>\n<li><a href=\"https:\/\/automatismoindustrial.com\/curso-carnet-instalador-baja-tension\/oficinas-industria-comercio\/b-5-instalacion-de-locales-con-fines-especiales\/instalaciones-a-muy-baja-tension-de-seguridad\/\">MBTS<\/a> f\u00fcr die Man\u00f6verstrecke.<\/li>\n<li>W\u00e4rmed\u00e4mmung.<\/li>\n<li>Digitaler Thermostat.<\/li>\n<\/ul>\n","protected":false},"featured_media":58395,"comment_status":"open","ping_status":"closed","template":"","meta":{"_joinchat":[]},"product_brand":[],"product_cat":[98],"product_tag":[],"class_list":{"0":"post-60063","1":"product","2":"type-product","3":"status-publish","4":"has-post-thumbnail","6":"product_cat-worktable-serie","8":"first","9":"instock","10":"shipping-taxable","11":"product-type-simple"},"_links":{"self":[{"href":"https:\/\/brioultrasonics.com\/de\/wp-json\/wp\/v2\/product\/60063","targetHints":{"allow":["GET"]}}],"collection":[{"href":"https:\/\/brioultrasonics.com\/de\/wp-json\/wp\/v2\/product"}],"about":[{"href":"https:\/\/brioultrasonics.com\/de\/wp-json\/wp\/v2\/types\/product"}],"replies":[{"embeddable":true,"href":"https:\/\/brioultrasonics.com\/de\/wp-json\/wp\/v2\/comments?post=60063"}],"version-history":[{"count":2,"href":"https:\/\/brioultrasonics.com\/de\/wp-json\/wp\/v2\/product\/60063\/revisions"}],"predecessor-version":[{"id":65286,"href":"https:\/\/brioultrasonics.com\/de\/wp-json\/wp\/v2\/product\/60063\/revisions\/65286"}],"wp:featuredmedia":[{"embeddable":true,"href":"https:\/\/brioultrasonics.com\/de\/wp-json\/wp\/v2\/media\/58395"}],"wp:attachment":[{"href":"https:\/\/brioultrasonics.com\/de\/wp-json\/wp\/v2\/media?parent=60063"}],"wp:term":[{"taxonomy":"product_brand","embeddable":true,"href":"https:\/\/brioultrasonics.com\/de\/wp-json\/wp\/v2\/product_brand?post=60063"},{"taxonomy":"product_cat","embeddable":true,"href":"https:\/\/brioultrasonics.com\/de\/wp-json\/wp\/v2\/product_cat?post=60063"},{"taxonomy":"product_tag","embeddable":true,"href":"https:\/\/brioultrasonics.com\/de\/wp-json\/wp\/v2\/product_tag?post=60063"}],"curies":[{"name":"wp","href":"https:\/\/api.w.org\/{rel}","templated":true}]}}