{"id":59869,"date":"2024-05-22T13:52:02","date_gmt":"2024-05-22T11:52:02","guid":{"rendered":"https:\/\/quizzical-gagarin.31-170-100-185.plesk.page\/producto\/br-10-lab-plus\/"},"modified":"2025-05-29T09:44:25","modified_gmt":"2025-05-29T07:44:25","slug":"br-10-lab-plus","status":"publish","type":"product","link":"https:\/\/brioultrasonics.com\/de\/produkt\/br-10-lab-plus\/","title":{"rendered":"BR-10 Lab Plus"},"content":{"rendered":"<p>BR-10 Lab Plus \u2013 Ultraschallreinigung.<\/p>\n<table>\n<tbody>\n<tr>\n<strong><\/p>\n<td>Externe Maschinenmessungen<\/td>\n<p><\/strong><\/p>\n<td> 330 x 270 x 310 mm<\/td>\n<\/tr>\n<tr>\n<strong><\/p>\n<td>Innenma\u00dfe des Tanks<\/td>\n<p><\/strong><\/p>\n<td> 300 x 240 x 150 mm<\/td>\n<\/tr>\n<tr>\n<strong><\/p>\n<td>N\u00fctzliche Ma\u00dfe des Arbeitskorbs<\/td>\n<p><\/strong><\/p>\n<td> 260 x 200 x 100 mm<\/td>\n<\/tr>\n<tr>\n<strong><\/p>\n<td>Tankinhalt<\/td>\n<p><\/strong><\/p>\n<td> 10 L<\/td>\n<\/tr>\n<tr>\n<strong><\/p>\n<td>Leistung des Ultraschallgenerators<\/td>\n<p><\/strong><\/p>\n<td> 240 W (480 W p-p)<\/td>\n<\/tr>\n<tr>\n<strong><\/p>\n<td>Ultraschall-Arbeitsfrequenzen<\/td>\n<p><\/strong><\/p>\n<td> 40\/33 kHz<\/td>\n<\/tr>\n<tr>\n<strong><\/p>\n<td>Heizleistung<\/td>\n<p><\/strong><\/p>\n<td> 300 W<\/td>\n<\/tr>\n<tr>\n<td colspan=\"2\"><strong>Analoges Bedienfeld mit digitalem Thermostat zur Temperaturregelung<\/strong><\/td>\n<\/tr>\n<tr>\n<td colspan=\"2\"><strong>Abdeckung aus AISI 304 \u201eEnd of Day\u201c.<\/strong><\/td>\n<\/tr>\n<tr>\n<td colspan=\"2\"><strong>Ablassventil aus Edelstahl.<\/strong><\/td>\n<\/tr>\n<tr>\n<td colspan=\"2\"><strong>Arbeitskorb inklusive. Hergestellt aus Edelstahl AISI 304. <\/strong><\/td>\n<\/tr>\n<tr>\n<td colspan=\"2\"><strong>Konstruktion aus EDELSTAHL AISI 304\/316<\/strong><\/td>\n<\/tr>\n<\/tbody>\n<\/table>\n<p>&nbsp;<\/p>\n<p>&nbsp;<\/p>\n<p><strong>Laden Sie das vollst\u00e4ndige technische Datenblatt herunter:<\/strong><\/p>\n<p><a href=\"https:\/\/brioultrasonics.com\/wp-content\/uploads\/2024\/10\/Datenblatt-Ultraschall-Reinigungsmaschinen-BR-10-Lab-Plus.pdf\" target=\"_blank\" rel=\"noopener\"><img decoding=\"async\" class=\"alignnone wp-image-1322 size-full\" src=\"https:\/\/brioultrasonics.com\/\/wp-content\/uploads\/2024\/05\/imagen-de-descarga.png\" alt=\"\" width=\"115\" height=\"150\" title=\"\"><\/a><\/p>\n","protected":false},"excerpt":{"rendered":"<p>Manuelle Desktop-Ultraschallreinigungsger\u00e4te. 10 <a href=\"https:\/\/es.wikipedia.org\/wiki\/Litro#:~:text=Definici%C3%B3n,-Ma%C3%9Fkr%C3%BCge%2C%20jarras%20de&amp;text=Un%20litro%20se%20define%20como,volumen)%20es%20exactamente%201000%20L.\">l <\/a>Fassungsverm\u00f6gen. Exklusive BRIO-Technologie mit Bifrequenz und Funktionen, die den Reinigungszyklus verbessern. Maschine f\u00fcr die Bereiche Forschung, Medizin, Veterin\u00e4rmedizin, Schmuck usw.   <\/p>\n<p>&nbsp;<\/p>\n<h4>ULTRASCHALL-REINIGUNGSFUNKTIONEN<\/h4>\n<table>\n<tbody>\n<tr>\n<td><strong>Arbeiten Sie mit 40 und 33 kHz.<\/strong><\/td>\n<td> 1. 40 Khz: Die am besten geeignete Frequenz f\u00fcr leichte Verschmutzungen, mit Anwendungen in den Bereichen Labor, Medizin, Optik, Uhrmacherei usw. 2. 33 kHz: Diese Frequenz sorgt f\u00fcr eine h\u00f6here Reinigungsintensit\u00e4t und eignet sich besser zum Entfernen von stark an den Teilen haftendem Schmutz. <\/p>\n<\/td>\n<\/tr>\n<tr>\n<td><strong>Stop &amp; Go-Zweifrequenzschaltung.<\/strong><\/td>\n<td>Intermittierender Betrieb mit 40\/33 kHz mit Zwischenpausen. Diese Funktion setzt die Teile variablen Ultraschallimpulsen aus und erm\u00f6glicht so eine bessere Entfernung von Schmutz in Hohlr\u00e4umen und anderen schwer zug\u00e4nglichen Stellen. <\/td>\n<\/tr>\n<tr>\n<td><strong>Frequenz-Sweep-Funktion.<\/strong><\/td>\n<td>Progressive Variation von einer Frequenz zur anderen. Diese Variante erm\u00f6glicht eine progressive \u00c4nderung der Reinigungsintensit\u00e4t, die die Schmutzentfernung beg\u00fcnstigt. <\/td>\n<\/tr>\n<tr>\n<td><strong>Ultraschall-Arbeitstimer.<\/strong><\/td>\n<td>Erm\u00f6glicht die Einstellung einer Arbeitszeit zwischen 1 und 99 Minuten.<\/td>\n<\/tr>\n<tr>\n<td><strong>Integrierter digitaler Thermostat.<\/strong><\/td>\n<td>Erm\u00f6glicht die Einstellung der Arbeitstemperatur des Ger\u00e4ts auf bis zu 80 \u00baC. Der r <\/td>\n<\/tr>\n<\/tbody>\n<\/table>\n<p>&nbsp;<\/p>\n<p>Das Bedienfeld ist einfach und intuitiv. Hier k\u00f6nnen Sie die Arbeitsfrequenz, die Bifrequenzfunktionen zur Verst\u00e4rkung der Badwirkung, die Temperaturregelung und das Starten\/Stoppen des Ultraschalls ausw\u00e4hlen. Ultraschallreinigung. Ausr\u00fcstung, die f\u00fcr einfache Man\u00f6vrierf\u00e4higkeit und einfachen Transport ausgelegt ist. Sie passen sich jedem Arbeitsraum wie Laboren oder Werkst\u00e4tten an. Die integrierten seitlichen Griffe erm\u00f6glichen ein kippsicheres Umsetzen. Sie haben rutschfeste Gummif\u00fc\u00dfe.      <\/p>\n<p>&nbsp;<\/p>\n<p>Ultrasonidos BRIO in kompakten Ger\u00e4ten f\u00fcr das Labor. Perfekte Tischger\u00e4te zum Desinfizieren und Behandeln von Uhrenteilen, Optik, Schmuck, medizinischen und zahnmedizinischen Werkzeugen und vielem mehr. Mit Bi-Frequenz-Technologie und exklusiven Funktionen zur Verbesserung der Reinigungswirkung und zur Anpassung an alle Schmutzarten und Anforderungen jeder Branche. Leicht zu transportieren. Erh\u00e4ltlich in Volumina von 3 L bis 30 L. Ultraschallreinigung.   <\/p>\n","protected":false},"featured_media":58407,"comment_status":"open","ping_status":"closed","template":"","meta":{"_joinchat":[]},"product_brand":[],"product_cat":[93],"product_tag":[],"class_list":{"0":"post-59869","1":"product","2":"type-product","3":"status-publish","4":"has-post-thumbnail","6":"product_cat-labplus-serie","8":"first","9":"instock","10":"shipping-taxable","11":"product-type-simple"},"_links":{"self":[{"href":"https:\/\/brioultrasonics.com\/de\/wp-json\/wp\/v2\/product\/59869","targetHints":{"allow":["GET"]}}],"collection":[{"href":"https:\/\/brioultrasonics.com\/de\/wp-json\/wp\/v2\/product"}],"about":[{"href":"https:\/\/brioultrasonics.com\/de\/wp-json\/wp\/v2\/types\/product"}],"replies":[{"embeddable":true,"href":"https:\/\/brioultrasonics.com\/de\/wp-json\/wp\/v2\/comments?post=59869"}],"version-history":[{"count":3,"href":"https:\/\/brioultrasonics.com\/de\/wp-json\/wp\/v2\/product\/59869\/revisions"}],"predecessor-version":[{"id":68587,"href":"https:\/\/brioultrasonics.com\/de\/wp-json\/wp\/v2\/product\/59869\/revisions\/68587"}],"wp:featuredmedia":[{"embeddable":true,"href":"https:\/\/brioultrasonics.com\/de\/wp-json\/wp\/v2\/media\/58407"}],"wp:attachment":[{"href":"https:\/\/brioultrasonics.com\/de\/wp-json\/wp\/v2\/media?parent=59869"}],"wp:term":[{"taxonomy":"product_brand","embeddable":true,"href":"https:\/\/brioultrasonics.com\/de\/wp-json\/wp\/v2\/product_brand?post=59869"},{"taxonomy":"product_cat","embeddable":true,"href":"https:\/\/brioultrasonics.com\/de\/wp-json\/wp\/v2\/product_cat?post=59869"},{"taxonomy":"product_tag","embeddable":true,"href":"https:\/\/brioultrasonics.com\/de\/wp-json\/wp\/v2\/product_tag?post=59869"}],"curies":[{"name":"wp","href":"https:\/\/api.w.org\/{rel}","templated":true}]}}