{"id":59857,"date":"2024-05-22T13:55:13","date_gmt":"2024-05-22T11:55:13","guid":{"rendered":"https:\/\/quizzical-gagarin.31-170-100-185.plesk.page\/producto\/br-30-lab-plus\/"},"modified":"2025-05-29T09:41:53","modified_gmt":"2025-05-29T07:41:53","slug":"br-30-lab-plus","status":"publish","type":"product","link":"https:\/\/brioultrasonics.com\/de\/produkt\/br-30-lab-plus\/","title":{"rendered":"BR-30 Lab Plus"},"content":{"rendered":"<h3>BR-30 Lab Plus \u2013 Ultraschall-Reinigungsger\u00e4t.<\/h3>\n<table>\n<tbody>\n<tr>\n<strong><\/p>\n<td>Externe Maschinenmessungen<\/td>\n<p><\/strong><\/p>\n<td> 550 x 330 x 360 mm<\/td>\n<\/tr>\n<tr>\n<strong><\/p>\n<td>Innenma\u00dfe des Tanks<\/td>\n<p><\/strong><\/p>\n<td> 500 x 300 x 200 mm<\/td>\n<\/tr>\n<tr>\n<strong><\/p>\n<td>N\u00fctzliche Ma\u00dfe des Arbeitskorbs<\/td>\n<p><\/strong><\/p>\n<td> 460 x 280 x 150 mm<\/td>\n<\/tr>\n<tr>\n<strong><\/p>\n<td>Tankinhalt<\/td>\n<p><\/strong><\/p>\n<td> 30 L<\/td>\n<\/tr>\n<tr>\n<strong><\/p>\n<td>Leistung des Ultraschallgenerators<\/td>\n<p><\/strong><\/p>\n<td> 600 W (1200 W p-p)<\/td>\n<\/tr>\n<tr>\n<strong><\/p>\n<td>Ultraschall-Arbeitsfrequenzen<\/td>\n<p><\/strong><\/p>\n<td> 40\/33 kHz<\/td>\n<\/tr>\n<tr>\n<strong><\/p>\n<td>Heizleistung<\/td>\n<p><\/strong><\/p>\n<td> 500 W<\/td>\n<\/tr>\n<tr>\n<td colspan=\"2\"><strong>Analoges Bedienfeld mit digitalem Thermostat zur Temperaturregelung<\/strong><\/td>\n<\/tr>\n<tr>\n<td colspan=\"2\"><strong>Abdeckung aus AISI 304 \u201eEnd of Day\u201c.<\/strong><\/td>\n<\/tr>\n<tr>\n<td colspan=\"2\"><strong>Ablassventil aus Edelstahl.<\/strong><\/td>\n<\/tr>\n<tr>\n<td colspan=\"2\"><strong>Arbeitskorb inklusive. Hergestellt aus Edelstahl AISI 304. <\/strong><\/td>\n<\/tr>\n<tr>\n<td colspan=\"2\"><strong>Konstruktion aus EDELSTAHL AISI 304\/316<\/strong><\/td>\n<\/tr>\n<\/tbody>\n<\/table>\n<p>&nbsp;<\/p>\n<p><strong>Laden Sie das vollst\u00e4ndige technische Datenblatt herunter:<\/strong><\/p>\n<p><a href=\"https:\/\/brioultrasonics.com\/wp-content\/uploads\/2024\/10\/Datenblatt-Ultraschall-Reinigungsmaschinen-BR-30-Lab-Plus.pdf\" target=\"_blank\" rel=\"noopener\"><img decoding=\"async\" class=\"alignnone wp-image-1322 size-full\" src=\"https:\/\/brioultrasonics.com\/\/wp-content\/uploads\/2024\/05\/imagen-de-descarga.png\" alt=\"\" width=\"115\" height=\"150\" title=\"\"><\/a><\/p>\n","protected":false},"excerpt":{"rendered":"<p>BR-30 Lab Plus \u2013 Manuelles Desktop-Ultraschallreinigungsger\u00e4t. 30 l Fassungsverm\u00f6gen. Exklusive BRIO-Technologie mit Bifrequenz und Funktionen, die den Reinigungszyklus verbessern. Maschine f\u00fcr die Bereiche Forschung, Medizin, Veterin\u00e4rmedizin, Schmuck usw.   <\/p>\n<p>&nbsp;<\/p>\n<h4>B3-30 Lab Plus-FUNKTIONEN<\/h4>\n<table>\n<tbody>\n<tr>\n<td><strong>Bifrequenz: 40 und 33 kHz.<\/strong><\/td>\n<td> 1. 40 Khz: Die am besten geeignete Frequenz f\u00fcr leichte Verschmutzungen, mit Anwendungen in den Bereichen Labor, Medizin, Optik, Uhrmacherei usw. 2. 33 kHz: Diese Frequenz sorgt f\u00fcr eine h\u00f6here Reinigungsintensit\u00e4t und eignet sich besser zum Entfernen von stark an den Teilen haftendem Schmutz. <\/p>\n<\/td>\n<\/tr>\n<tr>\n<td><strong>Stop &amp; Go-Zweifrequenzschaltung.<\/strong><\/td>\n<td>Intermittierender Betrieb mit 40\/33 kHz mit Zwischenpausen. Diese Funktion setzt die Teile variablen Ultraschallimpulsen aus und erm\u00f6glicht so eine bessere Entfernung von Schmutz in Hohlr\u00e4umen und anderen schwer zug\u00e4nglichen Stellen. <\/td>\n<\/tr>\n<tr>\n<td><strong>Frequenz-Sweep-Funktion.<\/strong><\/td>\n<td>Progressive Variation von einer Frequenz zur anderen. Diese Variante erm\u00f6glicht eine progressive \u00c4nderung der Reinigungsintensit\u00e4t, die die Schmutzentfernung beg\u00fcnstigt. <\/td>\n<\/tr>\n<tr>\n<td><strong>Ultraschall-Arbeitstimer.<\/strong><\/td>\n<td>Erm\u00f6glicht die Einstellung einer Arbeitszeit zwischen 1 und 99 Minuten.<\/td>\n<\/tr>\n<tr>\n<td><strong>Integrierter digitaler Thermostat.<\/strong><\/td>\n<td>Erm\u00f6glicht die Einstellung der Arbeitstemperatur des Ger\u00e4ts auf bis zu 80 \u00baC. Der empfohlene Arbeitsbereich f\u00fcr Ultraschall liegt bei 65 bis 85 \u00baC. <\/td>\n<\/tr>\n<\/tbody>\n<\/table>\n<p>&nbsp;<\/p>\n<h3><strong>STANDARDAUSSTATTUNG DES BR-30 LAB PLUS<\/strong><\/h3>\n<ul>\n<li>Hauptschalter.<\/li>\n<li>Manuelle Abdeckung aus AISI 304\/316 \u201eEnde des Tages\u201c.<\/li>\n<li>Arbeitskorb aus AISI 304\/316.<\/li>\n<li>Au\u00dfenverkleidung aus AISI 304\/316, 1 mm dick.<\/li>\n<li><a href=\"https:\/\/es.wikipedia.org\/wiki\/Tina\">Wanne<\/a> aus AISI 304\/316, 2 mm dick.<\/li>\n<\/ul>\n<p>&nbsp;<\/p>\n<p>Das Bedienfeld ist einfach und intuitiv. Hier k\u00f6nnen Sie die Arbeitsfrequenz, die Bifrequenzfunktionen zur Verst\u00e4rkung der Badwirkung, die Temperaturregelung und das Starten\/Stoppen des Ultraschalls ausw\u00e4hlen. Tablett aus EDELSTAHL, auf dem die zu reinigenden Gegenst\u00e4nde abgelegt werden. Es hat die Form eines Gitters, das den Durchtritt von Fl\u00fcssigkeit erm\u00f6glicht.   <\/p>\n<p>&nbsp;<\/p>\n<p>Ultrasonidos BRIO in kompakten Ger\u00e4ten f\u00fcr das Labor. Perfekte Tischger\u00e4te zum Desinfizieren und Behandeln von Uhrenteilen, Optik, Schmuck, medizinischen und zahnmedizinischen Werkzeugen und vielem mehr. Mit Bi-Frequenz-Technologie und exklusiven Funktionen zur Verbesserung der Reinigungswirkung und zur Anpassung an alle Schmutzarten und Anforderungen jeder Branche. BR-30 Lab Plus.  <\/p>\n<p>&nbsp;<\/p>\n<p>Brio Ultraschall, Spezialist f\u00fcr Ultraschallreinigungsl\u00f6sungen und -prozesse. 100 % spanische Technologie. <\/p>\n","protected":false},"featured_media":58415,"comment_status":"open","ping_status":"closed","template":"","meta":{"_joinchat":[]},"product_brand":[],"product_cat":[93],"product_tag":[],"class_list":{"0":"post-59857","1":"product","2":"type-product","3":"status-publish","4":"has-post-thumbnail","6":"product_cat-labplus-serie","8":"first","9":"instock","10":"shipping-taxable","11":"product-type-simple"},"_links":{"self":[{"href":"https:\/\/brioultrasonics.com\/de\/wp-json\/wp\/v2\/product\/59857","targetHints":{"allow":["GET"]}}],"collection":[{"href":"https:\/\/brioultrasonics.com\/de\/wp-json\/wp\/v2\/product"}],"about":[{"href":"https:\/\/brioultrasonics.com\/de\/wp-json\/wp\/v2\/types\/product"}],"replies":[{"embeddable":true,"href":"https:\/\/brioultrasonics.com\/de\/wp-json\/wp\/v2\/comments?post=59857"}],"version-history":[{"count":3,"href":"https:\/\/brioultrasonics.com\/de\/wp-json\/wp\/v2\/product\/59857\/revisions"}],"predecessor-version":[{"id":68585,"href":"https:\/\/brioultrasonics.com\/de\/wp-json\/wp\/v2\/product\/59857\/revisions\/68585"}],"wp:featuredmedia":[{"embeddable":true,"href":"https:\/\/brioultrasonics.com\/de\/wp-json\/wp\/v2\/media\/58415"}],"wp:attachment":[{"href":"https:\/\/brioultrasonics.com\/de\/wp-json\/wp\/v2\/media?parent=59857"}],"wp:term":[{"taxonomy":"product_brand","embeddable":true,"href":"https:\/\/brioultrasonics.com\/de\/wp-json\/wp\/v2\/product_brand?post=59857"},{"taxonomy":"product_cat","embeddable":true,"href":"https:\/\/brioultrasonics.com\/de\/wp-json\/wp\/v2\/product_cat?post=59857"},{"taxonomy":"product_tag","embeddable":true,"href":"https:\/\/brioultrasonics.com\/de\/wp-json\/wp\/v2\/product_tag?post=59857"}],"curies":[{"name":"wp","href":"https:\/\/api.w.org\/{rel}","templated":true}]}}