{"id":59669,"date":"2024-05-21T13:31:28","date_gmt":"2024-05-21T11:31:28","guid":{"rendered":"https:\/\/quizzical-gagarin.31-170-100-185.plesk.page\/branchen-und-anwendungen\/spritzgussformen\/"},"modified":"2025-08-29T11:42:23","modified_gmt":"2025-08-29T09:42:23","slug":"spritzgussformen","status":"publish","type":"page","link":"https:\/\/brioultrasonics.com\/de\/branchen-und-anwendungen\/spritzgussformen\/","title":{"rendered":"Spritzgussformen"},"content":{"rendered":"\t\t<div data-elementor-type=\"wp-page\" data-elementor-id=\"59669\" class=\"elementor elementor-59669 elementor-1640\" data-elementor-post-type=\"page\">\n\t\t\t\t<div class=\"elementor-element elementor-element-4f40ee8 e-flex e-con-boxed e-con e-parent\" data-id=\"4f40ee8\" data-element_type=\"container\" data-e-type=\"container\" data-settings=\"{&quot;background_background&quot;:&quot;classic&quot;}\">\n\t\t\t\t\t<div class=\"e-con-inner\">\n\t\t\t\t<div class=\"elementor-element elementor-element-a870ed5 elementor-widget elementor-widget-heading\" data-id=\"a870ed5\" data-element_type=\"widget\" data-e-type=\"widget\" data-widget_type=\"heading.default\">\n\t\t\t\t<div class=\"elementor-widget-container\">\n\t\t\t\t\t<h2 class=\"elementor-heading-title elementor-size-default\">Spritzgussformen<\/h2>\t\t\t\t<\/div>\n\t\t\t\t<\/div>\n\t\t\t\t\t<\/div>\n\t\t\t\t<\/div>\n\t\t<div class=\"elementor-element elementor-element-34e5992 e-flex e-con-boxed e-con e-parent\" data-id=\"34e5992\" data-element_type=\"container\" data-e-type=\"container\">\n\t\t\t\t\t<div class=\"e-con-inner\">\n\t\t<div class=\"elementor-element elementor-element-9b1c8f8 e-con-full e-flex e-con e-child\" data-id=\"9b1c8f8\" data-element_type=\"container\" data-e-type=\"container\">\n\t\t\t\t<div class=\"elementor-element elementor-element-ccd0f19 elementor-widget elementor-widget-template\" data-id=\"ccd0f19\" data-element_type=\"widget\" data-e-type=\"widget\" data-widget_type=\"template.default\">\n\t\t\t\t<div class=\"elementor-widget-container\">\n\t\t\t\t\t\t\t<div class=\"elementor-template\">\n\t\t\t\t\t<div data-elementor-type=\"container\" data-elementor-id=\"60336\" class=\"elementor elementor-60336 elementor-56900 elementor-56900\" data-elementor-post-type=\"elementor_library\">\n\t\t\t\t<div class=\"elementor-element elementor-element-501d555 e-flex e-con-boxed e-con e-child\" data-id=\"501d555\" data-element_type=\"container\" data-e-type=\"container\" data-settings=\"{&quot;background_background&quot;:&quot;classic&quot;}\">\n\t\t\t\t\t<div class=\"e-con-inner\">\n\t\t\t\t<div class=\"elementor-element elementor-element-ad22995 elementor-widget elementor-widget-heading\" data-id=\"ad22995\" data-element_type=\"widget\" data-e-type=\"widget\" data-widget_type=\"heading.default\">\n\t\t\t\t<div class=\"elementor-widget-container\">\n\t\t\t\t\t<p class=\"elementor-heading-title elementor-size-default\">Katalog<\/p>\t\t\t\t<\/div>\n\t\t\t\t<\/div>\n\t\t\t\t<div class=\"elementor-element elementor-element-8fbe9e3 elementor-widget elementor-widget-text-editor\" data-id=\"8fbe9e3\" data-element_type=\"widget\" data-e-type=\"widget\" data-widget_type=\"text-editor.default\">\n\t\t\t\t<div class=\"elementor-widget-container\">\n\t\t\t\t\t\t\t\t\t<p>Laden Sie unseren Katalog mit allen Informationen zu unserer Technologie, Ausr\u00fcstung und Anwendungen herunter.<\/p>\t\t\t\t\t\t\t\t<\/div>\n\t\t\t\t<\/div>\n\t\t\t\t<div class=\"elementor-element elementor-element-13a1c18 elementor-align-center elementor-widget elementor-widget-button\" data-id=\"13a1c18\" data-element_type=\"widget\" data-e-type=\"widget\" data-widget_type=\"button.default\">\n\t\t\t\t<div class=\"elementor-widget-container\">\n\t\t\t\t\t\t\t\t\t<div class=\"elementor-button-wrapper\">\n\t\t\t\t\t<a class=\"elementor-button elementor-button-link elementor-size-sm\" href=\"https:\/\/brioultrasonics.com\/wp-content\/uploads\/2024\/10\/Katalog-BRIO-Ultraschall-reinigungsgerate-1.pdf\" target=\"_blank\">\n\t\t\t\t\t\t<span class=\"elementor-button-content-wrapper\">\n\t\t\t\t\t\t\t\t\t<span class=\"elementor-button-text\">PDF herunterladen<\/span>\n\t\t\t\t\t<\/span>\n\t\t\t\t\t<\/a>\n\t\t\t\t<\/div>\n\t\t\t\t\t\t\t\t<\/div>\n\t\t\t\t<\/div>\n\t\t\t\t\t<\/div>\n\t\t\t\t<\/div>\n\t\t\t\t<\/div>\n\t\t\t\t<\/div>\n\t\t\t\t\t\t<\/div>\n\t\t\t\t<\/div>\n\t\t\t\t<div class=\"elementor-element elementor-element-c2bfb97 elementor-widget elementor-widget-template\" data-id=\"c2bfb97\" data-element_type=\"widget\" data-e-type=\"widget\" data-widget_type=\"template.default\">\n\t\t\t\t<div class=\"elementor-widget-container\">\n\t\t\t\t\t\t\t<div class=\"elementor-template\">\n\t\t\t\t\t<div data-elementor-type=\"container\" data-elementor-id=\"60326\" class=\"elementor elementor-60326 elementor-56903 elementor-56903\" data-elementor-post-type=\"elementor_library\">\n\t\t\t\t<div class=\"elementor-element elementor-element-c0aebd9 e-flex e-con-boxed e-con e-child\" data-id=\"c0aebd9\" data-element_type=\"container\" data-e-type=\"container\" data-settings=\"{&quot;background_background&quot;:&quot;classic&quot;}\">\n\t\t\t\t\t<div class=\"e-con-inner\">\n\t\t\t\t<div class=\"elementor-element elementor-element-7669a04 elementor-widget elementor-widget-heading\" data-id=\"7669a04\" data-element_type=\"widget\" data-e-type=\"widget\" data-widget_type=\"heading.default\">\n\t\t\t\t<div class=\"elementor-widget-container\">\n\t\t\t\t\t<p class=\"elementor-heading-title elementor-size-default\">Was brauchen Sie?<\/p>\t\t\t\t<\/div>\n\t\t\t\t<\/div>\n\t\t\t\t<div class=\"elementor-element elementor-element-540f1ca elementor-widget elementor-widget-text-editor\" data-id=\"540f1ca\" data-element_type=\"widget\" data-e-type=\"widget\" data-widget_type=\"text-editor.default\">\n\t\t\t\t<div class=\"elementor-widget-container\">\n\t\t\t\t\t\t\t\t\t<p style=\"margin: 0px 0px 1em; padding: 0px; border: 0px; font-variant-numeric: inherit; font-variant-east-asian: inherit; font-variant-alternates: inherit; font-variant-position: inherit; font-stretch: inherit; line-height: inherit; font-family: Rubik; font-optical-sizing: inherit; font-kerning: inherit; font-feature-settings: inherit; font-variation-settings: inherit; vertical-align: baseline; background-color: #00b1aa;\">Rufen Sie unverbindlich an unter<br \/><span style=\"margin: 0px; padding: 0px; border: 0px; font-style: inherit; font-variant: inherit; font-weight: inherit; font-stretch: inherit; font-size: 22px; line-height: inherit; font-family: inherit; font-optical-sizing: inherit; font-kerning: inherit; font-feature-settings: inherit; font-variation-settings: inherit; vertical-align: baseline;\"><a style=\"color: #ffffff; transition: all 0.3s ease 0s; border-bottom: 1px solid transparent; font-size: inherit; font-weight: inherit;\" href=\"tel:+34961341109\"><strong style=\"margin: 0px; padding: 0px; border: 0px; font-style: inherit; font-variant: inherit; font-weight: bold; font-stretch: inherit; font-size: inherit; line-height: inherit; font-family: inherit; font-optical-sizing: inherit; font-kerning: inherit; font-feature-settings: inherit; font-variation-settings: inherit; vertical-align: baseline;\">+ (34) 961-341-109<\/strong><\/a><\/span><\/p>\n<p style=\"margin: 0px 0px 1em; padding: 0px; border: 0px; font-variant-numeric: inherit; font-variant-east-asian: inherit; font-variant-alternates: inherit; font-variant-position: inherit; font-stretch: inherit; line-height: inherit; font-family: Rubik; font-optical-sizing: inherit; font-kerning: inherit; font-feature-settings: inherit; font-variation-settings: inherit; vertical-align: baseline; background-color: #00b1aa;\"><a style=\"color: #ffffff; transition: all 0.3s ease 0s; border-bottom: 1px solid transparent;\" href=\"mailto:info@brioultrasonics.com\">Schreiben Sie uns an <strong style=\"margin: 0px; padding: 0px; border: 0px; font-style: inherit; font-variant: inherit; font-weight: bold; font-stretch: inherit; font-size: inherit; line-height: inherit; font-family: inherit; font-optical-sizing: inherit; font-kerning: inherit; font-feature-settings: inherit; font-variation-settings: inherit; vertical-align: baseline;\">info@brioultrasonics.com<\/strong><\/a><\/p>\n<p><span style=\"background-color: #00b1aa; font-family: Rubik; color: var( --e-global-color-b59310b ); font-weight: var( --e-global-typography-text-font-weight ); font-size: 1rem;\">Oder f\u00fcllen Sie das Formular aus<\/span> <span style=\"background-color: var( --e-global-color-e0fbf92 ); color: var( --e-global-color-b59310b ); font-family: var( --e-global-typography-text-font-family ), Sans-serif; font-size: 1rem; font-weight: var( --e-global-typography-text-font-weight );\">o<\/span><\/p>\n\t\t\t\t\t\t\t\t<\/div>\n\t\t\t\t<\/div>\n\t\t\t\t<div class=\"elementor-element elementor-element-01665c7 elementor-align-center elementor-widget elementor-widget-button\" data-id=\"01665c7\" data-element_type=\"widget\" data-e-type=\"widget\" data-widget_type=\"button.default\">\n\t\t\t\t<div class=\"elementor-widget-container\">\n\t\t\t\t\t\t\t\t\t<div class=\"elementor-button-wrapper\">\n\t\t\t\t\t<a class=\"elementor-button elementor-button-link elementor-size-sm\" href=\"https:\/\/brioultrasonics.com\/de\/kontakt\/\">\n\t\t\t\t\t\t<span class=\"elementor-button-content-wrapper\">\n\t\t\t\t\t\t\t\t\t<span class=\"elementor-button-text\">Kontaktieren Sie uns<\/span>\n\t\t\t\t\t<\/span>\n\t\t\t\t\t<\/a>\n\t\t\t\t<\/div>\n\t\t\t\t\t\t\t\t<\/div>\n\t\t\t\t<\/div>\n\t\t\t\t\t<\/div>\n\t\t\t\t<\/div>\n\t\t\t\t<\/div>\n\t\t\t\t<\/div>\n\t\t\t\t\t\t<\/div>\n\t\t\t\t<\/div>\n\t\t\t\t<\/div>\n\t\t<div class=\"elementor-element elementor-element-17cb3e8 e-con-full e-flex e-con e-child\" data-id=\"17cb3e8\" data-element_type=\"container\" data-e-type=\"container\">\n\t\t\t\t<div class=\"elementor-element elementor-element-9e5d6ad elementor-widget elementor-widget-heading\" data-id=\"9e5d6ad\" data-element_type=\"widget\" data-e-type=\"widget\" data-widget_type=\"heading.default\">\n\t\t\t\t<div class=\"elementor-widget-container\">\n\t\t\t\t\t<h2 class=\"elementor-heading-title elementor-size-default\">Maschinen f\u00fcr<br><b>Reinigung von Spritzgussformen<\/b><\/h2>\t\t\t\t<\/div>\n\t\t\t\t<\/div>\n\t\t\t\t<div class=\"elementor-element elementor-element-932f623 elementor-widget__width-initial elementor-widget elementor-widget-text-editor\" data-id=\"932f623\" data-element_type=\"widget\" data-e-type=\"widget\" data-widget_type=\"text-editor.default\">\n\t\t\t\t<div class=\"elementor-widget-container\">\n\t\t\t\t\t\t\t\t\t<p>BRIO-Ultraschallmaschinen <strong>f\u00fchren die Ultraschallreinigung aller Formen<\/strong>, K\u00fchlwege, Hohlr\u00e4ume, Teile, Extraktoren, Figuren, Schlitze, Matrizen, Messger\u00e4te und anderer Teile durch.<\/p><p>Spritzgussformen. Unsere exklusive Technologie erm\u00f6glicht die <strong>Entfernung aller Arten von Schmutz und Rost und <\/strong>f\u00fchrt eine vollst\u00e4ndige und gr\u00fcndliche Reinigung durch, die<strong> alle komplexen Punkte der Teile erreicht, ohne ihre Geometrie zu ver\u00e4ndern<\/strong>. Es handelt sich um ein<strong> verunreinigungsfreies<\/strong> Verfahren, f\u00fcr dessen Durchf\u00fchrung <strong>keine Arbeitskr\u00e4fte ben\u00f6tigt werden<\/strong> und das <strong>es Werkst\u00e4tten erm\u00f6glicht, ihre Produktivit\u00e4t zu steigern und den Formenwechsel zu beschleunigen<\/strong>. All dies f\u00fchrt zu <strong>optimalen Ergebnissen bei Spritzgussformen aus Zamak<\/strong>, <strong>Magnesium, Kunststoff, Gummi, usw.<\/strong>   <\/p><p>Die Reinigung von Spritzgussformen erfordert verschiedene Behandlungen. Dank unserer langj\u00e4hrigen Erfahrung und dem Feedback unserer Kunden haben wir die <u><strong><a href=\"https:\/\/brioultrasonics.com\/de\/ultraschallmaschinen-und-loesungen\/br-mold-linie\/\">BR-MOLD-Linie entwickelt, mehrstufige Maschinen mit exklusiven Spezifikationen f\u00fcr die Branche, die kundenspezifisch entworfen und hergestellt werden. <\/a><\/strong><\/u>Dazu geh\u00f6ren Schritte wie: BRIO-Ultraschallwaschen, Sp\u00fclen, Korrosionsschutz, Trocknen usw. <\/p><p>Unsere BR-MOLD-Maschinen kombinieren <strong>die Effizienz und Zuverl\u00e4ssigkeit der BRIO-Technologie mit der umfassenden Konstruktion und Herstellung ma\u00dfgeschneiderter Anlagen, mit schl\u00fcsselfertigen Projekten, die auf die Bed\u00fcrfnisse jedes Kunden zugeschnitten sind.<\/strong><\/p><p>F\u00fcr weitere Informationen zu unserem BR-MOLD-<u><a href=\"https:\/\/brioultrasonics.com\/de\/kontakt\/\">Sortiment wenden Sie sich unverbindlich an unsere Vertriebsabteilung.<\/a><\/u><\/p>\t\t\t\t\t\t\t\t<\/div>\n\t\t\t\t<\/div>\n\t\t\t\t<div class=\"elementor-element elementor-element-4940858 elementor-widget elementor-widget-image\" data-id=\"4940858\" data-element_type=\"widget\" data-e-type=\"widget\" data-widget_type=\"image.default\">\n\t\t\t\t<div class=\"elementor-widget-container\">\n\t\t\t\t\t\t\t\t\t\t\t\t\t\t\t<img fetchpriority=\"high\" decoding=\"async\" width=\"800\" height=\"580\" src=\"https:\/\/brioultrasonics.com\/wp-content\/uploads\/2024\/04\/BR-600-MOLD-FILTRO-WEB-1024x742.jpg\" class=\"attachment-large size-large wp-image-57351\" alt=\"manuelle Reinigungsmaschine\" srcset=\"https:\/\/brioultrasonics.com\/wp-content\/uploads\/2024\/04\/BR-600-MOLD-FILTRO-WEB-1024x742.jpg 1024w, https:\/\/brioultrasonics.com\/wp-content\/uploads\/2024\/04\/BR-600-MOLD-FILTRO-WEB-600x435.jpg 600w, https:\/\/brioultrasonics.com\/wp-content\/uploads\/2024\/04\/BR-600-MOLD-FILTRO-WEB-300x217.jpg 300w, https:\/\/brioultrasonics.com\/wp-content\/uploads\/2024\/04\/BR-600-MOLD-FILTRO-WEB-768x556.jpg 768w, https:\/\/brioultrasonics.com\/wp-content\/uploads\/2024\/04\/BR-600-MOLD-FILTRO-WEB.jpg 1201w\" sizes=\"(max-width: 800px) 100vw, 800px\" title=\"\">\t\t\t\t\t\t\t\t\t\t\t\t\t\t\t<\/div>\n\t\t\t\t<\/div>\n\t\t\t\t<div class=\"elementor-element elementor-element-bc26741 elementor-widget elementor-widget-video\" data-id=\"bc26741\" data-element_type=\"widget\" data-e-type=\"widget\" data-settings=\"{&quot;youtube_url&quot;:&quot;https:\\\/\\\/youtu.be\\\/v06sBiPU9sk&quot;,&quot;video_type&quot;:&quot;youtube&quot;,&quot;controls&quot;:&quot;yes&quot;}\" data-widget_type=\"video.default\">\n\t\t\t\t<div class=\"elementor-widget-container\">\n\t\t\t\t\t\t\t<div class=\"elementor-wrapper elementor-open-inline\">\n\t\t\t<div class=\"elementor-video\"><\/div>\t\t<\/div>\n\t\t\t\t\t\t<\/div>\n\t\t\t\t<\/div>\n\t\t\t\t<div class=\"elementor-element elementor-element-357f336 elementor-widget elementor-widget-video\" data-id=\"357f336\" data-element_type=\"widget\" data-e-type=\"widget\" data-settings=\"{&quot;youtube_url&quot;:&quot;https:\\\/\\\/youtu.be\\\/gqfqNRvdqB8&quot;,&quot;video_type&quot;:&quot;youtube&quot;,&quot;controls&quot;:&quot;yes&quot;}\" data-widget_type=\"video.default\">\n\t\t\t\t<div class=\"elementor-widget-container\">\n\t\t\t\t\t\t\t<div class=\"elementor-wrapper elementor-open-inline\">\n\t\t\t<div class=\"elementor-video\"><\/div>\t\t<\/div>\n\t\t\t\t\t\t<\/div>\n\t\t\t\t<\/div>\n\t\t\t\t<div class=\"elementor-element elementor-element-0b2e430 elementor-widget elementor-widget-heading\" data-id=\"0b2e430\" data-element_type=\"widget\" data-e-type=\"widget\" data-widget_type=\"heading.default\">\n\t\t\t\t<div class=\"elementor-widget-container\">\n\t\t\t\t\t<h2 class=\"elementor-heading-title elementor-size-default\">BR 300 MOLD<\/h2>\t\t\t\t<\/div>\n\t\t\t\t<\/div>\n\t\t\t\t<div class=\"elementor-element elementor-element-9cb11a4 elementor-widget elementor-widget-video\" data-id=\"9cb11a4\" data-element_type=\"widget\" data-e-type=\"widget\" data-settings=\"{&quot;youtube_url&quot;:&quot;https:\\\/\\\/youtu.be\\\/BfRkm1Dmmyk&quot;,&quot;video_type&quot;:&quot;youtube&quot;,&quot;controls&quot;:&quot;yes&quot;}\" data-widget_type=\"video.default\">\n\t\t\t\t<div class=\"elementor-widget-container\">\n\t\t\t\t\t\t\t<div class=\"elementor-wrapper elementor-open-inline\">\n\t\t\t<div class=\"elementor-video\"><\/div>\t\t<\/div>\n\t\t\t\t\t\t<\/div>\n\t\t\t\t<\/div>\n\t\t\t\t<div class=\"elementor-element elementor-element-2117c03 elementor-widget elementor-widget-heading\" data-id=\"2117c03\" data-element_type=\"widget\" data-e-type=\"widget\" data-widget_type=\"heading.default\">\n\t\t\t\t<div class=\"elementor-widget-container\">\n\t\t\t\t\t<h2 class=\"elementor-heading-title elementor-size-default\"><a href=\"https:\/\/brioultrasonics.com\/maquinas-de-limpieza-por-ultrasonidos\/maquinas-limpieza-moldes-br-mold\/\">Mehrstufige Ausr\u00fcstung<br><b>BR-MOLD-Linie<\/b><\/a><\/h2>\t\t\t\t<\/div>\n\t\t\t\t<\/div>\n\t\t\t\t<div class=\"elementor-element elementor-element-789e563 elementor-widget elementor-widget-image\" data-id=\"789e563\" data-element_type=\"widget\" data-e-type=\"widget\" data-widget_type=\"image.default\">\n\t\t\t\t<div class=\"elementor-widget-container\">\n\t\t\t\t\t\t\t\t\t\t\t\t\t\t\t<img decoding=\"async\" width=\"800\" height=\"411\" src=\"https:\/\/brioultrasonics.com\/wp-content\/uploads\/2024\/05\/BR-MOLD-800-limpieza-moldes-ultrasonidos.jpg\" class=\"attachment-large size-large wp-image-57695\" alt=\"Formenreinigung\" srcset=\"https:\/\/brioultrasonics.com\/wp-content\/uploads\/2024\/05\/BR-MOLD-800-limpieza-moldes-ultrasonidos.jpg 900w, https:\/\/brioultrasonics.com\/wp-content\/uploads\/2024\/05\/BR-MOLD-800-limpieza-moldes-ultrasonidos-600x308.jpg 600w, https:\/\/brioultrasonics.com\/wp-content\/uploads\/2024\/05\/BR-MOLD-800-limpieza-moldes-ultrasonidos-300x154.jpg 300w, https:\/\/brioultrasonics.com\/wp-content\/uploads\/2024\/05\/BR-MOLD-800-limpieza-moldes-ultrasonidos-768x394.jpg 768w\" sizes=\"(max-width: 800px) 100vw, 800px\" title=\"\">\t\t\t\t\t\t\t\t\t\t\t\t\t\t\t<\/div>\n\t\t\t\t<\/div>\n\t\t\t\t<div class=\"elementor-element elementor-element-1632d64 elementor-widget elementor-widget-heading\" data-id=\"1632d64\" data-element_type=\"widget\" data-e-type=\"widget\" data-widget_type=\"heading.default\">\n\t\t\t\t<div class=\"elementor-widget-container\">\n\t\t\t\t\t<h2 class=\"elementor-heading-title elementor-size-default\">Vorher &amp; Nachher - <b>Spritzgussformen<\/b><\/h2>\t\t\t\t<\/div>\n\t\t\t\t<\/div>\n\t\t\t\t<div class=\"elementor-element elementor-element-a037912 elementor-widget elementor-widget-gallery\" data-id=\"a037912\" data-element_type=\"widget\" data-e-type=\"widget\" data-settings=\"{&quot;columns&quot;:2,&quot;gap&quot;:{&quot;unit&quot;:&quot;px&quot;,&quot;size&quot;:16,&quot;sizes&quot;:[]},&quot;lazyload&quot;:&quot;yes&quot;,&quot;gallery_layout&quot;:&quot;grid&quot;,&quot;columns_tablet&quot;:2,&quot;columns_mobile&quot;:1,&quot;gap_tablet&quot;:{&quot;unit&quot;:&quot;px&quot;,&quot;size&quot;:10,&quot;sizes&quot;:[]},&quot;gap_mobile&quot;:{&quot;unit&quot;:&quot;px&quot;,&quot;size&quot;:10,&quot;sizes&quot;:[]},&quot;link_to&quot;:&quot;file&quot;,&quot;aspect_ratio&quot;:&quot;3:2&quot;,&quot;overlay_background&quot;:&quot;yes&quot;,&quot;content_hover_animation&quot;:&quot;fade-in&quot;}\" data-widget_type=\"gallery.default\">\n\t\t\t\t<div class=\"elementor-widget-container\">\n\t\t\t\t\t\t\t<div class=\"elementor-gallery__container\">\n\t\t\t\t\t\t\t<a class=\"e-gallery-item elementor-gallery-item elementor-animated-content\" href=\"https:\/\/brioultrasonics.com\/wp-content\/uploads\/2024\/05\/moldes-03.jpg\" data-elementor-open-lightbox=\"yes\" data-elementor-lightbox-slideshow=\"a037912\" data-elementor-lightbox-title=\"Formen-03\" data-e-action-hash=\"#elementor-action%3Aaction%3Dlightbox%26settings%3DeyJpZCI6NTc3MjcsInVybCI6Imh0dHBzOlwvXC9icmlvdWx0cmFzb25pY3MuY29tXC93cC1jb250ZW50XC91cGxvYWRzXC8yMDI0XC8wNVwvbW9sZGVzLTAzLmpwZyIsInNsaWRlc2hvdyI6ImEwMzc5MTIifQ%3D%3D\">\n\t\t\t\t\t<div class=\"e-gallery-image elementor-gallery-item__image\" data-thumbnail=\"https:\/\/brioultrasonics.com\/wp-content\/uploads\/2024\/05\/moldes-03-300x200.jpg\" data-width=\"300\" data-height=\"200\" aria-label=\"Ultraschall-Formbehandlung\" role=\"img\" ><\/div>\n\t\t\t\t\t\t\t\t\t\t\t<div class=\"elementor-gallery-item__overlay\"><\/div>\n\t\t\t\t\t\t\t\t\t\t\t\t\t\t<\/a>\n\t\t\t\t\t\t\t<a class=\"e-gallery-item elementor-gallery-item elementor-animated-content\" href=\"https:\/\/brioultrasonics.com\/wp-content\/uploads\/2024\/05\/moldes-01.jpg\" data-elementor-open-lightbox=\"yes\" data-elementor-lightbox-slideshow=\"a037912\" data-elementor-lightbox-title=\"Formen-01\" data-e-action-hash=\"#elementor-action%3Aaction%3Dlightbox%26settings%3DeyJpZCI6NTc3MzEsInVybCI6Imh0dHBzOlwvXC9icmlvdWx0cmFzb25pY3MuY29tXC93cC1jb250ZW50XC91cGxvYWRzXC8yMDI0XC8wNVwvbW9sZGVzLTAxLmpwZyIsInNsaWRlc2hvdyI6ImEwMzc5MTIifQ%3D%3D\">\n\t\t\t\t\t<div class=\"e-gallery-image elementor-gallery-item__image\" data-thumbnail=\"https:\/\/brioultrasonics.com\/wp-content\/uploads\/2024\/05\/moldes-01-300x200.jpg\" data-width=\"300\" data-height=\"200\" aria-label=\"Ultraschall-Formbehandlung\" role=\"img\" ><\/div>\n\t\t\t\t\t\t\t\t\t\t\t<div class=\"elementor-gallery-item__overlay\"><\/div>\n\t\t\t\t\t\t\t\t\t\t\t\t\t\t<\/a>\n\t\t\t\t\t\t\t<a class=\"e-gallery-item elementor-gallery-item elementor-animated-content\" href=\"https:\/\/brioultrasonics.com\/wp-content\/uploads\/2024\/05\/Tratamiento-moldes-ultrasonidos-suelas-630x420-1.jpg\" data-elementor-open-lightbox=\"yes\" data-elementor-lightbox-slideshow=\"a037912\" data-elementor-lightbox-title=\"Behandlungsformen-Ultraschallsohlen-630x420\" data-e-action-hash=\"#elementor-action%3Aaction%3Dlightbox%26settings%3DeyJpZCI6NTc3MzUsInVybCI6Imh0dHBzOlwvXC9icmlvdWx0cmFzb25pY3MuY29tXC93cC1jb250ZW50XC91cGxvYWRzXC8yMDI0XC8wNVwvVHJhdGFtaWVudG8tbW9sZGVzLXVsdHJhc29uaWRvcy1zdWVsYXMtNjMweDQyMC0xLmpwZyIsInNsaWRlc2hvdyI6ImEwMzc5MTIifQ%3D%3D\">\n\t\t\t\t\t<div class=\"e-gallery-image elementor-gallery-item__image\" data-thumbnail=\"https:\/\/brioultrasonics.com\/wp-content\/uploads\/2024\/05\/Tratamiento-moldes-ultrasonidos-suelas-630x420-1-300x200.jpg\" data-width=\"300\" data-height=\"200\" aria-label=\"Ultraschall-Formbehandlung\" role=\"img\" ><\/div>\n\t\t\t\t\t\t\t\t\t\t\t<div class=\"elementor-gallery-item__overlay\"><\/div>\n\t\t\t\t\t\t\t\t\t\t\t\t\t\t<\/a>\n\t\t\t\t\t\t\t<a class=\"e-gallery-item elementor-gallery-item elementor-animated-content\" href=\"https:\/\/brioultrasonics.com\/wp-content\/uploads\/2024\/05\/Tratamiento-moldes-ultrasonidos-volante-630x420-1.jpg\" data-elementor-open-lightbox=\"yes\" data-elementor-lightbox-slideshow=\"a037912\" data-elementor-lightbox-title=\"Behandlung-Formen-Ultraschall-Lenkrad-630x420\" data-e-action-hash=\"#elementor-action%3Aaction%3Dlightbox%26settings%3DeyJpZCI6NTc3MzksInVybCI6Imh0dHBzOlwvXC9icmlvdWx0cmFzb25pY3MuY29tXC93cC1jb250ZW50XC91cGxvYWRzXC8yMDI0XC8wNVwvVHJhdGFtaWVudG8tbW9sZGVzLXVsdHJhc29uaWRvcy12b2xhbnRlLTYzMHg0MjAtMS5qcGciLCJzbGlkZXNob3ciOiJhMDM3OTEyIn0%3D\">\n\t\t\t\t\t<div class=\"e-gallery-image elementor-gallery-item__image\" data-thumbnail=\"https:\/\/brioultrasonics.com\/wp-content\/uploads\/2024\/05\/Tratamiento-moldes-ultrasonidos-volante-630x420-1-300x200.jpg\" data-width=\"300\" data-height=\"200\" aria-label=\"Ultraschall-Formbehandlung\" role=\"img\" ><\/div>\n\t\t\t\t\t\t\t\t\t\t\t<div class=\"elementor-gallery-item__overlay\"><\/div>\n\t\t\t\t\t\t\t\t\t\t\t\t\t\t<\/a>\n\t\t\t\t\t<\/div>\n\t\t\t\t\t<\/div>\n\t\t\t\t<\/div>\n\t\t\t\t<\/div>\n\t\t\t\t\t<\/div>\n\t\t\t\t<\/div>\n\t\t\t\t<\/div>\n\t\t","protected":false},"excerpt":{"rendered":"<p>Spritzgussformen Maschinen f\u00fcrReinigung von Spritzgussformen BRIO-Ultraschallmaschinen f\u00fchren die Ultraschallreinigung aller Formen, K\u00fchlwege, Hohlr\u00e4ume, Teile, Extraktoren, Figuren, Schlitze, Matrizen, Messger\u00e4te und anderer Teile durch. Spritzgussformen. Unsere exklusive Technologie erm\u00f6glicht die Entfernung aller Arten von Schmutz und Rost und f\u00fchrt eine vollst\u00e4ndige und gr\u00fcndliche Reinigung durch, die alle komplexen Punkte der Teile erreicht, ohne ihre Geometrie zu [&hellip;]<\/p>\n","protected":false},"author":1,"featured_media":0,"parent":59570,"menu_order":0,"comment_status":"closed","ping_status":"closed","template":"","meta":{"_joinchat":[],"footnotes":""},"class_list":["post-59669","page","type-page","status-publish","hentry"],"_links":{"self":[{"href":"https:\/\/brioultrasonics.com\/de\/wp-json\/wp\/v2\/pages\/59669","targetHints":{"allow":["GET"]}}],"collection":[{"href":"https:\/\/brioultrasonics.com\/de\/wp-json\/wp\/v2\/pages"}],"about":[{"href":"https:\/\/brioultrasonics.com\/de\/wp-json\/wp\/v2\/types\/page"}],"author":[{"embeddable":true,"href":"https:\/\/brioultrasonics.com\/de\/wp-json\/wp\/v2\/users\/1"}],"replies":[{"embeddable":true,"href":"https:\/\/brioultrasonics.com\/de\/wp-json\/wp\/v2\/comments?post=59669"}],"version-history":[{"count":3,"href":"https:\/\/brioultrasonics.com\/de\/wp-json\/wp\/v2\/pages\/59669\/revisions"}],"predecessor-version":[{"id":69142,"href":"https:\/\/brioultrasonics.com\/de\/wp-json\/wp\/v2\/pages\/59669\/revisions\/69142"}],"up":[{"embeddable":true,"href":"https:\/\/brioultrasonics.com\/de\/wp-json\/wp\/v2\/pages\/59570"}],"wp:attachment":[{"href":"https:\/\/brioultrasonics.com\/de\/wp-json\/wp\/v2\/media?parent=59669"}],"curies":[{"name":"wp","href":"https:\/\/api.w.org\/{rel}","templated":true}]}}