{"id":59586,"date":"2024-05-22T10:05:54","date_gmt":"2024-05-22T08:05:54","guid":{"rendered":"https:\/\/quizzical-gagarin.31-170-100-185.plesk.page\/branchen-und-anwendungen\/lebensmittelindustrie\/"},"modified":"2024-11-22T08:01:58","modified_gmt":"2024-11-22T07:01:58","slug":"lebensmittelindustrie","status":"publish","type":"page","link":"https:\/\/brioultrasonics.com\/de\/branchen-und-anwendungen\/lebensmittelindustrie\/","title":{"rendered":"Lebensmittelindustrie"},"content":{"rendered":"\t\t<div data-elementor-type=\"wp-page\" data-elementor-id=\"59586\" class=\"elementor elementor-59586 elementor-1763\" data-elementor-post-type=\"page\">\n\t\t\t\t<div class=\"elementor-element elementor-element-5e89fc7 e-flex e-con-boxed e-con e-parent\" data-id=\"5e89fc7\" data-element_type=\"container\" data-e-type=\"container\" data-settings=\"{&quot;background_background&quot;:&quot;classic&quot;}\">\n\t\t\t\t\t<div class=\"e-con-inner\">\n\t\t\t\t<div class=\"elementor-element elementor-element-f43458f elementor-widget elementor-widget-heading\" data-id=\"f43458f\" data-element_type=\"widget\" data-e-type=\"widget\" data-widget_type=\"heading.default\">\n\t\t\t\t<div class=\"elementor-widget-container\">\n\t\t\t\t\t<h2 class=\"elementor-heading-title elementor-size-default\">Lebensmittelindustrie<\/h2>\t\t\t\t<\/div>\n\t\t\t\t<\/div>\n\t\t\t\t\t<\/div>\n\t\t\t\t<\/div>\n\t\t<div class=\"elementor-element elementor-element-04cc2fa e-flex e-con-boxed e-con e-parent\" data-id=\"04cc2fa\" data-element_type=\"container\" data-e-type=\"container\">\n\t\t\t\t\t<div class=\"e-con-inner\">\n\t\t<div class=\"elementor-element elementor-element-c2e8cb3 e-con-full e-flex e-con e-child\" data-id=\"c2e8cb3\" data-element_type=\"container\" data-e-type=\"container\">\n\t\t\t\t<div class=\"elementor-element elementor-element-c59b902 elementor-widget elementor-widget-template\" data-id=\"c59b902\" data-element_type=\"widget\" data-e-type=\"widget\" data-widget_type=\"template.default\">\n\t\t\t\t<div class=\"elementor-widget-container\">\n\t\t\t\t\t\t\t<div class=\"elementor-template\">\n\t\t\t\t\t<div data-elementor-type=\"container\" data-elementor-id=\"60336\" class=\"elementor elementor-60336 elementor-56900 elementor-56900\" data-elementor-post-type=\"elementor_library\">\n\t\t\t\t<div class=\"elementor-element elementor-element-501d555 e-flex e-con-boxed e-con e-child\" data-id=\"501d555\" data-element_type=\"container\" data-e-type=\"container\" data-settings=\"{&quot;background_background&quot;:&quot;classic&quot;}\">\n\t\t\t\t\t<div class=\"e-con-inner\">\n\t\t\t\t<div class=\"elementor-element elementor-element-ad22995 elementor-widget elementor-widget-heading\" data-id=\"ad22995\" data-element_type=\"widget\" data-e-type=\"widget\" data-widget_type=\"heading.default\">\n\t\t\t\t<div class=\"elementor-widget-container\">\n\t\t\t\t\t<p class=\"elementor-heading-title elementor-size-default\">Katalog<\/p>\t\t\t\t<\/div>\n\t\t\t\t<\/div>\n\t\t\t\t<div class=\"elementor-element elementor-element-8fbe9e3 elementor-widget elementor-widget-text-editor\" data-id=\"8fbe9e3\" data-element_type=\"widget\" data-e-type=\"widget\" data-widget_type=\"text-editor.default\">\n\t\t\t\t<div class=\"elementor-widget-container\">\n\t\t\t\t\t\t\t\t\t<p>Laden Sie unseren Katalog mit allen Informationen zu unserer Technologie, Ausr\u00fcstung und Anwendungen herunter.<\/p>\t\t\t\t\t\t\t\t<\/div>\n\t\t\t\t<\/div>\n\t\t\t\t<div class=\"elementor-element elementor-element-13a1c18 elementor-align-center elementor-widget elementor-widget-button\" data-id=\"13a1c18\" data-element_type=\"widget\" data-e-type=\"widget\" data-widget_type=\"button.default\">\n\t\t\t\t<div class=\"elementor-widget-container\">\n\t\t\t\t\t\t\t\t\t<div class=\"elementor-button-wrapper\">\n\t\t\t\t\t<a class=\"elementor-button elementor-button-link elementor-size-sm\" href=\"https:\/\/brioultrasonics.com\/wp-content\/uploads\/2024\/10\/Katalog-BRIO-Ultraschall-reinigungsgerate-1.pdf\" target=\"_blank\">\n\t\t\t\t\t\t<span class=\"elementor-button-content-wrapper\">\n\t\t\t\t\t\t\t\t\t<span class=\"elementor-button-text\">PDF herunterladen<\/span>\n\t\t\t\t\t<\/span>\n\t\t\t\t\t<\/a>\n\t\t\t\t<\/div>\n\t\t\t\t\t\t\t\t<\/div>\n\t\t\t\t<\/div>\n\t\t\t\t\t<\/div>\n\t\t\t\t<\/div>\n\t\t\t\t<\/div>\n\t\t\t\t<\/div>\n\t\t\t\t\t\t<\/div>\n\t\t\t\t<\/div>\n\t\t\t\t<div class=\"elementor-element elementor-element-916f2c3 elementor-widget elementor-widget-template\" data-id=\"916f2c3\" data-element_type=\"widget\" data-e-type=\"widget\" data-widget_type=\"template.default\">\n\t\t\t\t<div class=\"elementor-widget-container\">\n\t\t\t\t\t\t\t<div class=\"elementor-template\">\n\t\t\t\t\t<div data-elementor-type=\"container\" data-elementor-id=\"60326\" class=\"elementor elementor-60326 elementor-56903 elementor-56903\" data-elementor-post-type=\"elementor_library\">\n\t\t\t\t<div class=\"elementor-element elementor-element-c0aebd9 e-flex e-con-boxed e-con e-child\" data-id=\"c0aebd9\" data-element_type=\"container\" data-e-type=\"container\" data-settings=\"{&quot;background_background&quot;:&quot;classic&quot;}\">\n\t\t\t\t\t<div class=\"e-con-inner\">\n\t\t\t\t<div class=\"elementor-element elementor-element-7669a04 elementor-widget elementor-widget-heading\" data-id=\"7669a04\" data-element_type=\"widget\" data-e-type=\"widget\" data-widget_type=\"heading.default\">\n\t\t\t\t<div class=\"elementor-widget-container\">\n\t\t\t\t\t<p class=\"elementor-heading-title elementor-size-default\">Was brauchen Sie?<\/p>\t\t\t\t<\/div>\n\t\t\t\t<\/div>\n\t\t\t\t<div class=\"elementor-element elementor-element-540f1ca elementor-widget elementor-widget-text-editor\" data-id=\"540f1ca\" data-element_type=\"widget\" data-e-type=\"widget\" data-widget_type=\"text-editor.default\">\n\t\t\t\t<div class=\"elementor-widget-container\">\n\t\t\t\t\t\t\t\t\t<p style=\"margin: 0px 0px 1em; padding: 0px; border: 0px; font-variant-numeric: inherit; font-variant-east-asian: inherit; font-variant-alternates: inherit; font-variant-position: inherit; font-stretch: inherit; line-height: inherit; font-family: Rubik; font-optical-sizing: inherit; font-kerning: inherit; font-feature-settings: inherit; font-variation-settings: inherit; vertical-align: baseline; background-color: #00b1aa;\">Rufen Sie unverbindlich an unter<br \/><span style=\"margin: 0px; padding: 0px; border: 0px; font-style: inherit; font-variant: inherit; font-weight: inherit; font-stretch: inherit; font-size: 22px; line-height: inherit; font-family: inherit; font-optical-sizing: inherit; font-kerning: inherit; font-feature-settings: inherit; font-variation-settings: inherit; vertical-align: baseline;\"><a style=\"color: #ffffff; transition: all 0.3s ease 0s; border-bottom: 1px solid transparent; font-size: inherit; font-weight: inherit;\" href=\"tel:+34961341109\"><strong style=\"margin: 0px; padding: 0px; border: 0px; font-style: inherit; font-variant: inherit; font-weight: bold; font-stretch: inherit; font-size: inherit; line-height: inherit; font-family: inherit; font-optical-sizing: inherit; font-kerning: inherit; font-feature-settings: inherit; font-variation-settings: inherit; vertical-align: baseline;\">+ (34) 961-341-109<\/strong><\/a><\/span><\/p>\n<p style=\"margin: 0px 0px 1em; padding: 0px; border: 0px; font-variant-numeric: inherit; font-variant-east-asian: inherit; font-variant-alternates: inherit; font-variant-position: inherit; font-stretch: inherit; line-height: inherit; font-family: Rubik; font-optical-sizing: inherit; font-kerning: inherit; font-feature-settings: inherit; font-variation-settings: inherit; vertical-align: baseline; background-color: #00b1aa;\"><a style=\"color: #ffffff; transition: all 0.3s ease 0s; border-bottom: 1px solid transparent;\" href=\"mailto:info@brioultrasonics.com\">Schreiben Sie uns an <strong style=\"margin: 0px; padding: 0px; border: 0px; font-style: inherit; font-variant: inherit; font-weight: bold; font-stretch: inherit; font-size: inherit; line-height: inherit; font-family: inherit; font-optical-sizing: inherit; font-kerning: inherit; font-feature-settings: inherit; font-variation-settings: inherit; vertical-align: baseline;\">info@brioultrasonics.com<\/strong><\/a><\/p>\n<p><span style=\"background-color: #00b1aa; font-family: Rubik; color: var( --e-global-color-b59310b ); font-weight: var( --e-global-typography-text-font-weight ); font-size: 1rem;\">Oder f\u00fcllen Sie das Formular aus<\/span> <span style=\"background-color: var( --e-global-color-e0fbf92 ); color: var( --e-global-color-b59310b ); font-family: var( --e-global-typography-text-font-family ), Sans-serif; font-size: 1rem; font-weight: var( --e-global-typography-text-font-weight );\">o<\/span><\/p>\n\t\t\t\t\t\t\t\t<\/div>\n\t\t\t\t<\/div>\n\t\t\t\t<div class=\"elementor-element elementor-element-01665c7 elementor-align-center elementor-widget elementor-widget-button\" data-id=\"01665c7\" data-element_type=\"widget\" data-e-type=\"widget\" data-widget_type=\"button.default\">\n\t\t\t\t<div class=\"elementor-widget-container\">\n\t\t\t\t\t\t\t\t\t<div class=\"elementor-button-wrapper\">\n\t\t\t\t\t<a class=\"elementor-button elementor-button-link elementor-size-sm\" href=\"https:\/\/brioultrasonics.com\/de\/kontakt\/\">\n\t\t\t\t\t\t<span class=\"elementor-button-content-wrapper\">\n\t\t\t\t\t\t\t\t\t<span class=\"elementor-button-text\">Kontaktieren Sie uns<\/span>\n\t\t\t\t\t<\/span>\n\t\t\t\t\t<\/a>\n\t\t\t\t<\/div>\n\t\t\t\t\t\t\t\t<\/div>\n\t\t\t\t<\/div>\n\t\t\t\t\t<\/div>\n\t\t\t\t<\/div>\n\t\t\t\t<\/div>\n\t\t\t\t<\/div>\n\t\t\t\t\t\t<\/div>\n\t\t\t\t<\/div>\n\t\t\t\t<\/div>\n\t\t<div class=\"elementor-element elementor-element-03622d3 e-con-full e-flex e-con e-child\" data-id=\"03622d3\" data-element_type=\"container\" data-e-type=\"container\">\n\t\t\t\t<div class=\"elementor-element elementor-element-acf059d elementor-widget elementor-widget-heading\" data-id=\"acf059d\" data-element_type=\"widget\" data-e-type=\"widget\" data-widget_type=\"heading.default\">\n\t\t\t\t<div class=\"elementor-widget-container\">\n\t\t\t\t\t<h2 class=\"elementor-heading-title elementor-size-default\">Umfassende L\u00f6sungen<br><b>f\u00fcr die Lebensmittelindustrie<\/b><\/h2>\t\t\t\t<\/div>\n\t\t\t\t<\/div>\n\t\t\t\t<div class=\"elementor-element elementor-element-8b11f04 elementor-widget__width-initial elementor-widget elementor-widget-text-editor\" data-id=\"8b11f04\" data-element_type=\"widget\" data-e-type=\"widget\" data-widget_type=\"text-editor.default\">\n\t\t\t\t<div class=\"elementor-widget-container\">\n\t\t\t\t\t\t\t\t\t<p><strong>Lebensmittelindustrie. Unsere BR FOOD-Linie wurde ausschlie\u00dflich entwickelt, um die Reinigungs-, Hygiene- und Desinfektionsstandards des Lebensmittelsektors zu erf\u00fcllen. <\/strong> Wir sorgen f\u00fcr hervorragende Hygieneergebnisse bei der Beseitigung von Fetten, <strong>\u00d6len, R\u00fcckst\u00e4nden, Brandflecken, Kalkablagerungen und anderen branchentypischen Verschmutzungen<\/strong>. All dies in jeder Art von Material, einschlie\u00dflich der g\u00e4ngigsten:  <strong>EDELSTAHL und Kunststoffe. Unsere Maschinen erf\u00fcllen hohe Standards an Lebensmittelsicherheit und Sauberkeit.  <\/strong>Wir arbeiten auch mit <b>Betelgeux zusammen, um die besten Reinigungsmittel im Lebensmittelbereich einzusetzen.<\/b> <\/p>\n<p>Wir entwickeln<strong> BR FOOD-Ger\u00e4te speziell f\u00fcr das Schlachten, Br\u00e4unen, Ausnehmen, Schneiden <\/strong>und andere Linien im Zusammenhang mit der Gefl\u00fcgelfleischproduktion. Wir stellen auch Ger\u00e4te her, die in Transportlinien f\u00fcr <strong>Schweine- und Rindfleisch integriert sind und zum Reinigen von Lebensmittelformen und Kleiderb\u00fcgeln dienen.<\/strong> Je nach Kundenwunsch entwickeln wir modulare <strong>Mehrstufenanlagen mit Reinigungs-, Sp\u00fcl- und Trocknungsstufen.<\/strong>  <\/p>\n<p>Unsere Maschinen k\u00f6nnen mit kundenspezifischer Konstruktion und Fertigung kontinuierlich in die Prozesslinien jeder <strong>Anlage integriert werden<\/strong>. Dar\u00fcber hinaus verf\u00fcgen wir \u00fcber Standardger\u00e4te aus <strong><a href=\"https:\/\/brioultrasonics.com\/equipos-de-limpieza-ultrasonica\/serie-manual\/\">unserer Manual<\/a>&#8211; oder <a href=\"https:\/\/brioultrasonics.com\/de\/ultraschallmaschinen-und-loesungen\/pro-serie\/serie-pro-2\/\">PRO-Serie<\/a> (automatische Ger\u00e4te), angepasst an die Bed\u00fcrfnisse des Lebensmittelsektors.<\/strong> Alle verf\u00fcgen \u00fcber unsere exklusive Ultraschall-Reinigungstechnologie, mit der wir optimale Ergebnisse bei der Reinigung von <strong>Paletten, Tabletts, St\u00fctzen, Haken, kontinuierlichen Prozessen usw. erzielen.<\/strong><\/p>\n<p>Der Differenzwert unserer Ger\u00e4te liegt im <strong>Verh\u00e4ltnis zwischen Leistung<\/strong>, Qualit\u00e4t und Zuverl\u00e4ssigkeit weit \u00fcber dem der derzeit auf dem Markt erh\u00e4ltlichen Systeme. All dies f\u00fchrt zu hohen Einsparungen <strong>bei Verbrauch, Zeit, Arbeit, Energie und Kostenoptimierung. Diese Vorteile sind dank unserer<\/strong> einzigartigen Technologie m\u00f6glich, mit exklusiven Optimierungen f\u00fcr den Lebensmittelsektor, das Ergebnis <strong>von mehr als 10 Jahren Forschung, Entwicklung und Entwicklung sowie dem Zuh\u00f6ren unserer Kunden.<\/strong>  <\/p>\n<p>F\u00fcr weitere Informationen zu unseren <strong>BR FOOD-<\/strong>Ger\u00e4ten f\u00fcr die Lebensmittelindustrie sowie f\u00fcr Machbarkeits- und Kosteneinsparungsstudien wenden Sie<a href=\"https:\/\/brioultrasonics.com\/de\/kontakt\/\"><em> sich unverbindlich an unsere Vertriebsabteilung.<\/em><\/a><\/p>\n\t\t\t\t\t\t\t\t<\/div>\n\t\t\t\t<\/div>\n\t\t<div class=\"elementor-element elementor-element-716d9cb e-flex e-con-boxed e-con e-child\" data-id=\"716d9cb\" data-element_type=\"container\" data-e-type=\"container\">\n\t\t\t\t\t<div class=\"e-con-inner\">\n\t\t<div class=\"elementor-element elementor-element-cc98e9f e-flex e-con-boxed e-con e-child\" data-id=\"cc98e9f\" data-element_type=\"container\" data-e-type=\"container\">\n\t\t\t\t\t<div class=\"e-con-inner\">\n\t\t<div class=\"elementor-element elementor-element-a56f285 e-con-full e-flex e-con e-child\" data-id=\"a56f285\" data-element_type=\"container\" data-e-type=\"container\">\n\t\t\t\t<div class=\"elementor-element elementor-element-1be1a4e elementor-widget elementor-widget-heading\" data-id=\"1be1a4e\" data-element_type=\"widget\" data-e-type=\"widget\" data-widget_type=\"heading.default\">\n\t\t\t\t<div class=\"elementor-widget-container\">\n\t\t\t\t\t<h2 class=\"elementor-heading-title elementor-size-default\">BR-FOOD Desinfektionsbericht<\/h2>\t\t\t\t<\/div>\n\t\t\t\t<\/div>\n\t\t\t\t<div class=\"elementor-element elementor-element-4f3e57e elementor-widget elementor-widget-text-editor\" data-id=\"4f3e57e\" data-element_type=\"widget\" data-e-type=\"widget\" data-widget_type=\"text-editor.default\">\n\t\t\t\t<div class=\"elementor-widget-container\">\n\t\t\t\t\t\t\t\t\t<p>Entdecken Sie unsere Standardmaschinen, Reinigungsergebnisse und Chemikalien.<\/p>\n\t\t\t\t\t\t\t\t<\/div>\n\t\t\t\t<\/div>\n\t\t\t\t<\/div>\n\t\t<div class=\"elementor-element elementor-element-3c6a18d e-con-full e-flex e-con e-child\" data-id=\"3c6a18d\" data-element_type=\"container\" data-e-type=\"container\">\n\t\t\t\t<div class=\"elementor-element elementor-element-8c1dd5f elementor-align-right elementor-widget elementor-widget-button\" data-id=\"8c1dd5f\" data-element_type=\"widget\" data-e-type=\"widget\" data-widget_type=\"button.default\">\n\t\t\t\t<div class=\"elementor-widget-container\">\n\t\t\t\t\t\t\t\t\t<div class=\"elementor-button-wrapper\">\n\t\t\t\t\t<a class=\"elementor-button elementor-button-link elementor-size-sm\" href=\"#\">\n\t\t\t\t\t\t<span class=\"elementor-button-content-wrapper\">\n\t\t\t\t\t\t<span class=\"elementor-button-icon\">\n\t\t\t\t<svg aria-hidden=\"true\" class=\"e-font-icon-svg e-fas-arrow-right\" viewBox=\"0 0 448 512\" xmlns=\"http:\/\/www.w3.org\/2000\/svg\"><path d=\"M190.5 66.9l22.2-22.2c9.4-9.4 24.6-9.4 33.9 0L441 239c9.4 9.4 9.4 24.6 0 33.9L246.6 467.3c-9.4 9.4-24.6 9.4-33.9 0l-22.2-22.2c-9.5-9.5-9.3-25 .4-34.3L311.4 296H24c-13.3 0-24-10.7-24-24v-32c0-13.3 10.7-24 24-24h287.4L190.9 101.2c-9.8-9.3-10-24.8-.4-34.3z\"><\/path><\/svg>\t\t\t<\/span>\n\t\t\t\t\t\t\t\t\t<span class=\"elementor-button-text\">Mehr sehen<\/span>\n\t\t\t\t\t<\/span>\n\t\t\t\t\t<\/a>\n\t\t\t\t<\/div>\n\t\t\t\t\t\t\t\t<\/div>\n\t\t\t\t<\/div>\n\t\t\t\t<\/div>\n\t\t\t\t\t<\/div>\n\t\t\t\t<\/div>\n\t\t\t\t\t<\/div>\n\t\t\t\t<\/div>\n\t\t\t\t<div class=\"elementor-element elementor-element-d91e750 elementor-widget elementor-widget-video\" data-id=\"d91e750\" data-element_type=\"widget\" data-e-type=\"widget\" data-settings=\"{&quot;youtube_url&quot;:&quot;https:\\\/\\\/youtu.be\\\/ezoRef3_ZbY&quot;,&quot;video_type&quot;:&quot;youtube&quot;,&quot;controls&quot;:&quot;yes&quot;}\" data-widget_type=\"video.default\">\n\t\t\t\t<div class=\"elementor-widget-container\">\n\t\t\t\t\t\t\t<div class=\"elementor-wrapper elementor-open-inline\">\n\t\t\t<div class=\"elementor-video\"><\/div>\t\t<\/div>\n\t\t\t\t\t\t<\/div>\n\t\t\t\t<\/div>\n\t\t\t\t<div class=\"elementor-element elementor-element-fe9861a elementor-widget elementor-widget-video\" data-id=\"fe9861a\" data-element_type=\"widget\" data-e-type=\"widget\" data-settings=\"{&quot;youtube_url&quot;:&quot;https:\\\/\\\/youtu.be\\\/i7QgfuLE2PI&quot;,&quot;video_type&quot;:&quot;youtube&quot;,&quot;controls&quot;:&quot;yes&quot;}\" data-widget_type=\"video.default\">\n\t\t\t\t<div class=\"elementor-widget-container\">\n\t\t\t\t\t\t\t<div class=\"elementor-wrapper elementor-open-inline\">\n\t\t\t<div class=\"elementor-video\"><\/div>\t\t<\/div>\n\t\t\t\t\t\t<\/div>\n\t\t\t\t<\/div>\n\t\t\t\t<div class=\"elementor-element elementor-element-79f796d elementor-widget elementor-widget-image\" data-id=\"79f796d\" data-element_type=\"widget\" data-e-type=\"widget\" data-widget_type=\"image.default\">\n\t\t\t\t<div class=\"elementor-widget-container\">\n\t\t\t\t\t\t\t\t\t\t\t\t\t\t\t<img decoding=\"async\" src=\"https:\/\/brioultrasonics.com\/wp-content\/uploads\/2024\/05\/BR-FOOD-PO-6K.jpg\" title=\"BR-FOOD-PO-6K\" alt=\"Lebensmittelreinigungsmaschine\" loading=\"lazy\" \/>\t\t\t\t\t\t\t\t\t\t\t\t\t\t\t<\/div>\n\t\t\t\t<\/div>\n\t\t\t\t<div class=\"elementor-element elementor-element-e41fc1e elementor-widget elementor-widget-image\" data-id=\"e41fc1e\" data-element_type=\"widget\" data-e-type=\"widget\" data-widget_type=\"image.default\">\n\t\t\t\t<div class=\"elementor-widget-container\">\n\t\t\t\t\t\t\t\t\t\t\t\t\t\t\t<img fetchpriority=\"high\" decoding=\"async\" width=\"1000\" height=\"646\" src=\"https:\/\/brioultrasonics.com\/wp-content\/uploads\/2024\/05\/BRIO-BR-FOOD-maquina-ganchos-pollos-oreo.jpg\" class=\"attachment-full size-full wp-image-58307\" alt=\"Lebensmittelindustrie\" srcset=\"https:\/\/brioultrasonics.com\/wp-content\/uploads\/2024\/05\/BRIO-BR-FOOD-maquina-ganchos-pollos-oreo.jpg 1000w, https:\/\/brioultrasonics.com\/wp-content\/uploads\/2024\/05\/BRIO-BR-FOOD-maquina-ganchos-pollos-oreo-600x388.jpg 600w, https:\/\/brioultrasonics.com\/wp-content\/uploads\/2024\/05\/BRIO-BR-FOOD-maquina-ganchos-pollos-oreo-300x194.jpg 300w, https:\/\/brioultrasonics.com\/wp-content\/uploads\/2024\/05\/BRIO-BR-FOOD-maquina-ganchos-pollos-oreo-768x496.jpg 768w\" sizes=\"(max-width: 1000px) 100vw, 1000px\" title=\"\">\t\t\t\t\t\t\t\t\t\t\t\t\t\t\t<\/div>\n\t\t\t\t<\/div>\n\t\t\t\t<\/div>\n\t\t\t\t\t<\/div>\n\t\t\t\t<\/div>\n\t\t\t\t<\/div>\n\t\t","protected":false},"excerpt":{"rendered":"<p>Lebensmittelindustrie Umfassende L\u00f6sungenf\u00fcr die Lebensmittelindustrie Lebensmittelindustrie. Unsere BR FOOD-Linie wurde ausschlie\u00dflich entwickelt, um die Reinigungs-, Hygiene- und Desinfektionsstandards des Lebensmittelsektors zu erf\u00fcllen. Wir sorgen f\u00fcr hervorragende Hygieneergebnisse bei der Beseitigung von Fetten, \u00d6len, R\u00fcckst\u00e4nden, Brandflecken, Kalkablagerungen und anderen branchentypischen Verschmutzungen. All dies in jeder Art von Material, einschlie\u00dflich der g\u00e4ngigsten: EDELSTAHL und Kunststoffe. Unsere Maschinen [&hellip;]<\/p>\n","protected":false},"author":1,"featured_media":0,"parent":59570,"menu_order":0,"comment_status":"closed","ping_status":"closed","template":"","meta":{"_joinchat":[],"footnotes":""},"class_list":["post-59586","page","type-page","status-publish","hentry"],"_links":{"self":[{"href":"https:\/\/brioultrasonics.com\/de\/wp-json\/wp\/v2\/pages\/59586","targetHints":{"allow":["GET"]}}],"collection":[{"href":"https:\/\/brioultrasonics.com\/de\/wp-json\/wp\/v2\/pages"}],"about":[{"href":"https:\/\/brioultrasonics.com\/de\/wp-json\/wp\/v2\/types\/page"}],"author":[{"embeddable":true,"href":"https:\/\/brioultrasonics.com\/de\/wp-json\/wp\/v2\/users\/1"}],"replies":[{"embeddable":true,"href":"https:\/\/brioultrasonics.com\/de\/wp-json\/wp\/v2\/comments?post=59586"}],"version-history":[{"count":2,"href":"https:\/\/brioultrasonics.com\/de\/wp-json\/wp\/v2\/pages\/59586\/revisions"}],"predecessor-version":[{"id":64634,"href":"https:\/\/brioultrasonics.com\/de\/wp-json\/wp\/v2\/pages\/59586\/revisions\/64634"}],"up":[{"embeddable":true,"href":"https:\/\/brioultrasonics.com\/de\/wp-json\/wp\/v2\/pages\/59570"}],"wp:attachment":[{"href":"https:\/\/brioultrasonics.com\/de\/wp-json\/wp\/v2\/media?parent=59586"}],"curies":[{"name":"wp","href":"https:\/\/api.w.org\/{rel}","templated":true}]}}