{"id":59257,"date":"2024-05-22T12:08:53","date_gmt":"2024-05-22T10:08:53","guid":{"rendered":"https:\/\/quizzical-gagarin.31-170-100-185.plesk.page\/ict-programmkameras\/"},"modified":"2024-11-06T13:25:57","modified_gmt":"2024-11-06T12:25:57","slug":"ict-programmkameras","status":"publish","type":"page","link":"https:\/\/brioultrasonics.com\/de\/ict-programmkameras\/","title":{"rendered":"ICT-ProgrammKameras"},"content":{"rendered":"\t\t<div data-elementor-type=\"wp-page\" data-elementor-id=\"59257\" class=\"elementor elementor-59257 elementor-1855\" data-elementor-post-type=\"page\">\n\t\t\t\t<div class=\"elementor-element elementor-element-8e46396 e-flex e-con-boxed e-con e-parent\" data-id=\"8e46396\" data-element_type=\"container\" data-e-type=\"container\">\n\t\t\t\t\t<div class=\"e-con-inner\">\n\t\t\t\t<div class=\"elementor-element elementor-element-b025b3c elementor-widget elementor-widget-heading\" data-id=\"b025b3c\" data-element_type=\"widget\" data-e-type=\"widget\" data-widget_type=\"heading.default\">\n\t\t\t\t<div class=\"elementor-widget-container\">\n\t\t\t\t\t<h2 class=\"elementor-heading-title elementor-size-default\"><b>ICT-ProgrammKameras<\/b><\/h2>\t\t\t\t<\/div>\n\t\t\t\t<\/div>\n\t\t\t\t<div class=\"elementor-element elementor-element-f86640f elementor-widget elementor-widget-text-editor\" data-id=\"f86640f\" data-element_type=\"widget\" data-e-type=\"widget\" data-widget_type=\"text-editor.default\">\n\t\t\t\t<div class=\"elementor-widget-container\">\n\t\t\t\t\t\t\t\t\t<p>&#8222;A&amp;J TECNOINOVACIONS, SL ist Beg\u00fcnstigter des Europ\u00e4ischen Fonds f\u00fcr regionale Entwicklung, dessen Ziel es ist, die Nutzung und Qualit\u00e4t der Informations- und Kommunikationstechnologien und den Zugang zu ihnen zu verbessern, und dank dessen sie ein computergest\u00fctztes Designsystem und 3D-Druck f\u00fcr das Rapid Prototyping implementiert hat. zur Verbesserung der Wettbewerbsf\u00e4higkeit und Produktivit\u00e4t des Unternehmens vom 24.05.2023. Zu diesem Zweck wurde sie vom TICC\u00e1maras-Programm der Handelskammer Valencia unterst\u00fctzt. <\/p>\n<\/p>\n<p>Ein Weg, Europa zu machen&#8220;<\/p>\n\t\t\t\t\t\t\t\t<\/div>\n\t\t\t\t<\/div>\n\t\t\t\t\t<\/div>\n\t\t\t\t<\/div>\n\t\t<div class=\"elementor-element elementor-element-bbbb950 e-flex e-con-boxed e-con e-parent\" data-id=\"bbbb950\" data-element_type=\"container\" data-e-type=\"container\" data-settings=\"{&quot;background_background&quot;:&quot;classic&quot;}\">\n\t\t\t\t\t<div class=\"e-con-inner\">\n\t\t<div class=\"elementor-element elementor-element-fed90b0 e-con-full e-flex e-con e-child\" data-id=\"fed90b0\" data-element_type=\"container\" data-e-type=\"container\">\n\t\t\t\t<div class=\"elementor-element elementor-element-c793d70 elementor-widget elementor-widget-image\" data-id=\"c793d70\" data-element_type=\"widget\" data-e-type=\"widget\" data-widget_type=\"image.default\">\n\t\t\t\t<div class=\"elementor-widget-container\">\n\t\t\t\t\t\t\t\t\t\t\t\t\t\t\t<img fetchpriority=\"high\" decoding=\"async\" width=\"420\" height=\"357\" src=\"https:\/\/brioultrasonics.com\/wp-content\/uploads\/2024\/05\/logo-union-europea-420x357-1.png\" class=\"attachment-full size-full wp-image-58359\" alt=\"europ\u00e4ische Union\" srcset=\"https:\/\/brioultrasonics.com\/wp-content\/uploads\/2024\/05\/logo-union-europea-420x357-1.png 420w, https:\/\/brioultrasonics.com\/wp-content\/uploads\/2024\/05\/logo-union-europea-420x357-1-300x255.png 300w\" sizes=\"(max-width: 420px) 100vw, 420px\" title=\"\">\t\t\t\t\t\t\t\t\t\t\t\t\t\t\t<\/div>\n\t\t\t\t<\/div>\n\t\t\t\t<\/div>\n\t\t<div class=\"elementor-element elementor-element-107cc85 e-con-full e-flex e-con e-child\" data-id=\"107cc85\" data-element_type=\"container\" data-e-type=\"container\">\n\t\t\t\t<div class=\"elementor-element elementor-element-2139a7e elementor-widget elementor-widget-image\" data-id=\"2139a7e\" data-element_type=\"widget\" data-e-type=\"widget\" data-widget_type=\"image.default\">\n\t\t\t\t<div class=\"elementor-widget-container\">\n\t\t\t\t\t\t\t\t\t\t\t\t\t\t\t<img decoding=\"async\" width=\"210\" height=\"115\" src=\"https:\/\/brioultrasonics.com\/wp-content\/uploads\/2024\/05\/logo-diputacion.png\" class=\"attachment-full size-full wp-image-58363\" alt=\"Provinzrat von Valencia\" title=\"\">\t\t\t\t\t\t\t\t\t\t\t\t\t\t\t<\/div>\n\t\t\t\t<\/div>\n\t\t\t\t<\/div>\n\t\t<div class=\"elementor-element elementor-element-a0e71d2 e-con-full e-flex e-con e-child\" data-id=\"a0e71d2\" data-element_type=\"container\" data-e-type=\"container\">\n\t\t\t\t<div class=\"elementor-element elementor-element-dd7122b elementor-widget elementor-widget-image\" data-id=\"dd7122b\" data-element_type=\"widget\" data-e-type=\"widget\" data-widget_type=\"image.default\">\n\t\t\t\t<div class=\"elementor-widget-container\">\n\t\t\t\t\t\t\t\t\t\t\t\t\t\t\t<img decoding=\"async\" width=\"252\" height=\"115\" src=\"https:\/\/brioultrasonics.com\/wp-content\/uploads\/2024\/05\/logo-ticcamaras.png\" class=\"attachment-full size-full wp-image-58367\" alt=\"Ticcamaras-Programm\" title=\"\">\t\t\t\t\t\t\t\t\t\t\t\t\t\t\t<\/div>\n\t\t\t\t<\/div>\n\t\t\t\t<\/div>\n\t\t<div class=\"elementor-element elementor-element-6e928e2 e-con-full e-flex e-con e-child\" data-id=\"6e928e2\" data-element_type=\"container\" data-e-type=\"container\">\n\t\t\t\t<div class=\"elementor-element elementor-element-b24fae0 elementor-widget elementor-widget-image\" data-id=\"b24fae0\" data-element_type=\"widget\" data-e-type=\"widget\" data-widget_type=\"image.default\">\n\t\t\t\t<div class=\"elementor-widget-container\">\n\t\t\t\t\t\t\t\t\t\t\t\t\t\t\t<img loading=\"lazy\" decoding=\"async\" width=\"252\" height=\"115\" src=\"https:\/\/brioultrasonics.com\/wp-content\/uploads\/2024\/05\/camara_valencia.png\" class=\"attachment-full size-full wp-image-58371\" alt=\"ticcamaras\" title=\"\">\t\t\t\t\t\t\t\t\t\t\t\t\t\t\t<\/div>\n\t\t\t\t<\/div>\n\t\t\t\t<\/div>\n\t\t<div class=\"elementor-element elementor-element-f8fb364 e-con-full e-flex e-con e-child\" data-id=\"f8fb364\" data-element_type=\"container\" data-e-type=\"container\">\n\t\t\t\t<div class=\"elementor-element elementor-element-fbb5336 elementor-widget elementor-widget-image\" data-id=\"fbb5336\" data-element_type=\"widget\" data-e-type=\"widget\" data-widget_type=\"image.default\">\n\t\t\t\t<div class=\"elementor-widget-container\">\n\t\t\t\t\t\t\t\t\t\t\t\t\t\t\t<img loading=\"lazy\" decoding=\"async\" width=\"267\" height=\"115\" src=\"https:\/\/brioultrasonics.com\/wp-content\/uploads\/2024\/05\/camara_espana.png\" class=\"attachment-full size-full wp-image-58375\" alt=\"Handel von Spanien\" title=\"\">\t\t\t\t\t\t\t\t\t\t\t\t\t\t\t<\/div>\n\t\t\t\t<\/div>\n\t\t\t\t<\/div>\n\t\t\t\t\t<\/div>\n\t\t\t\t<\/div>\n\t\t\t\t<\/div>\n\t\t","protected":false},"excerpt":{"rendered":"<p>ICT-ProgrammKameras &#8222;A&amp;J TECNOINOVACIONS, SL ist Beg\u00fcnstigter des Europ\u00e4ischen Fonds f\u00fcr regionale Entwicklung, dessen Ziel es ist, die Nutzung und Qualit\u00e4t der Informations- und Kommunikationstechnologien und den Zugang zu ihnen zu verbessern, und dank dessen sie ein computergest\u00fctztes Designsystem und 3D-Druck f\u00fcr das Rapid Prototyping implementiert hat. zur Verbesserung der Wettbewerbsf\u00e4higkeit und Produktivit\u00e4t des Unternehmens vom [&hellip;]<\/p>\n","protected":false},"author":1,"featured_media":0,"parent":0,"menu_order":0,"comment_status":"closed","ping_status":"closed","template":"","meta":{"_joinchat":[],"footnotes":""},"class_list":["post-59257","page","type-page","status-publish","hentry"],"_links":{"self":[{"href":"https:\/\/brioultrasonics.com\/de\/wp-json\/wp\/v2\/pages\/59257","targetHints":{"allow":["GET"]}}],"collection":[{"href":"https:\/\/brioultrasonics.com\/de\/wp-json\/wp\/v2\/pages"}],"about":[{"href":"https:\/\/brioultrasonics.com\/de\/wp-json\/wp\/v2\/types\/page"}],"author":[{"embeddable":true,"href":"https:\/\/brioultrasonics.com\/de\/wp-json\/wp\/v2\/users\/1"}],"replies":[{"embeddable":true,"href":"https:\/\/brioultrasonics.com\/de\/wp-json\/wp\/v2\/comments?post=59257"}],"version-history":[{"count":1,"href":"https:\/\/brioultrasonics.com\/de\/wp-json\/wp\/v2\/pages\/59257\/revisions"}],"predecessor-version":[{"id":62959,"href":"https:\/\/brioultrasonics.com\/de\/wp-json\/wp\/v2\/pages\/59257\/revisions\/62959"}],"wp:attachment":[{"href":"https:\/\/brioultrasonics.com\/de\/wp-json\/wp\/v2\/media?parent=59257"}],"curies":[{"name":"wp","href":"https:\/\/api.w.org\/{rel}","templated":true}]}}