{"id":59247,"date":"2024-04-18T00:50:53","date_gmt":"2024-04-17T22:50:53","guid":{"rendered":"https:\/\/quizzical-gagarin.31-170-100-185.plesk.page\/unternehmen\/"},"modified":"2024-11-12T13:35:16","modified_gmt":"2024-11-12T12:35:16","slug":"unternehmen","status":"publish","type":"page","link":"https:\/\/brioultrasonics.com\/de\/unternehmen\/","title":{"rendered":"Unternehmen"},"content":{"rendered":"\t\t<div data-elementor-type=\"wp-page\" data-elementor-id=\"59247\" class=\"elementor elementor-59247 elementor-27\" data-elementor-post-type=\"page\">\n\t\t\t\t<div class=\"elementor-element elementor-element-1569a192 e-flex e-con-boxed e-con e-parent\" data-id=\"1569a192\" data-element_type=\"container\" data-e-type=\"container\" data-settings=\"{&quot;background_background&quot;:&quot;classic&quot;}\">\n\t\t\t\t\t<div class=\"e-con-inner\">\n\t\t\t\t<div class=\"elementor-element elementor-element-2c4f1012 elementor-invisible elementor-widget elementor-widget-heading\" data-id=\"2c4f1012\" data-element_type=\"widget\" data-e-type=\"widget\" data-settings=\"{&quot;_animation&quot;:&quot;fadeIn&quot;}\" data-widget_type=\"heading.default\">\n\t\t\t\t<div class=\"elementor-widget-container\">\n\t\t\t\t\t<h1 class=\"elementor-heading-title elementor-size-default\">A&amp;J TECNO INNOVACIONS - BRIO Ultrasonics<\/h1>\t\t\t\t<\/div>\n\t\t\t\t<\/div>\n\t\t\t\t\t<\/div>\n\t\t\t\t<\/div>\n\t\t<div class=\"elementor-element elementor-element-9e87ed8 e-flex e-con-boxed e-con e-parent\" data-id=\"9e87ed8\" data-element_type=\"container\" data-e-type=\"container\">\n\t\t\t\t\t<div class=\"e-con-inner\">\n\t\t<div class=\"elementor-element elementor-element-5e15d72 e-con-full animated-slow e-flex elementor-invisible e-con e-child\" data-id=\"5e15d72\" data-element_type=\"container\" data-e-type=\"container\" data-settings=\"{&quot;background_background&quot;:&quot;classic&quot;,&quot;animation&quot;:&quot;fadeIn&quot;}\">\n\t\t\t\t<\/div>\n\t\t<div class=\"elementor-element elementor-element-7d303e8 e-con-full e-flex e-con e-child\" data-id=\"7d303e8\" data-element_type=\"container\" data-e-type=\"container\">\n\t\t\t\t<div class=\"elementor-element elementor-element-5d8b851 elementor-widget elementor-widget-heading\" data-id=\"5d8b851\" data-element_type=\"widget\" data-e-type=\"widget\" data-widget_type=\"heading.default\">\n\t\t\t\t<div class=\"elementor-widget-container\">\n\t\t\t\t\t<h2 class=\"elementor-heading-title elementor-size-default\">Wir<\/h2>\t\t\t\t<\/div>\n\t\t\t\t<\/div>\n\t\t\t\t<div class=\"elementor-element elementor-element-e0468f2 elementor-widget elementor-widget-text-editor\" data-id=\"e0468f2\" data-element_type=\"widget\" data-e-type=\"widget\" data-widget_type=\"text-editor.default\">\n\t\t\t\t<div class=\"elementor-widget-container\">\n\t\t\t\t\t\t\t\t\t<p>Seit mehr als 30 Jahren ist das Team von A&amp;J Tecno Innovacions S.L. widmet sich der Entwicklung, Herstellung und dem nationalen und internationalen Vertrieb von industriellen Reinigungsmaschinen, insbesondere der<a href=\"https:\/\/brioultrasonics.com\/de\/ultraschallmaschinen-und-loesungen\/\"> Ultraschallreinigung<\/a>.<\/p>\n<p>Wir zeichnen uns seit jeher durch unseren starken F+E+I-Ansatz und das st\u00e4ndige Bestreben aus, die Umweltbelastung und die Energiekosten jeder Anwendung zu reduzieren und gleichzeitig die besten Ergebnisse zu erzielen.<\/p>\n<p>BRIO AJTECNO ULTRASONICS ist die Marke, unter der wir alle unsere Ultraschallreinigungsger\u00e4te und -technologien zusammenfassen. BRIO, ein Name, der f\u00fcr unsere Werte Zuverl\u00e4ssigkeit, Energieeffizienz und h\u00f6chste Sauberkeit steht. Das Ergebnis jahrelanger Forschung und st\u00e4ndiger Verbesserung in diesem Bereich, in dem wir exklusive Innovationen unserer Teams erreicht haben.  <\/p>\n\t\t\t\t\t\t\t\t<\/div>\n\t\t\t\t<\/div>\n\t\t\t\t<\/div>\n\t\t<div class=\"elementor-element elementor-element-9acb674 e-con-full animated-slow e-flex elementor-invisible e-con e-child\" data-id=\"9acb674\" data-element_type=\"container\" data-e-type=\"container\" data-settings=\"{&quot;background_background&quot;:&quot;classic&quot;,&quot;animation&quot;:&quot;fadeIn&quot;}\">\n\t\t\t\t<\/div>\n\t\t<div class=\"elementor-element elementor-element-0b3e13c e-con-full e-flex e-con e-child\" data-id=\"0b3e13c\" data-element_type=\"container\" data-e-type=\"container\">\n\t\t\t\t<div class=\"elementor-element elementor-element-333c0b3 elementor-widget elementor-widget-heading\" data-id=\"333c0b3\" data-element_type=\"widget\" data-e-type=\"widget\" data-widget_type=\"heading.default\">\n\t\t\t\t<div class=\"elementor-widget-container\">\n\t\t\t\t\t<h2 class=\"elementor-heading-title elementor-size-default\">BRIO Ultraschall\nin der Welt<\/h2>\t\t\t\t<\/div>\n\t\t\t\t<\/div>\n\t\t\t\t<div class=\"elementor-element elementor-element-16663f0 elementor-widget elementor-widget-text-editor\" data-id=\"16663f0\" data-element_type=\"widget\" data-e-type=\"widget\" data-widget_type=\"text-editor.default\">\n\t\t\t\t<div class=\"elementor-widget-container\">\n\t\t\t\t\t\t\t\t\t<p>Wir fertigen Reinigungsmaschinen f\u00fcr Unternehmen auf der ganzen Welt. Norwegen, das Vereinigte K\u00f6nigreich, die Tschechische Republik, Kolumbien, Ecuador, Chile, Portugal und Marokko sind nur einige der L\u00e4nder, in die wir unsere Ausr\u00fcstung exportiert haben. <\/p>\n<p>Unser Ziel ist es, uns weltweit bekannt zu machen, damit unsere einzigartige BRIO-Ultraschallreinigungstechnologie allen Unternehmen dienen kann, die sie ben\u00f6tigen, unabh\u00e4ngig von ihrer Herkunft oder Branche.<\/p>\n\t\t\t\t\t\t\t\t<\/div>\n\t\t\t\t<\/div>\n\t\t\t\t<\/div>\n\t\t\t\t\t<\/div>\n\t\t\t\t<\/div>\n\t\t<div class=\"elementor-element elementor-element-24b022e e-con-full e-flex e-con e-parent\" data-id=\"24b022e\" data-element_type=\"container\" data-e-type=\"container\">\n\t\t<div class=\"elementor-element elementor-element-2d0e107 e-con-full e-flex e-con e-child\" data-id=\"2d0e107\" data-element_type=\"container\" data-e-type=\"container\">\n\t\t\t\t<div class=\"elementor-element elementor-element-4a6930d elementor-widget elementor-widget-heading\" data-id=\"4a6930d\" data-element_type=\"widget\" data-e-type=\"widget\" data-widget_type=\"heading.default\">\n\t\t\t\t<div class=\"elementor-widget-container\">\n\t\t\t\t\t<h2 class=\"elementor-heading-title elementor-size-default\">Werte<\/h2>\t\t\t\t<\/div>\n\t\t\t\t<\/div>\n\t\t\t\t<div class=\"elementor-element elementor-element-4342024 elementor-widget elementor-widget-text-editor\" data-id=\"4342024\" data-element_type=\"widget\" data-e-type=\"widget\" data-widget_type=\"text-editor.default\">\n\t\t\t\t<div class=\"elementor-widget-container\">\n\t\t\t\t\t\t\t\t\t<p>Verpflichtung. Garantie. Anpassungsf\u00e4higkeit. Dies sind die Werte, die die Kultur von BRIO definieren, ein Leitfaden f\u00fcr unsere t\u00e4gliche Arbeit.   <\/p>\n\t\t\t\t\t\t\t\t<\/div>\n\t\t\t\t<\/div>\n\t\t\t\t<\/div>\n\t\t<div class=\"elementor-element elementor-element-85e846f e-con-full e-flex elementor-invisible e-con e-child\" data-id=\"85e846f\" data-element_type=\"container\" data-e-type=\"container\" data-settings=\"{&quot;background_background&quot;:&quot;classic&quot;,&quot;animation&quot;:&quot;fadeIn&quot;,&quot;animation_delay&quot;:50}\">\n\t\t\t\t<\/div>\n\t\t<div class=\"elementor-element elementor-element-ce1b1a2 e-con-full e-flex e-con e-child\" data-id=\"ce1b1a2\" data-element_type=\"container\" data-e-type=\"container\">\n\t\t\t\t<div class=\"elementor-element elementor-element-0cc480d elementor-widget elementor-widget-heading\" data-id=\"0cc480d\" data-element_type=\"widget\" data-e-type=\"widget\" data-widget_type=\"heading.default\">\n\t\t\t\t<div class=\"elementor-widget-container\">\n\t\t\t\t\t<h2 class=\"elementor-heading-title elementor-size-default\">Sendung<\/h2>\t\t\t\t<\/div>\n\t\t\t\t<\/div>\n\t\t\t\t<div class=\"elementor-element elementor-element-90b3486 elementor-widget elementor-widget-text-editor\" data-id=\"90b3486\" data-element_type=\"widget\" data-e-type=\"widget\" data-widget_type=\"text-editor.default\">\n\t\t\t\t<div class=\"elementor-widget-container\">\n\t\t\t\t\t\t\t\t\t<p>Bereitstellung von Reinigungsger\u00e4ten f\u00fcr die Industrie mit Innovationen, die die Produktivit\u00e4t, die Energieeffizienz und den Umweltschutz der <a href=\"https:\/\/european-union.europa.eu\/priorities-and-actions\/actions-topic\/environment_es\" rel=\"noopener\">Unternehmen<\/a> verbessern.<\/p>\n\t\t\t\t\t\t\t\t<\/div>\n\t\t\t\t<\/div>\n\t\t\t\t<\/div>\n\t\t<div class=\"elementor-element elementor-element-cb75ae4 e-con-full e-flex elementor-invisible e-con e-child\" data-id=\"cb75ae4\" data-element_type=\"container\" data-e-type=\"container\" data-settings=\"{&quot;background_background&quot;:&quot;classic&quot;,&quot;animation&quot;:&quot;fadeIn&quot;,&quot;animation_delay&quot;:50}\">\n\t\t\t\t<\/div>\n\t\t\t\t<\/div>\n\t\t\t\t<\/div>\n\t\t","protected":false},"excerpt":{"rendered":"<p>A&amp;J TECNO INNOVACIONS &#8211; BRIO Ultrasonics Wir Seit mehr als 30 Jahren ist das Team von A&amp;J Tecno Innovacions S.L. widmet sich der Entwicklung, Herstellung und dem nationalen und internationalen Vertrieb von industriellen Reinigungsmaschinen, insbesondere der Ultraschallreinigung. Wir zeichnen uns seit jeher durch unseren starken F+E+I-Ansatz und das st\u00e4ndige Bestreben aus, die Umweltbelastung und die [&hellip;]<\/p>\n","protected":false},"author":1,"featured_media":0,"parent":0,"menu_order":0,"comment_status":"closed","ping_status":"closed","template":"","meta":{"_joinchat":[],"footnotes":""},"class_list":["post-59247","page","type-page","status-publish","hentry"],"_links":{"self":[{"href":"https:\/\/brioultrasonics.com\/de\/wp-json\/wp\/v2\/pages\/59247","targetHints":{"allow":["GET"]}}],"collection":[{"href":"https:\/\/brioultrasonics.com\/de\/wp-json\/wp\/v2\/pages"}],"about":[{"href":"https:\/\/brioultrasonics.com\/de\/wp-json\/wp\/v2\/types\/page"}],"author":[{"embeddable":true,"href":"https:\/\/brioultrasonics.com\/de\/wp-json\/wp\/v2\/users\/1"}],"replies":[{"embeddable":true,"href":"https:\/\/brioultrasonics.com\/de\/wp-json\/wp\/v2\/comments?post=59247"}],"version-history":[{"count":2,"href":"https:\/\/brioultrasonics.com\/de\/wp-json\/wp\/v2\/pages\/59247\/revisions"}],"predecessor-version":[{"id":63834,"href":"https:\/\/brioultrasonics.com\/de\/wp-json\/wp\/v2\/pages\/59247\/revisions\/63834"}],"wp:attachment":[{"href":"https:\/\/brioultrasonics.com\/de\/wp-json\/wp\/v2\/media?parent=59247"}],"curies":[{"name":"wp","href":"https:\/\/api.w.org\/{rel}","templated":true}]}}